{"id":22267,"date":"2022-04-01T13:30:28","date_gmt":"2022-04-01T16:30:28","guid":{"rendered":"https:\/\/www.orlandia.sp.gov.br\/novo\/?page_id=22267"},"modified":"2022-09-01T16:34:13","modified_gmt":"2022-09-01T19:34:13","slug":"jornal-oficial-de-orlandia-abril-de-2022","status":"publish","type":"page","link":"https:\/\/www.orlandia.sp.gov.br\/novo\/jornal-oficial-de-orlandia-abril-de-2022","title":{"rendered":"Jornal Oficial de Orl\u00e2ndia &#8211; Abril de 2022"},"content":{"rendered":"<p><strong><a href=\"https:\/\/imprensaoficialmunicipal.com.br\/orlandia\" target=\"_blank\">Clique aqui<\/a><\/strong> para Acessar as Edi\u00e7\u00f5es de Abril<\/p>\n<p>&nbsp;<\/p>\n<p><strong><a href=\"https:\/\/www.orlandia.sp.gov.br\/novo\/wp-content\/uploads\/2022\/04\/Edi\u00e7\u00e3o-1317-de-29-de-Abril-de-2022.pdf\">&gt;&gt;\u00a0 Edi\u00e7\u00e3o 1317 de 29 de Abril de 2022<\/a><\/strong><\/p>\n<p><strong><a href=\"https:\/\/www.orlandia.sp.gov.br\/novo\/wp-content\/uploads\/2022\/04\/Edi\u00e7\u00e3o-1316-de-28-de-Abril-de-2022-Edi\u00e7\u00e3o-Extraordin\u00e1ria.pdf\">&gt;&gt;\u00a0 Edi\u00e7\u00e3o 1316 de 28 de Abril de 2022 &#8211; Edi\u00e7\u00e3o Extraordin\u00e1ria<\/a><\/strong><\/p>\n<p><strong><a href=\"https:\/\/www.orlandia.sp.gov.br\/novo\/wp-content\/uploads\/2022\/04\/Edi\u00e7\u00e3o-1315-de-27-de-Abril-de-2022-Edi\u00e7\u00e3o-Extraordin\u00e1ria.pdf\">&gt;&gt;\u00a0 Edi\u00e7\u00e3o 1315 de 27 de Abril de 2022 &#8211; Edi\u00e7\u00e3o Extraordin\u00e1ria<\/a><\/strong><\/p>\n<p><strong><a href=\"https:\/\/www.orlandia.sp.gov.br\/novo\/wp-content\/uploads\/2022\/04\/Edi\u00e7\u00e3o-1314-de-26-de-Abril-de-2022.pdf\">&gt;&gt;\u00a0 Edi\u00e7\u00e3o 1314 de 26 de Abril de 2022<\/a><\/strong><\/p>\n<p><strong><a href=\"https:\/\/www.orlandia.sp.gov.br\/novo\/wp-content\/uploads\/2022\/04\/Edi\u00e7\u00e3o-1313-de-25-de-Abril-de-2022-Edi\u00e7\u00e3o-Extraordin\u00e1ria.pdf\">&gt;&gt;\u00a0 Edi\u00e7\u00e3o 1313 de 25 de Abril de 2022 &#8211; Edi\u00e7\u00e3o Extraordin\u00e1ria<\/a><\/strong><\/p>\n<p><strong><a href=\"https:\/\/www.orlandia.sp.gov.br\/novo\/wp-content\/uploads\/2022\/04\/Edi\u00e7\u00e3o-1312-de-20-de-Abril-de-2022-Edi\u00e7\u00e3o-Extraordin\u00e1ria.pdf\">&gt;&gt;\u00a0 Edi\u00e7\u00e3o 1312 de 20 de Abril de 2022 &#8211; Edi\u00e7\u00e3o Extraordin\u00e1ria<\/a><\/strong><\/p>\n<p><strong><a href=\"https:\/\/www.orlandia.sp.gov.br\/novo\/wp-content\/uploads\/2022\/04\/Edi\u00e7\u00e3o-1311-de-19-de-Abril-de-2022.pdf\">&gt;&gt;\u00a0 Edi\u00e7\u00e3o 1311 de 19 de Abril de 2022<\/a><\/strong><\/p>\n<p><strong><a href=\"https:\/\/www.orlandia.sp.gov.br\/novo\/wp-content\/uploads\/2022\/04\/Edi\u00e7\u00e3o-1310-de-18-de-Abril-de-2022-Edi\u00e7\u00e3o-Extraordin\u00e1ria.pdf\">&gt;&gt;\u00a0 Edi\u00e7\u00e3o 1310 de 18 de Abril de 2022 &#8211; Edi\u00e7\u00e3o Extraordin\u00e1ria<\/a><\/strong><\/p>\n<p><strong><a href=\"https:\/\/www.orlandia.sp.gov.br\/novo\/wp-content\/uploads\/2022\/04\/Edi\u00e7\u00e3o-1309-de-13-de-Abril-de-2022-Edi\u00e7\u00e3o-Extraordin\u00e1ria.pdf\">&gt;&gt;\u00a0 Edi\u00e7\u00e3o 1309 de 13 de Abril de 2022 &#8211; Edi\u00e7\u00e3o Extraordin\u00e1ria<\/a><\/strong><\/p>\n<p><strong><a href=\"https:\/\/www.orlandia.sp.gov.br\/novo\/wp-content\/uploads\/2022\/04\/Edi\u00e7\u00e3o-1308-de-12-de-Abril-de-2022.pdf\">&gt;&gt;\u00a0 Edi\u00e7\u00e3o 1308 de 12 de Abril de 2022<\/a><\/strong><\/p>\n<p><strong><a href=\"https:\/\/www.orlandia.sp.gov.br\/novo\/wp-content\/uploads\/2022\/04\/Edi\u00e7\u00e3o-1307-de-11-de-Abril-de-2022-Edi\u00e7\u00e3o-Extraordin\u00e1ria.pdf\">&gt;&gt;\u00a0 Edi\u00e7\u00e3o 1307 de 11 de Abril de 2022 &#8211; Edi\u00e7\u00e3o Extraordin\u00e1ria<\/a><\/strong><\/p>\n<p><strong><a href=\"https:\/\/www.orlandia.sp.gov.br\/novo\/wp-content\/uploads\/2022\/04\/Edi\u00e7\u00e3o-1306-de-08-de-Abril-de-2022.pdf\">&gt;&gt;\u00a0 Edi\u00e7\u00e3o 1306 de 08 de Abril de 2022<\/a><\/strong><\/p>\n<p><strong><a href=\"https:\/\/www.orlandia.sp.gov.br\/novo\/wp-content\/uploads\/2022\/04\/Edi\u00e7\u00e3o-1305-de-07-de-Abril-de-2022-Edi\u00e7\u00e3o-Extraordin\u00e1ria.pdf\">&gt;&gt;\u00a0 Edi\u00e7\u00e3o 1305 de 07 de Abril de 2022 &#8211; Edi\u00e7\u00e3o Extraordin\u00e1ria<\/a><\/strong><\/p>\n<p><strong><a href=\"https:\/\/www.orlandia.sp.gov.br\/novo\/wp-content\/uploads\/2022\/04\/Edi\u00e7\u00e3o-1304-de-06-de-Abril-de-2022-Edi\u00e7\u00e3o-Extraordin\u00e1ria.pdf\">&gt;&gt;\u00a0 Edi\u00e7\u00e3o 1304 de 06 de Abril de 2022 &#8211; Edi\u00e7\u00e3o Extraordin\u00e1ria<\/a><\/strong><\/p>\n<p><strong><a href=\"https:\/\/www.orlandia.sp.gov.br\/novo\/wp-content\/uploads\/2022\/04\/Edi\u00e7\u00e3o-1303-de-05-de-Abril-de-2022.pdf\">&gt;&gt;\u00a0 Edi\u00e7\u00e3o 1303 de 05 de Abril de 2022<\/a><\/strong><\/p>\n<p><strong><a href=\"https:\/\/www.orlandia.sp.gov.br\/novo\/wp-content\/uploads\/2022\/04\/Edi\u00e7\u00e3o-1302-de-04-de-Abril-de-2022-Edi\u00e7\u00e3o-Extraordin\u00e1ria.pdf\">&gt;&gt;\u00a0 Edi\u00e7\u00e3o 1302 de 04 de Abril de 2022 &#8211; Edi\u00e7\u00e3o Extraordin\u00e1ria<\/a><\/strong><\/p>\n<p><strong><a href=\"https:\/\/www.orlandia.sp.gov.br\/novo\/wp-content\/uploads\/2022\/04\/Edi\u00e7\u00e3o-1301-de-01-de-Abril-de-2022.pdf\">&gt;&gt;\u00a0 Edi\u00e7\u00e3o 1301 de 01 de Abril de 2022<\/a><\/strong><\/p>\n","protected":false},"excerpt":{"rendered":"<p>Clique aqui para Acessar as Edi\u00e7\u00f5es de Abril &nbsp; &gt;&gt;\u00a0 Edi\u00e7\u00e3o 1317 de 29 de Abril de 2022 &gt;&gt;\u00a0 Edi\u00e7\u00e3o<\/p>\n","protected":false},"author":1,"featured_media":0,"parent":0,"menu_order":0,"comment_status":"closed","ping_status":"closed","template":"","meta":{"ngg_post_thumbnail":0,"footnotes":""},"magazineBlocksPostFeaturedMedia":{"thumbnail":false,"medium":false,"medium_large":false,"large":false,"1536x1536":false,"2048x2048":false,"colormag-highlighted-post":false,"colormag-featured-post-medium":false,"colormag-featured-post-small":false,"colormag-featured-image":false,"colormag-default-news":false,"colormag-featured-image-large":false},"magazineBlocksPostAuthor":{"name":"admin","avatar":"https:\/\/secure.gravatar.com\/avatar\/5140b312f1bcbe8516bfaa79917f11b3?s=96&d=mm&r=g"},"magazineBlocksPostCommentsNumber":false,"magazineBlocksPostExcerpt":"Clique aqui para Acessar as Edi\u00e7\u00f5es de Abril &nbsp; &gt;&gt;\u00a0 Edi\u00e7\u00e3o 1317 de 29 de Abril de 2022 &gt;&gt;\u00a0 Edi\u00e7\u00e3o","magazineBlocksPostCategories":[],"_links":{"self":[{"href":"https:\/\/www.orlandia.sp.gov.br\/novo\/wp-json\/wp\/v2\/pages\/22267"}],"collection":[{"href":"https:\/\/www.orlandia.sp.gov.br\/novo\/wp-json\/wp\/v2\/pages"}],"about":[{"href":"https:\/\/www.orlandia.sp.gov.br\/novo\/wp-json\/wp\/v2\/types\/page"}],"author":[{"embeddable":true,"href":"https:\/\/www.orlandia.sp.gov.br\/novo\/wp-json\/wp\/v2\/users\/1"}],"replies":[{"embeddable":true,"href":"https:\/\/www.orlandia.sp.gov.br\/novo\/wp-json\/wp\/v2\/comments?post=22267"}],"version-history":[{"count":6,"href":"https:\/\/www.orlandia.sp.gov.br\/novo\/wp-json\/wp\/v2\/pages\/22267\/revisions"}],"predecessor-version":[{"id":23435,"href":"https:\/\/www.orlandia.sp.gov.br\/novo\/wp-json\/wp\/v2\/pages\/22267\/revisions\/23435"}],"wp:attachment":[{"href":"https:\/\/www.orlandia.sp.gov.br\/novo\/wp-json\/wp\/v2\/media?parent=22267"}],"curies":[{"name":"wp","href":"https:\/\/api.w.org\/{rel}","templated":true}]}}