{"id":21561,"date":"2022-02-01T11:06:59","date_gmt":"2022-02-01T14:06:59","guid":{"rendered":"https:\/\/www.orlandia.sp.gov.br\/novo\/?page_id=21561"},"modified":"2022-02-25T16:41:40","modified_gmt":"2022-02-25T19:41:40","slug":"jornal-oficial-de-orlandia-fevereiro-de-2022","status":"publish","type":"page","link":"https:\/\/www.orlandia.sp.gov.br\/novo\/jornal-oficial-de-orlandia-fevereiro-de-2022","title":{"rendered":"Jornal Oficial de Orl\u00e2ndia &#8211; Fevereiro de 2022"},"content":{"rendered":"<p><a href=\"https:\/\/imprensaoficialmunicipal.com.br\/orlandia\">Novo portal do Di\u00e1rio Oficial Eletr\u00f4nico<\/a><\/p>\n<p>&nbsp;<\/p>\n<p><a href=\"https:\/\/dosp.com.br\/exibe_do.php?i=MjI5OTk4\" target=\"_blank\">&gt;&gt;\u00a0 Edi\u00e7\u00e3o 1280 de 25 de Fevereiro de 2022<\/a><\/p>\n<p><a href=\"https:\/\/dosp.com.br\/exibe_do.php?i=MjI5NTg0\" target=\"_blank\">&gt;&gt;\u00a0 Edi\u00e7\u00e3o 1279 de 24 de Fevereiro de 2022 &#8211; Edi\u00e7\u00e3o Extraordin\u00e1ria<\/a><\/p>\n<p><a href=\"https:\/\/dosp.com.br\/exibe_do.php?i=MjI5MjE5\" target=\"_blank\">&gt;&gt;\u00a0 Edi\u00e7\u00e3o 1278 de 23 de Fevereiro de 2022 &#8211; Edi\u00e7\u00e3o Extraordin\u00e1ria<\/a><\/p>\n<p><a href=\"https:\/\/dosp.com.br\/exibe_do.php?i=MjI4ODUx\" target=\"_blank\">&gt;&gt;\u00a0 Edi\u00e7\u00e3o 1277 de 22 de Fevereiro de 2022<\/a><\/p>\n<p><a href=\"https:\/\/dosp.com.br\/exibe_do.php?i=MjI4NDM4\" target=\"_blank\">&gt;&gt;\u00a0 Edi\u00e7\u00e3o 1276 de 21 de Fevereiro de 2022 &#8211; Edi\u00e7\u00e3o Extraordin\u00e1ria<\/a><\/p>\n<p><a href=\"https:\/\/dosp.com.br\/exibe_do.php?i=MjI4MDYx\" target=\"_blank\">&gt;&gt;\u00a0 Edi\u00e7\u00e3o 1275 de 18 de Fevereiro de 2022<\/a><\/p>\n<p><a href=\"https:\/\/dosp.com.br\/exibe_do.php?i=MjI3NzAx\" target=\"_blank\">&gt;&gt;\u00a0 Edi\u00e7\u00e3o 1274 de 17 de Fevereiro de 2022 &#8211; Edi\u00e7\u00e3o Extraordin\u00e1ria<\/a><\/p>\n<p><a href=\"https:\/\/dosp.com.br\/exibe_do.php?i=MjI3MzQ0https:\/\/dosp.com.br\/exibe_do.php?i=MjI3MzQ0\" target=\"_blank\">&gt;&gt;\u00a0 Edi\u00e7\u00e3o 1273 de 16 de Fevereiro de 2022 &#8211; Edi\u00e7\u00e3o Extraordin\u00e1ria<\/a><\/p>\n<p><a href=\"https:\/\/dosp.com.br\/exibe_do.php?i=MjI2NTkx\" target=\"_blank\">&gt;&gt;\u00a0 Edi\u00e7\u00e3o 1272 de 15 de Fevereiro de 2022<\/a><\/p>\n<p><a href=\"https:\/\/dosp.com.br\/exibe_do.php?i=MjI2MjI0\" target=\"_blank\">&gt;&gt;\u00a0 Edi\u00e7\u00e3o 1271 de 14 de Fevereiro de 2022 &#8211; Edi\u00e7\u00e3o Extraordin\u00e1ria<\/a><\/p>\n<p><a href=\"https:\/\/dosp.com.br\/exibe_do.php?i=MjI1ODkx\">&gt;&gt;\u00a0 Edi\u00e7\u00e3o 1270 de 11 de Fevereiro de 2022<\/a><\/p>\n<p><a href=\"https:\/\/dosp.com.br\/exibe_do.php?i=MjI1NDU3\" target=\"_blank\">&gt;&gt;\u00a0 Edi\u00e7\u00e3o 1269 de 10 de Fevereiro de 2022 &#8211; Edi\u00e7\u00e3o Extraordin\u00e1ria<\/a><\/p>\n<p><a href=\"https:\/\/dosp.com.br\/exibe_do.php?i=MjI1MTMz\" target=\"_blank\">&gt;&gt;\u00a0 Edi\u00e7\u00e3o 1268 de 09 de Fevereiro de 2022 &#8211; Edi\u00e7\u00e3o Extraordin\u00e1ria<\/a><\/p>\n<p><a href=\"https:\/\/dosp.com.br\/exibe_do.php?i=MjI0NzY2\" target=\"_blank\">&gt;&gt; Edi\u00e7\u00e3o 1267 de 08 de Fevereiro de 2022<\/a><\/p>\n<p><a href=\"https:\/\/dosp.com.br\/exibe_do.php?i=MjI0Mzgz\" target=\"_blank\">&gt;&gt;\u00a0 Edi\u00e7\u00e3o 1266 de 07 de Fevereiro de 2022 &#8211; Edi\u00e7\u00e3o Extraordin\u00e1ria<\/a><\/p>\n<p><a href=\"https:\/\/dosp.com.br\/exibe_do.php?i=MjI0MDEx\" target=\"_blank\">&gt;&gt;\u00a0 Edi\u00e7\u00e3o 1265 de 04 de Fevereiro de 2022<\/a><\/p>\n<p><a href=\"https:\/\/dosp.com.br\/exibe_do.php?i=MjIzNjAz\" target=\"_blank\">&gt;&gt;\u00a0 Edi\u00e7\u00e3o 1264 de 03 de Fevereiro de 2022 &#8211; Edi\u00e7\u00e3o Extraordin\u00e1ria<\/a><\/p>\n<p><a href=\"https:\/\/dosp.com.br\/exibe_do.php?i=MjIzMjU0\" target=\"_blank\">&gt;&gt;\u00a0 Edi\u00e7\u00e3o 1263 de 02 de Fevereiro de 2022 &#8211; Edi\u00e7\u00e3o Extraordin\u00e1ria<\/a><\/p>\n<p><a href=\"https:\/\/dosp.com.br\/exibe_do.php?i=MjIyODA4\" target=\"_blank\">&gt;&gt;\u00a0 Edi\u00e7\u00e3o 1262 de 01 de Fevereiro de 2022<\/a><\/p>\n","protected":false},"excerpt":{"rendered":"<p>Novo portal do Di\u00e1rio Oficial Eletr\u00f4nico &nbsp; &gt;&gt;\u00a0 Edi\u00e7\u00e3o 1280 de 25 de Fevereiro de 2022 &gt;&gt;\u00a0 Edi\u00e7\u00e3o 1279 de<\/p>\n","protected":false},"author":1,"featured_media":0,"parent":0,"menu_order":0,"comment_status":"closed","ping_status":"closed","template":"","meta":{"ngg_post_thumbnail":0,"footnotes":""},"magazineBlocksPostFeaturedMedia":{"thumbnail":false,"medium":false,"medium_large":false,"large":false,"1536x1536":false,"2048x2048":false,"colormag-highlighted-post":false,"colormag-featured-post-medium":false,"colormag-featured-post-small":false,"colormag-featured-image":false,"colormag-default-news":false,"colormag-featured-image-large":false},"magazineBlocksPostAuthor":{"name":"admin","avatar":"https:\/\/secure.gravatar.com\/avatar\/5140b312f1bcbe8516bfaa79917f11b3?s=96&d=mm&r=g"},"magazineBlocksPostCommentsNumber":false,"magazineBlocksPostExcerpt":"Novo portal do Di\u00e1rio Oficial Eletr\u00f4nico &nbsp; &gt;&gt;\u00a0 Edi\u00e7\u00e3o 1280 de 25 de Fevereiro de 2022 &gt;&gt;\u00a0 Edi\u00e7\u00e3o 1279 de","magazineBlocksPostCategories":[],"_links":{"self":[{"href":"https:\/\/www.orlandia.sp.gov.br\/novo\/wp-json\/wp\/v2\/pages\/21561"}],"collection":[{"href":"https:\/\/www.orlandia.sp.gov.br\/novo\/wp-json\/wp\/v2\/pages"}],"about":[{"href":"https:\/\/www.orlandia.sp.gov.br\/novo\/wp-json\/wp\/v2\/types\/page"}],"author":[{"embeddable":true,"href":"https:\/\/www.orlandia.sp.gov.br\/novo\/wp-json\/wp\/v2\/users\/1"}],"replies":[{"embeddable":true,"href":"https:\/\/www.orlandia.sp.gov.br\/novo\/wp-json\/wp\/v2\/comments?post=21561"}],"version-history":[{"count":25,"href":"https:\/\/www.orlandia.sp.gov.br\/novo\/wp-json\/wp\/v2\/pages\/21561\/revisions"}],"predecessor-version":[{"id":21855,"href":"https:\/\/www.orlandia.sp.gov.br\/novo\/wp-json\/wp\/v2\/pages\/21561\/revisions\/21855"}],"wp:attachment":[{"href":"https:\/\/www.orlandia.sp.gov.br\/novo\/wp-json\/wp\/v2\/media?parent=21561"}],"curies":[{"name":"wp","href":"https:\/\/api.w.org\/{rel}","templated":true}]}}