{"id":20981,"date":"2021-12-01T15:49:44","date_gmt":"2021-12-01T18:49:44","guid":{"rendered":"https:\/\/www.orlandia.sp.gov.br\/novo\/?page_id=20981"},"modified":"2021-12-30T16:15:13","modified_gmt":"2021-12-30T19:15:13","slug":"jornal-oficial-de-orlandia-dezembro-de-2021","status":"publish","type":"page","link":"https:\/\/www.orlandia.sp.gov.br\/novo\/jornal-oficial-de-orlandia-dezembro-de-2021","title":{"rendered":"Jornal Oficial de Orl\u00e2ndia &#8211; Dezembro de 2021"},"content":{"rendered":"<p><a href=\"https:\/\/imprensaoficialmunicipal.com.br\/orlandia\">Novo portal do Di\u00e1rio Oficial Eletr\u00f4nico<\/a><\/p>\n<p>&nbsp;<\/p>\n<p><a href=\"https:\/\/dosp.com.br\/exibe_do.php?i=MjE1MjI4\" target=\"_blank\">&gt;&gt;\u00a0 Edi\u00e7\u00e3o 1241 de 30 de Dezembro de 2021 &#8211; Edi\u00e7\u00e3o Extraordin\u00e1ria<\/a><\/p>\n<p><a href=\"https:\/\/dosp.com.br\/exibe_do.php?i=MjE0OTA2\" target=\"_blank\">&gt;&gt;\u00a0 Edi\u00e7\u00e3o 1240 de 29 de Dezembro de 2021 &#8211; Edi\u00e7\u00e3o Extraordin\u00e1ria<\/a><\/p>\n<p><a href=\"https:\/\/dosp.com.br\/exibe_do.php?i=MjE0NjA3\" target=\"_blank\">&gt;&gt;\u00a0 Edi\u00e7\u00e3o 1239 de 28 de Dezembro de 2021<\/a><\/p>\n<p><a href=\"https:\/\/dosp.com.br\/exibe_do.php?i=MjE0Mzcz\" target=\"_blank\">&gt;&gt;\u00a0 Edi\u00e7\u00e3o 1238 de 27 de Dezembro de 2021 &#8211; Edi\u00e7\u00e3o Extraordin\u00e1ria<\/a><\/p>\n<p><a href=\"https:\/\/dosp.com.br\/exibe_do.php?i=MjE0MTM5\" target=\"_blank\">&gt;&gt;\u00a0 Edi\u00e7\u00e3o 1237 de 23 de Dezembro de 2021 &#8211; Edi\u00e7\u00e3o Extraordin\u00e1ria<\/a><\/p>\n<p><a href=\"https:\/\/dosp.com.br\/exibe_do.php?i=MjEzNzk1\" target=\"_blank\">&gt;&gt;\u00a0 Edi\u00e7\u00e3o 1236 de 22 de Dezembro de 2021 &#8211; Edi\u00e7\u00e3o Extraordin\u00e1ria<\/a><\/p>\n<p><a href=\"https:\/\/dosp.com.br\/exibe_do.php?i=MjEzNDg2\" target=\"_blank\">&gt;&gt;\u00a0 Edi\u00e7\u00e3o 1235 de 21 de Dezembro de 2021<\/a><\/p>\n<p><a href=\"https:\/\/dosp.com.br\/exibe_do.php?i=MjEzMTUz\" target=\"_blank\">&gt;&gt;\u00a0 Edi\u00e7\u00e3o 1234 de 20 de Dezembro de 2021 &#8211; Edi\u00e7\u00e3o Extraordin\u00e1ria<\/a><\/p>\n<p><a href=\"https:\/\/dosp.com.br\/exibe_do.php?i=MjEyODI5\" target=\"_blank\">&gt;&gt; Edi\u00e7\u00e3o 1233 de 17 de Dezembro de 2021<\/a><\/p>\n<p><a href=\"https:\/\/dosp.com.br\/exibe_do.php?i=MjEyNDcz\" target=\"_blank\">&gt;&gt;\u00a0 Edi\u00e7\u00e3o 1232 de 16 de Dezembro de 2021 &#8211; Edi\u00e7\u00e3o Extraordin\u00e1ria<\/a><\/p>\n<p><a href=\"https:\/\/dosp.com.br\/exibe_do.php?i=MjEyMTMz\" target=\"_blank\">&gt;&gt;\u00a0 Edi\u00e7\u00e3o 1231 de 15 de Dezembro de 2021 &#8211; Edi\u00e7\u00e3o Extraordin\u00e1ria<\/a><\/p>\n<p><a href=\"https:\/\/dosp.com.br\/exibe_do.php?i=MjExODM1\" target=\"_blank\">&gt;&gt;\u00a0 Edi\u00e7\u00e3o 1230 de 14 de Dezembro de 2021<\/a><\/p>\n<p><a href=\"https:\/\/dosp.com.br\/exibe_do.php?i=MjExNDU0\" target=\"_blank\">&gt;&gt;\u00a0 Edi\u00e7\u00e3o 1229 de 13 de Dezembro de 2021 &#8211; Edi\u00e7\u00e3o Extraordin\u00e1ria<\/a><\/p>\n<p><a href=\"https:\/\/dosp.com.br\/exibe_do.php?i=MjExMTYz\" target=\"_blank\">&gt;&gt;\u00a0 Edi\u00e7\u00e3o 1228 de 10 de Dezembro de 2021<\/a><\/p>\n<p><a href=\"https:\/\/dosp.com.br\/exibe_do.php?i=MjEwODI5\" target=\"_blank\">&gt;&gt;\u00a0 Edi\u00e7\u00e3o 1227 de 09 de Dezembro de 2021 &#8211; Edi\u00e7\u00e3o Extraordin\u00e1ria<\/a><\/p>\n<p><a href=\"https:\/\/dosp.com.br\/exibe_do.php?i=MjEwNTQ2\" target=\"_blank\">&gt;&gt;\u00a0 Edi\u00e7\u00e3o 1226 de 08 de Dezembro de 2021 &#8211; Edi\u00e7\u00e3o Extraordin\u00e1ria<\/a><\/p>\n<p><a href=\"https:\/\/dosp.com.br\/exibe_do.php?i=MjEwMjkx\" target=\"_blank\">&gt;&gt;\u00a0 Edi\u00e7\u00e3o 1225 de 07 de Dezembro de 2021<\/a><\/p>\n<p><a href=\"https:\/\/dosp.com.br\/exibe_do.php?i=MjA5OTg1\" target=\"_blank\">&gt;&gt;\u00a0 Edi\u00e7\u00e3o 1224 de 06 de Dezembro de 2021 &#8211; Edi\u00e7\u00e3o Extraordin\u00e1ria<\/a><\/p>\n<p><a href=\"https:\/\/dosp.com.br\/exibe_do.php?i=MjA5Njg0\" target=\"_blank\">&gt;&gt; Edi\u00e7\u00e3o 1223 de 03 de Dezembro de 2021<\/a><\/p>\n<p><a href=\"https:\/\/dosp.com.br\/exibe_do.php?i=MjA5MzYx\" target=\"_blank\">&gt;&gt;\u00a0 Edi\u00e7\u00e3o 1222 de 02 de Dezembro de 2021 &#8211; Edi\u00e7\u00e3o Extraordin\u00e1ria<\/a><\/p>\n<p><a href=\"https:\/\/dosp.com.br\/exibe_do.php?i=MjA5MDcx\" target=\"_blank\">&gt;&gt;\u00a0 Edi\u00e7\u00e3o 1221 de 01 de Dezembro de 2021 &#8211; Edi\u00e7\u00e3o Extraordin\u00e1ria<\/a><\/p>\n<p>&nbsp;<\/p>\n<p>&nbsp;<\/p>\n<p>&nbsp;<\/p>\n","protected":false},"excerpt":{"rendered":"<p>Novo portal do Di\u00e1rio Oficial Eletr\u00f4nico &nbsp; &gt;&gt;\u00a0 Edi\u00e7\u00e3o 1241 de 30 de Dezembro de 2021 &#8211; Edi\u00e7\u00e3o Extraordin\u00e1ria &gt;&gt;\u00a0<\/p>\n","protected":false},"author":1,"featured_media":0,"parent":0,"menu_order":0,"comment_status":"closed","ping_status":"closed","template":"","meta":{"ngg_post_thumbnail":0,"footnotes":""},"magazineBlocksPostFeaturedMedia":{"thumbnail":false,"medium":false,"medium_large":false,"large":false,"1536x1536":false,"2048x2048":false,"colormag-highlighted-post":false,"colormag-featured-post-medium":false,"colormag-featured-post-small":false,"colormag-featured-image":false,"colormag-default-news":false,"colormag-featured-image-large":false},"magazineBlocksPostAuthor":{"name":"admin","avatar":"https:\/\/secure.gravatar.com\/avatar\/5140b312f1bcbe8516bfaa79917f11b3?s=96&d=mm&r=g"},"magazineBlocksPostCommentsNumber":false,"magazineBlocksPostExcerpt":"Novo portal do Di\u00e1rio Oficial Eletr\u00f4nico &nbsp; &gt;&gt;\u00a0 Edi\u00e7\u00e3o 1241 de 30 de Dezembro de 2021 &#8211; Edi\u00e7\u00e3o Extraordin\u00e1ria &gt;&gt;\u00a0","magazineBlocksPostCategories":[],"_links":{"self":[{"href":"https:\/\/www.orlandia.sp.gov.br\/novo\/wp-json\/wp\/v2\/pages\/20981"}],"collection":[{"href":"https:\/\/www.orlandia.sp.gov.br\/novo\/wp-json\/wp\/v2\/pages"}],"about":[{"href":"https:\/\/www.orlandia.sp.gov.br\/novo\/wp-json\/wp\/v2\/types\/page"}],"author":[{"embeddable":true,"href":"https:\/\/www.orlandia.sp.gov.br\/novo\/wp-json\/wp\/v2\/users\/1"}],"replies":[{"embeddable":true,"href":"https:\/\/www.orlandia.sp.gov.br\/novo\/wp-json\/wp\/v2\/comments?post=20981"}],"version-history":[{"count":26,"href":"https:\/\/www.orlandia.sp.gov.br\/novo\/wp-json\/wp\/v2\/pages\/20981\/revisions"}],"predecessor-version":[{"id":21221,"href":"https:\/\/www.orlandia.sp.gov.br\/novo\/wp-json\/wp\/v2\/pages\/20981\/revisions\/21221"}],"wp:attachment":[{"href":"https:\/\/www.orlandia.sp.gov.br\/novo\/wp-json\/wp\/v2\/media?parent=20981"}],"curies":[{"name":"wp","href":"https:\/\/api.w.org\/{rel}","templated":true}]}}