{"id":20072,"date":"2021-09-01T09:14:26","date_gmt":"2021-09-01T12:14:26","guid":{"rendered":"https:\/\/www.orlandia.sp.gov.br\/novo\/?page_id=20072"},"modified":"2021-09-30T16:56:04","modified_gmt":"2021-09-30T19:56:04","slug":"jornal-oficial-de-orlandia-setembro-de-2021","status":"publish","type":"page","link":"https:\/\/www.orlandia.sp.gov.br\/novo\/jornal-oficial-de-orlandia-setembro-de-2021","title":{"rendered":"Jornal Oficial de Orl\u00e2ndia &#8211; Setembro de 2021"},"content":{"rendered":"<p><a href=\"https:\/\/www.orlandia.sp.gov.br\/novo\/wp-content\/uploads\/2021\/09\/Edi\u00e7\u00e3o-1184-de-30-de-Setembro-de-2021-Edi\u00e7\u00e3o-Extraordin\u00e1ria.pdf\" target=\"_blank\">&gt;&gt;\u00a0 Edi\u00e7\u00e3o 1184 de 30 de Setembro de 2021 &#8211; Edi\u00e7\u00e3o Extraordin\u00e1ria<\/a><\/p>\n<p><a href=\"https:\/\/www.orlandia.sp.gov.br\/novo\/wp-content\/uploads\/2021\/09\/Edi\u00e7\u00e3o-1183-de-29-de-Setembro-de-2021-Edi\u00e7\u00e3o-Extraordin\u00e1ria.pdf\" target=\"_blank\">&gt;&gt;\u00a0 Edi\u00e7\u00e3o 1183 de 29 de Setembro de 2021 &#8211; Edi\u00e7\u00e3o Extraordin\u00e1ria<\/a><\/p>\n<p><a href=\"https:\/\/www.orlandia.sp.gov.br\/novo\/wp-content\/uploads\/2021\/09\/Edi\u00e7\u00e3o-1182-de-28-de-Setembro-de-2021.pdf\" target=\"_blank\">&gt;&gt;\u00a0 Edi\u00e7\u00e3o 1182 de 28 de Setembro de 2021<\/a><\/p>\n<p><a href=\"https:\/\/www.orlandia.sp.gov.br\/novo\/wp-content\/uploads\/2021\/09\/Edi\u00e7\u00e3o-1181-de-27-de-Setembro-de-2021-Edi\u00e7\u00e3o-Extraordin\u00e1ria.pdf\" target=\"_blank\">&gt;&gt;\u00a0 Edi\u00e7\u00e3o 1181 de 27 de Setembro de 2021 &#8211; Edi\u00e7\u00e3o Extraordin\u00e1ria<\/a><\/p>\n<p><a href=\"https:\/\/www.orlandia.sp.gov.br\/novo\/wp-content\/uploads\/2021\/09\/Edi\u00e7\u00e3o-1180-de-24-de-Setembro-de-2021.pdf\" target=\"_blank\">&gt;&gt;\u00a0 Edi\u00e7\u00e3o 1180 de 24 de Setembro de 2021<\/a><\/p>\n<p><a href=\"https:\/\/www.orlandia.sp.gov.br\/novo\/wp-content\/uploads\/2021\/09\/Edi\u00e7\u00e3o-1179-de-23-de-Setembro-de-2021-Edi\u00e7\u00e3o-Extraordin\u00e1ria.pdf\" target=\"_blank\">&gt;&gt;\u00a0 Edi\u00e7\u00e3o 1179 de 23 de Setembro de 2021 &#8211; Edi\u00e7\u00e3o Extraordin\u00e1ria<\/a><\/p>\n<p><a href=\"https:\/\/www.orlandia.sp.gov.br\/novo\/wp-content\/uploads\/2021\/09\/Edi\u00e7\u00e3o-1178-de-21-de-Setembro-de-2021.pdf\" target=\"_blank\">&gt;&gt;\u00a0 Edi\u00e7\u00e3o 1178 de 21 de Setembro de 2021<\/a><\/p>\n<p><a href=\"https:\/\/www.orlandia.sp.gov.br\/novo\/wp-content\/uploads\/2021\/09\/Edi\u00e7\u00e3o-1177-de-20-de-Setembro-de-2021-Edi\u00e7\u00e3o-Extraordin\u00e1ria.pdf\" target=\"_blank\">&gt;&gt;\u00a0 Edi\u00e7\u00e3o 1177 de 20 de Setembro de 2021 &#8211; Edi\u00e7\u00e3o Extraordin\u00e1ria<\/a><\/p>\n<p><a href=\"https:\/\/www.orlandia.sp.gov.br\/novo\/wp-content\/uploads\/2021\/09\/Edi\u00e7\u00e3o-1176-de-17-de-Setembro-de-2021.pdf\" target=\"_blank\">&gt;&gt;\u00a0 Edi\u00e7\u00e3o 1176 de 17 de Setembro de 2021<\/a><\/p>\n<p><a href=\"https:\/\/www.orlandia.sp.gov.br\/novo\/wp-content\/uploads\/2021\/09\/Edi\u00e7\u00e3o-1175-de-16-de-Setembro-de-2021-Edi\u00e7\u00e3o-Extraordin\u00e1ria.pdf\" target=\"_blank\">&gt;&gt;\u00a0 Edi\u00e7\u00e3o 1175 de 16 de Setembro de 2021 &#8211; Edi\u00e7\u00e3o Extraordin\u00e1ria<\/a><\/p>\n<p><a href=\"https:\/\/www.orlandia.sp.gov.br\/novo\/wp-content\/uploads\/2021\/09\/Edi\u00e7\u00e3o-1174-de-15-de-Setembro-de-2021-Edi\u00e7\u00e3o-Extraordin\u00e1ria.pdf\" target=\"_blank\">&gt;&gt;\u00a0 Edi\u00e7\u00e3o 1174 de 15 de Setembro de 2021 &#8211; Edi\u00e7\u00e3o Extraordin\u00e1ria<\/a><\/p>\n<p><a href=\"https:\/\/www.orlandia.sp.gov.br\/novo\/wp-content\/uploads\/2021\/09\/Edi\u00e7\u00e3o-1173-de-14-de-Setembro-de-2021.pdf\" target=\"_blank\">&gt;&gt;\u00a0 Edi\u00e7\u00e3o 1173 de 14 de Setembro de 2021<\/a><\/p>\n<p><a href=\"https:\/\/www.orlandia.sp.gov.br\/novo\/wp-content\/uploads\/2021\/09\/Edi\u00e7\u00e3o-1172-de-13-de-Setembro-de-2021-Edi\u00e7\u00e3o-Extraordin\u00e1ria.pdf\" target=\"_blank\">&gt;&gt;\u00a0 Edi\u00e7\u00e3o 1172 de 13 de Setembro de 2021 &#8211; Edi\u00e7\u00e3o Extraordin\u00e1ria<\/a><\/p>\n<p><a href=\"https:\/\/www.orlandia.sp.gov.br\/novo\/wp-content\/uploads\/2021\/09\/Edi\u00e7\u00e3o-1171-de-10-de-Setembro-de-2021.pdf\" target=\"_blank\">&gt;&gt;\u00a0 Edi\u00e7\u00e3o 1171 de 10 de Setembro de 2021<\/a><\/p>\n<p><a href=\"https:\/\/www.orlandia.sp.gov.br\/novo\/wp-content\/uploads\/2021\/09\/Edi\u00e7\u00e3o-1170-de-09-de-Setembro-de-2021-Edi\u00e7\u00e3o-Extraordin\u00e1ria.pdf\" target=\"_blank\">&gt;&gt;\u00a0 Edi\u00e7\u00e3o 1170 de 09 de Setembro de 2021 &#8211; Edi\u00e7\u00e3o Extraordin\u00e1ria<\/a><\/p>\n<p><a href=\"https:\/\/www.orlandia.sp.gov.br\/novo\/wp-content\/uploads\/2021\/09\/Edi\u00e7\u00e3o-1169-de-03-de-Setembro-de-2021.pdf\" target=\"_blank\">&gt;&gt;\u00a0 Edi\u00e7\u00e3o 1169 de 03 de Setembro de 2021<\/a><\/p>\n<p><a href=\"https:\/\/www.orlandia.sp.gov.br\/novo\/wp-content\/uploads\/2021\/09\/Edi\u00e7\u00e3o-1168-de-02-de-Setembro-de-2021-Edi\u00e7\u00e3o-Extraordin\u00e1ria.pdf\" target=\"_blank\">&gt;&gt;\u00a0 Edi\u00e7\u00e3o 1168 de 02 de Setembro de 2021 &#8211; Edi\u00e7\u00e3o Extraordin\u00e1ria<\/a><\/p>\n<p><a href=\"https:\/\/www.orlandia.sp.gov.br\/novo\/wp-content\/uploads\/2021\/09\/Edi\u00e7\u00e3o-1167-de-01-de-Setembro-de-2021-Edi\u00e7\u00e3o-Extraordin\u00e1ria.pdf\" target=\"_blank\">&gt;&gt;\u00a0 Edi\u00e7\u00e3o 1167 de 01 de Setembro de 2021 &#8211; Edi\u00e7\u00e3o Extraordin\u00e1ria<\/a><\/p>\n","protected":false},"excerpt":{"rendered":"<p>&gt;&gt;\u00a0 Edi\u00e7\u00e3o 1184 de 30 de Setembro de 2021 &#8211; Edi\u00e7\u00e3o Extraordin\u00e1ria &gt;&gt;\u00a0 Edi\u00e7\u00e3o 1183 de 29 de Setembro de<\/p>\n","protected":false},"author":1,"featured_media":0,"parent":0,"menu_order":0,"comment_status":"closed","ping_status":"closed","template":"","meta":{"ngg_post_thumbnail":0,"footnotes":""},"magazineBlocksPostFeaturedMedia":{"thumbnail":false,"medium":false,"medium_large":false,"large":false,"1536x1536":false,"2048x2048":false,"colormag-highlighted-post":false,"colormag-featured-post-medium":false,"colormag-featured-post-small":false,"colormag-featured-image":false,"colormag-default-news":false,"colormag-featured-image-large":false},"magazineBlocksPostAuthor":{"name":"admin","avatar":"https:\/\/secure.gravatar.com\/avatar\/5140b312f1bcbe8516bfaa79917f11b3?s=96&d=mm&r=g"},"magazineBlocksPostCommentsNumber":false,"magazineBlocksPostExcerpt":"&gt;&gt;\u00a0 Edi\u00e7\u00e3o 1184 de 30 de Setembro de 2021 &#8211; Edi\u00e7\u00e3o Extraordin\u00e1ria &gt;&gt;\u00a0 Edi\u00e7\u00e3o 1183 de 29 de Setembro de","magazineBlocksPostCategories":[],"_links":{"self":[{"href":"https:\/\/www.orlandia.sp.gov.br\/novo\/wp-json\/wp\/v2\/pages\/20072"}],"collection":[{"href":"https:\/\/www.orlandia.sp.gov.br\/novo\/wp-json\/wp\/v2\/pages"}],"about":[{"href":"https:\/\/www.orlandia.sp.gov.br\/novo\/wp-json\/wp\/v2\/types\/page"}],"author":[{"embeddable":true,"href":"https:\/\/www.orlandia.sp.gov.br\/novo\/wp-json\/wp\/v2\/users\/1"}],"replies":[{"embeddable":true,"href":"https:\/\/www.orlandia.sp.gov.br\/novo\/wp-json\/wp\/v2\/comments?post=20072"}],"version-history":[{"count":19,"href":"https:\/\/www.orlandia.sp.gov.br\/novo\/wp-json\/wp\/v2\/pages\/20072\/revisions"}],"predecessor-version":[{"id":20404,"href":"https:\/\/www.orlandia.sp.gov.br\/novo\/wp-json\/wp\/v2\/pages\/20072\/revisions\/20404"}],"wp:attachment":[{"href":"https:\/\/www.orlandia.sp.gov.br\/novo\/wp-json\/wp\/v2\/media?parent=20072"}],"curies":[{"name":"wp","href":"https:\/\/api.w.org\/{rel}","templated":true}]}}