{"id":19650,"date":"2021-08-02T14:02:11","date_gmt":"2021-08-02T17:02:11","guid":{"rendered":"https:\/\/www.orlandia.sp.gov.br\/novo\/?page_id=19650"},"modified":"2021-08-31T16:58:48","modified_gmt":"2021-08-31T19:58:48","slug":"jornal-oficial-de-orlandia-agosto-de-2021","status":"publish","type":"page","link":"https:\/\/www.orlandia.sp.gov.br\/novo\/jornal-oficial-de-orlandia-agosto-de-2021","title":{"rendered":"Jornal Oficial de Orl\u00e2ndia &#8211; Agosto de 2021"},"content":{"rendered":"<p><a href=\"https:\/\/www.orlandia.sp.gov.br\/novo\/wp-content\/uploads\/2021\/08\/Edi\u00e7\u00e3o-1166-de-31-de-Agosto-de-2021.pdf\" target=\"_blank\">&gt;&gt;\u00a0 Edi\u00e7\u00e3o 1166 de 31 de Agosto de 2021<\/a><\/p>\n<p><a href=\"https:\/\/www.orlandia.sp.gov.br\/novo\/wp-content\/uploads\/2021\/08\/Edi\u00e7\u00e3o-1165-de-30-de-Agosto-de-2021-Edi\u00e7\u00e3o-Extraordin\u00e1ria.pdf\" target=\"_blank\">&gt;&gt;\u00a0 Edi\u00e7\u00e3o 1165 de 30 de Agosto de 2021 &#8211; Edi\u00e7\u00e3o Extraordin\u00e1ria<\/a><\/p>\n<p><a href=\"https:\/\/www.orlandia.sp.gov.br\/novo\/wp-content\/uploads\/2021\/08\/Edi\u00e7\u00e3o-1164-de-27-de-Agosto-de-2021.pdf\" target=\"_blank\">&gt;&gt;\u00a0 Edi\u00e7\u00e3o 1164 de 27 de Agosto de 2021<\/a><\/p>\n<p><a href=\"https:\/\/www.orlandia.sp.gov.br\/novo\/wp-content\/uploads\/2021\/08\/Edi\u00e7\u00e3o-1163-de-26-de-Agosto-de-2021-Edi\u00e7\u00e3o-Extraordin\u00e1ria.pdf\" target=\"_blank\">&gt;&gt;\u00a0 Edi\u00e7\u00e3o 1163 de 26 de Agosto de 2021 &#8211; Edi\u00e7\u00e3o Extraordin\u00e1ria<\/a><\/p>\n<p><a href=\"https:\/\/www.orlandia.sp.gov.br\/novo\/wp-content\/uploads\/2021\/08\/Edi\u00e7\u00e3o-1162-de-25-de-Agosto-de-2021-Edi\u00e7\u00e3o-Extraordin\u00e1ria.pdf\" target=\"_blank\">&gt;&gt;\u00a0 Edi\u00e7\u00e3o 1162 de 25 de Agosto de 2021 &#8211; Edi\u00e7\u00e3o Extraordin\u00e1ria<\/a><\/p>\n<p><a href=\"https:\/\/www.orlandia.sp.gov.br\/novo\/wp-content\/uploads\/2021\/08\/Edi\u00e7\u00e3o-1161-de-24-de-Agosto-de-2021.pdf\" target=\"_blank\">&gt;&gt;\u00a0 Edi\u00e7\u00e3o 1161 de 24 de Agosto de 2021<\/a><\/p>\n<p><a href=\"https:\/\/www.orlandia.sp.gov.br\/novo\/wp-content\/uploads\/2021\/08\/Edi\u00e7\u00e3o-1160-de-23-de-Agosto-de-2021-Edi\u00e7\u00e3o-Extraordin\u00e1ria.pdf\" target=\"_blank\">&gt;&gt;\u00a0 Edi\u00e7\u00e3o 1160 de 23 de Agosto de 2021 &#8211; Edi\u00e7\u00e3o Extraordin\u00e1ria<\/a><\/p>\n<p><a href=\"https:\/\/www.orlandia.sp.gov.br\/novo\/wp-content\/uploads\/2021\/08\/Edi\u00e7\u00e3o-1159-de-20-de-Agosto-de-2021.pdf\" target=\"_blank\">&gt;&gt;\u00a0 Edi\u00e7\u00e3o 1159 de 20 de Agosto de 2021<\/a><\/p>\n<p><a href=\"https:\/\/www.orlandia.sp.gov.br\/novo\/wp-content\/uploads\/2021\/08\/Edi\u00e7\u00e3o-1158-de-19-de-Agosto-de-2021-Edi\u00e7\u00e3o-Extraordin\u00e1ria.pdf\" target=\"_blank\">&gt;&gt;\u00a0 Edi\u00e7\u00e3o 1158 de 19 de Agosto de 2021 &#8211; Edi\u00e7\u00e3o Extraordin\u00e1ria<\/a><\/p>\n<p><a href=\"https:\/\/www.orlandia.sp.gov.br\/novo\/wp-content\/uploads\/2021\/08\/Edi\u00e7\u00e3o-1157-de-18-de-Agosto-de-2021-Edi\u00e7\u00e3o-Extraordin\u00e1ria.pdf\" target=\"_blank\">&gt;&gt;\u00a0 Edi\u00e7\u00e3o 1157 de 18 de Agosto de 2021 &#8211; Edi\u00e7\u00e3o Extraordin\u00e1ria<\/a><\/p>\n<p><a href=\"https:\/\/www.orlandia.sp.gov.br\/novo\/wp-content\/uploads\/2021\/08\/Edi\u00e7\u00e3o-1156-de-17-de-Agosto-de-2021.pdf\" target=\"_blank\">&gt;&gt;\u00a0 Edi\u00e7\u00e3o 1156 de 17 de Agosto de 2021<\/a><\/p>\n<p><a href=\"https:\/\/www.orlandia.sp.gov.br\/novo\/wp-content\/uploads\/2021\/08\/Edi\u00e7\u00e3o-1155-de-16-de-Agosto-de-2021-Edi\u00e7\u00e3o-Extraordin\u00e1ria.pdf\" target=\"_blank\">&gt;&gt;\u00a0 Edi\u00e7\u00e3o 1155 de 16 de Agosto de 2021 &#8211; Edi\u00e7\u00e3o Extraordin\u00e1ria<\/a><\/p>\n<p><a href=\"https:\/\/www.orlandia.sp.gov.br\/novo\/wp-content\/uploads\/2021\/08\/Edi\u00e7\u00e3o-1154-de-13-de-Agosto-de-2021.pdf\" target=\"_blank\">&gt;&gt;\u00a0 Edi\u00e7\u00e3o 1154 de 13 de Agosto de 2021<\/a><\/p>\n<p><a href=\"https:\/\/www.orlandia.sp.gov.br\/novo\/wp-content\/uploads\/2021\/08\/Edi\u00e7\u00e3o-1153-de-12-de-Agosto-de-2021-Edi\u00e7\u00e3o-Extraordin\u00e1ria.pdf\" target=\"_blank\">&gt;&gt;\u00a0 Edi\u00e7\u00e3o 1153 de 12 de Agosto de 2021 &#8211; Edi\u00e7\u00e3o Extraordin\u00e1ria<\/a><\/p>\n<p><a href=\"https:\/\/www.orlandia.sp.gov.br\/novo\/wp-content\/uploads\/2021\/08\/Edi\u00e7\u00e3o-1152-de-10-de-Agosto-de-2021.pdf\" target=\"_blank\">&gt;&gt;\u00a0 Edi\u00e7\u00e3o 1152 de 10 de Agosto de 2021<\/a><\/p>\n<p><a href=\"https:\/\/www.orlandia.sp.gov.br\/novo\/wp-content\/uploads\/2021\/08\/Edi\u00e7\u00e3o-1151-de-09-de-Agosto-de-2021-Edi\u00e7\u00e3o-Extraordin\u00e1ria.pdf\" target=\"_blank\">&gt;&gt;\u00a0 Edi\u00e7\u00e3o 1151 de 09 de Agosto de 2021 &#8211; Edi\u00e7\u00e3o Extraordin\u00e1ria<\/a><\/p>\n<p><a href=\"https:\/\/www.orlandia.sp.gov.br\/novo\/wp-content\/uploads\/2021\/08\/Edi\u00e7\u00e3o-1150-de-06-de-Agosto-de-2021.pdf\" target=\"_blank\">&gt;&gt;\u00a0 Edi\u00e7\u00e3o 1150 de 06 de Agosto de 2021<\/a><\/p>\n<p><a href=\"https:\/\/www.orlandia.sp.gov.br\/novo\/wp-content\/uploads\/2021\/08\/Edi\u00e7\u00e3o-1149-de-05-de-Agosto-de-2021-Edi\u00e7\u00e3o-Extraordin\u00e1ria.pdf\" target=\"_blank\">&gt;&gt;\u00a0 Edi\u00e7\u00e3o 1149 de 05 de Agosto de 2021 &#8211; Edi\u00e7\u00e3o Extraordin\u00e1ria<\/a><\/p>\n<p><a href=\"https:\/\/www.orlandia.sp.gov.br\/novo\/wp-content\/uploads\/2021\/08\/Edi\u00e7\u00e3o-1148-de-04-de-Agosto-de-2021-Edi\u00e7\u00e3o-Extraordin\u00e1ria.pdf\" target=\"_blank\">&gt;&gt;\u00a0 Edi\u00e7\u00e3o 1148 de 04 de Agosto de 2021 &#8211; Edi\u00e7\u00e3o Extraordin\u00e1ria<\/a><\/p>\n<p><a href=\"https:\/\/www.orlandia.sp.gov.br\/novo\/wp-content\/uploads\/2021\/08\/Edi\u00e7\u00e3o-1147-de-03-de-Agosto-de-2021.pdf\" target=\"_blank\">&gt;&gt;\u00a0 Edi\u00e7\u00e3o 1147 de 03 de Agosto de 2021<\/a><\/p>\n<p><a href=\"https:\/\/www.orlandia.sp.gov.br\/novo\/wp-content\/uploads\/2021\/08\/Edi\u00e7\u00e3o-1146-de-02-de-Agosto-de-2021-Edi\u00e7\u00e3o-Extraordin\u00e1ria.pdf\" target=\"_blank\">&gt;&gt;\u00a0 Edi\u00e7\u00e3o 1146 de 02 de Agosto de 2021 &#8211; Edi\u00e7\u00e3o Extraordin\u00e1ria<\/a><\/p>\n","protected":false},"excerpt":{"rendered":"<p>&gt;&gt;\u00a0 Edi\u00e7\u00e3o 1166 de 31 de Agosto de 2021 &gt;&gt;\u00a0 Edi\u00e7\u00e3o 1165 de 30 de Agosto de 2021 &#8211; Edi\u00e7\u00e3o<\/p>\n","protected":false},"author":1,"featured_media":0,"parent":0,"menu_order":0,"comment_status":"closed","ping_status":"closed","template":"","meta":{"ngg_post_thumbnail":0,"footnotes":""},"magazineBlocksPostFeaturedMedia":{"thumbnail":false,"medium":false,"medium_large":false,"large":false,"1536x1536":false,"2048x2048":false,"colormag-highlighted-post":false,"colormag-featured-post-medium":false,"colormag-featured-post-small":false,"colormag-featured-image":false,"colormag-default-news":false,"colormag-featured-image-large":false},"magazineBlocksPostAuthor":{"name":"admin","avatar":"https:\/\/secure.gravatar.com\/avatar\/5140b312f1bcbe8516bfaa79917f11b3?s=96&d=mm&r=g"},"magazineBlocksPostCommentsNumber":false,"magazineBlocksPostExcerpt":"&gt;&gt;\u00a0 Edi\u00e7\u00e3o 1166 de 31 de Agosto de 2021 &gt;&gt;\u00a0 Edi\u00e7\u00e3o 1165 de 30 de Agosto de 2021 &#8211; Edi\u00e7\u00e3o","magazineBlocksPostCategories":[],"_links":{"self":[{"href":"https:\/\/www.orlandia.sp.gov.br\/novo\/wp-json\/wp\/v2\/pages\/19650"}],"collection":[{"href":"https:\/\/www.orlandia.sp.gov.br\/novo\/wp-json\/wp\/v2\/pages"}],"about":[{"href":"https:\/\/www.orlandia.sp.gov.br\/novo\/wp-json\/wp\/v2\/types\/page"}],"author":[{"embeddable":true,"href":"https:\/\/www.orlandia.sp.gov.br\/novo\/wp-json\/wp\/v2\/users\/1"}],"replies":[{"embeddable":true,"href":"https:\/\/www.orlandia.sp.gov.br\/novo\/wp-json\/wp\/v2\/comments?post=19650"}],"version-history":[{"count":23,"href":"https:\/\/www.orlandia.sp.gov.br\/novo\/wp-json\/wp\/v2\/pages\/19650\/revisions"}],"predecessor-version":[{"id":20054,"href":"https:\/\/www.orlandia.sp.gov.br\/novo\/wp-json\/wp\/v2\/pages\/19650\/revisions\/20054"}],"wp:attachment":[{"href":"https:\/\/www.orlandia.sp.gov.br\/novo\/wp-json\/wp\/v2\/media?parent=19650"}],"curies":[{"name":"wp","href":"https:\/\/api.w.org\/{rel}","templated":true}]}}