{"id":1948,"date":"2013-12-10T13:58:40","date_gmt":"2013-12-10T16:58:40","guid":{"rendered":"https:\/\/www.orlandia.sp.gov.br\/novo\/?page_id=1948"},"modified":"2013-12-11T09:21:41","modified_gmt":"2013-12-11T12:21:41","slug":"cidadao-web","status":"publish","type":"page","link":"https:\/\/www.orlandia.sp.gov.br\/novo\/cidadao-web","title":{"rendered":"Cidad\u00e3o Web"},"content":{"rendered":"<p style=\"text-align: justify;\">Preencha este formul\u00e1rio (Anexo IV) que segue no link abaixo, que dever\u00e1 ser entregue na\u00a0Divis\u00e3o de Tributa\u00e7\u00e3o da Prefeitura Municipal de Orl\u00e2ndia para obter a libera\u00e7\u00e3o do servi\u00e7o Cidad\u00e3o Web. Caso j\u00e1 possua o acesso liberado,\u00a0<a href=\"https:\/\/e-gov.betha.com.br\/cidadaoweb3\/main.faces\" target=\"_blank\">clique aqui<\/a>\u00a0para acessar o servi\u00e7o.<\/p>\n<p style=\"text-align: justify;\"><a href=\"https:\/\/www.orlandia.sp.gov.br\/novo\/wp-content\/uploads\/2013\/12\/AnexoIV.pdf\" target=\"_blank\">Download do Anexo IV<\/a><\/p>\n","protected":false},"excerpt":{"rendered":"<p>Preencha este formul\u00e1rio (Anexo IV) que segue no link abaixo, que dever\u00e1 ser entregue na\u00a0Divis\u00e3o de Tributa\u00e7\u00e3o da Prefeitura Municipal<\/p>\n","protected":false},"author":1,"featured_media":0,"parent":0,"menu_order":0,"comment_status":"open","ping_status":"open","template":"","meta":{"ngg_post_thumbnail":0,"footnotes":""},"magazineBlocksPostFeaturedMedia":{"thumbnail":false,"medium":false,"medium_large":false,"large":false,"1536x1536":false,"2048x2048":false,"colormag-highlighted-post":false,"colormag-featured-post-medium":false,"colormag-featured-post-small":false,"colormag-featured-image":false,"colormag-default-news":false,"colormag-featured-image-large":false},"magazineBlocksPostAuthor":{"name":"admin","avatar":"https:\/\/secure.gravatar.com\/avatar\/5140b312f1bcbe8516bfaa79917f11b3?s=96&d=mm&r=g"},"magazineBlocksPostCommentsNumber":false,"magazineBlocksPostExcerpt":"Preencha este formul\u00e1rio (Anexo IV) que segue no link abaixo, que dever\u00e1 ser entregue na\u00a0Divis\u00e3o de Tributa\u00e7\u00e3o da Prefeitura Municipal","magazineBlocksPostCategories":[],"_links":{"self":[{"href":"https:\/\/www.orlandia.sp.gov.br\/novo\/wp-json\/wp\/v2\/pages\/1948"}],"collection":[{"href":"https:\/\/www.orlandia.sp.gov.br\/novo\/wp-json\/wp\/v2\/pages"}],"about":[{"href":"https:\/\/www.orlandia.sp.gov.br\/novo\/wp-json\/wp\/v2\/types\/page"}],"author":[{"embeddable":true,"href":"https:\/\/www.orlandia.sp.gov.br\/novo\/wp-json\/wp\/v2\/users\/1"}],"replies":[{"embeddable":true,"href":"https:\/\/www.orlandia.sp.gov.br\/novo\/wp-json\/wp\/v2\/comments?post=1948"}],"version-history":[{"count":12,"href":"https:\/\/www.orlandia.sp.gov.br\/novo\/wp-json\/wp\/v2\/pages\/1948\/revisions"}],"predecessor-version":[{"id":1983,"href":"https:\/\/www.orlandia.sp.gov.br\/novo\/wp-json\/wp\/v2\/pages\/1948\/revisions\/1983"}],"wp:attachment":[{"href":"https:\/\/www.orlandia.sp.gov.br\/novo\/wp-json\/wp\/v2\/media?parent=1948"}],"curies":[{"name":"wp","href":"https:\/\/api.w.org\/{rel}","templated":true}]}}