{"id":19268,"date":"2021-06-30T17:08:54","date_gmt":"2021-06-30T20:08:54","guid":{"rendered":"https:\/\/www.orlandia.sp.gov.br\/novo\/?page_id=19268"},"modified":"2021-07-30T16:51:38","modified_gmt":"2021-07-30T19:51:38","slug":"jornal-oficial-de-orlandia-julho-de-2021","status":"publish","type":"page","link":"https:\/\/www.orlandia.sp.gov.br\/novo\/jornal-oficial-de-orlandia-julho-de-2021","title":{"rendered":"Jornal Oficial de Orl\u00e2ndia &#8211; Julho de 2021"},"content":{"rendered":"<p><a href=\"https:\/\/www.orlandia.sp.gov.br\/novo\/wp-content\/uploads\/2021\/06\/Edi\u00e7\u00e3o-1145-de-30-de-Julho-de-2021.pdf\" target=\"_blank\">&gt;&gt;\u00a0 Edi\u00e7\u00e3o 1145 de 30 de Julho de 2021<\/a><\/p>\n<p><a href=\"https:\/\/www.orlandia.sp.gov.br\/novo\/wp-content\/uploads\/2021\/06\/Edi\u00e7\u00e3o-1144-de-29-de-Julho-de-2021-Edi\u00e7\u00e3o-Extraordin\u00e1ria.pdf\" target=\"_blank\">&gt;&gt;\u00a0 Edi\u00e7\u00e3o 1144 de 29 de Julho de 2021 &#8211; Edi\u00e7\u00e3o Extraordin\u00e1ria<\/a><\/p>\n<p><a href=\"https:\/\/www.orlandia.sp.gov.br\/novo\/wp-content\/uploads\/2021\/06\/Edi\u00e7\u00e3o-1143-de-28-de-Julho-de-2021-Edi\u00e7\u00e3o-Extraordin\u00e1ria.pdf\" target=\"_blank\">&gt;&gt;\u00a0 Edi\u00e7\u00e3o 1143 de 28 de Julho de 2021 &#8211; Edi\u00e7\u00e3o Extraordin\u00e1ria<\/a><\/p>\n<p><a href=\"https:\/\/www.orlandia.sp.gov.br\/novo\/wp-content\/uploads\/2021\/06\/Edi\u00e7\u00e3o-1142-de-27-de-Julho-de-2021.pdf\" target=\"_blank\">&gt;&gt;\u00a0 Edi\u00e7\u00e3o 1142 de 27 de Julho de 2021<\/a><\/p>\n<p><a href=\"https:\/\/www.orlandia.sp.gov.br\/novo\/wp-content\/uploads\/2021\/06\/Edi\u00e7\u00e3o-1141-de-26-de-Julho-de-2021-Edi\u00e7\u00e3o-Extraordin\u00e1ria.pdf\" target=\"_blank\">&gt;&gt;\u00a0 Edi\u00e7\u00e3o 1141 de 26 de Julho de 2021 &#8211; Edi\u00e7\u00e3o Extraordin\u00e1ria<\/a><\/p>\n<p><a href=\"https:\/\/www.orlandia.sp.gov.br\/novo\/wp-content\/uploads\/2021\/06\/Edi\u00e7\u00e3o-1140-de-23-de-Julho-de-2021.pdf\" target=\"_blank\">&gt;&gt;\u00a0 Edi\u00e7\u00e3o 1140 de 23 de Julho de 2021<\/a><\/p>\n<p><a href=\"https:\/\/www.orlandia.sp.gov.br\/novo\/wp-content\/uploads\/2021\/06\/Edi\u00e7\u00e3o-1139-de-22-de-Julho-de-2021-Edi\u00e7\u00e3o-Extraordin\u00e1ria.pdf\" target=\"_blank\">&gt;&gt;\u00a0 Edi\u00e7\u00e3o 1139 de 22 de Julho de 2021 &#8211; Edi\u00e7\u00e3o Extraordin\u00e1ria<\/a><\/p>\n<p><a href=\"https:\/\/www.orlandia.sp.gov.br\/novo\/wp-content\/uploads\/2021\/06\/Edi\u00e7\u00e3o-1138-de-21-de-Julho-de-2021-Edi\u00e7\u00e3o-Extraordin\u00e1ria.pdf\" target=\"_blank\">&gt;&gt;\u00a0 Edi\u00e7\u00e3o 1138 de 21 de Julho de 2021 &#8211; Edi\u00e7\u00e3o Extraordin\u00e1ria<\/a><\/p>\n<p><a href=\"https:\/\/www.orlandia.sp.gov.br\/novo\/wp-content\/uploads\/2021\/06\/Edi\u00e7\u00e3o-1137-de-20-de-Julho-de-2021.pdf\" target=\"_blank\">&gt;&gt;\u00a0 Edi\u00e7\u00e3o 1137 de 20 de Julho de 2021<\/a><\/p>\n<p><a href=\"https:\/\/www.orlandia.sp.gov.br\/novo\/wp-content\/uploads\/2021\/06\/Edi\u00e7\u00e3o-1136-de-19-de-Julho-de-2021-Edi\u00e7\u00e3o-Extraordin\u00e1ria.pdf\" target=\"_blank\">&gt;&gt;\u00a0 Edi\u00e7\u00e3o 1136 de 19 de Julho de 2021 &#8211; Edi\u00e7\u00e3o Extraordin\u00e1ria<\/a><\/p>\n<p><a href=\"https:\/\/www.orlandia.sp.gov.br\/novo\/wp-content\/uploads\/2021\/06\/Edi\u00e7\u00e3o-1135-de-16-de-Julho-de-2021.pdf\" target=\"_blank\">&gt;&gt;\u00a0 Edi\u00e7\u00e3o 1135 de 16 de Julho de 2021<\/a><\/p>\n<p><a href=\"https:\/\/www.orlandia.sp.gov.br\/novo\/wp-content\/uploads\/2021\/06\/Edi\u00e7\u00e3o-1134-de-15-de-Julho-de-2021-Edi\u00e7\u00e3o-Extraordin\u00e1ria.pdf\" target=\"_blank\">&gt;&gt;\u00a0 Edi\u00e7\u00e3o 1134 de 15 de Julho de 2021 &#8211; Edi\u00e7\u00e3o Extraordin\u00e1ria<\/a><\/p>\n<p><a href=\"https:\/\/www.orlandia.sp.gov.br\/novo\/wp-content\/uploads\/2021\/06\/Edi\u00e7\u00e3o-1133-de-14-de-Julho-de-2021-Edi\u00e7\u00e3o-Extraordin\u00e1ria.pdf\" target=\"_blank\">&gt;&gt;\u00a0 Edi\u00e7\u00e3o 1133 de 14 de Julho de 2021 &#8211; Edi\u00e7\u00e3o Extraordin\u00e1ria<\/a><\/p>\n<p><a href=\"https:\/\/www.orlandia.sp.gov.br\/novo\/wp-content\/uploads\/2021\/06\/Edi\u00e7\u00e3o-1132-de-13-de-Julho-de-2021.pdf\" target=\"_blank\">&gt;&gt;\u00a0 Edi\u00e7\u00e3o 1132 de 13 de Julho de 2021<\/a><\/p>\n<p><a href=\"https:\/\/www.orlandia.sp.gov.br\/novo\/wp-content\/uploads\/2021\/06\/Edi\u00e7\u00e3o-1131-de-12-de-Julho-de-2021-Edi\u00e7\u00e3o-Extraordin\u00e1ria.pdf\" target=\"_blank\">&gt;&gt;\u00a0 Edi\u00e7\u00e3o 1131 de 12 de Julho de 2021 &#8211; Edi\u00e7\u00e3o Extraordin\u00e1ria<\/a><\/p>\n<p><a href=\"https:\/\/www.orlandia.sp.gov.br\/novo\/wp-content\/uploads\/2021\/06\/Edi\u00e7\u00e3o-1130-de-08-de-Julho-de-2021-Edi\u00e7\u00e3o-Extraordin\u00e1ria.pdf\" target=\"_blank\">&gt;&gt;\u00a0 Edi\u00e7\u00e3o 1130 de 08 de Julho de 2021 &#8211; Edi\u00e7\u00e3o Extraordin\u00e1ria<\/a><\/p>\n<p><a href=\"https:\/\/www.orlandia.sp.gov.br\/novo\/wp-content\/uploads\/2021\/06\/Edi\u00e7\u00e3o-1129-de-07-de-Julho-de-2021-Edi\u00e7\u00e3o-Extraordin\u00e1ria.pdf\" target=\"_blank\">&gt;&gt;\u00a0 Edi\u00e7\u00e3o 1129 de 07 de Julho de 2021 &#8211; Edi\u00e7\u00e3o Extraordin\u00e1ria<\/a><\/p>\n<p><a href=\"https:\/\/www.orlandia.sp.gov.br\/novo\/wp-content\/uploads\/2021\/06\/Edi\u00e7\u00e3o-1128-de-06-de-Julho-de-2021.pdf\" target=\"_blank\">&gt;&gt;\u00a0 Edi\u00e7\u00e3o 1128 de 06 de Julho de 2021<\/a><\/p>\n<p><a href=\"https:\/\/www.orlandia.sp.gov.br\/novo\/wp-content\/uploads\/2021\/06\/Edi\u00e7\u00e3o-1127-de-05-de-Julho-de-2021-Edi\u00e7\u00e3o-Extraordin\u00e1ria.pdf\" target=\"_blank\">&gt;&gt;\u00a0 Edi\u00e7\u00e3o 1127 de 05 de Julho de 2021 &#8211; Edi\u00e7\u00e3o Extraordin\u00e1ria<\/a><\/p>\n<p><a href=\"https:\/\/www.orlandia.sp.gov.br\/novo\/wp-content\/uploads\/2021\/06\/Edi\u00e7\u00e3o-1126-de-02-de-Julho-de-2021.pdf\" target=\"_blank\">&gt;&gt;\u00a0 Edi\u00e7\u00e3o 1126 de 02 de Julho de 2021<\/a><\/p>\n<p><a href=\"https:\/\/www.orlandia.sp.gov.br\/novo\/wp-content\/uploads\/2021\/06\/Edi\u00e7\u00e3o-1125-de-01-de-Julho-de-2021-Edi\u00e7\u00e3o-Extraordin\u00e1ria.pdf\" target=\"_blank\">&gt;&gt;\u00a0 Edi\u00e7\u00e3o 1125 de 01 de Julho de 2021 &#8211; Edi\u00e7\u00e3o Extraordin\u00e1ria<\/a><\/p>\n","protected":false},"excerpt":{"rendered":"<p>&gt;&gt;\u00a0 Edi\u00e7\u00e3o 1145 de 30 de Julho de 2021 &gt;&gt;\u00a0 Edi\u00e7\u00e3o 1144 de 29 de Julho de 2021 &#8211; Edi\u00e7\u00e3o<\/p>\n","protected":false},"author":1,"featured_media":0,"parent":0,"menu_order":0,"comment_status":"closed","ping_status":"closed","template":"","meta":{"ngg_post_thumbnail":0,"footnotes":""},"magazineBlocksPostFeaturedMedia":{"thumbnail":false,"medium":false,"medium_large":false,"large":false,"1536x1536":false,"2048x2048":false,"colormag-highlighted-post":false,"colormag-featured-post-medium":false,"colormag-featured-post-small":false,"colormag-featured-image":false,"colormag-default-news":false,"colormag-featured-image-large":false},"magazineBlocksPostAuthor":{"name":"admin","avatar":"https:\/\/secure.gravatar.com\/avatar\/5140b312f1bcbe8516bfaa79917f11b3?s=96&d=mm&r=g"},"magazineBlocksPostCommentsNumber":false,"magazineBlocksPostExcerpt":"&gt;&gt;\u00a0 Edi\u00e7\u00e3o 1145 de 30 de Julho de 2021 &gt;&gt;\u00a0 Edi\u00e7\u00e3o 1144 de 29 de Julho de 2021 &#8211; Edi\u00e7\u00e3o","magazineBlocksPostCategories":[],"_links":{"self":[{"href":"https:\/\/www.orlandia.sp.gov.br\/novo\/wp-json\/wp\/v2\/pages\/19268"}],"collection":[{"href":"https:\/\/www.orlandia.sp.gov.br\/novo\/wp-json\/wp\/v2\/pages"}],"about":[{"href":"https:\/\/www.orlandia.sp.gov.br\/novo\/wp-json\/wp\/v2\/types\/page"}],"author":[{"embeddable":true,"href":"https:\/\/www.orlandia.sp.gov.br\/novo\/wp-json\/wp\/v2\/users\/1"}],"replies":[{"embeddable":true,"href":"https:\/\/www.orlandia.sp.gov.br\/novo\/wp-json\/wp\/v2\/comments?post=19268"}],"version-history":[{"count":25,"href":"https:\/\/www.orlandia.sp.gov.br\/novo\/wp-json\/wp\/v2\/pages\/19268\/revisions"}],"predecessor-version":[{"id":19640,"href":"https:\/\/www.orlandia.sp.gov.br\/novo\/wp-json\/wp\/v2\/pages\/19268\/revisions\/19640"}],"wp:attachment":[{"href":"https:\/\/www.orlandia.sp.gov.br\/novo\/wp-json\/wp\/v2\/media?parent=19268"}],"curies":[{"name":"wp","href":"https:\/\/api.w.org\/{rel}","templated":true}]}}