{"id":18637,"date":"2021-05-10T17:22:14","date_gmt":"2021-05-10T20:22:14","guid":{"rendered":"https:\/\/www.orlandia.sp.gov.br\/novo\/?page_id=18637"},"modified":"2021-05-10T17:22:14","modified_gmt":"2021-05-10T20:22:14","slug":"acessibilidade","status":"publish","type":"page","link":"https:\/\/www.orlandia.sp.gov.br\/novo\/acessibilidade","title":{"rendered":"Acessibilidade"},"content":{"rendered":"<p>Nosso site procura seguir as diretrizes do e-MAG (Modelo de Acessibilidade em Governo Eletr\u00f4nico), conforme as normas do Governo Federal, em obedi\u00eancia ao Decreto 5.296, de 2.12.2004.<\/p>\n<p>O termo acessibilidade significa incluir a pessoa com defici\u00eancia na participa\u00e7\u00e3o de atividades como o uso de produtos, servi\u00e7os e informa\u00e7\u00f5es.<\/p>\n<p>Do lado lateral disponibilizamos um \u00edcone para acesso as fun\u00e7\u00f5es de acessibilidade. Estas fun\u00e7\u00f5es est\u00e3o dispon\u00edveis em todas as p\u00e1ginas do site.<\/p>\n<h5><strong>EM QUALQUER P\u00c1GINA INTERNA DO SITE, OS ATALHOS PADR\u00d5ES S\u00c3O:<\/strong><\/h5>\n<div class=\"bold_ubun texto_up size12\">\n<ul>\n<li><strong>TECLANDO-SE ALT + 1:&nbsp;POSICIONA O CURSOR NO CONTE\u00daDO PRINCIPAL DA P\u00c1GINA.<\/strong><\/li>\n<li><strong>TECLANDO-SE ALT + 2:&nbsp;POSICIONA O CURSOR NO MENU&nbsp;PRINCIPAL DA P\u00c1GINA.<\/strong><\/li>\n<li><strong>TECLANDO-SE ALT + 3:&nbsp;POSICIONA O CURSOR NA BUSCA DO SITE.<\/strong><\/li>\n<li><strong>TECLANDO-SE ALT + 4:&nbsp;POSICIONA O CURSOR NO RODAP\u00c9&nbsp;DO SITE.<\/strong><\/li>\n<li><strong>TECLANDO-SE ALT + 5: APLICA\/REMOVE O CONTRASTE NA P\u00c1GINA.<\/strong><\/li>\n<li><strong>TECLANDO-SE ALT + 6: DIRECIONA PARA A P\u00c1GINA DE ACESSIBILIDADE.<\/strong><\/li>\n<\/ul>\n<\/div>\n<p>Esses atalhos valem para o navegador Chrome, mas existem algumas varia\u00e7\u00f5es para outros navegadores.<\/p>\n<p>Ao final desse texto, voc\u00ea poder\u00e1 baixar alguns arquivos que explicam melhor o termo acessibilidade e como deve ser implementado nos sites da Internet.<\/p>\n<h5 class=\"bold_ubun size18\">LEIS E DECRETOS SOBRE ACESSIBILIDADE:<\/h5>\n<ul>\n<li><a href=\"https:\/\/www.planalto.gov.br\/ccivil_03\/_Ato2004-2006\/2004\/Decreto\/D5296.htm\" target=\"_self\">Decreto n\u00ba 5.296 de 02 de dezembro de 2004&nbsp;<\/a>(link externo)<\/li>\n<li><a href=\"https:\/\/www.planalto.gov.br\/ccivil_03\/_ato2007-2010\/2009\/decreto\/d6949.htm\" target=\"_self\">Decreto n\u00ba 6.949, de 25 de agosto de 2009<\/a>&nbsp;(link externo)&nbsp;\u2013 Promulga a Conven\u00e7\u00e3o Internacional sobre os Direitos das Pessoas com Defici\u00eancia e seu Protocolo Facultativo, assinados em Nova York, em 30 de mar\u00e7o de 2007<\/li>\n<li><a href=\"https:\/\/www.planalto.gov.br\/ccivil_03\/_ato2011-2014\/2012\/Decreto\/D7724.htm\" target=\"_self\">Decreto n\u00ba 7.724, de 16 de Maio de 2012<\/a>&nbsp;(link externo) \u2013 Regulamenta a Lei No 12.527, que disp\u00f5e sobre o acesso a informa\u00e7\u00f5es.<\/li>\n<li><a href=\"https:\/\/www.governoeletronico.gov.br\/acoes-e-projetos\/e-MAG\" target=\"_self\">Modelo de Acessibilidade de Governo Eletr\u00f4nico<\/a>&nbsp;(link externo)<\/li>\n<li><a href=\"https:\/\/www.governoeletronico.gov.br\/biblioteca\/arquivos\/portaria-no-03-de-07-05-2007\" target=\"_self\">Portaria n\u00ba 03, de 07 de Maio de 2007 \u2013 formato .pdf (35,5Kb)<\/a>&nbsp;(link externo) \u2013 Institucionaliza o Modelo de Acessibilidade em Governo Eletr\u00f4nico \u2013 e-MAG<\/li>\n<\/ul>\n<h5 class=\"bold_ubun size18\">LEITORES DE TELA E TECNOLOGIAS ASSISTIVAS GRATUITOS:<\/h5>\n<ul>\n<li>Projeto DOSVOX (<a href=\"https:\/\/intervox.nce.ufrj.br\/dosvox\/\">https:\/\/intervox.nce.ufrj.br\/dosvox\/<\/a>)<\/li>\n<li>Projeto MOTRIX (<a href=\"https:\/\/intervox.nce.ufrj.br\/motrix\/\">https:\/\/intervox.nce.ufrj.br\/motrix\/<\/a>)<\/li>\n<li>VLIBRAS (<a href=\"https:\/\/vlibras.com.br\/\">https:\/\/vlibras.com.br<\/a>)<\/li>\n<li>eMAG (<a href=\"https:\/\/emag.governoeletronico.gov.br\/\">https:\/\/emag.governoeletronico.gov.br<\/a>)<\/li>\n<\/ul>\n","protected":false},"excerpt":{"rendered":"<p>Nosso site procura seguir as diretrizes do e-MAG (Modelo de Acessibilidade em Governo Eletr\u00f4nico), conforme as normas do Governo Federal,<\/p>\n","protected":false},"author":1,"featured_media":0,"parent":0,"menu_order":0,"comment_status":"closed","ping_status":"closed","template":"","meta":{"ngg_post_thumbnail":0,"footnotes":""},"magazineBlocksPostFeaturedMedia":{"thumbnail":false,"medium":false,"medium_large":false,"large":false,"1536x1536":false,"2048x2048":false,"colormag-highlighted-post":false,"colormag-featured-post-medium":false,"colormag-featured-post-small":false,"colormag-featured-image":false,"colormag-default-news":false,"colormag-featured-image-large":false},"magazineBlocksPostAuthor":{"name":"admin","avatar":"https:\/\/secure.gravatar.com\/avatar\/5140b312f1bcbe8516bfaa79917f11b3?s=96&d=mm&r=g"},"magazineBlocksPostCommentsNumber":false,"magazineBlocksPostExcerpt":"Nosso site procura seguir as diretrizes do e-MAG (Modelo de Acessibilidade em Governo Eletr\u00f4nico), conforme as normas do Governo Federal,","magazineBlocksPostCategories":[],"_links":{"self":[{"href":"https:\/\/www.orlandia.sp.gov.br\/novo\/wp-json\/wp\/v2\/pages\/18637"}],"collection":[{"href":"https:\/\/www.orlandia.sp.gov.br\/novo\/wp-json\/wp\/v2\/pages"}],"about":[{"href":"https:\/\/www.orlandia.sp.gov.br\/novo\/wp-json\/wp\/v2\/types\/page"}],"author":[{"embeddable":true,"href":"https:\/\/www.orlandia.sp.gov.br\/novo\/wp-json\/wp\/v2\/users\/1"}],"replies":[{"embeddable":true,"href":"https:\/\/www.orlandia.sp.gov.br\/novo\/wp-json\/wp\/v2\/comments?post=18637"}],"version-history":[{"count":1,"href":"https:\/\/www.orlandia.sp.gov.br\/novo\/wp-json\/wp\/v2\/pages\/18637\/revisions"}],"predecessor-version":[{"id":18638,"href":"https:\/\/www.orlandia.sp.gov.br\/novo\/wp-json\/wp\/v2\/pages\/18637\/revisions\/18638"}],"wp:attachment":[{"href":"https:\/\/www.orlandia.sp.gov.br\/novo\/wp-json\/wp\/v2\/media?parent=18637"}],"curies":[{"name":"wp","href":"https:\/\/api.w.org\/{rel}","templated":true}]}}