{"id":17562,"date":"2021-02-01T13:42:10","date_gmt":"2021-02-01T16:42:10","guid":{"rendered":"https:\/\/www.orlandia.sp.gov.br\/novo\/?page_id=17562"},"modified":"2021-02-26T16:55:14","modified_gmt":"2021-02-26T19:55:14","slug":"jornal-oficial-de-orlandia-fevereiro-de-2021","status":"publish","type":"page","link":"https:\/\/www.orlandia.sp.gov.br\/novo\/jornal-oficial-de-orlandia-fevereiro-de-2021","title":{"rendered":"Jornal Oficial de Orl\u00e2ndia &#8211; Fevereiro de 2021"},"content":{"rendered":"<p><a href=\"https:\/\/www.orlandia.sp.gov.br\/novo\/wp-content\/uploads\/2021\/02\/Edi\u00e7\u00e3o-1045-de-26-de-Fevereiro-de-2021.pdf\" target=\"_blank\">&gt;&gt;\u00a0 Edi\u00e7\u00e3o 1045 de 26 de Fevereiro de 2021<\/a><\/p>\n<p><a href=\"https:\/\/www.orlandia.sp.gov.br\/novo\/wp-content\/uploads\/2021\/02\/Edi\u00e7\u00e3o-1044-de-25-de-Fevereiro-de-2021-Edi\u00e7\u00e3o-Extraordin\u00e1ria.pdf\" target=\"_blank\">&gt;&gt;\u00a0 Edi\u00e7\u00e3o 1044 de 25 de Fevereiro de 2021 &#8211; Edi\u00e7\u00e3o Extraordin\u00e1ria<\/a><\/p>\n<p><a href=\"https:\/\/www.orlandia.sp.gov.br\/novo\/wp-content\/uploads\/2021\/02\/Edi\u00e7\u00e3o-1043-de-24-de-Fevereiro-de-2021-Edi\u00e7\u00e3o-Extraordin\u00e1ria.pdf\" target=\"_blank\">&gt;&gt;\u00a0 Edi\u00e7\u00e3o 1043 de 24 de Fevereiro de 2021 &#8211; Edi\u00e7\u00e3o Extraordin\u00e1ria<\/a><\/p>\n<p><a href=\"https:\/\/www.orlandia.sp.gov.br\/novo\/wp-content\/uploads\/2021\/02\/Edi\u00e7\u00e3o-1042-de-23-de-Fevereiro-de-2021-Edi\u00e7\u00e3o-Extraordin\u00e1ria.pdf\" target=\"_blank\">&gt;&gt;\u00a0 Edi\u00e7\u00e3o 1042 de 23 de Fevereiro de 2021 &#8211; Edi\u00e7\u00e3o Extraordin\u00e1ria<\/a><\/p>\n<p><a href=\"https:\/\/www.orlandia.sp.gov.br\/novo\/wp-content\/uploads\/2021\/02\/Edi\u00e7\u00e3o-1041-de-23-de-Fevereiro-de-2021.pdf\" target=\"_blank\">&gt;&gt;\u00a0 Edi\u00e7\u00e3o 1041 de 23 de Fevereiro de 2021<\/a><\/p>\n<p><a href=\"https:\/\/www.orlandia.sp.gov.br\/novo\/wp-content\/uploads\/2021\/02\/Edi\u00e7\u00e3o-1040-de-19-de-Fevereiro-de-2021.pdf\" target=\"_blank\">&gt;&gt;\u00a0 Edi\u00e7\u00e3o 1040 de 19 de Fevereiro de 2021<\/a><\/p>\n<p><a href=\"https:\/\/www.orlandia.sp.gov.br\/novo\/wp-content\/uploads\/2021\/02\/Edi\u00e7\u00e3o-1039-de-18-de-Fevereiro-de-2021-Edi\u00e7\u00e3o-Extraordin\u00e1ria.pdf\" target=\"_blank\">&gt;&gt;\u00a0 Edi\u00e7\u00e3o 1039 de 18 de Fevereiro de 2021 &#8211; Edi\u00e7\u00e3o Extraordin\u00e1ria<\/a><\/p>\n<p><a href=\"https:\/\/www.orlandia.sp.gov.br\/novo\/wp-content\/uploads\/2021\/02\/Edi\u00e7\u00e3o-1038-de-17-de-Fevereiro-de-2021-Edi\u00e7\u00e3o-Extraordin\u00e1ria.pdf\" target=\"_blank\">&gt;&gt;\u00a0 Edi\u00e7\u00e3o 1038 de 17 de Fevereiro de 2021 &#8211; Edi\u00e7\u00e3o Extraordin\u00e1ria<\/a><\/p>\n<p>&gt;&gt;\u00a0 <a href=\"https:\/\/www.orlandia.sp.gov.br\/novo\/wp-content\/uploads\/2021\/02\/Edi\u00e7\u00e3o-1037-de-12-de-Fevereiro-de-2021.pdf\" target=\"_blank\">Edi\u00e7\u00e3o-1037-de-12-de-Fevereiro-de-2021<\/a><\/p>\n<p><a href=\"https:\/\/www.orlandia.sp.gov.br\/novo\/wp-content\/uploads\/2021\/02\/Edi\u00e7\u00e3o-1036-de-11-de-Fevereiro-de-2021-Edi\u00e7\u00e3o-Extraordin\u00e1ria.pdf\" target=\"_blank\">&gt;&gt;\u00a0 Edi\u00e7\u00e3o 1036 de 11 de Fevereiro de 2021 &#8211; Edi\u00e7\u00e3o Extraordin\u00e1ria<\/a><\/p>\n<p><a href=\"https:\/\/www.orlandia.sp.gov.br\/novo\/wp-content\/uploads\/2021\/02\/Edi\u00e7\u00e3o-1035-de-10-de-Fevereiro-de-2021-Edi\u00e7\u00e3o-Extraordin\u00e1ria.pdf\" target=\"_blank\">&gt;&gt;\u00a0 Edi\u00e7\u00e3o 1035 de 10 de Fevereiro de 2021 &#8211; Edi\u00e7\u00e3o Extraordin\u00e1ria<\/a><\/p>\n<p><a href=\"https:\/\/www.orlandia.sp.gov.br\/novo\/wp-content\/uploads\/2021\/02\/Edi\u00e7\u00e3o-1034-de-09-de-Fevereiro-de-2021.pdf\" target=\"_blank\">&gt;&gt;\u00a0 Edi\u00e7\u00e3o 1034 de 09 de Fevereiro de 2021<\/a><\/p>\n<p><a href=\"https:\/\/www.orlandia.sp.gov.br\/novo\/wp-content\/uploads\/2021\/02\/Edi\u00e7\u00e3o-1033-de-08-de-Fevereiro-de-2021-Edi\u00e7\u00e3o-Extraordin\u00e1ria.pdf\" target=\"_blank\">&gt;&gt;\u00a0 Edi\u00e7\u00e3o 1033 de 08 de Fevereiro de 2021 &#8211; Edi\u00e7\u00e3o Extraordin\u00e1ria<\/a><\/p>\n<p><a href=\"https:\/\/www.orlandia.sp.gov.br\/novo\/wp-content\/uploads\/2021\/02\/Edi\u00e7\u00e3o-1032-de-05-de-Fevereiro-de-2021.pdf\" target=\"_blank\">&gt;&gt;\u00a0 Edi\u00e7\u00e3o 1032 de 05 de Fevereiro de 2021<\/a><\/p>\n<p><a href=\"https:\/\/www.orlandia.sp.gov.br\/novo\/wp-content\/uploads\/2021\/02\/Edi\u00e7\u00e3o-1031-de-04-de-Fevereiro-de-2021-Edi\u00e7\u00e3o-Extraordin\u00e1ria.pdf\" target=\"_blank\">&gt;&gt;\u00a0 Edi\u00e7\u00e3o 1031 de 04 de Fevereiro de 2021 &#8211; Edi\u00e7\u00e3o Extraordin\u00e1ria<\/a><\/p>\n<p><a href=\"https:\/\/www.orlandia.sp.gov.br\/novo\/wp-content\/uploads\/2021\/02\/Edi\u00e7\u00e3o-1030-de-03-de-Fevereiro-de-2021-Edi\u00e7\u00e3o-Extraordin\u00e1ria.pdf\" target=\"_blank\">&gt;&gt;\u00a0 Edi\u00e7\u00e3o 1030 de 03 de Fevereiro de 2021 &#8211; Edi\u00e7\u00e3o Extraordin\u00e1ria<\/a><\/p>\n<p><a href=\"https:\/\/www.orlandia.sp.gov.br\/novo\/wp-content\/uploads\/2021\/02\/Edi\u00e7\u00e3o-1029-de-02-de-Fevereiro-de-2021.pdf\" target=\"_blank\">&gt;&gt;\u00a0 Edi\u00e7\u00e3o 1029 de 02 de Fevereiro de 2021<\/a><\/p>\n<p><a href=\"https:\/\/www.orlandia.sp.gov.br\/novo\/wp-content\/uploads\/2021\/02\/Edi\u00e7\u00e3o-1028-de-01-de-Fevereiro-de-2021-Edi\u00e7\u00e3o-Extraordin\u00e1ria.pdf\" target=\"_blank\">&gt;&gt;\u00a0 Edi\u00e7\u00e3o 1028 de 01 de Fevereiro de 2021 &#8211; Edi\u00e7\u00e3o Extraordin\u00e1ria<\/a><\/p>\n","protected":false},"excerpt":{"rendered":"<p>&gt;&gt;\u00a0 Edi\u00e7\u00e3o 1045 de 26 de Fevereiro de 2021 &gt;&gt;\u00a0 Edi\u00e7\u00e3o 1044 de 25 de Fevereiro de 2021 &#8211; Edi\u00e7\u00e3o<\/p>\n","protected":false},"author":1,"featured_media":0,"parent":0,"menu_order":0,"comment_status":"closed","ping_status":"closed","template":"","meta":{"ngg_post_thumbnail":0,"footnotes":""},"magazineBlocksPostFeaturedMedia":{"thumbnail":false,"medium":false,"medium_large":false,"large":false,"1536x1536":false,"2048x2048":false,"colormag-highlighted-post":false,"colormag-featured-post-medium":false,"colormag-featured-post-small":false,"colormag-featured-image":false,"colormag-default-news":false,"colormag-featured-image-large":false},"magazineBlocksPostAuthor":{"name":"admin","avatar":"https:\/\/secure.gravatar.com\/avatar\/5140b312f1bcbe8516bfaa79917f11b3?s=96&d=mm&r=g"},"magazineBlocksPostCommentsNumber":false,"magazineBlocksPostExcerpt":"&gt;&gt;\u00a0 Edi\u00e7\u00e3o 1045 de 26 de Fevereiro de 2021 &gt;&gt;\u00a0 Edi\u00e7\u00e3o 1044 de 25 de Fevereiro de 2021 &#8211; Edi\u00e7\u00e3o","magazineBlocksPostCategories":[],"_links":{"self":[{"href":"https:\/\/www.orlandia.sp.gov.br\/novo\/wp-json\/wp\/v2\/pages\/17562"}],"collection":[{"href":"https:\/\/www.orlandia.sp.gov.br\/novo\/wp-json\/wp\/v2\/pages"}],"about":[{"href":"https:\/\/www.orlandia.sp.gov.br\/novo\/wp-json\/wp\/v2\/types\/page"}],"author":[{"embeddable":true,"href":"https:\/\/www.orlandia.sp.gov.br\/novo\/wp-json\/wp\/v2\/users\/1"}],"replies":[{"embeddable":true,"href":"https:\/\/www.orlandia.sp.gov.br\/novo\/wp-json\/wp\/v2\/comments?post=17562"}],"version-history":[{"count":20,"href":"https:\/\/www.orlandia.sp.gov.br\/novo\/wp-json\/wp\/v2\/pages\/17562\/revisions"}],"predecessor-version":[{"id":17955,"href":"https:\/\/www.orlandia.sp.gov.br\/novo\/wp-json\/wp\/v2\/pages\/17562\/revisions\/17955"}],"wp:attachment":[{"href":"https:\/\/www.orlandia.sp.gov.br\/novo\/wp-json\/wp\/v2\/media?parent=17562"}],"curies":[{"name":"wp","href":"https:\/\/api.w.org\/{rel}","templated":true}]}}