{"id":17289,"date":"2021-01-04T14:36:24","date_gmt":"2021-01-04T17:36:24","guid":{"rendered":"https:\/\/www.orlandia.sp.gov.br\/novo\/?page_id=17289"},"modified":"2021-01-29T17:09:31","modified_gmt":"2021-01-29T20:09:31","slug":"jornal-oficial-de-orlandia-janeiro-de-2021","status":"publish","type":"page","link":"https:\/\/www.orlandia.sp.gov.br\/novo\/jornal-oficial-de-orlandia-janeiro-de-2021","title":{"rendered":"Jornal Oficial de Orl\u00e2ndia &#8211; Janeiro de 2021"},"content":{"rendered":"<p><a href=\"https:\/\/www.orlandia.sp.gov.br\/novo\/wp-content\/uploads\/2021\/01\/Edi\u00e7\u00e3o-1027-de-29-de-Janeiro-de-2021.pdf\" target=\"_blank\">&gt;&gt;\u00a0 Edi\u00e7\u00e3o 1027 de 29 de Janeiro de 2021<\/a><\/p>\n<p><a href=\"https:\/\/www.orlandia.sp.gov.br\/novo\/wp-content\/uploads\/2021\/01\/Edi\u00e7\u00e3o-1026-de-28-de-Janeiro-de-2021-Edi\u00e7\u00e3o-Extraordin\u00e1ria.pdf\" target=\"_blank\">&gt;&gt;\u00a0 Edi\u00e7\u00e3o 1026 de 28 de Janeiro de 2021 &#8211; Edi\u00e7\u00e3o Extraordin\u00e1ria<\/a><\/p>\n<p><a href=\"https:\/\/www.orlandia.sp.gov.br\/novo\/wp-content\/uploads\/2021\/01\/Edi\u00e7\u00e3o-1025-de-27-de-Janeiro-de-2021-Edi\u00e7\u00e3o-Extraordin\u00e1ria.pdf\" target=\"_blank\">&gt;&gt; Edi\u00e7\u00e3o 1025 de 27 de Janeiro de 2021 &#8211; Edi\u00e7\u00e3o Extraordin\u00e1ria<\/a><\/p>\n<p><a href=\"https:\/\/www.orlandia.sp.gov.br\/novo\/wp-content\/uploads\/2021\/01\/Edi\u00e7\u00e3o-1024-de-26-de-Janeiro-de-2021-Edi\u00e7\u00e3o-Extraordin\u00e1ria.pdf\" target=\"_blank\">&gt;&gt;\u00a0 Edi\u00e7\u00e3o 1024 de 26 de Janeiro de 2021 &#8211; Edi\u00e7\u00e3o Extraordin\u00e1ria<\/a><\/p>\n<p><a href=\"https:\/\/www.orlandia.sp.gov.br\/novo\/wp-content\/uploads\/2021\/01\/Edi\u00e7\u00e3o-1023-de-26-de-Janeiro-de-2021.pdf\" target=\"_blank\">&gt;&gt;\u00a0 Edi\u00e7\u00e3o 1023 de 26 de Janeiro de 2021<\/a><\/p>\n<p><a href=\"https:\/\/www.orlandia.sp.gov.br\/novo\/wp-content\/uploads\/2021\/01\/Edi\u00e7\u00e3o-1022-de-25-de-Janeiro-de-2021-Edi\u00e7\u00e3o-Extraordin\u00e1ria.pdf\" target=\"_blank\">&gt;&gt;\u00a0 Edi\u00e7\u00e3o 1022 de 25 de Janeiro de 2021 &#8211; Edi\u00e7\u00e3o Extraordin\u00e1ria<\/a><\/p>\n<p><a href=\"https:\/\/www.orlandia.sp.gov.br\/novo\/wp-content\/uploads\/2021\/01\/Edi\u00e7\u00e3o-1021-de-22-de-Janeiro-de-2021.pdf\" target=\"_blank\">&gt;&gt;\u00a0 Edi\u00e7\u00e3o 1021 de 22 de Janeiro de 2021<\/a><\/p>\n<p><a href=\"https:\/\/www.orlandia.sp.gov.br\/novo\/wp-content\/uploads\/2021\/01\/Edi\u00e7\u00e3o-1020-de-21-de-Janeiro-de-2021-Edi\u00e7\u00e3o-Extraordin\u00e1ria.pdf\" target=\"_blank\">&gt;&gt;\u00a0 Edi\u00e7\u00e3o 1020 de 21 de Janeiro de 2021 &#8211; Edi\u00e7\u00e3o Extraordin\u00e1ria<\/a><\/p>\n<p><a href=\"https:\/\/www.orlandia.sp.gov.br\/novo\/wp-content\/uploads\/2021\/01\/Edi\u00e7\u00e3o-1019-de-20-de-Janeiro-de-2021-Edi\u00e7\u00e3o-Extraordin\u00e1ria.pdf\" target=\"_blank\">&gt;&gt;\u00a0 Edi\u00e7\u00e3o 1019 de 20 de Janeiro de 2021 &#8211; Edi\u00e7\u00e3o Extraordin\u00e1ria<\/a><\/p>\n<p><a href=\"https:\/\/www.orlandia.sp.gov.br\/novo\/wp-content\/uploads\/2021\/01\/Edi\u00e7\u00e3o-1018-de-19-de-Janeiro-de-2021.pdf\" target=\"_blank\">&gt;&gt;\u00a0 Edi\u00e7\u00e3o 1018 de 19 de Janeiro de 2021<\/a><\/p>\n<p><a href=\"https:\/\/www.orlandia.sp.gov.br\/novo\/wp-content\/uploads\/2021\/01\/Edi\u00e7\u00e3o-1017-de-18-de-Janeiro-de-2021-Edi\u00e7\u00e3o-Extraordin\u00e1ria.pdf\" target=\"_blank\">&gt;&gt;\u00a0 Edi\u00e7\u00e3o 1017 de 18 de Janeiro de 2021 &#8211; Edi\u00e7\u00e3o Extraordin\u00e1ria<\/a><\/p>\n<p><a href=\"https:\/\/www.orlandia.sp.gov.br\/novo\/wp-content\/uploads\/2021\/01\/Edi\u00e7\u00e3o-1016-de-15-de-Janeiro-de-2021.pdf\" target=\"_blank\">&gt;&gt;\u00a0 Edi\u00e7\u00e3o 1016 de 15 de Janeiro de 2021<\/a><\/p>\n<p><a href=\"https:\/\/www.orlandia.sp.gov.br\/novo\/wp-content\/uploads\/2021\/01\/Edi\u00e7\u00e3o-1015-de-14-de-Janeiro-de-2021-Edi\u00e7\u00e3o-Extraordin\u00e1ria.pdf\" target=\"_blank\">&gt;&gt;\u00a0 Edi\u00e7\u00e3o 1015 de 14 de Janeiro de 2021 &#8211; Edi\u00e7\u00e3o Extraordin\u00e1ria<\/a><\/p>\n<p><a href=\"https:\/\/www.orlandia.sp.gov.br\/novo\/wp-content\/uploads\/2021\/01\/Edi\u00e7\u00e3o-1014-de-13-de-Janeiro-de-2021-Edi\u00e7\u00e3o-Extraordin\u00e1ria.pdf\" target=\"_blank\">&gt;&gt;\u00a0 Edi\u00e7\u00e3o 1014 de 13 de Janeiro de 2021 &#8211; Edi\u00e7\u00e3o Extraordin\u00e1ria<\/a><\/p>\n<p><a href=\"https:\/\/www.orlandia.sp.gov.br\/novo\/wp-content\/uploads\/2021\/01\/Edi\u00e7\u00e3o-1013-de-12-de-Janeiro-de-2021.pdf\" target=\"_blank\">&gt;&gt;\u00a0 Edi\u00e7\u00e3o 1013 de 12 de Janeiro de 2021<\/a><\/p>\n<p><a href=\"https:\/\/www.orlandia.sp.gov.br\/novo\/wp-content\/uploads\/2021\/01\/Edi\u00e7\u00e3o-1012-de-11-de-Janeiro-de-2021-Edi\u00e7\u00e3o-Extraordin\u00e1ria.pdf\" target=\"_blank\">&gt;&gt;\u00a0 Edi\u00e7\u00e3o 1012 de 11 de Janeiro de 2021 &#8211; Edi\u00e7\u00e3o Extraordin\u00e1ria<\/a><\/p>\n<p><a href=\"https:\/\/www.orlandia.sp.gov.br\/novo\/wp-content\/uploads\/2021\/01\/Edi\u00e7\u00e3o-1011-de-08-de-Janeiro-de-2021-Edi\u00e7\u00e3o-Extraordin\u00e1ria.pdf\" target=\"_blank\">&gt;&gt;\u00a0 Edi\u00e7\u00e3o 1011 de 08 de Janeiro de 2021 &#8211; Edi\u00e7\u00e3o Extraordin\u00e1ria<\/a><\/p>\n<p><a href=\"https:\/\/www.orlandia.sp.gov.br\/novo\/wp-content\/uploads\/2021\/01\/Edi\u00e7\u00e3o-1010-de-08-de-Janeiro-de-2021.pdf\" target=\"_blank\">&gt;&gt;\u00a0 Edi\u00e7\u00e3o 1010 de 08 de Janeiro de 2021<\/a><\/p>\n<p><a href=\"https:\/\/www.orlandia.sp.gov.br\/novo\/wp-content\/uploads\/2021\/01\/Edi\u00e7\u00e3o-1009-de-07-de-Janeiro-de-2021-Edi\u00e7\u00e3o-Extraordin\u00e1ria.pdf\" target=\"_blank\">&gt;&gt;\u00a0 Edi\u00e7\u00e3o 1009 de 07 de Janeiro de 2021 &#8211; Edi\u00e7\u00e3o Extraordin\u00e1ria<\/a><\/p>\n<p><a href=\"https:\/\/www.orlandia.sp.gov.br\/novo\/wp-content\/uploads\/2021\/01\/Edi\u00e7\u00e3o-1008-de-06-de-Janeiro-de-2021-Edi\u00e7\u00e3o-Extraordin\u00e1ria.pdf\" target=\"_blank\">&gt;&gt;\u00a0 Edi\u00e7\u00e3o 1008 de 06 de Janeiro de 2021 &#8211; Edi\u00e7\u00e3o Extraordin\u00e1ria<\/a><\/p>\n<p><a href=\"https:\/\/www.orlandia.sp.gov.br\/novo\/wp-content\/uploads\/2021\/01\/Edi\u00e7\u00e3o-1007-de-05-de-Janeiro-de-2021.pdf\" target=\"_blank\">&gt;&gt;\u00a0 Edi\u00e7\u00e3o 1007 de 05 de Janeiro de 2021<\/a><\/p>\n<p><a href=\"https:\/\/www.orlandia.sp.gov.br\/novo\/wp-content\/uploads\/2021\/01\/Edi\u00e7\u00e3o-1006-de-04-de-Janeiro-de-2021-Edi\u00e7\u00e3o-Extraordin\u00e1ria.pdf\" target=\"_blank\">&gt;&gt;\u00a0 Edi\u00e7\u00e3o 1006 de 04 de Janeiro de 2021 &#8211; Edi\u00e7\u00e3o Extraordin\u00e1ria<\/a><\/p>\n","protected":false},"excerpt":{"rendered":"<p>&gt;&gt;\u00a0 Edi\u00e7\u00e3o 1027 de 29 de Janeiro de 2021 &gt;&gt;\u00a0 Edi\u00e7\u00e3o 1026 de 28 de Janeiro de 2021 &#8211; Edi\u00e7\u00e3o<\/p>\n","protected":false},"author":1,"featured_media":0,"parent":0,"menu_order":0,"comment_status":"closed","ping_status":"closed","template":"","meta":{"ngg_post_thumbnail":0,"footnotes":""},"magazineBlocksPostFeaturedMedia":{"thumbnail":false,"medium":false,"medium_large":false,"large":false,"1536x1536":false,"2048x2048":false,"colormag-highlighted-post":false,"colormag-featured-post-medium":false,"colormag-featured-post-small":false,"colormag-featured-image":false,"colormag-default-news":false,"colormag-featured-image-large":false},"magazineBlocksPostAuthor":{"name":"admin","avatar":"https:\/\/secure.gravatar.com\/avatar\/5140b312f1bcbe8516bfaa79917f11b3?s=96&d=mm&r=g"},"magazineBlocksPostCommentsNumber":false,"magazineBlocksPostExcerpt":"&gt;&gt;\u00a0 Edi\u00e7\u00e3o 1027 de 29 de Janeiro de 2021 &gt;&gt;\u00a0 Edi\u00e7\u00e3o 1026 de 28 de Janeiro de 2021 &#8211; Edi\u00e7\u00e3o","magazineBlocksPostCategories":[],"_links":{"self":[{"href":"https:\/\/www.orlandia.sp.gov.br\/novo\/wp-json\/wp\/v2\/pages\/17289"}],"collection":[{"href":"https:\/\/www.orlandia.sp.gov.br\/novo\/wp-json\/wp\/v2\/pages"}],"about":[{"href":"https:\/\/www.orlandia.sp.gov.br\/novo\/wp-json\/wp\/v2\/types\/page"}],"author":[{"embeddable":true,"href":"https:\/\/www.orlandia.sp.gov.br\/novo\/wp-json\/wp\/v2\/users\/1"}],"replies":[{"embeddable":true,"href":"https:\/\/www.orlandia.sp.gov.br\/novo\/wp-json\/wp\/v2\/comments?post=17289"}],"version-history":[{"count":29,"href":"https:\/\/www.orlandia.sp.gov.br\/novo\/wp-json\/wp\/v2\/pages\/17289\/revisions"}],"predecessor-version":[{"id":17557,"href":"https:\/\/www.orlandia.sp.gov.br\/novo\/wp-json\/wp\/v2\/pages\/17289\/revisions\/17557"}],"wp:attachment":[{"href":"https:\/\/www.orlandia.sp.gov.br\/novo\/wp-json\/wp\/v2\/media?parent=17289"}],"curies":[{"name":"wp","href":"https:\/\/api.w.org\/{rel}","templated":true}]}}