{"id":16759,"date":"2020-09-30T17:22:59","date_gmt":"2020-09-30T20:22:59","guid":{"rendered":"https:\/\/www.orlandia.sp.gov.br\/novo\/?page_id=16759"},"modified":"2020-10-29T16:53:54","modified_gmt":"2020-10-29T19:53:54","slug":"jornal-oficial-de-orlandia-outubro-de-2020","status":"publish","type":"page","link":"https:\/\/www.orlandia.sp.gov.br\/novo\/jornal-oficial-de-orlandia-outubro-de-2020","title":{"rendered":"Jornal Oficial de Orl\u00e2ndia &#8211; Outubro de 2020"},"content":{"rendered":"<p><a href=\"https:\/\/www.orlandia.sp.gov.br\/novo\/wp-content\/uploads\/2020\/09\/Edi\u00e7\u00e3o-964-de-29-de-Outubro-de-2020-Edi\u00e7\u00e3o-Extraordin\u00e1ria.pdf\" target=\"_blank\">&gt;&gt;\u00a0 Edi\u00e7\u00e3o 964 de 29 de Outubro de 2020 &#8211; Edi\u00e7\u00e3o Extraordin\u00e1ria<\/a><\/p>\n<p><a href=\"https:\/\/www.orlandia.sp.gov.br\/novo\/wp-content\/uploads\/2020\/09\/Edi\u00e7\u00e3o-963-de-27-de-Outubro-de-2020.pdf\" target=\"_blank\">&gt;&gt;\u00a0 Edi\u00e7\u00e3o 963 de 27 de Outubro de 2020<\/a><\/p>\n<p><a href=\"https:\/\/www.orlandia.sp.gov.br\/novo\/wp-content\/uploads\/2020\/09\/Edi\u00e7\u00e3o-962-de-26-de-Outubro-de-2020-Edi\u00e7\u00e3o-Extraordin\u00e1ria.pdf\" target=\"_blank\">&gt;&gt;\u00a0 Edi\u00e7\u00e3o 962 de 26 de Outubro de 2020 &#8211; Edi\u00e7\u00e3o Extraordin\u00e1ria<\/a><\/p>\n<p><a href=\"https:\/\/www.orlandia.sp.gov.br\/novo\/wp-content\/uploads\/2020\/09\/Edi\u00e7\u00e3o-961-de-23-de-Outubro-de-2020.pdf\" target=\"_blank\">&gt;&gt;\u00a0 Edi\u00e7\u00e3o 961 de 23 de Outubro de 2020<\/a><\/p>\n<p><a href=\"https:\/\/www.orlandia.sp.gov.br\/novo\/wp-content\/uploads\/2020\/09\/Edi\u00e7\u00e3o-960-de-22-de-Outubro-de-2020-Edi\u00e7\u00e3o-Extraordin\u00e1ria.pdf\" target=\"_blank\">&gt;&gt;\u00a0 Edi\u00e7\u00e3o 960 de 22 de Outubro de 2020 &#8211; Edi\u00e7\u00e3o Extraordin\u00e1ria<\/a><\/p>\n<p><a href=\"https:\/\/www.orlandia.sp.gov.br\/novo\/wp-content\/uploads\/2020\/09\/Edi\u00e7\u00e3o-959-de-21-de-Outubro-de-2020-Edi\u00e7\u00e3o-Extraordin\u00e1ria.pdf\" target=\"_blank\">&gt;&gt;\u00a0 Edi\u00e7\u00e3o 959 de 21 de Outubro de 2020 &#8211; Edi\u00e7\u00e3o Extraordin\u00e1ria<\/a><\/p>\n<p><a href=\"https:\/\/www.orlandia.sp.gov.br\/novo\/wp-content\/uploads\/2020\/09\/Edi\u00e7\u00e3o-958-de-20-de-Outubro-de-2020.pdf\" target=\"_blank\">&gt;&gt;\u00a0 Edi\u00e7\u00e3o 958 de 20 de Outubro de 2020<\/a><\/p>\n<p><a href=\"https:\/\/www.orlandia.sp.gov.br\/novo\/wp-content\/uploads\/2020\/09\/Edi\u00e7\u00e3o-957-de-16-de-Outubro-de-2020.pdf\" target=\"_blank\">&gt;&gt;\u00a0 Edi\u00e7\u00e3o 957 de 16 de Outubro de 2020<\/a><\/p>\n<p><a href=\"https:\/\/www.orlandia.sp.gov.br\/novo\/wp-content\/uploads\/2020\/09\/Edi\u00e7\u00e3o-956-de-14-de-Outubro-de-2020-Edi\u00e7\u00e3o-Extraordin\u00e1ria.pdf\" target=\"_blank\">&gt;&gt;\u00a0 Edi\u00e7\u00e3o 956 de 14 de Outubro de 2020 &#8211; Edi\u00e7\u00e3o Extraordin\u00e1ria<\/a><\/p>\n<p><a href=\"https:\/\/www.orlandia.sp.gov.br\/novo\/wp-content\/uploads\/2020\/09\/Edi\u00e7\u00e3o-955-de-13-de-Outubro-de-2020.pdf\" target=\"_blank\">&gt;&gt;\u00a0 Edi\u00e7\u00e3o 955 de 13 de Outubro de 2020<\/a><\/p>\n<p><a href=\"https:\/\/www.orlandia.sp.gov.br\/novo\/wp-content\/uploads\/2020\/09\/Edi\u00e7\u00e3o-954-de-09-de-Outubro-de-2020.pdf\" target=\"_blank\">&gt;&gt;\u00a0 Edi\u00e7\u00e3o 954 de 09 de Outubro de 2020<\/a><\/p>\n<p><a href=\"https:\/\/www.orlandia.sp.gov.br\/novo\/wp-content\/uploads\/2020\/09\/Edi\u00e7\u00e3o-953-de-08-de-Outubro-de-2020-Edi\u00e7\u00e3o-Extraordin\u00e1ria.pdf\" target=\"_blank\">&gt;&gt;\u00a0 Edi\u00e7\u00e3o 953 de 08 de Outubro de 2020 &#8211; Edi\u00e7\u00e3o Extraordin\u00e1ria<\/a><\/p>\n<p><a href=\"https:\/\/www.orlandia.sp.gov.br\/novo\/wp-content\/uploads\/2020\/09\/Edi\u00e7\u00e3o-952-de-07-de-Outubro-de-2020-Edi\u00e7\u00e3o-Extraordin\u00e1ria.pdf\" target=\"_blank\">&gt;&gt;\u00a0 Edi\u00e7\u00e3o 952 de 07 de Outubro de 2020 &#8211; Edi\u00e7\u00e3o Extraordin\u00e1ria<\/a><\/p>\n<p><a href=\"https:\/\/www.orlandia.sp.gov.br\/novo\/wp-content\/uploads\/2020\/09\/Edi\u00e7\u00e3o-951-de-06-de-Outubro-de-2020.pdf\" target=\"_blank\">&gt;&gt;\u00a0 Edi\u00e7\u00e3o 951 de 06 de Outubro de 2020<\/a><\/p>\n<p><a href=\"https:\/\/www.orlandia.sp.gov.br\/novo\/wp-content\/uploads\/2020\/09\/Edi\u00e7\u00e3o-950-de-05-de-Outubro-de-2020-Edi\u00e7\u00e3o-Extraordin\u00e1ria.pdf\" target=\"_blank\">&gt;&gt;\u00a0 Edi\u00e7\u00e3o 950 de 05 de Outubro de 2020 &#8211; Edi\u00e7\u00e3o Extraordin\u00e1ria<\/a><\/p>\n<p><a href=\"https:\/\/www.orlandia.sp.gov.br\/novo\/wp-content\/uploads\/2020\/09\/Edi\u00e7\u00e3o-949-de-02-de-Outubro-de-2020.pdf\" target=\"_blank\">&gt;&gt;\u00a0 Edi\u00e7\u00e3o 949 de 02 de Outubro de 2020<\/a><\/p>\n<p><a href=\"https:\/\/www.orlandia.sp.gov.br\/novo\/wp-content\/uploads\/2020\/09\/Edi\u00e7\u00e3o-948-de-01-de-Outubro-de-2020-Edi\u00e7\u00e3o-Extraordin\u00e1ria.pdf\" target=\"_blank\">&gt;&gt;\u00a0 Edi\u00e7\u00e3o 948 de 01 de Outubro de 2020 &#8211; Edi\u00e7\u00e3o Extraordin\u00e1ria<\/a><\/p>\n","protected":false},"excerpt":{"rendered":"<p>&gt;&gt;\u00a0 Edi\u00e7\u00e3o 964 de 29 de Outubro de 2020 &#8211; Edi\u00e7\u00e3o Extraordin\u00e1ria &gt;&gt;\u00a0 Edi\u00e7\u00e3o 963 de 27 de Outubro de<\/p>\n","protected":false},"author":1,"featured_media":0,"parent":0,"menu_order":0,"comment_status":"closed","ping_status":"closed","template":"","meta":{"ngg_post_thumbnail":0,"footnotes":""},"magazineBlocksPostFeaturedMedia":{"thumbnail":false,"medium":false,"medium_large":false,"large":false,"1536x1536":false,"2048x2048":false,"colormag-highlighted-post":false,"colormag-featured-post-medium":false,"colormag-featured-post-small":false,"colormag-featured-image":false,"colormag-default-news":false,"colormag-featured-image-large":false},"magazineBlocksPostAuthor":{"name":"admin","avatar":"https:\/\/secure.gravatar.com\/avatar\/5140b312f1bcbe8516bfaa79917f11b3?s=96&d=mm&r=g"},"magazineBlocksPostCommentsNumber":false,"magazineBlocksPostExcerpt":"&gt;&gt;\u00a0 Edi\u00e7\u00e3o 964 de 29 de Outubro de 2020 &#8211; Edi\u00e7\u00e3o Extraordin\u00e1ria &gt;&gt;\u00a0 Edi\u00e7\u00e3o 963 de 27 de Outubro de","magazineBlocksPostCategories":[],"_links":{"self":[{"href":"https:\/\/www.orlandia.sp.gov.br\/novo\/wp-json\/wp\/v2\/pages\/16759"}],"collection":[{"href":"https:\/\/www.orlandia.sp.gov.br\/novo\/wp-json\/wp\/v2\/pages"}],"about":[{"href":"https:\/\/www.orlandia.sp.gov.br\/novo\/wp-json\/wp\/v2\/types\/page"}],"author":[{"embeddable":true,"href":"https:\/\/www.orlandia.sp.gov.br\/novo\/wp-json\/wp\/v2\/users\/1"}],"replies":[{"embeddable":true,"href":"https:\/\/www.orlandia.sp.gov.br\/novo\/wp-json\/wp\/v2\/comments?post=16759"}],"version-history":[{"count":20,"href":"https:\/\/www.orlandia.sp.gov.br\/novo\/wp-json\/wp\/v2\/pages\/16759\/revisions"}],"predecessor-version":[{"id":16894,"href":"https:\/\/www.orlandia.sp.gov.br\/novo\/wp-json\/wp\/v2\/pages\/16759\/revisions\/16894"}],"wp:attachment":[{"href":"https:\/\/www.orlandia.sp.gov.br\/novo\/wp-json\/wp\/v2\/media?parent=16759"}],"curies":[{"name":"wp","href":"https:\/\/api.w.org\/{rel}","templated":true}]}}