{"id":16440,"date":"2020-08-31T17:01:03","date_gmt":"2020-08-31T20:01:03","guid":{"rendered":"https:\/\/www.orlandia.sp.gov.br\/novo\/?page_id=16440"},"modified":"2020-09-30T17:01:21","modified_gmt":"2020-09-30T20:01:21","slug":"jornal-oficial-de-orlandia-setembro-de-2020","status":"publish","type":"page","link":"https:\/\/www.orlandia.sp.gov.br\/novo\/jornal-oficial-de-orlandia-setembro-de-2020","title":{"rendered":"Jornal Oficial de Orl\u00e2ndia &#8211; Setembro de 2020"},"content":{"rendered":"<p><a href=\"https:\/\/www.orlandia.sp.gov.br\/novo\/wp-content\/uploads\/2020\/08\/Edi\u00e7\u00e3o-947-de-30-de-Setembro-de-2020-Edi\u00e7\u00e3o-Extraordin\u00e1ria.pdf\" target=\"_blank\">&gt;&gt;\u00a0 Edi\u00e7\u00e3o 947 de 30 de Setembro de 2020 &#8211; Edi\u00e7\u00e3o Extraordin\u00e1ria<\/a><\/p>\n<p><a href=\"https:\/\/www.orlandia.sp.gov.br\/novo\/wp-content\/uploads\/2020\/08\/Edi\u00e7\u00e3o-946-de-29-de-Setembro-de-2020.pdf\" target=\"_blank\">&gt;&gt;\u00a0 Edi\u00e7\u00e3o 946 de 29 de Setembro de 2020<\/a><\/p>\n<p><a href=\"https:\/\/www.orlandia.sp.gov.br\/novo\/wp-content\/uploads\/2020\/08\/Edi\u00e7\u00e3o-945-de-28-de-Setembro-de-2020-Edi\u00e7\u00e3o-Extraordin\u00e1ria.pdf\" target=\"_blank\">&gt;&gt;\u00a0 Edi\u00e7\u00e3o 945 de 28 de Setembro de 2020 &#8211; Edi\u00e7\u00e3o Extraordin\u00e1ria<\/a><\/p>\n<p>&gt;&gt;\u00a0<a href=\"https:\/\/www.orlandia.sp.gov.br\/novo\/wp-content\/uploads\/2020\/08\/Edi\u00e7\u00e3o-944-de-25-de-Setembro-de-2020-Edi\u00e7\u00e3o-Extraordin\u00e1ria.pdf\" target=\"_blank\">Edi\u00e7\u00e3o 944 de 25 de Setembro de 2020 &#8211; Edi\u00e7\u00e3o Extraordin\u00e1ria<\/a><\/p>\n<p><a href=\"https:\/\/www.orlandia.sp.gov.br\/novo\/wp-content\/uploads\/2020\/08\/Edi\u00e7\u00e3o-943-de-25-de-Setembro-de-2020.pdf\" target=\"_blank\">&gt;&gt;\u00a0 Edi\u00e7\u00e3o 943 de 25 de Setembro de 2020<\/a><\/p>\n<p><a href=\"https:\/\/www.orlandia.sp.gov.br\/novo\/wp-content\/uploads\/2020\/08\/Edi\u00e7\u00e3o-942-de-24-de-Setembro-de-2020-Edi\u00e7\u00e3o-Extraordin\u00e1ria.pdf\" target=\"_blank\">&gt;&gt; Edi\u00e7\u00e3o 942 de 24 de Setembro de 2020 &#8211; Edi\u00e7\u00e3o Extraordin\u00e1ria<\/a><\/p>\n<p>&gt;&gt;\u00a0<a href=\"https:\/\/www.orlandia.sp.gov.br\/novo\/wp-content\/uploads\/2020\/08\/Edi\u00e7\u00e3o-941-de-23-de-Setembro-de-2020-Edi\u00e7\u00e3o-Extraordin\u00e1ria.pdf\" target=\"_blank\">Edi\u00e7\u00e3o 941 de 23 de Setembro de 2020 &#8211; Edi\u00e7\u00e3o Extraordin\u00e1ria<\/a><\/p>\n<p><a href=\"https:\/\/www.orlandia.sp.gov.br\/novo\/wp-content\/uploads\/2020\/08\/Edi\u00e7\u00e3o-940-de-22-de-Setembro-de-2020.pdf\" target=\"_blank\">&gt;&gt;\u00a0 Edi\u00e7\u00e3o 940 de 22 de Setembro de 2020<\/a><\/p>\n<p><a href=\"https:\/\/www.orlandia.sp.gov.br\/novo\/wp-content\/uploads\/2020\/08\/Edi\u00e7\u00e3o-939-de-18-de-Setembro-de-2020.pdf\" target=\"_blank\">&gt;&gt;\u00a0 Edi\u00e7\u00e3o 939 de 18 de Setembro de 2020<\/a><\/p>\n<p>&gt;&gt;\u00a0<a href=\"https:\/\/www.orlandia.sp.gov.br\/novo\/wp-content\/uploads\/2020\/08\/Edi\u00e7\u00e3o-938-de-16-de-Setembro-de-2020-Edi\u00e7\u00e3o-Extraordin\u00e1ria.pdf\" target=\"_blank\">Edi\u00e7\u00e3o 938 de 16 de Setembro de 2020 &#8211; Edi\u00e7\u00e3o Extraordin\u00e1ria<\/a><\/p>\n<p><a href=\"https:\/\/www.orlandia.sp.gov.br\/novo\/wp-content\/uploads\/2020\/08\/Edi\u00e7\u00e3o-937-de-15-de-Setembro-de-2020-Edi\u00e7\u00e3o-Extraordin\u00e1ria.pdf\" target=\"_blank\">&gt;&gt;\u00a0 Edi\u00e7\u00e3o 937 de 15 de Setembro de 2020 &#8211; Edi\u00e7\u00e3o Extraordin\u00e1ria<\/a><\/p>\n<p><a href=\"https:\/\/www.orlandia.sp.gov.br\/novo\/wp-content\/uploads\/2020\/08\/Edi\u00e7\u00e3o-936-de-15-de-Setembro-de-2020.pdf\" target=\"_blank\">&gt;&gt;\u00a0 Edi\u00e7\u00e3o 936 de 15 de Setembro de 2020<\/a><\/p>\n<p><a href=\"https:\/\/www.orlandia.sp.gov.br\/novo\/wp-content\/uploads\/2020\/08\/Edi\u00e7\u00e3o-935-de-14-de-Setembro-de-2020-Edi\u00e7\u00e3o-Extraordin\u00e1ria.pdf\" target=\"_blank\">&gt;&gt;\u00a0 Edi\u00e7\u00e3o 935 de 14 de Setembro de 2020 &#8211; Edi\u00e7\u00e3o Extraordin\u00e1ria<\/a><\/p>\n<p>&gt;&gt; <a href=\"https:\/\/www.orlandia.sp.gov.br\/novo\/wp-content\/uploads\/2020\/08\/Edi\u00e7\u00e3o-934-de-11-de-Setembro-de-2020-Edi\u00e7\u00e3o-Extraordin\u00e1ria.pdf\" target=\"_blank\">Edi\u00e7\u00e3o 934 de 11 de Setembro de 2020 &#8211; Edi\u00e7\u00e3o Extraordin\u00e1ria<\/a><\/p>\n<p><a href=\"https:\/\/www.orlandia.sp.gov.br\/novo\/wp-content\/uploads\/2020\/08\/Edi\u00e7\u00e3o-933-de-11-de-Setembro-de-2020.pdf\" target=\"_blank\">&gt;&gt; Edi\u00e7\u00e3o 933 de 11 de Setembro de 2020<\/a><\/p>\n<p><a href=\"https:\/\/www.orlandia.sp.gov.br\/novo\/wp-content\/uploads\/2020\/08\/Edi\u00e7\u00e3o-932-de-10-de-Setembro-de-2020-Edi\u00e7\u00e3o-Extraordin\u00e1ria.pdf\" target=\"_blank\">&gt;&gt;\u00a0 Edi\u00e7\u00e3o 932 de 10 de Setembro de 2020 &#8211; Edi\u00e7\u00e3o Extraordin\u00e1ria<\/a><\/p>\n<p><a href=\"https:\/\/www.orlandia.sp.gov.br\/novo\/wp-content\/uploads\/2020\/08\/Edi\u00e7\u00e3o-931-de-09-de-Setembro-de-2020-Edi\u00e7\u00e3o-Extraordin\u00e1ria.pdf\" target=\"_blank\">&gt;&gt;\u00a0 Edi\u00e7\u00e3o 931 de 09 de Setembro de 2020 &#8211; Edi\u00e7\u00e3o Extraordin\u00e1ria<\/a><\/p>\n<p><a href=\"https:\/\/www.orlandia.sp.gov.br\/novo\/wp-content\/uploads\/2020\/08\/Edi\u00e7\u00e3o-930-de-08-de-Setembro-de-2020.pdf\" target=\"_blank\">&gt;&gt;\u00a0 Edi\u00e7\u00e3o 930 de 08 de Setembro de 2020<\/a><\/p>\n<p><a href=\"https:\/\/www.orlandia.sp.gov.br\/novo\/wp-content\/uploads\/2020\/08\/Edi\u00e7\u00e3o-929-de-04-de-Setembro-de-2020.pdf\" target=\"_blank\">&gt;&gt; Edi\u00e7\u00e3o 929 de 04 de Setembro de 2020<\/a><\/p>\n<p><a href=\"https:\/\/www.orlandia.sp.gov.br\/novo\/wp-content\/uploads\/2020\/08\/Edi\u00e7\u00e3o-928-de-03-de-Setembro-de-2020-Edi\u00e7\u00e3o-Extraordin\u00e1ria.pdf\" target=\"_blank\">&gt;&gt; Edi\u00e7\u00e3o 928 de 03 de Setembro de 2020 &#8211; Edi\u00e7\u00e3o Extraordin\u00e1ria<\/a><\/p>\n<p><a href=\"https:\/\/www.orlandia.sp.gov.br\/novo\/wp-content\/uploads\/2020\/08\/Edi\u00e7\u00e3o-927-de-02-de-Setembro-de-2020-Edi\u00e7\u00e3o-Extraordin\u00e1ria.pdf\" target=\"_blank\">&gt;&gt; Edi\u00e7\u00e3o 927 de 02 de Setembro de 2020 &#8211; Edi\u00e7\u00e3o Extraordin\u00e1ria<\/a><\/p>\n<p><a href=\"https:\/\/www.orlandia.sp.gov.br\/novo\/wp-content\/uploads\/2020\/08\/Edi\u00e7\u00e3o-926-de-01-de-Setembro-de-2020.pdf\" target=\"_blank\">&gt;&gt; Edi\u00e7\u00e3o 926 de 01 de Setembro de 2020<\/a><\/p>\n","protected":false},"excerpt":{"rendered":"<p>&gt;&gt;\u00a0 Edi\u00e7\u00e3o 947 de 30 de Setembro de 2020 &#8211; Edi\u00e7\u00e3o Extraordin\u00e1ria &gt;&gt;\u00a0 Edi\u00e7\u00e3o 946 de 29 de Setembro de<\/p>\n","protected":false},"author":1,"featured_media":0,"parent":0,"menu_order":0,"comment_status":"closed","ping_status":"closed","template":"","meta":{"ngg_post_thumbnail":0,"footnotes":""},"magazineBlocksPostFeaturedMedia":{"thumbnail":false,"medium":false,"medium_large":false,"large":false,"1536x1536":false,"2048x2048":false,"colormag-highlighted-post":false,"colormag-featured-post-medium":false,"colormag-featured-post-small":false,"colormag-featured-image":false,"colormag-default-news":false,"colormag-featured-image-large":false},"magazineBlocksPostAuthor":{"name":"admin","avatar":"https:\/\/secure.gravatar.com\/avatar\/5140b312f1bcbe8516bfaa79917f11b3?s=96&d=mm&r=g"},"magazineBlocksPostCommentsNumber":false,"magazineBlocksPostExcerpt":"&gt;&gt;\u00a0 Edi\u00e7\u00e3o 947 de 30 de Setembro de 2020 &#8211; Edi\u00e7\u00e3o Extraordin\u00e1ria &gt;&gt;\u00a0 Edi\u00e7\u00e3o 946 de 29 de Setembro de","magazineBlocksPostCategories":[],"_links":{"self":[{"href":"https:\/\/www.orlandia.sp.gov.br\/novo\/wp-json\/wp\/v2\/pages\/16440"}],"collection":[{"href":"https:\/\/www.orlandia.sp.gov.br\/novo\/wp-json\/wp\/v2\/pages"}],"about":[{"href":"https:\/\/www.orlandia.sp.gov.br\/novo\/wp-json\/wp\/v2\/types\/page"}],"author":[{"embeddable":true,"href":"https:\/\/www.orlandia.sp.gov.br\/novo\/wp-json\/wp\/v2\/users\/1"}],"replies":[{"embeddable":true,"href":"https:\/\/www.orlandia.sp.gov.br\/novo\/wp-json\/wp\/v2\/comments?post=16440"}],"version-history":[{"count":24,"href":"https:\/\/www.orlandia.sp.gov.br\/novo\/wp-json\/wp\/v2\/pages\/16440\/revisions"}],"predecessor-version":[{"id":16756,"href":"https:\/\/www.orlandia.sp.gov.br\/novo\/wp-json\/wp\/v2\/pages\/16440\/revisions\/16756"}],"wp:attachment":[{"href":"https:\/\/www.orlandia.sp.gov.br\/novo\/wp-json\/wp\/v2\/media?parent=16440"}],"curies":[{"name":"wp","href":"https:\/\/api.w.org\/{rel}","templated":true}]}}