{"id":15943,"date":"2020-06-30T17:03:30","date_gmt":"2020-06-30T20:03:30","guid":{"rendered":"https:\/\/www.orlandia.sp.gov.br\/novo\/?page_id=15943"},"modified":"2020-07-31T16:55:39","modified_gmt":"2020-07-31T19:55:39","slug":"jornal-oficial-de-orlandia-julho-de-2020","status":"publish","type":"page","link":"https:\/\/www.orlandia.sp.gov.br\/novo\/jornal-oficial-de-orlandia-julho-de-2020","title":{"rendered":"Jornal Oficial de Orl\u00e2ndia \u2013 Julho de 2020"},"content":{"rendered":"<p><a href=\"https:\/\/www.orlandia.sp.gov.br\/novo\/wp-content\/uploads\/2020\/06\/Edi\u00e7\u00e3o-903-de-31-de-Julho-de-2020.pdf\" target=\"_blank\">&gt;&gt; Edi\u00e7\u00e3o 903 de 31 de Julho de 2020<\/a><\/p>\n<p><a href=\"https:\/\/www.orlandia.sp.gov.br\/novo\/wp-content\/uploads\/2020\/06\/Edi\u00e7\u00e3o-902-de-30-de-Julho-de-2020-Edi\u00e7\u00e3o-Extraordin\u00e1ria.pdf\" target=\"_blank\">&gt;&gt; Edi\u00e7\u00e3o 902 de 30 de Julho de 2020 &#8211; Edi\u00e7\u00e3o Extraordin\u00e1ria<\/a><\/p>\n<p><a href=\"https:\/\/www.orlandia.sp.gov.br\/novo\/wp-content\/uploads\/2020\/06\/Edi\u00e7\u00e3o-901-de-29-de-Julho-de-2020-Edi\u00e7\u00e3o-Extraordin\u00e1ria.pdf\" target=\"_blank\">&gt;&gt; Edi\u00e7\u00e3o 901 de 29 de Julho de 2020 &#8211; Edi\u00e7\u00e3o Extraordin\u00e1ria<\/a><\/p>\n<p><a href=\"https:\/\/www.orlandia.sp.gov.br\/novo\/wp-content\/uploads\/2020\/06\/Edi\u00e7\u00e3o-900-de-28-de-Julho-de-2020.pdf\" target=\"_blank\">&gt;&gt; Edi\u00e7\u00e3o 900 de 28 de Julho de 2020<\/a><\/p>\n<p><a href=\"https:\/\/www.orlandia.sp.gov.br\/novo\/wp-content\/uploads\/2020\/06\/Edi\u00e7\u00e3o-899-de-27-de-Julho-de-2020-Edi\u00e7\u00e3o-Extraordin\u00e1ria.pdf\" target=\"_blank\">&gt;&gt; Edi\u00e7\u00e3o 899 de 27 de Julho de 2020 &#8211; Edi\u00e7\u00e3o Extraordin\u00e1ria<\/a><\/p>\n<p><a href=\"https:\/\/www.orlandia.sp.gov.br\/novo\/wp-content\/uploads\/2020\/06\/Edi\u00e7\u00e3o-898-de-24-de-Julho-de-2020.pdf\" target=\"_blank\">&gt;&gt; Edi\u00e7\u00e3o 898 de 24 de Julho de 2020<\/a><\/p>\n<p><a href=\"https:\/\/www.orlandia.sp.gov.br\/novo\/wp-content\/uploads\/2020\/06\/Edi\u00e7\u00e3o-897-de-23-de-Julho-de-2020-Edi\u00e7\u00e3o-Extraordin\u00e1ria.pdf\" target=\"_blank\">&gt;&gt; Edi\u00e7\u00e3o 897 de 23 de Julho de 2020 &#8211; Edi\u00e7\u00e3o Extraordin\u00e1ria<\/a><\/p>\n<p><a href=\"https:\/\/www.orlandia.sp.gov.br\/novo\/wp-content\/uploads\/2020\/06\/Edi\u00e7\u00e3o-896-de-22-de-Julho-de-2020-Edi\u00e7\u00e3o-Extraordin\u00e1ria.pdf\" target=\"_blank\">&gt;&gt; Edi\u00e7\u00e3o 896 de 22 de Julho de 2020 &#8211; Edi\u00e7\u00e3o Extraordin\u00e1ria<\/a><\/p>\n<p><a href=\"https:\/\/www.orlandia.sp.gov.br\/novo\/wp-content\/uploads\/2020\/06\/Edi\u00e7\u00e3o-895-de-21-de-Julho-de-2020.pdf\" target=\"_blank\">&gt;&gt; Edi\u00e7\u00e3o 895 de 21 de Julho de 2020<\/a><\/p>\n<p><a href=\"https:\/\/www.orlandia.sp.gov.br\/novo\/wp-content\/uploads\/2020\/06\/Edi\u00e7\u00e3o-894-de-20-de-Julho-de-2020-Edi\u00e7\u00e3o-Extraordin\u00e1ria.pdf\" target=\"_blank\">&gt;&gt; Edi\u00e7\u00e3o 894 de 20 de Julho de 2020 &#8211; Edi\u00e7\u00e3o Extraordin\u00e1ria<\/a><\/p>\n<p><a href=\"https:\/\/www.orlandia.sp.gov.br\/novo\/wp-content\/uploads\/2020\/06\/Edi\u00e7\u00e3o-893-de-17-de-Julho-de-2020.pdf\" target=\"_blank\">&gt;&gt; Edi\u00e7\u00e3o 893 de 17 de Julho de 2020<\/a><\/p>\n<p><a href=\"https:\/\/www.orlandia.sp.gov.br\/novo\/wp-content\/uploads\/2020\/06\/Edi\u00e7\u00e3o-892-de-16-de-Julho-de-2020-Edi\u00e7\u00e3o-Extraordin\u00e1ria.pdf\" target=\"_blank\">&gt;&gt; Edi\u00e7\u00e3o 892 de 16 de Julho de 2020 &#8211; Edi\u00e7\u00e3o Extraordin\u00e1ria<\/a><\/p>\n<p><a href=\"https:\/\/www.orlandia.sp.gov.br\/novo\/wp-content\/uploads\/2020\/06\/Edi\u00e7\u00e3o-891-de-15-de-Julho-de-2020-Edi\u00e7\u00e3o-Extraordin\u00e1ria.pdf\" target=\"_blank\">&gt;&gt; Edi\u00e7\u00e3o 891 de 15 de Julho de 2020 &#8211; Edi\u00e7\u00e3o Extraordin\u00e1ria<\/a><\/p>\n<p><a href=\"https:\/\/www.orlandia.sp.gov.br\/novo\/wp-content\/uploads\/2020\/06\/Edi\u00e7\u00e3o-890-de-14-de-Julho-de-2020.pdf\" target=\"_blank\">&gt;&gt; Edi\u00e7\u00e3o 890 de 14 de Julho de 2020<\/a><\/p>\n<p><a href=\"https:\/\/www.orlandia.sp.gov.br\/novo\/wp-content\/uploads\/2020\/06\/Edi\u00e7\u00e3o-889-de-13-de-Julho-de-2020-Edi\u00e7\u00e3o-Extraordin\u00e1ria.pdf\" target=\"_blank\">&gt;&gt; Edi\u00e7\u00e3o 889 de 13 de Julho de 2020 &#8211; Edi\u00e7\u00e3o Extraordin\u00e1ria<\/a><\/p>\n<p><a href=\"https:\/\/www.orlandia.sp.gov.br\/novo\/wp-content\/uploads\/2020\/06\/Edi\u00e7\u00e3o-888-de-10-de-Julho-de-2020.pdf\" target=\"_blank\">&gt;&gt; Edi\u00e7\u00e3o 888 de 10 de Julho de 2020<\/a><\/p>\n<p><a href=\"https:\/\/www.orlandia.sp.gov.br\/novo\/wp-content\/uploads\/2020\/06\/Edi\u00e7\u00e3o-887-de-09-de-Julho-de-2020-Edi\u00e7\u00e3o-Extraordin\u00e1ria.pdf\" target=\"_blank\">&gt;&gt; Edi\u00e7\u00e3o 887 de 09 de Julho de 2020 &#8211; Edi\u00e7\u00e3o Extraordin\u00e1ria<\/a><\/p>\n<p><a href=\"https:\/\/www.orlandia.sp.gov.br\/novo\/wp-content\/uploads\/2020\/06\/Edi\u00e7\u00e3o-886-de-08-de-Julho-de-2020-Edi\u00e7\u00e3o-Extraordin\u00e1ria.pdf\" target=\"_blank\">&gt;&gt; Edi\u00e7\u00e3o 886 de 08 de Julho de 2020 &#8211; Edi\u00e7\u00e3o Extraordin\u00e1ria<\/a><\/p>\n<p><a href=\"https:\/\/www.orlandia.sp.gov.br\/novo\/wp-content\/uploads\/2020\/06\/Edi\u00e7\u00e3o-885-de-07-de-Julho-de-2020.pdf\" target=\"_blank\">&gt;&gt; Edi\u00e7\u00e3o 885 de 07 de Julho de 2020<\/a><\/p>\n<p><a href=\"https:\/\/www.orlandia.sp.gov.br\/novo\/wp-content\/uploads\/2020\/06\/Edi\u00e7\u00e3o-884-de-06-de-Julho-de-2020-Edi\u00e7\u00e3o-Extraordin\u00e1ria.pdf\" target=\"_blank\">&gt;&gt; Edi\u00e7\u00e3o 884 de 06 de Julho de 2020 &#8211; Edi\u00e7\u00e3o Extraordin\u00e1ria<\/a><\/p>\n<p><a href=\"https:\/\/www.orlandia.sp.gov.br\/novo\/wp-content\/uploads\/2020\/06\/Edi\u00e7\u00e3o-883-de-03-de-Julho-de-2020.pdf\" target=\"_blank\">&gt;&gt; Edi\u00e7\u00e3o 883 de 03 de Julho de 2020<\/a><\/p>\n<p><a href=\"https:\/\/www.orlandia.sp.gov.br\/novo\/wp-content\/uploads\/2020\/06\/Edi\u00e7\u00e3o-882-de-02-de-Julho-de-2020-Edi\u00e7\u00e3o-Extraordin\u00e1ria.pdf\" target=\"_blank\">&gt;&gt; Edi\u00e7\u00e3o 882 de 02 de Julho de 2020 &#8211; Edi\u00e7\u00e3o Extraordin\u00e1ria<\/a><\/p>\n<p><a href=\"https:\/\/www.orlandia.sp.gov.br\/novo\/wp-content\/uploads\/2020\/06\/Edi\u00e7\u00e3o-881-de-01-de-Julho-de-2020-Edi\u00e7\u00e3o-Extraordin\u00e1ria.pdf\" target=\"_blank\">&gt;&gt; Edi\u00e7\u00e3o 881 de 01 de Julho de 2020 &#8211; Edi\u00e7\u00e3o Extraordin\u00e1ria<\/a><\/p>\n","protected":false},"excerpt":{"rendered":"<p>&gt;&gt; Edi\u00e7\u00e3o 903 de 31 de Julho de 2020 &gt;&gt; Edi\u00e7\u00e3o 902 de 30 de Julho de 2020 &#8211; Edi\u00e7\u00e3o<\/p>\n","protected":false},"author":1,"featured_media":0,"parent":0,"menu_order":0,"comment_status":"closed","ping_status":"closed","template":"","meta":{"ngg_post_thumbnail":0,"footnotes":""},"magazineBlocksPostFeaturedMedia":{"thumbnail":false,"medium":false,"medium_large":false,"large":false,"1536x1536":false,"2048x2048":false,"colormag-highlighted-post":false,"colormag-featured-post-medium":false,"colormag-featured-post-small":false,"colormag-featured-image":false,"colormag-default-news":false,"colormag-featured-image-large":false},"magazineBlocksPostAuthor":{"name":"admin","avatar":"https:\/\/secure.gravatar.com\/avatar\/5140b312f1bcbe8516bfaa79917f11b3?s=96&d=mm&r=g"},"magazineBlocksPostCommentsNumber":false,"magazineBlocksPostExcerpt":"&gt;&gt; Edi\u00e7\u00e3o 903 de 31 de Julho de 2020 &gt;&gt; Edi\u00e7\u00e3o 902 de 30 de Julho de 2020 &#8211; Edi\u00e7\u00e3o","magazineBlocksPostCategories":[],"_links":{"self":[{"href":"https:\/\/www.orlandia.sp.gov.br\/novo\/wp-json\/wp\/v2\/pages\/15943"}],"collection":[{"href":"https:\/\/www.orlandia.sp.gov.br\/novo\/wp-json\/wp\/v2\/pages"}],"about":[{"href":"https:\/\/www.orlandia.sp.gov.br\/novo\/wp-json\/wp\/v2\/types\/page"}],"author":[{"embeddable":true,"href":"https:\/\/www.orlandia.sp.gov.br\/novo\/wp-json\/wp\/v2\/users\/1"}],"replies":[{"embeddable":true,"href":"https:\/\/www.orlandia.sp.gov.br\/novo\/wp-json\/wp\/v2\/comments?post=15943"}],"version-history":[{"count":25,"href":"https:\/\/www.orlandia.sp.gov.br\/novo\/wp-json\/wp\/v2\/pages\/15943\/revisions"}],"predecessor-version":[{"id":16180,"href":"https:\/\/www.orlandia.sp.gov.br\/novo\/wp-json\/wp\/v2\/pages\/15943\/revisions\/16180"}],"wp:attachment":[{"href":"https:\/\/www.orlandia.sp.gov.br\/novo\/wp-json\/wp\/v2\/media?parent=15943"}],"curies":[{"name":"wp","href":"https:\/\/api.w.org\/{rel}","templated":true}]}}