{"id":15621,"date":"2020-05-04T08:47:33","date_gmt":"2020-05-04T11:47:33","guid":{"rendered":"https:\/\/www.orlandia.sp.gov.br\/novo\/?page_id=15621"},"modified":"2020-05-29T17:12:40","modified_gmt":"2020-05-29T20:12:40","slug":"jornal-oficial-de-orlandia-maio-de-2020","status":"publish","type":"page","link":"https:\/\/www.orlandia.sp.gov.br\/novo\/jornal-oficial-de-orlandia-maio-de-2020","title":{"rendered":"Jornal Oficial de Orl\u00e2ndia \u2013 Maio de 2020"},"content":{"rendered":"<p><a href=\"https:\/\/www.orlandia.sp.gov.br\/novo\/wp-content\/uploads\/2020\/05\/Edi\u00e7\u00e3o-860-de-29-de-Maio-de-2020.pdf\" target=\"_blank\">&gt;&gt; Edi\u00e7\u00e3o 860 de 29 de Maio de 2020<\/a><\/p>\n<p><a href=\"https:\/\/www.orlandia.sp.gov.br\/novo\/wp-content\/uploads\/2020\/05\/Edi\u00e7\u00e3o-859-de-28-de-Maio-de-2020-Edi\u00e7\u00e3o-Extraordin\u00e1ria.pdf\" target=\"_blank\">&gt;&gt; Edi\u00e7\u00e3o 859 de 28 de Maio de 2020 &#8211; Edi\u00e7\u00e3o Extraordin\u00e1ria<\/a><\/p>\n<p><a href=\"https:\/\/www.orlandia.sp.gov.br\/novo\/wp-content\/uploads\/2020\/05\/Edi\u00e7\u00e3o-858-de-26-de-Maio-de-2020.pdf\" target=\"_blank\">&gt;&gt; Edi\u00e7\u00e3o 858 de 26 de Maio de 2020<\/a><\/p>\n<p>&gt;&gt; <a href=\"https:\/\/www.orlandia.sp.gov.br\/novo\/wp-content\/uploads\/2020\/05\/Edi\u00e7\u00e3o-857-de-23-de-Maio-de-2020-Edi\u00e7\u00e3o-Extraordin\u00e1ria.pdf\" target=\"_blank\">Edi\u00e7\u00e3o 857 de 23 de Maio de 2020 &#8211; Edi\u00e7\u00e3o Extraordin\u00e1ria<\/a><\/p>\n<p><a href=\"https:\/\/www.orlandia.sp.gov.br\/novo\/wp-content\/uploads\/2020\/05\/Edi\u00e7\u00e3o-856-de-22-de-Maio-de-2020.pdf\" target=\"_blank\">&gt;&gt; Edi\u00e7\u00e3o 856 de 22 de Maio de 2020<\/a><\/p>\n<p><a href=\"https:\/\/www.orlandia.sp.gov.br\/novo\/wp-content\/uploads\/2020\/05\/Edi\u00e7\u00e3o-855-de-21-de-Maio-de-2020-Edi\u00e7\u00e3o-Extraordin\u00e1ria.pdf\" target=\"_blank\">&gt;&gt; Edi\u00e7\u00e3o 855 de 21 de Maio de 2020 &#8211; Edi\u00e7\u00e3o Extraordin\u00e1ria<\/a><\/p>\n<p><a href=\"https:\/\/www.orlandia.sp.gov.br\/novo\/wp-content\/uploads\/2020\/05\/Edi\u00e7\u00e3o-854-de-20-de-Maio-de-2020-Edi\u00e7\u00e3o-Extraordin\u00e1ria.pdf\" target=\"_blank\">&gt;&gt; Edi\u00e7\u00e3o 854 de 20 de Maio de 2020 &#8211; Edi\u00e7\u00e3o Extraordin\u00e1ria<\/a><\/p>\n<p><a href=\"https:\/\/www.orlandia.sp.gov.br\/novo\/wp-content\/uploads\/2020\/05\/Edi\u00e7\u00e3o-853-de-19-de-Maio-de-2020-Edi\u00e7\u00e3o-Extraordin\u00e1ria.pdf\" target=\"_blank\">&gt;&gt; Edi\u00e7\u00e3o 853 de 19 de Maio de 2020<br \/>\n<\/a><\/p>\n<p><a href=\"https:\/\/www.orlandia.sp.gov.br\/novo\/wp-content\/uploads\/2020\/05\/Edi\u00e7\u00e3o-852-de-15-de-Maio-de-2020.pdf\" target=\"_blank\">&gt;&gt; Edi\u00e7\u00e3o 852 de 15 de Maio de 2020<\/a><\/p>\n<p><a href=\"https:\/\/www.orlandia.sp.gov.br\/novo\/wp-content\/uploads\/2020\/05\/Edi\u00e7\u00e3o-851-de-14-de-Maio-de-2020-Edi\u00e7\u00e3o-Extraordin\u00e1ria.pdf\" target=\"_blank\">&gt;&gt; Edi\u00e7\u00e3o 851 de 14 de Maio de 2020 &#8211; Edi\u00e7\u00e3o Extraordin\u00e1ria<\/a><\/p>\n<p><a href=\"https:\/\/www.orlandia.sp.gov.br\/novo\/wp-content\/uploads\/2020\/05\/Edi\u00e7\u00e3o-850-de-12-de-Maio-de-2020.pdf\" target=\"_blank\">&gt;&gt; Edi\u00e7\u00e3o 850 de 12 de Maio de 2020<\/a><\/p>\n<p><a href=\"https:\/\/www.orlandia.sp.gov.br\/novo\/wp-content\/uploads\/2020\/05\/Edi\u00e7\u00e3o-849-de-11-de-Maio-de-2020-Edi\u00e7\u00e3o-Extraordin\u00e1ria.pdf\" target=\"_blank\">&gt;&gt; Edi\u00e7\u00e3o 849 de 11 de Maio de 2020 &#8211; Edi\u00e7\u00e3o Extraordin\u00e1ria<\/a><\/p>\n<p><a href=\"https:\/\/www.orlandia.sp.gov.br\/novo\/wp-content\/uploads\/2020\/05\/Edi\u00e7\u00e3o-848-de-08-de-Maio-de-2020.pdf\" target=\"_blank\">&gt;&gt; Edi\u00e7\u00e3o 848 de 08 de Maio de 2020<\/a><\/p>\n<p><a href=\"https:\/\/www.orlandia.sp.gov.br\/novo\/wp-content\/uploads\/2020\/05\/Edi\u00e7\u00e3o-847-de-07-de-Maio-de-2020-Edi\u00e7\u00e3o-Extraordin\u00e1ria.pdf\" target=\"_blank\">&gt;&gt; Edi\u00e7\u00e3o 847 de 07 de Maio de 2020 &#8211; Edi\u00e7\u00e3o Extraordin\u00e1ria<\/a><\/p>\n<p><a href=\"https:\/\/www.orlandia.sp.gov.br\/novo\/wp-content\/uploads\/2020\/05\/Edi\u00e7\u00e3o-846-de-06-de-Maio-de-2020-Edi\u00e7\u00e3o-Extraordin\u00e1ria.pdf\" target=\"_blank\">&gt;&gt; Edi\u00e7\u00e3o 846 de 06 de Maio de 2020 &#8211; Edi\u00e7\u00e3o Extraordin\u00e1ria<\/a><\/p>\n<p><a href=\"https:\/\/www.orlandia.sp.gov.br\/novo\/wp-content\/uploads\/2020\/05\/Edi\u00e7\u00e3o-845-de-05-de-Maio-de-2020.pdf\" target=\"_blank\">&gt;&gt; Edi\u00e7\u00e3o 845 de 05 de Maio de 2020<\/a><\/p>\n<p>&gt;&gt;<a href=\"https:\/\/www.orlandia.sp.gov.br\/novo\/wp-content\/uploads\/2020\/05\/Edi\u00e7\u00e3o-844-de-04-de-Maio-de-2020-Edi\u00e7\u00e3o-Extraordin\u00e1ria.pdf\" target=\"_blank\">Edi\u00e7\u00e3o 844 de 04 de Maio de 2020 &#8211; Edi\u00e7\u00e3o Extraordin\u00e1ria<\/a><\/p>\n","protected":false},"excerpt":{"rendered":"<p>&gt;&gt; Edi\u00e7\u00e3o 860 de 29 de Maio de 2020 &gt;&gt; Edi\u00e7\u00e3o 859 de 28 de Maio de 2020 &#8211; Edi\u00e7\u00e3o<\/p>\n","protected":false},"author":1,"featured_media":0,"parent":0,"menu_order":0,"comment_status":"closed","ping_status":"closed","template":"","meta":{"ngg_post_thumbnail":0,"footnotes":""},"magazineBlocksPostFeaturedMedia":{"thumbnail":false,"medium":false,"medium_large":false,"large":false,"1536x1536":false,"2048x2048":false,"colormag-highlighted-post":false,"colormag-featured-post-medium":false,"colormag-featured-post-small":false,"colormag-featured-image":false,"colormag-default-news":false,"colormag-featured-image-large":false},"magazineBlocksPostAuthor":{"name":"admin","avatar":"https:\/\/secure.gravatar.com\/avatar\/5140b312f1bcbe8516bfaa79917f11b3?s=96&d=mm&r=g"},"magazineBlocksPostCommentsNumber":false,"magazineBlocksPostExcerpt":"&gt;&gt; Edi\u00e7\u00e3o 860 de 29 de Maio de 2020 &gt;&gt; Edi\u00e7\u00e3o 859 de 28 de Maio de 2020 &#8211; Edi\u00e7\u00e3o","magazineBlocksPostCategories":[],"_links":{"self":[{"href":"https:\/\/www.orlandia.sp.gov.br\/novo\/wp-json\/wp\/v2\/pages\/15621"}],"collection":[{"href":"https:\/\/www.orlandia.sp.gov.br\/novo\/wp-json\/wp\/v2\/pages"}],"about":[{"href":"https:\/\/www.orlandia.sp.gov.br\/novo\/wp-json\/wp\/v2\/types\/page"}],"author":[{"embeddable":true,"href":"https:\/\/www.orlandia.sp.gov.br\/novo\/wp-json\/wp\/v2\/users\/1"}],"replies":[{"embeddable":true,"href":"https:\/\/www.orlandia.sp.gov.br\/novo\/wp-json\/wp\/v2\/comments?post=15621"}],"version-history":[{"count":20,"href":"https:\/\/www.orlandia.sp.gov.br\/novo\/wp-json\/wp\/v2\/pages\/15621\/revisions"}],"predecessor-version":[{"id":15773,"href":"https:\/\/www.orlandia.sp.gov.br\/novo\/wp-json\/wp\/v2\/pages\/15621\/revisions\/15773"}],"wp:attachment":[{"href":"https:\/\/www.orlandia.sp.gov.br\/novo\/wp-json\/wp\/v2\/media?parent=15621"}],"curies":[{"name":"wp","href":"https:\/\/api.w.org\/{rel}","templated":true}]}}