{"id":1510,"date":"2013-10-04T13:42:59","date_gmt":"2013-10-04T16:42:59","guid":{"rendered":"https:\/\/www.orlandia.sp.gov.br\/novo\/?page_id=1510"},"modified":"2014-03-24T11:54:49","modified_gmt":"2014-03-24T14:54:49","slug":"plano-municipal-de-gestao-integrada-de-residuos-solidos","status":"publish","type":"page","link":"https:\/\/www.orlandia.sp.gov.br\/novo\/plano-municipal-de-gestao-integrada-de-residuos-solidos","title":{"rendered":"Plano Municipal de Gest\u00e3o Integrada de Res\u00edduos S\u00f3lidos"},"content":{"rendered":"<p style=\"text-align: justify;\">\u00bb <a href=\"https:\/\/www.orlandia.sp.gov.br\/dados\/plano_municipal_de_residuos_solidos\/pmgirs_vesao3.pdf\" target=\"_blank\"> PMGIRS Vers\u00e3o 3 (PDF)<\/a><\/p>\n<p style=\"text-align: justify;\">\u00bb <a href=\"https:\/\/www.orlandia.sp.gov.br\/dados\/plano_municipal_de_residuos_solidos\/pmgirs_vesao3.docx\" target=\"_blank\"> PMGIRS Vers\u00e3o 3 (DOCX)<\/a><\/p>\n<p style=\"text-align: justify;\">\u00bb <a href=\"https:\/\/www.orlandia.sp.gov.br\/dados\/plano_municipal_de_residuos_solidos\/folha_de_rosto_anexos.docx\" target=\"_blank\"> Folha de Rosto &#8211; Anexos (DOCX)<\/a><\/p>\n<p style=\"text-align: justify;\"><strong>Anexo I &#8211; Plantas<\/strong><\/p>\n<p>\u00bb <a href=\"https:\/\/www.orlandia.sp.gov.br\/dados\/plano_municipal_de_residuos_solidos\/anexos\/anexo1_plantas\/planta01_06_coleta_domiciliar_atual.pdf\" target=\"_blank\"> Planta 01\/06 &#8211; Coleta Domiciliar Atual (PDF)<\/a><\/p>\n<p style=\"text-align: justify;\">\u00bb <a href=\"https:\/\/www.orlandia.sp.gov.br\/dados\/plano_municipal_de_residuos_solidos\/anexos\/anexo1_plantas\/planta01_06_coleta_domiciliar_atual.dwg\" target=\"_blank\"> Planta 01\/06 &#8211; Coleta Domiciliar Atual (DWG)<\/a><\/p>\n<p style=\"text-align: justify;\">\u00bb <a href=\"https:\/\/www.orlandia.sp.gov.br\/dados\/plano_municipal_de_residuos_solidos\/anexos\/anexo1_plantas\/planta02_06_novo_modelo_varricao_coleta_domiciliar.pdf\" target=\"_blank\"> Planta 02\/06 &#8211; Novo Modelo de Varri\u00e7\u00e3o e Coleta Domiciliar (PDF)<\/a><\/p>\n<p style=\"text-align: justify;\">\u00bb <a href=\"https:\/\/www.orlandia.sp.gov.br\/dados\/plano_municipal_de_residuos_solidos\/anexos\/anexo1_plantas\/planta02_06_novo_modelo_varricao_coleta_domiciliar.dwg\" target=\"_blank\"> Planta 02\/06 &#8211; Novo Modelo de Varri\u00e7\u00e3o e Coleta Domiciliar (DWG)<\/a><\/p>\n<p style=\"text-align: justify;\">\u00bb <a href=\"https:\/\/www.orlandia.sp.gov.br\/dados\/plano_municipal_de_residuos_solidos\/anexos\/anexo1_plantas\/planta03_06_setores_gestao_residuos_locacao_ecopontos.pdf\" target=\"_blank\"> Planta 03\/06 &#8211; Setores de Gest\u00e3o de Res\u00edduos e Loca\u00e7\u00e3o de Ecopontos (PDF)<\/a><\/p>\n<p style=\"text-align: justify;\">\u00bb <a href=\"https:\/\/www.orlandia.sp.gov.br\/dados\/plano_municipal_de_residuos_solidos\/anexos\/anexo1_plantas\/planta03_06_setores_gestao_residuos_locacao_ecopontos.dwg\" target=\"_blank\"> Planta 03\/06 &#8211; Setores de Gest\u00e3o de Res\u00edduos e Loca\u00e7\u00e3o de Ecopontos (DWG)<\/a><\/p>\n<p style=\"text-align: justify;\">\u00bb <a href=\"https:\/\/www.orlandia.sp.gov.br\/dados\/plano_municipal_de_residuos_solidos\/anexos\/anexo1_plantas\/planta04_06_alternativas_locacionais_para_disposicao_final.pdf\" target=\"_blank\"> Planta 04\/06 &#8211; Alternativas Locacionais para Disposi\u00e7\u00e3o Final (PDF)<\/a><\/p>\n<p style=\"text-align: justify;\">\u00bb <a href=\"dados\/plano_municipal_de_residuos_solidos\/anexos\/anexo1_plantas\/planta04_06_alternativas_locacionais_para_disposicao_final.dwg\" target=\"_blank\"> Planta 04\/06 &#8211; Alternativas Locacionais para Disposi\u00e7\u00e3o Final (DWG)<\/a><\/p>\n<p style=\"text-align: justify;\">\u00bb <a href=\"https:\/\/www.orlandia.sp.gov.br\/dados\/plano_municipal_de_residuos_solidos\/anexos\/anexo1_plantas\/planta05_06_representacao_possivel_local_para_cgirs.pdf\" target=\"_blank\"> Planta 05\/06 &#8211; Representa\u00e7\u00e3o de Poss\u00edvel Local para CGIRS (PDF)<\/a><\/p>\n<p style=\"text-align: justify;\">\u00bb <a href=\"https:\/\/www.orlandia.sp.gov.br\/dados\/plano_municipal_de_residuos_solidos\/anexos\/anexo1_plantas\/planta05_06_representacao_possivel_local_para_cgirs.dwg\" target=\"_blank\"> Planta 05\/06 &#8211; Representa\u00e7\u00e3o de Poss\u00edvel Local para CGIRS (DWG)<\/a><\/p>\n<p style=\"text-align: justify;\">\u00bb <a href=\"https:\/\/www.orlandia.sp.gov.br\/dados\/plano_municipal_de_residuos_solidos\/anexos\/anexo1_plantas\/planta06_06_usina_reciclaem_rcc.pdf\" target=\"_blank\"> Planta 06\/06 Usina Reciclagem RCC (PDF)<\/a><\/p>\n<p style=\"text-align: justify;\">\u00bb <a href=\"https:\/\/www.orlandia.sp.gov.br\/dados\/plano_municipal_de_residuos_solidos\/anexos\/anexo1_plantas\/planta06_06_usina_reciclaem_rcc.dwg\" target=\"_blank\"> Planta 06\/06 Usina Reciclagem RCC (DWG)<\/a><\/p>\n<p style=\"text-align: justify;\">\u00bb <a href=\"https:\/\/www.orlandia.sp.gov.br\/dados\/plano_municipal_de_residuos_solidos\/anexos\/anexo1_plantas\/sales_de_oliveira26013.pdf\" target=\"_blank\"> Sales de Oliveira 26013 (PDF)<\/a><\/p>\n<p style=\"text-align: justify;\">\u00bb <a href=\"dados\/plano_municipal_de_residuos_solidos\/anexos\/anexo1_plantas\/sao_jose_da_bela_vista26012.pdf\" target=\"_blank\"> S\u00e3o Jos\u00e9 da Bela Vista 26012 (PDF)<\/a><\/p>\n<p style=\"text-align: justify;\">\u00bb <a href=\"https:\/\/www.orlandia.sp.gov.br\/dados\/plano_municipal_de_residuos_solidos\/anexos\/anexo1_plantas\/sao_jose_da_bela_vista.jpg\" target=\"_blank\"> S\u00e3o Jos\u00e9 da Bela Vista (JPG)<\/a><\/p>\n<p style=\"text-align: justify;\">\u00bb <a href=\"https:\/\/www.orlandia.sp.gov.br\/dados\/plano_municipal_de_residuos_solidos\/anexos\/anexo1_plantas\/ampliacao_cooperlol.jpg\" target=\"_blank\"> Amplia\u00e7\u00e3o COOPERLOL (JPG)<\/a><\/p>\n<p style=\"text-align: justify;\">\u00bb <a href=\"https:\/\/www.orlandia.sp.gov.br\/dados\/plano_municipal_de_residuos_solidos\/anexos\/anexo1_plantas\/img1.jpg\" target=\"_blank\"> Imagem1 (JPG)<\/a><\/p>\n<p style=\"text-align: justify;\">\u00bb <a href=\"https:\/\/www.orlandia.sp.gov.br\/dados\/plano_municipal_de_residuos_solidos\/anexos\/anexo1_plantas\/img2.jpg\" target=\"_blank\"> Imagem2 (JPG)<\/a><\/p>\n<p style=\"text-align: justify;\"><strong>Anexo II<\/strong><\/p>\n<p style=\"text-align: justify;\">\u00bb <a href=\"https:\/\/www.orlandia.sp.gov.br\/dados\/plano_municipal_de_residuos_solidos\/anexo2_compilacao_de_dados_e_memorial_de_calculos.xlsx\" target=\"_blank\"> Anexo II &#8211; Compila\u00e7\u00e3o de Dados e Memorial de Calculos.xlsx (XLSX)<\/a><\/p>\n<p style=\"text-align: justify;\"><strong>Anexo III<\/strong><br \/>\n\u00bb <a href=\"https:\/\/www.orlandia.sp.gov.br\/dados\/plano_municipal_de_residuos_solidos\/anexo3_carta_enderecada_ao_orgao_ambiental_cetesb.doc \" target=\"_blank\"> Anexo III &#8211; Carta endere\u00e7ada ao \u00d3rg\u00e3o Ambiental &#8211; CETESB (DOC)<\/a><\/p>\n<p style=\"text-align: justify;\"><strong>Anexo IV<\/strong><br \/>\n\u00bb <a href=\"https:\/\/www.orlandia.sp.gov.br\/dados\/plano_municipal_de_residuos_solidos\/anexo4_relacao_empresas_identificadas_elaboracao_pgrs_sistemas_logistica_reversa.xlsx \" target=\"_blank\"> Anexo IV &#8211; Rela\u00e7\u00e3o das Empresas identificadas para Elabora\u00e7\u00e3o de PGRS e Sistemas de Log\u00edstica Reversa (Somente na Via Eletr\u00f4nica) (XLSX)<\/a><\/p>\n<p style=\"text-align: justify;\"><strong>Anexo V<\/strong><br \/>\n\u00bb <a href=\"https:\/\/www.orlandia.sp.gov.br\/dados\/plano_municipal_de_residuos_solidos\/anexo5_ampliacao_da_cooperativa_de_reciclagem.jpg\" target=\"_blank\"> Anexo V &#8211; Amplia\u00e7\u00e3o da Cooperativa de Reciclagem (JPG)<\/a><\/p>\n<p style=\"text-align: justify;\"><strong>Anexo VI<\/strong><br \/>\n\u00bb <a href=\"https:\/\/www.orlandia.sp.gov.br\/dados\/plano_municipal_de_residuos_solidos\/anexo6_art.pdf\" target=\"_blank\"> Anexo VI &#8211; ART (PDF)<\/a><\/p>\n<p style=\"text-align: justify;\"><strong>Anexo VII<\/strong><br \/>\n\u00bb <a href=\"https:\/\/www.orlandia.sp.gov.br\/dados\/plano_municipal_de_residuos_solidos\/anexo7_decreto4086_de_2011_regulamentacao_da_coleta.pdf\" target=\"_blank\"> Anexo VII &#8211; Decreto 4086 de 2011, Regulamenta\u00e7\u00e3o da Coleta (PDF)<\/a><\/p>\n<p style=\"text-align: justify;\"><strong>Anexo VIII<\/strong><br \/>\n\u00bb <a href=\"https:\/\/www.orlandia.sp.gov.br\/dados\/plano_municipal_de_residuos_solidos\/anexo8_lei5731_de_20_de_dezembro_de_2011.pdf\" target=\"_blank\"> Anexo VIII &#8211; Lei 5731 de 20 de Dezembro de 2011<\/a><\/p>\n<p style=\"text-align: justify;\"><strong>Imagens do Google Earth<\/strong><\/p>\n<p style=\"text-align: justify;\">\u00bb <a href=\"https:\/\/www.orlandia.sp.gov.br\/dados\/plano_municipal_de_residuos_solidos\/anexos\/imagens_gearth\/morro_agudo.jpg\" target=\"_blank\"> Morro Agudo (JPG)<\/a><\/p>\n<p style=\"text-align: justify;\">\u00bb <a href=\"https:\/\/www.orlandia.sp.gov.br\/dados\/plano_municipal_de_residuos_solidos\/anexos\/imagens_gearth\/nuporanga.jpg\" target=\"_blank\"> Nuporanga (JPG)<\/a><\/p>\n<p style=\"text-align: justify;\">\u00bb <a href=\"https:\/\/www.orlandia.sp.gov.br\/dados\/plano_municipal_de_residuos_solidos\/anexos\/imagens_gearth\/orlandia.jpg\" target=\"_blank\"> Orl\u00e2ndia (JPG)<\/a><\/p>\n<p style=\"text-align: justify;\">\u00bb <a href=\"https:\/\/www.orlandia.sp.gov.br\/dados\/plano_municipal_de_residuos_solidos\/anexos\/imagens_gearth\/sao_joaquim_da_barra.jpg\" target=\"_blank\"> S\u00e3o Joaquim da Barra (JPG)<\/a><\/p>\n<p style=\"text-align: justify;\">\u00bb <a href=\"https:\/\/www.orlandia.sp.gov.br\/dados\/plano_municipal_de_residuos_solidos\/anexos\/imagens_gearth\/sao_jose_da_bela_vista.jpg\" target=\"_blank\"> S\u00e3o Jos\u00e9 da Bela Vista (JPG)<\/a><\/p>\n<p style=\"text-align: justify;\">\u00bb <a href=\"https:\/\/www.orlandia.sp.gov.br\/dados\/plano_municipal_de_residuos_solidos\/anexos\/imagens_gearth\/sales_oliveira.jpg\" target=\"_blank\"> Sales Oliveira (JPG)<\/a><\/p>\n","protected":false},"excerpt":{"rendered":"<p>\u00bb PMGIRS Vers\u00e3o 3 (PDF) \u00bb PMGIRS Vers\u00e3o 3 (DOCX) \u00bb Folha de Rosto &#8211; Anexos (DOCX) Anexo I &#8211;<\/p>\n","protected":false},"author":1,"featured_media":0,"parent":0,"menu_order":0,"comment_status":"open","ping_status":"open","template":"","meta":{"ngg_post_thumbnail":0,"footnotes":""},"magazineBlocksPostFeaturedMedia":{"thumbnail":false,"medium":false,"medium_large":false,"large":false,"1536x1536":false,"2048x2048":false,"colormag-highlighted-post":false,"colormag-featured-post-medium":false,"colormag-featured-post-small":false,"colormag-featured-image":false,"colormag-default-news":false,"colormag-featured-image-large":false},"magazineBlocksPostAuthor":{"name":"admin","avatar":"https:\/\/secure.gravatar.com\/avatar\/5140b312f1bcbe8516bfaa79917f11b3?s=96&d=mm&r=g"},"magazineBlocksPostCommentsNumber":false,"magazineBlocksPostExcerpt":"\u00bb PMGIRS Vers\u00e3o 3 (PDF) \u00bb PMGIRS Vers\u00e3o 3 (DOCX) \u00bb Folha de Rosto &#8211; Anexos (DOCX) Anexo I &#8211;","magazineBlocksPostCategories":[],"_links":{"self":[{"href":"https:\/\/www.orlandia.sp.gov.br\/novo\/wp-json\/wp\/v2\/pages\/1510"}],"collection":[{"href":"https:\/\/www.orlandia.sp.gov.br\/novo\/wp-json\/wp\/v2\/pages"}],"about":[{"href":"https:\/\/www.orlandia.sp.gov.br\/novo\/wp-json\/wp\/v2\/types\/page"}],"author":[{"embeddable":true,"href":"https:\/\/www.orlandia.sp.gov.br\/novo\/wp-json\/wp\/v2\/users\/1"}],"replies":[{"embeddable":true,"href":"https:\/\/www.orlandia.sp.gov.br\/novo\/wp-json\/wp\/v2\/comments?post=1510"}],"version-history":[{"count":3,"href":"https:\/\/www.orlandia.sp.gov.br\/novo\/wp-json\/wp\/v2\/pages\/1510\/revisions"}],"predecessor-version":[{"id":3033,"href":"https:\/\/www.orlandia.sp.gov.br\/novo\/wp-json\/wp\/v2\/pages\/1510\/revisions\/3033"}],"wp:attachment":[{"href":"https:\/\/www.orlandia.sp.gov.br\/novo\/wp-json\/wp\/v2\/media?parent=1510"}],"curies":[{"name":"wp","href":"https:\/\/api.w.org\/{rel}","templated":true}]}}