{"id":14899,"date":"2020-01-02T13:51:55","date_gmt":"2020-01-02T16:51:55","guid":{"rendered":"https:\/\/www.orlandia.sp.gov.br\/novo\/?page_id=14899"},"modified":"2020-01-31T17:13:40","modified_gmt":"2020-01-31T20:13:40","slug":"jornal-oficial-de-orlandia-janeiro-de-2020","status":"publish","type":"page","link":"https:\/\/www.orlandia.sp.gov.br\/novo\/jornal-oficial-de-orlandia-janeiro-de-2020","title":{"rendered":"Jornal Oficial de Orl\u00e2ndia &#8211; Janeiro de 2020"},"content":{"rendered":"<p><a href=\"https:\/\/www.orlandia.sp.gov.br\/novo\/wp-content\/uploads\/2020\/01\/Edi\u00e7\u00e3o-787-de-31-de-Janeiro-de-2020.pdf\" target=\"_blank\">&gt;&gt; Edi\u00e7\u00e3o 787 de 31 de Janeiro de 2020<\/a><\/p>\n<p><a href=\"https:\/\/www.orlandia.sp.gov.br\/novo\/wp-content\/uploads\/2020\/01\/Edi\u00e7\u00e3o-786-de-30-de-Janeiro-de-2020-Edi\u00e7\u00e3o-Extraordin\u00e1ria.pdf\" target=\"_blank\">&gt;&gt; Edi\u00e7\u00e3o 786 de 30 de Janeiro de 2020 &#8211; Edi\u00e7\u00e3o Extraordin\u00e1ria<\/a><\/p>\n<p><a href=\"https:\/\/www.orlandia.sp.gov.br\/novo\/wp-content\/uploads\/2020\/01\/Edi\u00e7\u00e3o-785-de-29-de-Janeiro-de-2020-Edi\u00e7\u00e3o-Extraordin\u00e1ria.pdf\" target=\"_blank\">&gt;&gt; Edi\u00e7\u00e3o 785 de 29 de Janeiro de 2020 &#8211; Edi\u00e7\u00e3o Extraordin\u00e1ria<\/a><\/p>\n<p>&gt;&gt;<a href=\"https:\/\/www.orlandia.sp.gov.br\/novo\/wp-content\/uploads\/2020\/01\/Edi\u00e7\u00e3o-784-de-28-de-Janeiro-de-2020-Edi\u00e7\u00e3o-Extraordin\u00e1ria.pdf\" target=\"_blank\">Edi\u00e7\u00e3o 784 de 28 de Janeiro de 2020 &#8211; Edi\u00e7\u00e3o Extraordin\u00e1ria<\/a><\/p>\n<p><a href=\"https:\/\/www.orlandia.sp.gov.br\/novo\/wp-content\/uploads\/2020\/01\/Edi\u00e7\u00e3o-783-de-28-de-Janeiro-de-2020.pdf\" target=\"_blank\">&gt;&gt; Edi\u00e7\u00e3o 783 de 28 de Janeiro de 2020<\/a><\/p>\n<p><a href=\"https:\/\/www.orlandia.sp.gov.br\/novo\/wp-content\/uploads\/2020\/01\/Edi\u00e7\u00e3o-782-de-27-de-Janeiro-de-2020-Edi\u00e7\u00e3o-Extraordin\u00e1ria.pdf\" target=\"_blank\">&gt;&gt; Edi\u00e7\u00e3o 782 de 27 de Janeiro de 2020 &#8211; Edi\u00e7\u00e3o Extraordin\u00e1ria<\/a><\/p>\n<p><a href=\"https:\/\/www.orlandia.sp.gov.br\/novo\/wp-content\/uploads\/2020\/01\/Edi\u00e7\u00e3o-781-de-24-de-Janeiro-de-2020.pdf\" target=\"_blank\">&gt;&gt; Edi\u00e7\u00e3o 781 de 24 de Janeiro de 2020<\/a><\/p>\n<p><a href=\"https:\/\/www.orlandia.sp.gov.br\/novo\/wp-content\/uploads\/2020\/01\/Edi\u00e7\u00e3o-780-de-23-de-Janeiro-de-2020-Edi\u00e7\u00e3o-Extraordin\u00e1ria.pdf\" target=\"_blank\">&gt;&gt; Edi\u00e7\u00e3o 780 de 23 de Janeiro de 2020 &#8211; Edi\u00e7\u00e3o Extraordin\u00e1ria<\/a><\/p>\n<p><a href=\"https:\/\/www.orlandia.sp.gov.br\/novo\/wp-content\/uploads\/2020\/01\/Edi\u00e7\u00e3o-779-de-22-de-Janeiro-de-2020-Edi\u00e7\u00e3o-Extraordin\u00e1ria.pdf\" target=\"_blank\">&gt;&gt; Edi\u00e7\u00e3o 779 de 22 de Janeiro de 2020 &#8211; Edi\u00e7\u00e3o Extraordin\u00e1ria<\/a><\/p>\n<p><a href=\"https:\/\/www.orlandia.sp.gov.br\/novo\/wp-content\/uploads\/2020\/01\/Edi\u00e7\u00e3o-778-de-21-de-Janeiro-de-2020.pdf\" target=\"_blank\">&gt;&gt; Edi\u00e7\u00e3o 778 de 21 de Janeiro de 2020<\/a><\/p>\n<p><a href=\"https:\/\/www.orlandia.sp.gov.br\/novo\/wp-content\/uploads\/2020\/01\/Edi\u00e7\u00e3o-777-de-20-de-Janeiro-de-2020-Edi\u00e7\u00e3o-Extraordin\u00e1ria.pdf\" target=\"_blank\">&gt;&gt; Edi\u00e7\u00e3o 777 de 20 de Janeiro de 2020 &#8211; Edi\u00e7\u00e3o Extraordin\u00e1ria<\/a><\/p>\n<p><a href=\"https:\/\/www.orlandia.sp.gov.br\/novo\/wp-content\/uploads\/2020\/01\/Edi\u00e7\u00e3o-776-de-17-de-Janeiro-de-2020.pdf\" target=\"_blank\">&gt;&gt; Edi\u00e7\u00e3o 776 de 17 de Janeiro de 2020<\/a><\/p>\n<p><a href=\"https:\/\/www.orlandia.sp.gov.br\/novo\/wp-content\/uploads\/2020\/01\/Edi\u00e7\u00e3o-775-de-15-de-Janeiro-de-2020-Edi\u00e7\u00e3o-Extraordin\u00e1ria.pdf\" target=\"_blank\">&gt;&gt; Edi\u00e7\u00e3o 775 de 15 de Janeiro de 2020 &#8211; Edi\u00e7\u00e3o Extraordin\u00e1ria<\/a><\/p>\n<p><a href=\"https:\/\/www.orlandia.sp.gov.br\/novo\/wp-content\/uploads\/2020\/01\/Edi\u00e7\u00e3o-774-de-14-de-Janeiro-de-2020.pdf\" target=\"_blank\">&gt;&gt; Edi\u00e7\u00e3o 774 de 14 de Janeiro de 2020<\/a><\/p>\n<p><a href=\"https:\/\/www.orlandia.sp.gov.br\/novo\/wp-content\/uploads\/2020\/01\/Edi\u00e7\u00e3o-773-de-13-de-Janeiro-de-2020-Edi\u00e7\u00e3o-Extraordin\u00e1ria.pdf\" target=\"_blank\">&gt;&gt; Edi\u00e7\u00e3o 773 de 13 de Janeiro de 2020 &#8211; Edi\u00e7\u00e3o Extraordin\u00e1ria<\/a><\/p>\n<p>&gt;&gt;\u00a0<a href=\"https:\/\/www.orlandia.sp.gov.br\/novo\/wp-content\/uploads\/2020\/01\/Edi\u00e7\u00e3o-772-de-10-de-Janeiro-de-2020.pdf\" target=\"_blank\">Edi\u00e7\u00e3o 772 de 10 de Janeiro de 2020<\/a><\/p>\n<p><a href=\"https:\/\/www.orlandia.sp.gov.br\/novo\/wp-content\/uploads\/2020\/01\/Edi\u00e7\u00e3o-771-de-09-de-Janeiro-de-2020-Edi\u00e7\u00e3o-Extraordin\u00e1ria.pdf\" target=\"_blank\">&gt;&gt; Edi\u00e7\u00e3o 771 de 09 de Janeiro de 2020 &#8211; Edi\u00e7\u00e3o Extraordin\u00e1ria<\/a><\/p>\n<p><a href=\"https:\/\/www.orlandia.sp.gov.br\/novo\/wp-content\/uploads\/2020\/01\/Edi\u00e7\u00e3o-770-de-08-de-Janeiro-de-2020-Edi\u00e7\u00e3o-Extraordin\u00e1ria.pdf\" target=\"_blank\">&gt;&gt; Edi\u00e7\u00e3o 770 de 08 de Janeiro de 2020 &#8211; Edi\u00e7\u00e3o Extraordin\u00e1ria<\/a><\/p>\n<p><a href=\"https:\/\/www.orlandia.sp.gov.br\/novo\/wp-content\/uploads\/2020\/01\/Edi\u00e7\u00e3o-769-de-07-de-Janeiro-de-2020.pdf\" target=\"_blank\">&gt;&gt; Edi\u00e7\u00e3o 769 de 07 de Janeiro de 2020<\/a><\/p>\n<p><a href=\"https:\/\/www.orlandia.sp.gov.br\/novo\/wp-content\/uploads\/2020\/01\/Edi\u00e7\u00e3o-768-de-06-de-Janeiro-de-2020-Edi\u00e7\u00e3o-Extraordin\u00e1ria.pdf\" target=\"_blank\">&gt;&gt; Edi\u00e7\u00e3o 768 de 06 de Janeiro de 2020 &#8211; Edi\u00e7\u00e3o Extraordin\u00e1ria<\/a><\/p>\n<p><a href=\"https:\/\/www.orlandia.sp.gov.br\/novo\/wp-content\/uploads\/2020\/01\/Edi\u00e7\u00e3o-767-de-03-de-Janeiro-de-2020.pdf\" target=\"_blank\">&gt;&gt; Edi\u00e7\u00e3o 767 de 03 de Janeiro de 2020<\/a><\/p>\n<p><a href=\"https:\/\/www.orlandia.sp.gov.br\/novo\/wp-content\/uploads\/2020\/01\/Edi\u00e7\u00e3o-766-de-02-de-Janeiro-de-2020-Edi\u00e7\u00e3o-Extraordin\u00e1ria.pdf\" target=\"_blank\">&gt;&gt; Edi\u00e7\u00e3o 766 de 02 de Janeiro de 2020 &#8211; Edi\u00e7\u00e3o Extraordin\u00e1ria<\/a><\/p>\n","protected":false},"excerpt":{"rendered":"<p>&gt;&gt; Edi\u00e7\u00e3o 787 de 31 de Janeiro de 2020 &gt;&gt; Edi\u00e7\u00e3o 786 de 30 de Janeiro de 2020 &#8211; Edi\u00e7\u00e3o<\/p>\n","protected":false},"author":1,"featured_media":0,"parent":0,"menu_order":0,"comment_status":"closed","ping_status":"closed","template":"","meta":{"ngg_post_thumbnail":0,"footnotes":""},"magazineBlocksPostFeaturedMedia":{"thumbnail":false,"medium":false,"medium_large":false,"large":false,"1536x1536":false,"2048x2048":false,"colormag-highlighted-post":false,"colormag-featured-post-medium":false,"colormag-featured-post-small":false,"colormag-featured-image":false,"colormag-default-news":false,"colormag-featured-image-large":false},"magazineBlocksPostAuthor":{"name":"admin","avatar":"https:\/\/secure.gravatar.com\/avatar\/5140b312f1bcbe8516bfaa79917f11b3?s=96&d=mm&r=g"},"magazineBlocksPostCommentsNumber":false,"magazineBlocksPostExcerpt":"&gt;&gt; Edi\u00e7\u00e3o 787 de 31 de Janeiro de 2020 &gt;&gt; Edi\u00e7\u00e3o 786 de 30 de Janeiro de 2020 &#8211; Edi\u00e7\u00e3o","magazineBlocksPostCategories":[],"_links":{"self":[{"href":"https:\/\/www.orlandia.sp.gov.br\/novo\/wp-json\/wp\/v2\/pages\/14899"}],"collection":[{"href":"https:\/\/www.orlandia.sp.gov.br\/novo\/wp-json\/wp\/v2\/pages"}],"about":[{"href":"https:\/\/www.orlandia.sp.gov.br\/novo\/wp-json\/wp\/v2\/types\/page"}],"author":[{"embeddable":true,"href":"https:\/\/www.orlandia.sp.gov.br\/novo\/wp-json\/wp\/v2\/users\/1"}],"replies":[{"embeddable":true,"href":"https:\/\/www.orlandia.sp.gov.br\/novo\/wp-json\/wp\/v2\/comments?post=14899"}],"version-history":[{"count":28,"href":"https:\/\/www.orlandia.sp.gov.br\/novo\/wp-json\/wp\/v2\/pages\/14899\/revisions"}],"predecessor-version":[{"id":15125,"href":"https:\/\/www.orlandia.sp.gov.br\/novo\/wp-json\/wp\/v2\/pages\/14899\/revisions\/15125"}],"wp:attachment":[{"href":"https:\/\/www.orlandia.sp.gov.br\/novo\/wp-json\/wp\/v2\/media?parent=14899"}],"curies":[{"name":"wp","href":"https:\/\/api.w.org\/{rel}","templated":true}]}}