{"id":1480,"date":"2013-10-04T10:59:11","date_gmt":"2013-10-04T13:59:11","guid":{"rendered":"https:\/\/www.orlandia.sp.gov.br\/novo\/?page_id=1480"},"modified":"2025-12-23T17:27:47","modified_gmt":"2025-12-23T20:27:47","slug":"nota-fiscal-eletronica","status":"publish","type":"page","link":"https:\/\/www.orlandia.sp.gov.br\/novo\/servicos\/nota-fiscal-eletronica","title":{"rendered":"Nota Fiscal Eletr\u00f4nica"},"content":{"rendered":"<p style=\"text-align: justify;\">A Nota Fiscal de Servi\u00e7os Eletr\u00f4nica &#8211; NFS-e \u00e9 o documento fiscal de exist\u00eancia apenas digital que substituiu as tradicionais notas fiscais de servi\u00e7os impressas. A NFS-e, implantada pela Diretoria de Fiscaliza\u00e7\u00e3o e Rendas Tribut\u00e1rias da Secretaria Municipal de Finan\u00e7as, \u00e9 emitida e armazenada eletronicamente em programa de computador da Prefeitura Municipal de Orl\u00e2ndia, com o objetivo de materializar os fatos geradores do ISSQN \u2013 Imposto Sobre Servi\u00e7os de Qualquer Natureza, por meio do registro eletr\u00f4nico das presta\u00e7\u00f5es de servi\u00e7os sujeitas \u00e0 tributa\u00e7\u00e3o do ISSQN.<\/p>\n<p style=\"text-align: justify;\">\u00bb <a href=\"https:\/\/www.orlandia.sp.gov.br\/dados\/notafiscal\/decreto3924.10.pdf\" target=\"_blank\" rel=\"noopener\">Decreto n\u00ba. 3924\/2010<\/a><\/p>\n<p style=\"text-align: justify;\">\u00bb <a href=\"https:\/\/e-gov.betha.com.br\/e-nota\/login.faces?lastUrl=\/selecaodemodulo.faces\" target=\"_blank\" rel=\"noopener\">Acesso a Nota Fiscal Eletr\u00f4nica<\/a><\/p>\n<p style=\"text-align: justify;\">\u00bb <a href=\"https:\/\/e-gov.betha.com.br\/livroeletronico2\" target=\"_blank\" rel=\"noopener\">Acesso a Nova Vers\u00e3o da Escritura\u00e7\u00e3o Eletr\u00f4nica<\/a>&nbsp;<\/p>\n<p style=\"text-align: justify;\">\u00bb <a href=\"https:\/\/www.orlandia.sp.gov.br\/dados\/notafiscal\/anexo2_dec3924.10.doc\" target=\"_blank\" rel=\"noopener\">Termo de Op\u00e7\u00e3o para Emiss\u00e3o de Nota Fiscal Eletr\u00f4nica de Servi\u00e7os &#8211; NFE<\/a><\/p>\n<p style=\"text-align: justify;\">\u00bb <a href=\"https:\/\/www.orlandia.sp.gov.br\/dados\/notafiscal\/anexo4_dec3924.10.doc\" target=\"_blank\" rel=\"noopener\">Requerimento para Solicita\u00e7\u00e3o de Senha<\/a><\/p>\n<p style=\"text-align: justify;\">\u00bb <a href=\"https:\/\/www.orlandia.sp.gov.br\/dados\/notafiscal\/anexo5_dec3924.10.doc\" target=\"_blank\" rel=\"noopener\">Requerimento para Cadastramento de Contador ou Sociedade Cont\u00e1bil<\/a><\/p>\n<p style=\"text-align: justify;\">\u00bb <a href=\"https:\/\/iss.ajuda.betha.cloud\/e-nota-cloud\/ajuda\/outros-conteudos\/web-service\/\" target=\"_blank\" rel=\"noopener\">DPS por Web Service &#8211; Nota Nacional<\/a><\/p>\n","protected":false},"excerpt":{"rendered":"<p>A Nota Fiscal de Servi\u00e7os Eletr\u00f4nica &#8211; NFS-e \u00e9 o documento fiscal de exist\u00eancia apenas digital que substituiu as tradicionais<\/p>\n","protected":false},"author":1,"featured_media":0,"parent":1444,"menu_order":0,"comment_status":"closed","ping_status":"closed","template":"","meta":{"ngg_post_thumbnail":0,"footnotes":""},"magazineBlocksPostFeaturedMedia":{"thumbnail":false,"medium":false,"medium_large":false,"large":false,"1536x1536":false,"2048x2048":false,"colormag-highlighted-post":false,"colormag-featured-post-medium":false,"colormag-featured-post-small":false,"colormag-featured-image":false,"colormag-default-news":false,"colormag-featured-image-large":false},"magazineBlocksPostAuthor":{"name":"admin","avatar":"https:\/\/secure.gravatar.com\/avatar\/5140b312f1bcbe8516bfaa79917f11b3?s=96&d=mm&r=g"},"magazineBlocksPostCommentsNumber":false,"magazineBlocksPostExcerpt":"A Nota Fiscal de Servi\u00e7os Eletr\u00f4nica &#8211; NFS-e \u00e9 o documento fiscal de exist\u00eancia apenas digital que substituiu as tradicionais","magazineBlocksPostCategories":[],"_links":{"self":[{"href":"https:\/\/www.orlandia.sp.gov.br\/novo\/wp-json\/wp\/v2\/pages\/1480"}],"collection":[{"href":"https:\/\/www.orlandia.sp.gov.br\/novo\/wp-json\/wp\/v2\/pages"}],"about":[{"href":"https:\/\/www.orlandia.sp.gov.br\/novo\/wp-json\/wp\/v2\/types\/page"}],"author":[{"embeddable":true,"href":"https:\/\/www.orlandia.sp.gov.br\/novo\/wp-json\/wp\/v2\/users\/1"}],"replies":[{"embeddable":true,"href":"https:\/\/www.orlandia.sp.gov.br\/novo\/wp-json\/wp\/v2\/comments?post=1480"}],"version-history":[{"count":6,"href":"https:\/\/www.orlandia.sp.gov.br\/novo\/wp-json\/wp\/v2\/pages\/1480\/revisions"}],"predecessor-version":[{"id":41164,"href":"https:\/\/www.orlandia.sp.gov.br\/novo\/wp-json\/wp\/v2\/pages\/1480\/revisions\/41164"}],"up":[{"embeddable":true,"href":"https:\/\/www.orlandia.sp.gov.br\/novo\/wp-json\/wp\/v2\/pages\/1444"}],"wp:attachment":[{"href":"https:\/\/www.orlandia.sp.gov.br\/novo\/wp-json\/wp\/v2\/media?parent=1480"}],"curies":[{"name":"wp","href":"https:\/\/api.w.org\/{rel}","templated":true}]}}