{"id":1478,"date":"2013-10-04T10:53:43","date_gmt":"2013-10-04T13:53:43","guid":{"rendered":"https:\/\/www.orlandia.sp.gov.br\/novo\/?page_id=1478"},"modified":"2016-07-12T14:42:28","modified_gmt":"2016-07-12T17:42:28","slug":"links-uteis","status":"publish","type":"page","link":"https:\/\/www.orlandia.sp.gov.br\/novo\/servicos\/links-uteis","title":{"rendered":"Links \u00dateis"},"content":{"rendered":"<p style=\"text-align: justify;\"><b>Documentos<\/b><\/p>\n<p style=\"text-align: justify;\"><a href=\"https:\/\/www.orlandia.sp.gov.br\/dados\/guia_informal1.pdf\" target=\"_blank\">Programas de Investimento do Governo Federal &#8211; Parte 1<\/a><\/p>\n<p style=\"text-align: justify;\"><a href=\"https:\/\/www.orlandia.sp.gov.br\/dados\/guia_informal2.pdf\" target=\"_blank\">Programas de Investimento do Governo Federal &#8211; Parte 2<\/a><\/p>\n<hr \/>\n<p style=\"text-align: justify;\"><b>Auto Cota\u00e7\u00e3o &#8211; Betha<\/b><\/p>\n<p style=\"text-align: justify;\"><a href=\"https:\/\/download.betha.com.br\/downloadarq.jsp?d=Completo-AutoCotacao-2019.exe&amp;t=1&amp;v=2.0.19&amp;s=autocotacao&amp;sis=33&amp;rdn=030215154027\">Completo Auto Cota\u00e7\u00e3o 2019<\/a><\/p>\n<hr \/>\n<p>\u00bb <a href=\"https:\/\/www.al.sp.gov.br\/\" target=\"_blank\">Assembl\u00e9ia Legislativa<\/a><\/p>\n<p>\u00bb <a href=\"https:\/\/www2.camara.gov.br\/\" target=\"_blank\">C\u00e2mara dos Deputados<\/a><\/p>\n<p>\u00bb <a href=\"https:\/\/www.camaraorlandia.sp.gov.br\/\" target=\"_blank\">C\u00e2mara Municipal<\/a><\/p>\n<p>\u00bb <a href=\"https:\/\/www.correios.com.br\/servicos\/cep\/cep_loc_log.cfm\" target=\"_blank\">Consulta de CEP<\/a><\/p>\n<p>\u00bb <a href=\"https:\/\/www.detran.sp.gov.br\" target=\"_blank\">Detran<\/a><\/p>\n<p>\u00bb <a href=\"https:\/\/www.brasil.gov.br\/\" target=\"_blank\">Governo do Brasil<\/a><\/p>\n<p>\u00bb <a href=\"https:\/\/www.saopaulo.sp.gov.br\/\" target=\"_blank\">Governo de S\u00e3o Paulo<\/a><\/p>\n<p>\u00bb <a href=\"https:\/\/www.receita.fazenda.gov.br\/\" target=\"_blank\">Imposto de Renda<\/a><\/p>\n<p>\u00bb <a href=\"https:\/\/www.procon.sp.gov.br\/\" target=\"_blank\">Procon<\/a><\/p>\n<p>\u00bb <a href=\"https:\/\/www.receita.fazenda.gov.br\/\" target=\"_blank\">Receita Federal<\/a><\/p>\n<p>\u00bb <a href=\"https:\/\/www.senado.gov.br\/\" target=\"_blank\">Senado Federal<\/a><\/p>\n<p>\u00bb <a href=\"https:\/\/www.stj.jus.br\/portal_stj\/publicacao\/engine.wsp\" target=\"_blank\">Superior Tribunal de Justi\u00e7a<\/a><\/p>\n<p>\u00bb <a href=\"https:\/\/www.stf.jus.br\/portal\/principal\/principal.asp\" target=\"_blank\">Superior Tribunal Federal<\/a><\/p>\n<p>\u00bb <a href=\"https:\/\/www.tcu.gov.br\/\" target=\"_blank\">Tribunal de Contas da Uni\u00e3o<\/a><\/p>\n<p>\u00bb <a href=\"https:\/\/www.tce.sp.gov.br\/\" target=\"_blank\">Tribunal de Contas de S\u00e3o Paulo<\/a><\/p>\n<p>\u00bb <a href=\"https:\/\/www.tj.sp.gov.br\/\" target=\"_blank\">Tribunal de Justi\u00e7a de S\u00e3o Paulo<\/a><\/p>\n<p>\u00bb <a href=\"https:\/\/www.tj.sp.gov.br\/Servicos\/Licitacao\/\" target=\"_blank\">Tribunal de Justi\u00e7a de S\u00e3o Paulo &#8211; Licita\u00e7\u00f5es<\/a><\/p>\n<p>\u00bb <a href=\"https:\/\/www.tse.gov.br\/\" target=\"_blank\">Tribunal Regional Eleitoral<\/a><\/p>\n<p>\u00bb <a href=\"https:\/\/www.tse.gov.br\/internet\/index.html\" target=\"_blank\">Tribunal Superior Eleitoral<\/a><\/p>\n<h1 style=\"text-align: left;\"><strong>Telefones \u00dateis<\/strong><\/h1>\n<hr style=\"margin-top: -9px;\" \/>\n<hr style=\"margin-top: -17px;\" \/>\n<p style=\"text-align: justify;\">\u00bb<a href=\"https:\/\/www.orlandia.sp.gov.br\/novo\/utilidades-publicas\/telefones-uteis\"> Lista de Telefones \u00dateis<\/a><\/p>\n","protected":false},"excerpt":{"rendered":"<p>Documentos Programas de Investimento do Governo Federal &#8211; Parte 1 Programas de Investimento do Governo Federal &#8211; Parte 2 Auto<\/p>\n","protected":false},"author":1,"featured_media":0,"parent":1444,"menu_order":0,"comment_status":"open","ping_status":"open","template":"","meta":{"ngg_post_thumbnail":0,"footnotes":""},"magazineBlocksPostFeaturedMedia":{"thumbnail":false,"medium":false,"medium_large":false,"large":false,"1536x1536":false,"2048x2048":false,"colormag-highlighted-post":false,"colormag-featured-post-medium":false,"colormag-featured-post-small":false,"colormag-featured-image":false,"colormag-default-news":false,"colormag-featured-image-large":false},"magazineBlocksPostAuthor":{"name":"admin","avatar":"https:\/\/secure.gravatar.com\/avatar\/5140b312f1bcbe8516bfaa79917f11b3?s=96&d=mm&r=g"},"magazineBlocksPostCommentsNumber":false,"magazineBlocksPostExcerpt":"Documentos Programas de Investimento do Governo Federal &#8211; Parte 1 Programas de Investimento do Governo Federal &#8211; Parte 2 Auto","magazineBlocksPostCategories":[],"_links":{"self":[{"href":"https:\/\/www.orlandia.sp.gov.br\/novo\/wp-json\/wp\/v2\/pages\/1478"}],"collection":[{"href":"https:\/\/www.orlandia.sp.gov.br\/novo\/wp-json\/wp\/v2\/pages"}],"about":[{"href":"https:\/\/www.orlandia.sp.gov.br\/novo\/wp-json\/wp\/v2\/types\/page"}],"author":[{"embeddable":true,"href":"https:\/\/www.orlandia.sp.gov.br\/novo\/wp-json\/wp\/v2\/users\/1"}],"replies":[{"embeddable":true,"href":"https:\/\/www.orlandia.sp.gov.br\/novo\/wp-json\/wp\/v2\/comments?post=1478"}],"version-history":[{"count":8,"href":"https:\/\/www.orlandia.sp.gov.br\/novo\/wp-json\/wp\/v2\/pages\/1478\/revisions"}],"predecessor-version":[{"id":8733,"href":"https:\/\/www.orlandia.sp.gov.br\/novo\/wp-json\/wp\/v2\/pages\/1478\/revisions\/8733"}],"up":[{"embeddable":true,"href":"https:\/\/www.orlandia.sp.gov.br\/novo\/wp-json\/wp\/v2\/pages\/1444"}],"wp:attachment":[{"href":"https:\/\/www.orlandia.sp.gov.br\/novo\/wp-json\/wp\/v2\/media?parent=1478"}],"curies":[{"name":"wp","href":"https:\/\/api.w.org\/{rel}","templated":true}]}}