{"id":1476,"date":"2013-10-04T10:52:01","date_gmt":"2013-10-04T13:52:01","guid":{"rendered":"https:\/\/www.orlandia.sp.gov.br\/novo\/?page_id=1476"},"modified":"2021-09-13T10:18:28","modified_gmt":"2021-09-13T13:18:28","slug":"leis","status":"publish","type":"page","link":"https:\/\/www.orlandia.sp.gov.br\/novo\/servicos\/leis","title":{"rendered":"Leis"},"content":{"rendered":"<p style=\"text-align: justify;\">\u00bb <a href=\"https:\/\/www.orlandia.sp.gov.br\/novo\/wp-content\/uploads\/2013\/10\/C\u00f3digo-Tribut\u00e1rio-Municipal-Compliado_05_2021.pdf\" target=\"_blank\">C\u00f3digo Tribut\u00e1rio<\/a><\/p>\n<p style=\"text-align: justify;\">\u00bb <a href=\"https:\/\/www.orlandia.sp.gov.br\/novo\/wp-content\/uploads\/2013\/10\/Estatuto-do-Magist\u00e9rio-P\u00fablico-Municipal-Compilado_05_2021.pdf\" target=\"_blank\">Estatuto do Magist\u00e9rio<\/a><\/p>\n<p style=\"text-align: justify;\">\u00bb <a href=\"https:\/\/www.orlandia.sp.gov.br\/novo\/wp-content\/uploads\/2013\/10\/Estatuto-dos-Funcion\u00e1rios-P\u00fablicos-Municipais_Compilado_05_2021.pdf\" target=\"_blank\">Estatuto do Servidor<\/a><\/p>\n<p style=\"text-align: justify;\">\u00bb <a href=\"https:\/\/www.orlandia.sp.gov.br\/novo\/wp-content\/uploads\/2013\/10\/Lei-Org\u00e2nica-do-Munic\u00edpio-de-Orl\u00e2ndia-Compilado_05_2021.pdf\" target=\"_blank\">Lei Org\u00e2nica<\/a><\/p>\n<p style=\"text-align: justify;\">\u00bb <a href=\"https:\/\/www.orlandia.sp.gov.br\/novo\/wp-content\/uploads\/2013\/10\/Lei-de-Parcelamento-Uso-e-Ocupa\u00e7\u00e3o-do-Solo-Urbano-Compilado_05_2021.pdf\" target=\"_blank\">Lei de Parcelamento<\/a><\/p>\n<p style=\"text-align: justify;\">\u00bb <a href=\"https:\/\/www.orlandia.sp.gov.br\/novo\/wp-content\/uploads\/2013\/10\/C\u00f3digo-de-Posturas-do-Munic\u00edpio-de-Orl\u00e2ndia-Compilado_05_2021.pdf\" target=\"_blank\">C\u00f3digo de Posturas <\/a><\/p>\n<p style=\"text-align: justify;\">\u00bb <a href=\"https:\/\/www.orlandia.sp.gov.br\/novo\/wp-content\/uploads\/2013\/10\/Estrutura-Administrativa-do-Poder-Executivo-Municipal-Compilado_05_2021.pdf\" target=\"_blank\">Estrutura Administrativa<\/a><\/p>\n<p style=\"text-align: justify;\">\u00bb <a href=\"https:\/\/www.orlandia.sp.gov.br\/novo\/wp-content\/uploads\/2013\/10\/RPPS_Orlandiaprev-Compilado_05_2021.pdf\" target=\"_blank\">RPPS_Orlandiaprev&nbsp;<\/a><\/p>\n<p style=\"text-align: justify;\">\u00bb <a href=\"https:\/\/www.orlandia.sp.gov.br\/novo\/wp-content\/uploads\/2013\/10\/06042021152317regimento_interno.pdf\" target=\"_blank\">Regimento Interno<\/a><\/p>\n<p style=\"text-align: justify;\">\u00bb <a href=\"https:\/\/leismunicipais.com.br\/legislacao-municipal\/5122\/leis-de-orlandia\/\">Consulta Legisla\u00e7\u00e3o Municipal<\/a><\/p>\n<p style=\"text-align: justify;\">&nbsp;<\/p>\n","protected":false},"excerpt":{"rendered":"<p>\u00bb C\u00f3digo Tribut\u00e1rio \u00bb Estatuto do Magist\u00e9rio \u00bb Estatuto do Servidor \u00bb Lei Org\u00e2nica \u00bb Lei de Parcelamento \u00bb C\u00f3digo<\/p>\n","protected":false},"author":1,"featured_media":0,"parent":1444,"menu_order":0,"comment_status":"open","ping_status":"open","template":"","meta":{"ngg_post_thumbnail":0,"footnotes":""},"magazineBlocksPostFeaturedMedia":{"thumbnail":false,"medium":false,"medium_large":false,"large":false,"1536x1536":false,"2048x2048":false,"colormag-highlighted-post":false,"colormag-featured-post-medium":false,"colormag-featured-post-small":false,"colormag-featured-image":false,"colormag-default-news":false,"colormag-featured-image-large":false},"magazineBlocksPostAuthor":{"name":"admin","avatar":"https:\/\/secure.gravatar.com\/avatar\/5140b312f1bcbe8516bfaa79917f11b3?s=96&d=mm&r=g"},"magazineBlocksPostCommentsNumber":false,"magazineBlocksPostExcerpt":"\u00bb C\u00f3digo Tribut\u00e1rio \u00bb Estatuto do Magist\u00e9rio \u00bb Estatuto do Servidor \u00bb Lei Org\u00e2nica \u00bb Lei de Parcelamento \u00bb C\u00f3digo","magazineBlocksPostCategories":[],"_links":{"self":[{"href":"https:\/\/www.orlandia.sp.gov.br\/novo\/wp-json\/wp\/v2\/pages\/1476"}],"collection":[{"href":"https:\/\/www.orlandia.sp.gov.br\/novo\/wp-json\/wp\/v2\/pages"}],"about":[{"href":"https:\/\/www.orlandia.sp.gov.br\/novo\/wp-json\/wp\/v2\/types\/page"}],"author":[{"embeddable":true,"href":"https:\/\/www.orlandia.sp.gov.br\/novo\/wp-json\/wp\/v2\/users\/1"}],"replies":[{"embeddable":true,"href":"https:\/\/www.orlandia.sp.gov.br\/novo\/wp-json\/wp\/v2\/comments?post=1476"}],"version-history":[{"count":10,"href":"https:\/\/www.orlandia.sp.gov.br\/novo\/wp-json\/wp\/v2\/pages\/1476\/revisions"}],"predecessor-version":[{"id":20182,"href":"https:\/\/www.orlandia.sp.gov.br\/novo\/wp-json\/wp\/v2\/pages\/1476\/revisions\/20182"}],"up":[{"embeddable":true,"href":"https:\/\/www.orlandia.sp.gov.br\/novo\/wp-json\/wp\/v2\/pages\/1444"}],"wp:attachment":[{"href":"https:\/\/www.orlandia.sp.gov.br\/novo\/wp-json\/wp\/v2\/media?parent=1476"}],"curies":[{"name":"wp","href":"https:\/\/api.w.org\/{rel}","templated":true}]}}