{"id":1466,"date":"2013-10-04T10:07:55","date_gmt":"2013-10-04T13:07:55","guid":{"rendered":"https:\/\/www.orlandia.sp.gov.br\/novo\/?page_id=1466"},"modified":"2024-07-15T10:32:38","modified_gmt":"2024-07-15T13:32:38","slug":"contas-publicas-de-2005","status":"publish","type":"page","link":"https:\/\/www.orlandia.sp.gov.br\/novo\/servicos\/contas-publicas-2\/contas-publicas-de-2005","title":{"rendered":"Contas P\u00fablicas de 2005"},"content":{"rendered":"<div class=\"wpb-content-wrapper\"><p>[vc_row][vc_column][vc_column_text]<\/p>\n<p style=\"text-align: justify;\">Veja os Balancetes e os Balan\u00e7os Anuais da Prefeitura, consulte as licita\u00e7\u00f5es efetuadas pela Prefeitura e obtenha outras informa\u00e7\u00f5es sobre as contas municipais.<\/p>\n<p>[\/vc_column_text][\/vc_column][\/vc_row][vc_row][vc_column][vc_column_text css=&#8221;&#8221;]<\/p>\n<table style=\"width: 100%;\">\n<tbody>\n<tr style=\"height: 85px;\">\n<td style=\"border: 10px #fff solid; background-color: #dfdfdf; font-size: 30px; text-align: center; width: 323px;\"><a style=\"display: block; width: 100%; height: 30px;\" href=\"https:\/\/www.orlandia.sp.gov.br\/novo\/contas-publicas-de-2005-balancos-anuais\">Balan\u00e7os Anuais<\/a><\/td>\n<td style=\"border: 10px #fff solid; background-color: #dfdfdf; font-size: 30px; text-align: center; width: 323px;\"><a style=\"display: block; width: 100%; height: 30px;\" href=\"https:\/\/www.orlandia.sp.gov.br\/contaspublicas\/parecer_tribunal_2005.pdf\" target=\"_blank\" rel=\"noopener\">Parecer do Tribunal de Contas<\/a><\/td>\n<\/tr>\n<\/tbody>\n<\/table>\n<p>[\/vc_column_text][\/vc_column][\/vc_row]<\/p>\n<\/div>","protected":false},"excerpt":{"rendered":"<p>[vc_row][vc_column][vc_column_text] Veja os Balancetes e os Balan\u00e7os Anuais da Prefeitura, consulte as licita\u00e7\u00f5es efetuadas pela Prefeitura e obtenha outras informa\u00e7\u00f5es<\/p>\n","protected":false},"author":1,"featured_media":0,"parent":1446,"menu_order":0,"comment_status":"closed","ping_status":"closed","template":"","meta":{"ngg_post_thumbnail":0,"footnotes":""},"magazineBlocksPostFeaturedMedia":{"thumbnail":false,"medium":false,"medium_large":false,"large":false,"1536x1536":false,"2048x2048":false,"colormag-highlighted-post":false,"colormag-featured-post-medium":false,"colormag-featured-post-small":false,"colormag-featured-image":false,"colormag-default-news":false,"colormag-featured-image-large":false},"magazineBlocksPostAuthor":{"name":"admin","avatar":"https:\/\/secure.gravatar.com\/avatar\/5140b312f1bcbe8516bfaa79917f11b3?s=96&d=mm&r=g"},"magazineBlocksPostCommentsNumber":false,"magazineBlocksPostExcerpt":"[vc_row][vc_column][vc_column_text] Veja os Balancetes e os Balan\u00e7os Anuais da Prefeitura, consulte as licita\u00e7\u00f5es efetuadas pela Prefeitura e obtenha outras informa\u00e7\u00f5es","magazineBlocksPostCategories":[],"_links":{"self":[{"href":"https:\/\/www.orlandia.sp.gov.br\/novo\/wp-json\/wp\/v2\/pages\/1466"}],"collection":[{"href":"https:\/\/www.orlandia.sp.gov.br\/novo\/wp-json\/wp\/v2\/pages"}],"about":[{"href":"https:\/\/www.orlandia.sp.gov.br\/novo\/wp-json\/wp\/v2\/types\/page"}],"author":[{"embeddable":true,"href":"https:\/\/www.orlandia.sp.gov.br\/novo\/wp-json\/wp\/v2\/users\/1"}],"replies":[{"embeddable":true,"href":"https:\/\/www.orlandia.sp.gov.br\/novo\/wp-json\/wp\/v2\/comments?post=1466"}],"version-history":[{"count":5,"href":"https:\/\/www.orlandia.sp.gov.br\/novo\/wp-json\/wp\/v2\/pages\/1466\/revisions"}],"predecessor-version":[{"id":39156,"href":"https:\/\/www.orlandia.sp.gov.br\/novo\/wp-json\/wp\/v2\/pages\/1466\/revisions\/39156"}],"up":[{"embeddable":true,"href":"https:\/\/www.orlandia.sp.gov.br\/novo\/wp-json\/wp\/v2\/pages\/1446"}],"wp:attachment":[{"href":"https:\/\/www.orlandia.sp.gov.br\/novo\/wp-json\/wp\/v2\/media?parent=1466"}],"curies":[{"name":"wp","href":"https:\/\/api.w.org\/{rel}","templated":true}]}}