{"id":14614,"date":"2019-10-31T15:10:55","date_gmt":"2019-10-31T18:10:55","guid":{"rendered":"https:\/\/www.orlandia.sp.gov.br\/novo\/?page_id=14614"},"modified":"2019-12-10T08:50:13","modified_gmt":"2019-12-10T11:50:13","slug":"jornal-oficial-de-orlandia-novembro-de-2019","status":"publish","type":"page","link":"https:\/\/www.orlandia.sp.gov.br\/novo\/jornal-oficial-de-orlandia-novembro-de-2019","title":{"rendered":"Jornal Oficial de Orl\u00e2ndia &#8211; Novembro de 2019"},"content":{"rendered":"<p><a href=\"https:\/\/www.orlandia.sp.gov.br\/novo\/wp-content\/uploads\/2019\/10\/Edi\u00e7\u00e3o-748-de-29-de-Novembro-de-2019.pdf\" target=\"_blank\">&gt;&gt; Edi\u00e7\u00e3o 748 de 29 de Novembro de 2019<\/a><\/p>\n<p><a href=\"https:\/\/www.orlandia.sp.gov.br\/novo\/wp-content\/uploads\/2019\/10\/Edi\u00e7\u00e3o-747-de-28-de-Novembro-de-2019-Edi\u00e7\u00e3o-Extraordin\u00e1ria.pdf\" target=\"_blank\">&gt;&gt; Edi\u00e7\u00e3o 747 de 28 de Novembro de 2019 &#8211; Edi\u00e7\u00e3o Extraordin\u00e1ria<\/a><\/p>\n<p><a href=\"https:\/\/www.orlandia.sp.gov.br\/novo\/wp-content\/uploads\/2019\/10\/Edi\u00e7\u00e3o-746-de-27-de-Novembro-de-2019-Edi\u00e7\u00e3o-Extraordin\u00e1ria.pdf\" target=\"_blank\">&gt;&gt; Edi\u00e7\u00e3o 746 de 27 de Novembro de 2019 &#8211; Edi\u00e7\u00e3o Extraordin\u00e1ria<\/a><\/p>\n<p><a href=\"https:\/\/www.orlandia.sp.gov.br\/novo\/wp-content\/uploads\/2019\/10\/Edi\u00e7\u00e3o-745-de-26-de-Novembro-de-2019.pdf\" target=\"_blank\">&gt;&gt; Edi\u00e7\u00e3o 745 de 26 de Novembro de 2019<\/a><\/p>\n<p><a href=\"https:\/\/www.orlandia.sp.gov.br\/novo\/wp-content\/uploads\/2019\/10\/Edi\u00e7\u00e3o-744-de-25-de-Novembro-de-2019-Edi\u00e7\u00e3o-Extraordin\u00e1ria.pdf\" target=\"_blank\">&gt;&gt; Edi\u00e7\u00e3o 744 de 25 de Novembro de 2019 &#8211; Edi\u00e7\u00e3o Extraordin\u00e1ria<\/a><\/p>\n<p><a href=\"https:\/\/www.orlandia.sp.gov.br\/novo\/wp-content\/uploads\/2019\/10\/Edi\u00e7\u00e3o-743-de-22-de-Novembro-de-2019.pdf\" target=\"_blank\">&gt;&gt; Edi\u00e7\u00e3o 743 de 22 de Novembro de 2019<\/a><\/p>\n<p><a href=\"https:\/\/www.orlandia.sp.gov.br\/novo\/wp-content\/uploads\/2019\/10\/Edi\u00e7\u00e3o-742-de-20-de-Novembro-de-2019-Edi\u00e7\u00e3o-Extraordin\u00e1ria.pdf\" target=\"_blank\">&gt;&gt; Edi\u00e7\u00e3o 742 de 20 de Novembro de 2019 &#8211; Edi\u00e7\u00e3o Extraordin\u00e1ria<\/a><\/p>\n<p><a href=\"https:\/\/www.orlandia.sp.gov.br\/novo\/wp-content\/uploads\/2019\/10\/Edi\u00e7\u00e3o-741-de-19-de-Novembro-de-2019.pdf\" target=\"_blank\">&gt;&gt; Edi\u00e7\u00e3o 741 de 19 de Novembro de 2019<\/a><\/p>\n<p><a href=\"https:\/\/www.orlandia.sp.gov.br\/novo\/wp-content\/uploads\/2019\/10\/Edi\u00e7\u00e3o-740-de-18-de-Novembro-de-2019-Edi\u00e7\u00e3o-Extraordin\u00e1ria.pdf\" target=\"_blank\">&gt;&gt; Edi\u00e7\u00e3o 740 de 18 de Novembro de 2019 &#8211; Edi\u00e7\u00e3o Extraordin\u00e1ria<\/a><\/p>\n<p><a href=\"https:\/\/www.orlandia.sp.gov.br\/novo\/wp-content\/uploads\/2019\/10\/Edi\u00e7\u00e3o-739-de-14-de-Novembro-de-2019-Edi\u00e7\u00e3o-Extraordin\u00e1ria.pdf\" target=\"_blank\">&gt;&gt; Edi\u00e7\u00e3o 739 de 14 de Novembro de 2019 &#8211; Edi\u00e7\u00e3o Extraordin\u00e1ria<\/a><\/p>\n<p><a href=\"https:\/\/www.orlandia.sp.gov.br\/novo\/wp-content\/uploads\/2019\/10\/Edi\u00e7\u00e3o-738-de-13-de-Novembro-de-2019-Edi\u00e7\u00e3o-Extraordin\u00e1ria.pdf\" target=\"_blank\">&gt;&gt; Edi\u00e7\u00e3o 738 de 13 de Novembro de 2019 &#8211; Edi\u00e7\u00e3o Extraordin\u00e1ria<\/a><\/p>\n<p><a href=\"https:\/\/www.orlandia.sp.gov.br\/novo\/wp-content\/uploads\/2019\/10\/Edi\u00e7\u00e3o-737-de-12-de-Novembro-de-2019.pdf\" target=\"_blank\">&gt;&gt; Edi\u00e7\u00e3o 737 de 12 de Novembro de 2019<\/a><\/p>\n<p><a href=\"https:\/\/www.orlandia.sp.gov.br\/novo\/wp-content\/uploads\/2019\/10\/Edi\u00e7\u00e3o-736-de-11-de-Novembro-de-2019-Edi\u00e7\u00e3o-Extraordin\u00e1ria.pdf\" target=\"_blank\">&gt;&gt; Edi\u00e7\u00e3o 736 de 11 de Novembro de 2019 &#8211; Edi\u00e7\u00e3o Extraordin\u00e1ria<\/a><\/p>\n<p><a href=\"https:\/\/www.orlandia.sp.gov.br\/novo\/wp-content\/uploads\/2019\/10\/Edi\u00e7\u00e3o-735-de-08-de-Novembro-de-2019.pdf\" target=\"_blank\">&gt;&gt; Edi\u00e7\u00e3o 735 de 08 de Novembro de 2019<\/a><\/p>\n<p><a href=\"https:\/\/www.orlandia.sp.gov.br\/novo\/wp-content\/uploads\/2019\/10\/Edi\u00e7\u00e3o-734-de-07-de-Novembro-de-2019-Edi\u00e7\u00e3o-Extraordin\u00e1ria.pdf\" target=\"_blank\">&gt;&gt; Edi\u00e7\u00e3o 734 de 07 de Novembro de 2019 &#8211; Edi\u00e7\u00e3o Extraordin\u00e1ria<\/a><\/p>\n<p><a href=\"https:\/\/www.orlandia.sp.gov.br\/novo\/wp-content\/uploads\/2019\/10\/Edi\u00e7\u00e3o-733-de-06-de-Novembro-de-2019-Edi\u00e7\u00e3o-Extraordin\u00e1ria.pdf\" target=\"_blank\">&gt;&gt; Edi\u00e7\u00e3o 733 de 06 de Novembro de 2019 &#8211; Edi\u00e7\u00e3o Extraordin\u00e1ria<\/a><\/p>\n<p><a href=\"https:\/\/www.orlandia.sp.gov.br\/novo\/wp-content\/uploads\/2019\/10\/Edi\u00e7\u00e3o-732-de-05-de-Novembro-de-2019.pdf\" target=\"_blank\">&gt;&gt; Edi\u00e7\u00e3o 732 de 05 de Novembro de 2019<\/a><\/p>\n<p><a href=\"https:\/\/www.orlandia.sp.gov.br\/novo\/wp-content\/uploads\/2019\/10\/Edi\u00e7\u00e3o-731-de-04-de-Novembro-de-2019-Edi\u00e7\u00e3o-Extraordin\u00e1ria.pdf\" target=\"_blank\">&gt;&gt; Edi\u00e7\u00e3o 731 de 04 de Novembro de 2019 &#8211; Edi\u00e7\u00e3o Extraordin\u00e1ria<\/a><\/p>\n<p><a href=\"https:\/\/www.orlandia.sp.gov.br\/novo\/wp-content\/uploads\/2019\/10\/Edi\u00e7\u00e3o-730-de-01-de-Novembro-de-2019.pdf\" target=\"_blank\">&gt;&gt; Edi\u00e7\u00e3o 730 de 01 de Novembro de 2019<\/a><\/p>\n","protected":false},"excerpt":{"rendered":"<p>&gt;&gt; Edi\u00e7\u00e3o 748 de 29 de Novembro de 2019 &gt;&gt; Edi\u00e7\u00e3o 747 de 28 de Novembro de 2019 &#8211; Edi\u00e7\u00e3o<\/p>\n","protected":false},"author":1,"featured_media":0,"parent":0,"menu_order":0,"comment_status":"closed","ping_status":"closed","template":"","meta":{"ngg_post_thumbnail":0,"footnotes":""},"magazineBlocksPostFeaturedMedia":{"thumbnail":false,"medium":false,"medium_large":false,"large":false,"1536x1536":false,"2048x2048":false,"colormag-highlighted-post":false,"colormag-featured-post-medium":false,"colormag-featured-post-small":false,"colormag-featured-image":false,"colormag-default-news":false,"colormag-featured-image-large":false},"magazineBlocksPostAuthor":{"name":"admin","avatar":"https:\/\/secure.gravatar.com\/avatar\/5140b312f1bcbe8516bfaa79917f11b3?s=96&d=mm&r=g"},"magazineBlocksPostCommentsNumber":false,"magazineBlocksPostExcerpt":"&gt;&gt; Edi\u00e7\u00e3o 748 de 29 de Novembro de 2019 &gt;&gt; Edi\u00e7\u00e3o 747 de 28 de Novembro de 2019 &#8211; Edi\u00e7\u00e3o","magazineBlocksPostCategories":[],"_links":{"self":[{"href":"https:\/\/www.orlandia.sp.gov.br\/novo\/wp-json\/wp\/v2\/pages\/14614"}],"collection":[{"href":"https:\/\/www.orlandia.sp.gov.br\/novo\/wp-json\/wp\/v2\/pages"}],"about":[{"href":"https:\/\/www.orlandia.sp.gov.br\/novo\/wp-json\/wp\/v2\/types\/page"}],"author":[{"embeddable":true,"href":"https:\/\/www.orlandia.sp.gov.br\/novo\/wp-json\/wp\/v2\/users\/1"}],"replies":[{"embeddable":true,"href":"https:\/\/www.orlandia.sp.gov.br\/novo\/wp-json\/wp\/v2\/comments?post=14614"}],"version-history":[{"count":23,"href":"https:\/\/www.orlandia.sp.gov.br\/novo\/wp-json\/wp\/v2\/pages\/14614\/revisions"}],"predecessor-version":[{"id":14822,"href":"https:\/\/www.orlandia.sp.gov.br\/novo\/wp-json\/wp\/v2\/pages\/14614\/revisions\/14822"}],"wp:attachment":[{"href":"https:\/\/www.orlandia.sp.gov.br\/novo\/wp-json\/wp\/v2\/media?parent=14614"}],"curies":[{"name":"wp","href":"https:\/\/api.w.org\/{rel}","templated":true}]}}