{"id":1455,"date":"2013-10-04T10:00:12","date_gmt":"2013-10-04T13:00:12","guid":{"rendered":"https:\/\/www.orlandia.sp.gov.br\/novo\/?page_id=1455"},"modified":"2024-07-15T10:54:35","modified_gmt":"2024-07-15T13:54:35","slug":"1455-2","status":"publish","type":"page","link":"https:\/\/www.orlandia.sp.gov.br\/novo\/servicos\/contas-publicas-2\/1455-2","title":{"rendered":"Contas P\u00fablicas de 2010"},"content":{"rendered":"<div class=\"wpb-content-wrapper\"><p>[vc_row][vc_column][vc_column_text]<\/p>\n<p style=\"text-align: justify;\">Veja os Balancetes e os Balan\u00e7os Anuais da Prefeitura, consulte as licita\u00e7\u00f5es efetuadas pela Prefeitura e obtenha outras informa\u00e7\u00f5es sobre as contas municipais.<\/p>\n<p>[\/vc_column_text][\/vc_column][\/vc_row][vc_row][vc_column][vc_column_text css=&#8221;&#8221;]<\/p>\n<table style=\"width: 100%;\">\n<tbody>\n<tr style=\"height: 85px;\">\n<td style=\"border: 10px #fff solid; background-color: #dfdfdf; font-size: 20px; text-align: center; width: 323px;\"><a style=\"display: block; width: 100%; height: 30px; padding-top: 10px;\" href=\"https:\/\/www.orlandia.sp.gov.br\/novo\/contas-publicas-de-2010-ppa-ldo-loa\">PPA-LDO-LOA<\/a><\/td>\n<td style=\"border: 10px #fff solid; background-color: #dfdfdf; font-size: 20px; text-align: center; width: 323px;\"><a style=\"display: block; width: 100%; height: 30px; padding-top: 10px;\" href=\"https:\/\/www.orlandia.sp.gov.br\/novo\/contas-publicas-de-2010-balancos-anuais\">Balan\u00e7os Anuais<\/a><\/td>\n<td style=\"border: 10px #fff solid; background-color: #dfdfdf; font-size: 20px; text-align: center; width: 323px;\"><a style=\"display: block; width: 100%; height: 30px; padding-top: 10px;\" href=\"https:\/\/www.orlandia.sp.gov.br\/novo\/contas-publicas-de-2010-lei-de-responsabilidade-fiscal\">Lei de Responsabilidade Fiscal<\/a><\/td>\n<\/tr>\n<tr style=\"height: 85px;\">\n<td style=\"border: 10px #fff solid; background-color: #dfdfdf; font-size: 20px; text-align: center; width: 323px;\"><a style=\"display: block; width: 100%; height: 30px; padding-top: 10px;\" href=\"https:\/\/www.orlandia.sp.gov.br\/novo\/contas-publicas-de-2010-recursos-recebidos\">Recursos Recebidos<\/a><\/td>\n<td style=\"border: 10px #fff solid; background-color: #dfdfdf; font-size: 20px; text-align: center; width: 323px;\"><a style=\"display: block; width: 100%; height: 30px; padding-top: 10px;\" href=\"https:\/\/www.orlandia.sp.gov.br\/novo\/contas-publicas-de-2010-tributos-arrecadados\">Tributos Arrecadados<\/a><\/td>\n<td style=\"border: 10px #fff solid; background-color: #dfdfdf; font-size: 20px; text-align: center; width: 323px;\"><a style=\"display: block; width: 100%; height: 30px; padding-top: 10px;\" href=\"https:\/\/www.orlandia.sp.gov.br\/novo\/contas-publicas-de-2010-relacao-mensal-de-compras\">Rela\u00e7\u00e3o Mensal de Compras<\/a><\/td>\n<\/tr>\n<tr style=\"height: 85px;\">\n<td style=\"border: 10px #fff solid; background-color: #dfdfdf; font-size: 20px; text-align: center; width: 323px;\"><a style=\"display: block; width: 100%; height: 30px; padding-top: 10px;\" href=\"https:\/\/www.orlandia.sp.gov.br\/novo\/contas-publicas-de-2010-demonstrativo-da-receita-e-despesa\">Demonstrativo Receita e Despesa<\/a><\/td>\n<td style=\"border: 10px #fff solid; background-color: #dfdfdf; font-size: 20px; text-align: center; width: 323px;\"><a style=\"display: block; width: 100%; height: 30px; padding-top: 10px;\" href=\"https:\/\/www.orlandia.sp.gov.br\/novo\/contas-publicas-de-2010-receitas-e-despesas-do-ensino\">Receitas e Despesas do Ensino<\/a><\/td>\n<td style=\"border: 10px #fff solid; background-color: #dfdfdf; font-size: 20px; text-align: center; width: 323px;\"><a style=\"display: block; width: 100%; height: 30px; padding-top: 10px;\" href=\"https:\/\/www.orlandia.sp.gov.br\/contaspublicas\/parecer2010.pdf\" target=\"_blank\" rel=\"noopener\">Parecer do Tribunal de Contas<\/a><\/td>\n<\/tr>\n<\/tbody>\n<\/table>\n<p>[\/vc_column_text][\/vc_column][\/vc_row]<\/p>\n<\/div>","protected":false},"excerpt":{"rendered":"<p>[vc_row][vc_column][vc_column_text] Veja os Balancetes e os Balan\u00e7os Anuais da Prefeitura, consulte as licita\u00e7\u00f5es efetuadas pela Prefeitura e obtenha outras informa\u00e7\u00f5es<\/p>\n","protected":false},"author":1,"featured_media":0,"parent":1446,"menu_order":0,"comment_status":"closed","ping_status":"closed","template":"","meta":{"ngg_post_thumbnail":0,"footnotes":""},"magazineBlocksPostFeaturedMedia":{"thumbnail":false,"medium":false,"medium_large":false,"large":false,"1536x1536":false,"2048x2048":false,"colormag-highlighted-post":false,"colormag-featured-post-medium":false,"colormag-featured-post-small":false,"colormag-featured-image":false,"colormag-default-news":false,"colormag-featured-image-large":false},"magazineBlocksPostAuthor":{"name":"admin","avatar":"https:\/\/secure.gravatar.com\/avatar\/5140b312f1bcbe8516bfaa79917f11b3?s=96&d=mm&r=g"},"magazineBlocksPostCommentsNumber":false,"magazineBlocksPostExcerpt":"[vc_row][vc_column][vc_column_text] Veja os Balancetes e os Balan\u00e7os Anuais da Prefeitura, consulte as licita\u00e7\u00f5es efetuadas pela Prefeitura e obtenha outras informa\u00e7\u00f5es","magazineBlocksPostCategories":[],"_links":{"self":[{"href":"https:\/\/www.orlandia.sp.gov.br\/novo\/wp-json\/wp\/v2\/pages\/1455"}],"collection":[{"href":"https:\/\/www.orlandia.sp.gov.br\/novo\/wp-json\/wp\/v2\/pages"}],"about":[{"href":"https:\/\/www.orlandia.sp.gov.br\/novo\/wp-json\/wp\/v2\/types\/page"}],"author":[{"embeddable":true,"href":"https:\/\/www.orlandia.sp.gov.br\/novo\/wp-json\/wp\/v2\/users\/1"}],"replies":[{"embeddable":true,"href":"https:\/\/www.orlandia.sp.gov.br\/novo\/wp-json\/wp\/v2\/comments?post=1455"}],"version-history":[{"count":7,"href":"https:\/\/www.orlandia.sp.gov.br\/novo\/wp-json\/wp\/v2\/pages\/1455\/revisions"}],"predecessor-version":[{"id":39167,"href":"https:\/\/www.orlandia.sp.gov.br\/novo\/wp-json\/wp\/v2\/pages\/1455\/revisions\/39167"}],"up":[{"embeddable":true,"href":"https:\/\/www.orlandia.sp.gov.br\/novo\/wp-json\/wp\/v2\/pages\/1446"}],"wp:attachment":[{"href":"https:\/\/www.orlandia.sp.gov.br\/novo\/wp-json\/wp\/v2\/media?parent=1455"}],"curies":[{"name":"wp","href":"https:\/\/api.w.org\/{rel}","templated":true}]}}