{"id":14502,"date":"2019-10-01T15:47:14","date_gmt":"2019-10-01T18:47:14","guid":{"rendered":"https:\/\/www.orlandia.sp.gov.br\/novo\/?page_id=14502"},"modified":"2019-12-10T08:49:47","modified_gmt":"2019-12-10T11:49:47","slug":"jornal-oficial-de-orlandia-outubro-de-2019","status":"publish","type":"page","link":"https:\/\/www.orlandia.sp.gov.br\/novo\/jornal-oficial-de-orlandia-outubro-de-2019","title":{"rendered":"Jornal Oficial de Orl\u00e2ndia &#8211; Outubro de 2019"},"content":{"rendered":"<p><a href=\"https:\/\/www.orlandia.sp.gov.br\/novo\/wp-content\/uploads\/2019\/10\/Edi\u00e7\u00e3o-729-de-31-de-Outubro-de-2019-Edi\u00e7\u00e3o-Extraordin\u00e1ria.pdf\" target=\"_blank\">&gt;&gt; Edi\u00e7\u00e3o 729 de 31 de Outubro de 2019 &#8211; Edi\u00e7\u00e3o Extraordin\u00e1ria<\/a><\/p>\n<p><a href=\"https:\/\/www.orlandia.sp.gov.br\/novo\/wp-content\/uploads\/2019\/10\/Edi\u00e7\u00e3o-728-de-30-de-Outubro-de-2019-Edi\u00e7\u00e3o-Extraordin\u00e1ria.pdf\" target=\"_blank\">&gt;&gt; Edi\u00e7\u00e3o 728 de 30 de Outubro de 2019 &#8211; Edi\u00e7\u00e3o Extraordin\u00e1ria<\/a><\/p>\n<p><a href=\"https:\/\/www.orlandia.sp.gov.br\/novo\/wp-content\/uploads\/2019\/10\/Edi\u00e7\u00e3o-727-de-29-de-Outubro-de-2019.pdf\" target=\"_blank\">&gt;&gt; Edi\u00e7\u00e3o 727 de 29 de Outubro de 2019<\/a><\/p>\n<p><a href=\"https:\/\/www.orlandia.sp.gov.br\/novo\/wp-content\/uploads\/2019\/10\/Edi\u00e7\u00e3o-726-de-25-de-Outubro-de-2019.pdf\" target=\"_blank\">&gt;&gt; Edi\u00e7\u00e3o 726 de 25 de Outubro de 2019<\/a><\/p>\n<p><a href=\"https:\/\/www.orlandia.sp.gov.br\/novo\/wp-content\/uploads\/2019\/10\/Edi\u00e7\u00e3o-725-de-23-de-Outubro-de-2019-Edi\u00e7\u00e3o-Extraordin\u00e1ria.pdf\" target=\"_blank\">&gt;&gt; Edi\u00e7\u00e3o 725 de 23 de Outubro de 2019 &#8211; Edi\u00e7\u00e3o Extraordin\u00e1ria<\/a><\/p>\n<p><a href=\"https:\/\/www.orlandia.sp.gov.br\/novo\/wp-content\/uploads\/2019\/10\/Edi\u00e7\u00e3o-724-de-22-de-Outubro-de-2019.pdf\" target=\"_blank\">&gt;&gt; Edi\u00e7\u00e3o 724 de 22 de Outubro de 2019<\/a><\/p>\n<p><a href=\"https:\/\/www.orlandia.sp.gov.br\/novo\/wp-content\/uploads\/2019\/10\/Edi\u00e7\u00e3o-723-de-21-de-Outubro-de-2019-Edi\u00e7\u00e3o-Extraordin\u00e1ria.pdf\" target=\"_blank\">&gt;&gt; Edi\u00e7\u00e3o 723 de 21 de Outubro de 2019 &#8211; Edi\u00e7\u00e3o Extraordin\u00e1ria<\/a><\/p>\n<p><a href=\"https:\/\/www.orlandia.sp.gov.br\/novo\/wp-content\/uploads\/2019\/10\/Edi\u00e7\u00e3o-722-de-18-de-Outubro-de-2019-Edi\u00e7\u00e3o-Extraordin\u00e1ria.pdf\" target=\"_blank\">&gt;&gt; Edi\u00e7\u00e3o 722 de 18 de Outubro de 2019 &#8211; Edi\u00e7\u00e3o Extraordin\u00e1ria<\/a><\/p>\n<p><a href=\"https:\/\/www.orlandia.sp.gov.br\/novo\/wp-content\/uploads\/2019\/10\/Edi\u00e7\u00e3o-721-de-18-de-Outubro-de-2019.pdf\" target=\"_blank\">&gt;&gt; Edi\u00e7\u00e3o 721 de 18 de Outubro de 2019<\/a><\/p>\n<p><a href=\"https:\/\/www.orlandia.sp.gov.br\/novo\/wp-content\/uploads\/2019\/10\/Edi\u00e7\u00e3o-720-de-17-de-Outubro-de-2019-Edi\u00e7\u00e3o-Extraordin\u00e1ria.pdf\" target=\"_blank\">&gt;&gt; Edi\u00e7\u00e3o 720 de 17 de Outubro de 2019 &#8211; Edi\u00e7\u00e3o Extraordin\u00e1ria<\/a><\/p>\n<p><a href=\"https:\/\/www.orlandia.sp.gov.br\/novo\/wp-content\/uploads\/2019\/10\/Edi\u00e7\u00e3o-719-de-16-de-Outubro-de-2019-Edi\u00e7\u00e3o-Extraordin\u00e1ria.pdf\" target=\"_blank\">&gt;&gt; Edi\u00e7\u00e3o 719 de 16 de Outubro de 2019 &#8211; Edi\u00e7\u00e3o Extraordin\u00e1ria<\/a><\/p>\n<p><a href=\"https:\/\/www.orlandia.sp.gov.br\/novo\/wp-content\/uploads\/2019\/10\/Edi\u00e7\u00e3o-718-de-15-de-Outubro-de-2019.pdf\" target=\"_blank\">&gt;&gt; Edi\u00e7\u00e3o 718 de 15 de Outubro de 2019<\/a><\/p>\n<p><a href=\"https:\/\/www.orlandia.sp.gov.br\/novo\/wp-content\/uploads\/2019\/10\/Edi\u00e7\u00e3o-717-de-14-de-Outubro-de-2019-Edi\u00e7\u00e3o-Extraordin\u00e1ria.pdf\" target=\"_blank\">&gt;&gt; Edi\u00e7\u00e3o 717 de 14 de Outubro de 2019 &#8211; Edi\u00e7\u00e3o Extraordin\u00e1ria<\/a><\/p>\n<p><a href=\"https:\/\/www.orlandia.sp.gov.br\/novo\/wp-content\/uploads\/2019\/10\/Edi\u00e7\u00e3o-716-de-11-de-Outubro-de-2019.pdf\" target=\"_blank\">&gt;&gt; Edi\u00e7\u00e3o 716 de 11 de Outubro de 2019<\/a><\/p>\n<p><a href=\"https:\/\/www.orlandia.sp.gov.br\/novo\/wp-content\/uploads\/2019\/10\/Edi\u00e7\u00e3o-715-de-08-de-Outubro-de-2019.pdf\" target=\"_blank\">&gt;&gt; Edi\u00e7\u00e3o 715 de 08 de Outubro de 2019<\/a><\/p>\n<p><a href=\"https:\/\/www.orlandia.sp.gov.br\/novo\/wp-content\/uploads\/2019\/10\/Edi\u00e7\u00e3o-714-de-07-de-Outubro-de-2019-Edi\u00e7\u00e3o-Extraordin\u00e1ria.pdf\" target=\"_blank\">&gt;&gt; Edi\u00e7\u00e3o 714 de 07 de Outubro de 2019 &#8211; Edi\u00e7\u00e3o Extraordin\u00e1ria<\/a><\/p>\n<p><a href=\"https:\/\/www.orlandia.sp.gov.br\/novo\/wp-content\/uploads\/2019\/10\/Edi\u00e7\u00e3o-713-de-04-de-Outubro-de-2019.pdf\" target=\"_blank\">&gt;&gt; Edi\u00e7\u00e3o 713 de 04 de Outubro de 2019<\/a><\/p>\n<p><a href=\"https:\/\/www.orlandia.sp.gov.br\/novo\/wp-content\/uploads\/2019\/10\/Edi\u00e7\u00e3o-712-de-03-de-Outubro-de-2019-Edi\u00e7\u00e3o-Extraordin\u00e1ria.pdf\" target=\"_blank\">&gt;&gt; Edi\u00e7\u00e3o 712 de 03 de Outubro de 2019 &#8211; Edi\u00e7\u00e3o Extraordin\u00e1ria<\/a><\/p>\n<p><a href=\"https:\/\/www.orlandia.sp.gov.br\/novo\/wp-content\/uploads\/2019\/10\/Edi\u00e7\u00e3o-711-de-02-de-Outubro-de-2019-Edi\u00e7\u00e3o-Extraordin\u00e1ria.pdf\" target=\"_blank\">&gt;&gt; Edi\u00e7\u00e3o 711 de 02 de Outubro de 2019 &#8211; Edi\u00e7\u00e3o Extraordin\u00e1ria<\/a><\/p>\n<p><a href=\"https:\/\/www.orlandia.sp.gov.br\/novo\/wp-content\/uploads\/2019\/10\/Edi\u00e7\u00e3o-710-de-01-de-Outubro-de-2019.pdf\" target=\"_blank\">&gt;&gt; Edi\u00e7\u00e3o 710 de 01 de Outubro de 2019<\/a><\/p>\n","protected":false},"excerpt":{"rendered":"<p>&gt;&gt; Edi\u00e7\u00e3o 729 de 31 de Outubro de 2019 &#8211; Edi\u00e7\u00e3o Extraordin\u00e1ria &gt;&gt; Edi\u00e7\u00e3o 728 de 30 de Outubro de<\/p>\n","protected":false},"author":1,"featured_media":0,"parent":0,"menu_order":0,"comment_status":"closed","ping_status":"closed","template":"","meta":{"ngg_post_thumbnail":0,"footnotes":""},"magazineBlocksPostFeaturedMedia":{"thumbnail":false,"medium":false,"medium_large":false,"large":false,"1536x1536":false,"2048x2048":false,"colormag-highlighted-post":false,"colormag-featured-post-medium":false,"colormag-featured-post-small":false,"colormag-featured-image":false,"colormag-default-news":false,"colormag-featured-image-large":false},"magazineBlocksPostAuthor":{"name":"admin","avatar":"https:\/\/secure.gravatar.com\/avatar\/5140b312f1bcbe8516bfaa79917f11b3?s=96&d=mm&r=g"},"magazineBlocksPostCommentsNumber":false,"magazineBlocksPostExcerpt":"&gt;&gt; Edi\u00e7\u00e3o 729 de 31 de Outubro de 2019 &#8211; Edi\u00e7\u00e3o Extraordin\u00e1ria &gt;&gt; Edi\u00e7\u00e3o 728 de 30 de Outubro de","magazineBlocksPostCategories":[],"_links":{"self":[{"href":"https:\/\/www.orlandia.sp.gov.br\/novo\/wp-json\/wp\/v2\/pages\/14502"}],"collection":[{"href":"https:\/\/www.orlandia.sp.gov.br\/novo\/wp-json\/wp\/v2\/pages"}],"about":[{"href":"https:\/\/www.orlandia.sp.gov.br\/novo\/wp-json\/wp\/v2\/types\/page"}],"author":[{"embeddable":true,"href":"https:\/\/www.orlandia.sp.gov.br\/novo\/wp-json\/wp\/v2\/users\/1"}],"replies":[{"embeddable":true,"href":"https:\/\/www.orlandia.sp.gov.br\/novo\/wp-json\/wp\/v2\/comments?post=14502"}],"version-history":[{"count":24,"href":"https:\/\/www.orlandia.sp.gov.br\/novo\/wp-json\/wp\/v2\/pages\/14502\/revisions"}],"predecessor-version":[{"id":14821,"href":"https:\/\/www.orlandia.sp.gov.br\/novo\/wp-json\/wp\/v2\/pages\/14502\/revisions\/14821"}],"wp:attachment":[{"href":"https:\/\/www.orlandia.sp.gov.br\/novo\/wp-json\/wp\/v2\/media?parent=14502"}],"curies":[{"name":"wp","href":"https:\/\/api.w.org\/{rel}","templated":true}]}}