{"id":13986,"date":"2019-05-30T17:47:42","date_gmt":"2019-05-30T20:47:42","guid":{"rendered":"https:\/\/www.orlandia.sp.gov.br\/novo\/?page_id=13986"},"modified":"2019-07-31T12:11:27","modified_gmt":"2019-07-31T15:11:27","slug":"jornal-oficial-de-orlandia-junho-de-2019","status":"publish","type":"page","link":"https:\/\/www.orlandia.sp.gov.br\/novo\/jornal-oficial-de-orlandia-junho-de-2019","title":{"rendered":"Jornal Oficial de Orl\u00e2ndia \u2013 Junho de 2019"},"content":{"rendered":"<p><a href=\"https:\/\/www.orlandia.sp.gov.br\/novo\/wp-content\/uploads\/2019\/05\/Edi\u00e7\u00e3o-653-de-28-de-Junho-de-2019.pdf\" target=\"_blank\">&gt;&gt; Edi\u00e7\u00e3o 653 de 28 de Junho de 2019<\/a><\/p>\n<p><a href=\"https:\/\/www.orlandia.sp.gov.br\/novo\/wp-content\/uploads\/2019\/05\/Edi\u00e7\u00e3o-652-de-27-de-Junho-de-2019-Edi\u00e7\u00e3o-Extraordin\u00e1ria.pdf\" target=\"_blank\">&gt;&gt; Edi\u00e7\u00e3o 652 de 27 de Junho de 2019 &#8211; Edi\u00e7\u00e3o Extraordin\u00e1ria<\/a><\/p>\n<p><a href=\"https:\/\/www.orlandia.sp.gov.br\/novo\/wp-content\/uploads\/2019\/05\/Edi\u00e7\u00e3o-651-de-25-de-Junho-de-2019.pdf\" target=\"_blank\">&gt;&gt; Edi\u00e7\u00e3o 651 de 25 de Junho de 2019<\/a><\/p>\n<p><a href=\"https:\/\/www.orlandia.sp.gov.br\/novo\/wp-content\/uploads\/2019\/05\/Edi\u00e7\u00e3o-650-de-19-de-Junho-de-2019-Edi\u00e7\u00e3o-Extraordin\u00e1ria.pdf\" target=\"_blank\">&gt;&gt; Edi\u00e7\u00e3o 650 de 19 de Junho de 2019 &#8211; Edi\u00e7\u00e3o Extraordin\u00e1ria<\/a><\/p>\n<p><a href=\"https:\/\/www.orlandia.sp.gov.br\/novo\/wp-content\/uploads\/2019\/05\/Edi\u00e7\u00e3o-649-de-18-de-Junho-de-2019.pdf\" target=\"_blank\">&gt;&gt; Edi\u00e7\u00e3o 649 de 18 de Junho de 2019<\/a><\/p>\n<p><a href=\"https:\/\/www.orlandia.sp.gov.br\/novo\/wp-content\/uploads\/2019\/05\/Edi\u00e7\u00e3o-648-de-17-de-Junho-de-2019-Edi\u00e7\u00e3o-Extraordin\u00e1ria.pdf\" target=\"_blank\">&gt;&gt; Edi\u00e7\u00e3o 648 de 17 de Junho de 2019 &#8211; Edi\u00e7\u00e3o Extraordin\u00e1ria<\/a><\/p>\n<p><a href=\"https:\/\/www.orlandia.sp.gov.br\/novo\/wp-content\/uploads\/2019\/05\/Edi\u00e7\u00e3o-647-de-14-de-Junho-de-2019.pdf\" target=\"_blank\">&gt;&gt; Edi\u00e7\u00e3o 647 de 14 de Junho de 2019<\/a><\/p>\n<p><a href=\"https:\/\/www.orlandia.sp.gov.br\/novo\/wp-content\/uploads\/2019\/05\/Edi\u00e7\u00e3o-646-de-12-de-Junho-de-2019-Edi\u00e7\u00e3o-Extraordin\u00e1ria.pdf\" target=\"_blank\">&gt;&gt; Edi\u00e7\u00e3o 646 de 12 de Junho de 2019 &#8211; Edi\u00e7\u00e3o Extraordin\u00e1ria<\/a><\/p>\n<p><a href=\"https:\/\/www.orlandia.sp.gov.br\/novo\/wp-content\/uploads\/2019\/05\/Edi\u00e7\u00e3o-645-de-11-de-Junho-de-2019.pdf\" target=\"_blank\">&gt;&gt; Edi\u00e7\u00e3o 645 de 11 de Junho de 2019<\/a><\/p>\n<p><a href=\"https:\/\/www.orlandia.sp.gov.br\/novo\/wp-content\/uploads\/2019\/05\/Edi\u00e7\u00e3o-644-de-10-de-Junho-de-2019-Edi\u00e7\u00e3o-Extraordin\u00e1ria.pdf\" target=\"_blank\">&gt;&gt; Edi\u00e7\u00e3o 644 de 10 de Junho de 2019 &#8211; Edi\u00e7\u00e3o Extraordin\u00e1ria<\/a><\/p>\n<p><a href=\"https:\/\/www.orlandia.sp.gov.br\/novo\/wp-content\/uploads\/2019\/05\/Edi\u00e7\u00e3o-643-de-07-de-Junho-de-2019.pdf\" target=\"_blank\">&gt;&gt; Edi\u00e7\u00e3o 643 de 07 de Junho de 2019<\/a><\/p>\n<p><a href=\"https:\/\/www.orlandia.sp.gov.br\/novo\/wp-content\/uploads\/2019\/05\/Edi\u00e7\u00e3o-642-de-06-de-Junho-de-2019-Edi\u00e7\u00e3o-Extraordin\u00e1ria.pdf\" target=\"_blank\">&gt;&gt; Edi\u00e7\u00e3o 642 de 06 de Junho de 2019 &#8211; Edi\u00e7\u00e3o Extraordin\u00e1ria<\/a><\/p>\n<p><a href=\"https:\/\/www.orlandia.sp.gov.br\/novo\/wp-content\/uploads\/2019\/05\/Edi\u00e7\u00e3o-641-de-05-de-Junho-de-2019-Edi\u00e7\u00e3o-Extraordin\u00e1ria.pdf\" target=\"_blank\">&gt;&gt; Edi\u00e7\u00e3o 641 de 05 de Junho de 2019 &#8211; Edi\u00e7\u00e3o Extraordin\u00e1ria<\/a><\/p>\n","protected":false},"excerpt":{"rendered":"<p>&gt;&gt; Edi\u00e7\u00e3o 653 de 28 de Junho de 2019 &gt;&gt; Edi\u00e7\u00e3o 652 de 27 de Junho de 2019 &#8211; Edi\u00e7\u00e3o<\/p>\n","protected":false},"author":1,"featured_media":0,"parent":0,"menu_order":0,"comment_status":"closed","ping_status":"closed","template":"","meta":{"ngg_post_thumbnail":0,"footnotes":""},"magazineBlocksPostFeaturedMedia":{"thumbnail":false,"medium":false,"medium_large":false,"large":false,"1536x1536":false,"2048x2048":false,"colormag-highlighted-post":false,"colormag-featured-post-medium":false,"colormag-featured-post-small":false,"colormag-featured-image":false,"colormag-default-news":false,"colormag-featured-image-large":false},"magazineBlocksPostAuthor":{"name":"admin","avatar":"https:\/\/secure.gravatar.com\/avatar\/5140b312f1bcbe8516bfaa79917f11b3?s=96&d=mm&r=g"},"magazineBlocksPostCommentsNumber":false,"magazineBlocksPostExcerpt":"&gt;&gt; Edi\u00e7\u00e3o 653 de 28 de Junho de 2019 &gt;&gt; Edi\u00e7\u00e3o 652 de 27 de Junho de 2019 &#8211; Edi\u00e7\u00e3o","magazineBlocksPostCategories":[],"_links":{"self":[{"href":"https:\/\/www.orlandia.sp.gov.br\/novo\/wp-json\/wp\/v2\/pages\/13986"}],"collection":[{"href":"https:\/\/www.orlandia.sp.gov.br\/novo\/wp-json\/wp\/v2\/pages"}],"about":[{"href":"https:\/\/www.orlandia.sp.gov.br\/novo\/wp-json\/wp\/v2\/types\/page"}],"author":[{"embeddable":true,"href":"https:\/\/www.orlandia.sp.gov.br\/novo\/wp-json\/wp\/v2\/users\/1"}],"replies":[{"embeddable":true,"href":"https:\/\/www.orlandia.sp.gov.br\/novo\/wp-json\/wp\/v2\/comments?post=13986"}],"version-history":[{"count":17,"href":"https:\/\/www.orlandia.sp.gov.br\/novo\/wp-json\/wp\/v2\/pages\/13986\/revisions"}],"predecessor-version":[{"id":14135,"href":"https:\/\/www.orlandia.sp.gov.br\/novo\/wp-json\/wp\/v2\/pages\/13986\/revisions\/14135"}],"wp:attachment":[{"href":"https:\/\/www.orlandia.sp.gov.br\/novo\/wp-json\/wp\/v2\/media?parent=13986"}],"curies":[{"name":"wp","href":"https:\/\/api.w.org\/{rel}","templated":true}]}}