{"id":13615,"date":"2019-03-25T17:46:52","date_gmt":"2019-03-25T20:46:52","guid":{"rendered":"https:\/\/www.orlandia.sp.gov.br\/novo\/?page_id=13615"},"modified":"2019-07-31T12:12:31","modified_gmt":"2019-07-31T15:12:31","slug":"jornal-oficial-de-orlandia-abril-de-2019","status":"publish","type":"page","link":"https:\/\/www.orlandia.sp.gov.br\/novo\/jornal-oficial-de-orlandia-abril-de-2019","title":{"rendered":"Jornal Oficial de Orl\u00e2ndia &#8211; Abril de 2019"},"content":{"rendered":"<p><a href=\"https:\/\/www.orlandia.sp.gov.br\/novo\/wp-content\/uploads\/2019\/03\/Edi\u00e7\u00e3o-620-de-30-de-Abril-de-2019-Edi\u00e7\u00e3o-Extraordin\u00e1ria.pdf\" target=\"_blank\">&gt;&gt; Edi\u00e7\u00e3o 620 de 30 de Abril de 2019 &#8211; Edi\u00e7\u00e3o Extraordin\u00e1ria<\/a><\/p>\n<p><a href=\"https:\/\/www.orlandia.sp.gov.br\/novo\/wp-content\/uploads\/2019\/03\/Edi\u00e7\u00e3o-619-de-30-de-Abril-de-2019.pdf\" target=\"_blank\">&gt;&gt; Edi\u00e7\u00e3o 619 de 30 de Abril de 2019<\/a><\/p>\n<p><a href=\"https:\/\/www.orlandia.sp.gov.br\/novo\/wp-content\/uploads\/2019\/03\/Edi\u00e7\u00e3o-618-de-29-de-Abril-de-2019-Edi\u00e7\u00e3o-Extraordin\u00e1ria.pdf\" target=\"_blank\">&gt;&gt; Edi\u00e7\u00e3o 618 de 29 de Abril de 2019 &#8211; Edi\u00e7\u00e3o Extraordin\u00e1ria<\/a><\/p>\n<p><a href=\"https:\/\/www.orlandia.sp.gov.br\/novo\/wp-content\/uploads\/2019\/03\/Edi\u00e7\u00e3o-617-de-26-de-Abril-de-2019.pdf\" target=\"_blank\">&gt;&gt; Edi\u00e7\u00e3o 617 de 26 de Abril de 2019<\/a><\/p>\n<p><a href=\"https:\/\/www.orlandia.sp.gov.br\/novo\/wp-content\/uploads\/2019\/03\/Edi\u00e7\u00e3o-616-de-25-de-Abril-de-2019-Edi\u00e7\u00e3o-Extraordin\u00e1ria.pdf\" target=\"_blank\">&gt;&gt; Edi\u00e7\u00e3o 616 de 25 de Abril de 2019 &#8211; Edi\u00e7\u00e3o Extraordin\u00e1ria<\/a><\/p>\n<p><a href=\"https:\/\/www.orlandia.sp.gov.br\/novo\/wp-content\/uploads\/2019\/03\/Edi\u00e7\u00e3o-615-de-24-de-Abril-de-2019-Edi\u00e7\u00e3o-Extraordin\u00e1ria.pdf\" target=\"_blank\">&gt;&gt; Edi\u00e7\u00e3o 615 de 24 de Abril de 2019 &#8211; Edi\u00e7\u00e3o Extraordin\u00e1ria<\/a><\/p>\n<p><a href=\"https:\/\/www.orlandia.sp.gov.br\/novo\/wp-content\/uploads\/2019\/03\/Edi\u00e7\u00e3o-614-de-23-de-Abril-de-2019.pdf\" target=\"_blank\">&gt;&gt; Edi\u00e7\u00e3o 614 de 23 de Abril de 2019<\/a><\/p>\n<p><a href=\"https:\/\/www.orlandia.sp.gov.br\/novo\/wp-content\/uploads\/2019\/03\/Edi\u00e7\u00e3o-613-de-22-de-Abril-de-2019-Edi\u00e7\u00e3o-Extraordin\u00e1ria.pdf\" target=\"_blank\">&gt;&gt; Edi\u00e7\u00e3o 613 de 22 de Abril de 2019 &#8211; Edi\u00e7\u00e3o Extraordin\u00e1ria<\/a><\/p>\n<p><a href=\"https:\/\/www.orlandia.sp.gov.br\/novo\/wp-content\/uploads\/2019\/03\/Edi\u00e7\u00e3o-612-de-18-de-Abril-de-2019-Edi\u00e7\u00e3o-Extraordin\u00e1ria.pdf\" target=\"_blank\">&gt;&gt; Edi\u00e7\u00e3o 612 de 18 de Abril de 2019 &#8211; Edi\u00e7\u00e3o Extraordin\u00e1ria<\/a><\/p>\n<p><a href=\"https:\/\/www.orlandia.sp.gov.br\/novo\/wp-content\/uploads\/2019\/03\/Edi\u00e7\u00e3o-611-de-17-de-Abril-de-2019-Edi\u00e7\u00e3o-Extraordin\u00e1ria.pdf\" target=\"_blank\">&gt;&gt; Edi\u00e7\u00e3o 611 de 17 de Abril de 2019 &#8211; Edi\u00e7\u00e3o Extraordin\u00e1ria<\/a><\/p>\n<p><a href=\"https:\/\/www.orlandia.sp.gov.br\/novo\/wp-content\/uploads\/2019\/03\/Edi\u00e7\u00e3o-610-de-16-de-Abril-de-2019.pdf\" target=\"_blank\">&gt;&gt; Edi\u00e7\u00e3o 610 de 16 de Abril de 2019<\/a><\/p>\n<p><a href=\"https:\/\/www.orlandia.sp.gov.br\/novo\/wp-content\/uploads\/2019\/03\/Edi\u00e7\u00e3o-609-de-15-de-Abril-de-2019-Edi\u00e7\u00e3o-Extraordin\u00e1ria.pdf\" target=\"_blank\">&gt;&gt; Edi\u00e7\u00e3o 609 de 15 de Abril de 2019 &#8211; Edi\u00e7\u00e3o Extraordin\u00e1ria<\/a><\/p>\n<p><a href=\"https:\/\/www.orlandia.sp.gov.br\/novo\/wp-content\/uploads\/2019\/03\/Edi\u00e7\u00e3o-608-de-12-de-Abril-de-2019-Edi\u00e7\u00e3o-Extraordin\u00e1ria.pdf\" target=\"_blank\">&gt;&gt; Edi\u00e7\u00e3o 608 de 12 de Abril de 2019 &#8211; Edi\u00e7\u00e3o Extraordin\u00e1ria<\/a><\/p>\n<p><a href=\"https:\/\/www.orlandia.sp.gov.br\/novo\/wp-content\/uploads\/2019\/03\/Edi\u00e7\u00e3o-607-de-12-de-Abril-de-2019.pdf\" target=\"_blank\">&gt;&gt; Edi\u00e7\u00e3o 607 de 12 de Abril de 2019<\/a><\/p>\n<p><a href=\"https:\/\/www.orlandia.sp.gov.br\/novo\/wp-content\/uploads\/2019\/03\/Edi\u00e7\u00e3o-606-de-11-de-Abril-de-2019-Edi\u00e7\u00e3o-Extraordin\u00e1ria.pdf\" target=\"_blank\">&gt;&gt; Edi\u00e7\u00e3o 606 de 11 de Abril de 2019 &#8211; Edi\u00e7\u00e3o Extraordin\u00e1ria<\/a><\/p>\n<p><a href=\"https:\/\/www.orlandia.sp.gov.br\/novo\/wp-content\/uploads\/2019\/03\/Edi\u00e7\u00e3o-605-de-10-de-Abril-de-2019-Edi\u00e7\u00e3o-Extraordin\u00e1ria.pdf\" target=\"_blank\">&gt;&gt; Edi\u00e7\u00e3o 605 de 10 de Abril de 2019 &#8211; Edi\u00e7\u00e3o Extraordin\u00e1ria<\/a><\/p>\n<p><a href=\"https:\/\/www.orlandia.sp.gov.br\/novo\/wp-content\/uploads\/2019\/03\/Edi\u00e7\u00e3o-604-de-09-de-Abril-de-2019.pdf\" target=\"_blank\">&gt;&gt; Edi\u00e7\u00e3o 604 de 09 de Abril de 2019<\/a><\/p>\n<p><a href=\"https:\/\/www.orlandia.sp.gov.br\/novo\/wp-content\/uploads\/2019\/03\/Edi\u00e7\u00e3o-603-de-08-de-Abril-de-2019-Edi\u00e7\u00e3o-Extraordin\u00e1ria.pdf\" target=\"_blank\">&gt;&gt; Edi\u00e7\u00e3o 603 de 08 de Abril de 2019 &#8211; Edi\u00e7\u00e3o Extraordin\u00e1ria<\/a><\/p>\n<p><a href=\"https:\/\/www.orlandia.sp.gov.br\/novo\/wp-content\/uploads\/2019\/03\/Edi\u00e7\u00e3o-602-de-05-de-Abril-de-2019.pdf\" target=\"_blank\">&gt;&gt; Edi\u00e7\u00e3o 602 de 05 de Abril de 2019<\/a><\/p>\n<p><a href=\"https:\/\/www.orlandia.sp.gov.br\/novo\/wp-content\/uploads\/2019\/03\/Edi\u00e7\u00e3o-601-de-04-de-Abril-de-2019-Edi\u00e7\u00e3o-Extraordin\u00e1ria.pdf\" target=\"_blank\">&gt;&gt; Edi\u00e7\u00e3o 601 de 04 de Abril de 2019 &#8211; Edi\u00e7\u00e3o Extraordin\u00e1ria<\/a><\/p>\n<p><a href=\"https:\/\/www.orlandia.sp.gov.br\/novo\/wp-content\/uploads\/2019\/03\/Edi\u00e7\u00e3o-600-de-03-de-Abril-de-2019-Edi\u00e7\u00e3o-Extraordin\u00e1ria.pdf\" target=\"_blank\">&gt;&gt; Edi\u00e7\u00e3o 600 de 03 de Abril de 2019 &#8211; Edi\u00e7\u00e3o Extraordin\u00e1ria<\/a><\/p>\n<p><a href=\"https:\/\/www.orlandia.sp.gov.br\/novo\/wp-content\/uploads\/2019\/03\/Edi\u00e7\u00e3o-599-de-02-de-Abril-de-2019.pdf\" target=\"_blank\">&gt;&gt; Edi\u00e7\u00e3o 599 de 02 de Abril de 2019<\/a><\/p>\n<p><a href=\"https:\/\/www.orlandia.sp.gov.br\/novo\/wp-content\/uploads\/2019\/03\/Edi\u00e7\u00e3o-598-de-01-de-Abril-de-2019-Edi\u00e7\u00e3o-Extraordin\u00e1ria.pdf\" target=\"_blank\">&gt;&gt; Edi\u00e7\u00e3o 598 de 01 de Abril de 2019 &#8211; Edi\u00e7\u00e3o Extraordin\u00e1ria<\/a><\/p>\n","protected":false},"excerpt":{"rendered":"<p>&gt;&gt; Edi\u00e7\u00e3o 620 de 30 de Abril de 2019 &#8211; Edi\u00e7\u00e3o Extraordin\u00e1ria &gt;&gt; Edi\u00e7\u00e3o 619 de 30 de Abril de<\/p>\n","protected":false},"author":1,"featured_media":0,"parent":0,"menu_order":0,"comment_status":"closed","ping_status":"closed","template":"","meta":{"ngg_post_thumbnail":0,"footnotes":""},"magazineBlocksPostFeaturedMedia":{"thumbnail":false,"medium":false,"medium_large":false,"large":false,"1536x1536":false,"2048x2048":false,"colormag-highlighted-post":false,"colormag-featured-post-medium":false,"colormag-featured-post-small":false,"colormag-featured-image":false,"colormag-default-news":false,"colormag-featured-image-large":false},"magazineBlocksPostAuthor":{"name":"admin","avatar":"https:\/\/secure.gravatar.com\/avatar\/5140b312f1bcbe8516bfaa79917f11b3?s=96&d=mm&r=g"},"magazineBlocksPostCommentsNumber":false,"magazineBlocksPostExcerpt":"&gt;&gt; Edi\u00e7\u00e3o 620 de 30 de Abril de 2019 &#8211; Edi\u00e7\u00e3o Extraordin\u00e1ria &gt;&gt; Edi\u00e7\u00e3o 619 de 30 de Abril de","magazineBlocksPostCategories":[],"_links":{"self":[{"href":"https:\/\/www.orlandia.sp.gov.br\/novo\/wp-json\/wp\/v2\/pages\/13615"}],"collection":[{"href":"https:\/\/www.orlandia.sp.gov.br\/novo\/wp-json\/wp\/v2\/pages"}],"about":[{"href":"https:\/\/www.orlandia.sp.gov.br\/novo\/wp-json\/wp\/v2\/types\/page"}],"author":[{"embeddable":true,"href":"https:\/\/www.orlandia.sp.gov.br\/novo\/wp-json\/wp\/v2\/users\/1"}],"replies":[{"embeddable":true,"href":"https:\/\/www.orlandia.sp.gov.br\/novo\/wp-json\/wp\/v2\/comments?post=13615"}],"version-history":[{"count":25,"href":"https:\/\/www.orlandia.sp.gov.br\/novo\/wp-json\/wp\/v2\/pages\/13615\/revisions"}],"predecessor-version":[{"id":13806,"href":"https:\/\/www.orlandia.sp.gov.br\/novo\/wp-json\/wp\/v2\/pages\/13615\/revisions\/13806"}],"wp:attachment":[{"href":"https:\/\/www.orlandia.sp.gov.br\/novo\/wp-json\/wp\/v2\/media?parent=13615"}],"curies":[{"name":"wp","href":"https:\/\/api.w.org\/{rel}","templated":true}]}}