{"id":12803,"date":"2018-11-29T09:08:53","date_gmt":"2018-11-29T12:08:53","guid":{"rendered":"https:\/\/www.orlandia.sp.gov.br\/novo\/?page_id=12803"},"modified":"2018-12-28T15:49:12","modified_gmt":"2018-12-28T18:49:12","slug":"jornal-oficial-de-orlandia-dezembro-de-2018","status":"publish","type":"page","link":"https:\/\/www.orlandia.sp.gov.br\/novo\/jornal-oficial-de-orlandia-dezembro-de-2018","title":{"rendered":"Jornal Oficial de Orl\u00e2ndia &#8211; Dezembro de 2018"},"content":{"rendered":"<p><a href=\"https:\/\/www.orlandia.sp.gov.br\/novo\/wp-content\/uploads\/2018\/11\/Edi\u00e7\u00e3o-539-de-28-de-Dezembro-de-2018.pdf\" target=\"_blank\">&gt;&gt; Edi\u00e7\u00e3o 539 de 28 de Dezembro de 2018<\/a><\/p>\n<p><a href=\"https:\/\/www.orlandia.sp.gov.br\/novo\/wp-content\/uploads\/2018\/11\/Edi\u00e7\u00e3o-538-de-21-de-Dezembro-de-2018.pdf\" target=\"_blank\">&gt;&gt; Edi\u00e7\u00e3o 538 de 21 de Dezembro de 2018<\/a><\/p>\n<p><a href=\"https:\/\/www.orlandia.sp.gov.br\/novo\/wp-content\/uploads\/2018\/11\/Edi\u00e7\u00e3o-537-de-20-de-Dezembro-de-2018-Edi\u00e7\u00e3o-Extraordin\u00e1ria.pdf\" target=\"_blank\">&gt;&gt; Edi\u00e7\u00e3o 537 de 20 de Dezembro de 2018 &#8211; Edi\u00e7\u00e3o Extraordin\u00e1ria<\/a><\/p>\n<p><a href=\"https:\/\/www.orlandia.sp.gov.br\/novo\/wp-content\/uploads\/2018\/11\/Edi\u00e7\u00e3o-536-de-19-de-Dezembro-de-2018-Edi\u00e7\u00e3o-Extraordin\u00e1ria.pdf\" target=\"_blank\">&gt;&gt; Edi\u00e7\u00e3o 536 de 19 de Dezembro de 2018 &#8211; Edi\u00e7\u00e3o Extraordin\u00e1ria<\/a><\/p>\n<p><a href=\"https:\/\/www.orlandia.sp.gov.br\/novo\/wp-content\/uploads\/2018\/11\/Edi\u00e7\u00e3o-535-de-18-de-Dezembro-de-2018-Edi\u00e7\u00e3o-Extraordin\u00e1ria.pdf\" target=\"_blank\">&gt;&gt; Edi\u00e7\u00e3o 535 de 18 de Dezembro de 2018 &#8211; Edi\u00e7\u00e3o Extraordin\u00e1ria<\/a><\/p>\n<p><a href=\"https:\/\/www.orlandia.sp.gov.br\/novo\/wp-content\/uploads\/2018\/11\/Edi\u00e7\u00e3o-534-de-18-de-Dezembro-de-2018.pdf\" target=\"_blank\">&gt;&gt; Edi\u00e7\u00e3o 534 de 18 de Dezembro de 2018<\/a><\/p>\n<p><a href=\"https:\/\/www.orlandia.sp.gov.br\/novo\/wp-content\/uploads\/2018\/11\/Edi\u00e7\u00e3o-533-de-17-de-Dezembro-de-2018-Edi\u00e7\u00e3o-Extraordin\u00e1ria.pdf\" target=\"_blank\">&gt;&gt; Edi\u00e7\u00e3o 533 de 17 de Dezembro de 2018 &#8211; Edi\u00e7\u00e3o Extraordin\u00e1ria<\/a><\/p>\n<p><a href=\"https:\/\/www.orlandia.sp.gov.br\/novo\/wp-content\/uploads\/2018\/11\/Edi\u00e7\u00e3o-532-de-14-de-Dezembro-de-2018-Edi\u00e7\u00e3o-Extraordin\u00e1ria.pdf\" target=\"_blank\">&gt;&gt; Edi\u00e7\u00e3o 532 de 14 de Dezembro de 2018 &#8211; Edi\u00e7\u00e3o Extraordin\u00e1ria<\/a><\/p>\n<p><a href=\"https:\/\/www.orlandia.sp.gov.br\/novo\/wp-content\/uploads\/2018\/11\/Edi\u00e7\u00e3o-531-de-14-de-Dezembro-de-2018.pdf\" target=\"_blank\">&gt;&gt; Edi\u00e7\u00e3o 531 de 14 de Dezembro de 2018<\/a><\/p>\n<p><a href=\"https:\/\/www.orlandia.sp.gov.br\/novo\/wp-content\/uploads\/2018\/11\/Edi\u00e7\u00e3o-530-de-13-de-Dezembro-de-2018-Edi\u00e7\u00e3o-Extraordin\u00e1ria-1.pdf\" target=\"_blank\">&gt;&gt; Edi\u00e7\u00e3o 530 de 13 de Dezembro de 2018 &#8211; Edi\u00e7\u00e3o Extraordin\u00e1ria<\/a><\/p>\n<p><a href=\"https:\/\/www.orlandia.sp.gov.br\/novo\/wp-content\/uploads\/2018\/11\/Edi\u00e7\u00e3o-529-de-11-de-Dezembro-de-2018-Edi\u00e7\u00e3o-Extraordin\u00e1ria.pdf\" target=\"_blank\">&gt;&gt; Edi\u00e7\u00e3o 529 de 11 de Dezembro de 2018 &#8211; Edi\u00e7\u00e3o Extraordin\u00e1ria<\/a><\/p>\n<p><a href=\"https:\/\/www.orlandia.sp.gov.br\/novo\/wp-content\/uploads\/2018\/11\/Edi\u00e7\u00e3o-528-de-11-de-Dezembro-de-2018.pdf\" target=\"_blank\">&gt;&gt; Edi\u00e7\u00e3o 528 de 11 de Dezembro de 2018<\/a><\/p>\n<p><a href=\"https:\/\/www.orlandia.sp.gov.br\/novo\/wp-content\/uploads\/2018\/11\/Edi\u00e7\u00e3o-527-de-10-de-Dezembro-de-2018-Edi\u00e7\u00e3o-Extraordin\u00e1ria.pdf\" target=\"_blank\">&gt;&gt; Edi\u00e7\u00e3o 527 de 10 de Dezembro de 2018 &#8211; Edi\u00e7\u00e3o Extraordin\u00e1ria<\/a><\/p>\n<p><a href=\"https:\/\/www.orlandia.sp.gov.br\/novo\/wp-content\/uploads\/2018\/11\/Edi\u00e7\u00e3o-526-de-07-de-Dezembro-de-2018.pdf\" target=\"_blank\">&gt;&gt; Edi\u00e7\u00e3o 526 de 07 de Dezembro de 2018<\/a><\/p>\n<p><a href=\"https:\/\/www.orlandia.sp.gov.br\/novo\/wp-content\/uploads\/2018\/11\/Edi\u00e7\u00e3o-525-de-06-de-Dezembro-de-2018-Edi\u00e7\u00e3o-Extraordin\u00e1ria.pdf\" target=\"_blank\">&gt;&gt; Edi\u00e7\u00e3o 525 de 06 de Dezembro de 2018 &#8211; Edi\u00e7\u00e3o Extraordin\u00e1ria<\/a><\/p>\n<p><a href=\"https:\/\/www.orlandia.sp.gov.br\/novo\/wp-content\/uploads\/2018\/11\/Edi\u00e7\u00e3o-524-de-05-de-Dezembro-de-2018-Edi\u00e7\u00e3o-Extraordin\u00e1ria.pdf\" target=\"_blank\">&gt;&gt; Edi\u00e7\u00e3o 524 de 05 de Dezembro de 2018 &#8211; Edi\u00e7\u00e3o Extraordin\u00e1ria<\/a><\/p>\n<p><a href=\"https:\/\/www.orlandia.sp.gov.br\/novo\/wp-content\/uploads\/2018\/11\/Edi\u00e7\u00e3o-523-de-04-de-Dezembro-de-2018.pdf\" target=\"_blank\">&gt;&gt; Edi\u00e7\u00e3o 523 de 04 de Dezembro de 2018<\/a><\/p>\n","protected":false},"excerpt":{"rendered":"<p>&gt;&gt; Edi\u00e7\u00e3o 539 de 28 de Dezembro de 2018 &gt;&gt; Edi\u00e7\u00e3o 538 de 21 de Dezembro de 2018 &gt;&gt; Edi\u00e7\u00e3o<\/p>\n","protected":false},"author":1,"featured_media":0,"parent":0,"menu_order":0,"comment_status":"closed","ping_status":"closed","template":"","meta":{"ngg_post_thumbnail":0,"footnotes":""},"magazineBlocksPostFeaturedMedia":{"thumbnail":false,"medium":false,"medium_large":false,"large":false,"1536x1536":false,"2048x2048":false,"colormag-highlighted-post":false,"colormag-featured-post-medium":false,"colormag-featured-post-small":false,"colormag-featured-image":false,"colormag-default-news":false,"colormag-featured-image-large":false},"magazineBlocksPostAuthor":{"name":"admin","avatar":"https:\/\/secure.gravatar.com\/avatar\/5140b312f1bcbe8516bfaa79917f11b3?s=96&d=mm&r=g"},"magazineBlocksPostCommentsNumber":false,"magazineBlocksPostExcerpt":"&gt;&gt; Edi\u00e7\u00e3o 539 de 28 de Dezembro de 2018 &gt;&gt; Edi\u00e7\u00e3o 538 de 21 de Dezembro de 2018 &gt;&gt; Edi\u00e7\u00e3o","magazineBlocksPostCategories":[],"_links":{"self":[{"href":"https:\/\/www.orlandia.sp.gov.br\/novo\/wp-json\/wp\/v2\/pages\/12803"}],"collection":[{"href":"https:\/\/www.orlandia.sp.gov.br\/novo\/wp-json\/wp\/v2\/pages"}],"about":[{"href":"https:\/\/www.orlandia.sp.gov.br\/novo\/wp-json\/wp\/v2\/types\/page"}],"author":[{"embeddable":true,"href":"https:\/\/www.orlandia.sp.gov.br\/novo\/wp-json\/wp\/v2\/users\/1"}],"replies":[{"embeddable":true,"href":"https:\/\/www.orlandia.sp.gov.br\/novo\/wp-json\/wp\/v2\/comments?post=12803"}],"version-history":[{"count":21,"href":"https:\/\/www.orlandia.sp.gov.br\/novo\/wp-json\/wp\/v2\/pages\/12803\/revisions"}],"predecessor-version":[{"id":12951,"href":"https:\/\/www.orlandia.sp.gov.br\/novo\/wp-json\/wp\/v2\/pages\/12803\/revisions\/12951"}],"wp:attachment":[{"href":"https:\/\/www.orlandia.sp.gov.br\/novo\/wp-json\/wp\/v2\/media?parent=12803"}],"curies":[{"name":"wp","href":"https:\/\/api.w.org\/{rel}","templated":true}]}}