{"id":12726,"date":"2018-10-29T11:44:00","date_gmt":"2018-10-29T14:44:00","guid":{"rendered":"https:\/\/www.orlandia.sp.gov.br\/novo\/?page_id=12726"},"modified":"2018-11-30T17:39:58","modified_gmt":"2018-11-30T20:39:58","slug":"jornal-oficial-de-orlandia-novembro-de-2018","status":"publish","type":"page","link":"https:\/\/www.orlandia.sp.gov.br\/novo\/jornal-oficial-de-orlandia-novembro-de-2018","title":{"rendered":"Jornal Oficial de Orl\u00e2ndia \u2013 Novembro de 2018"},"content":{"rendered":"<p><a href=\"https:\/\/www.orlandia.sp.gov.br\/novo\/wp-content\/uploads\/2018\/10\/Edi\u00e7\u00e3o-522-de-30-de-Novembro-de-2018-Edi\u00e7\u00e3o-Extraordin\u00e1ria.pdf\" target=\"_blank\">&gt;&gt; Edi\u00e7\u00e3o 522 de 30 de Novembro de 2018 &#8211; Edi\u00e7\u00e3o Extraordin\u00e1ria<\/a><\/p>\n<p><a href=\"https:\/\/www.orlandia.sp.gov.br\/novo\/wp-content\/uploads\/2018\/10\/Jornal-Oficial-Orl\u00e2ndia-30-11-2018.pdf\" target=\"_blank\">&gt;&gt; Edi\u00e7\u00e3o 521 de 30 de Novembro de 2018<\/a><\/p>\n<p><a href=\"https:\/\/www.orlandia.sp.gov.br\/novo\/wp-content\/uploads\/2018\/10\/Jornal-Oficial-Orl\u00e2ndia-29-11-2018-Edi\u00e7\u00e3o-Extraordin\u00e1ria.pdf\" target=\"_blank\">&gt;&gt; Edi\u00e7\u00e3o 520 de 29 de Novembro de 2018 &#8211; Edi\u00e7\u00e3o Extraordin\u00e1ria<\/a><\/p>\n<p><a href=\"https:\/\/www.orlandia.sp.gov.br\/novo\/wp-content\/uploads\/2018\/10\/Jornal-Oficial-Orl\u00e2ndia-28-11-2018-Edi\u00e7\u00e3o-Extraordin\u00e1ria.pdf\" target=\"_blank\">&gt;&gt; Edi\u00e7\u00e3o 519 de 28 de Novembro de 2018 &#8211; Edi\u00e7\u00e3o Extraordin\u00e1ria<\/a><\/p>\n<p><a href=\"https:\/\/www.orlandia.sp.gov.br\/novo\/wp-content\/uploads\/2018\/10\/Jornal-Oficial-Orl\u00e2ndia-27-11-2018.pdf\" target=\"_blank\">&gt;&gt; Edi\u00e7\u00e3o 518 de 27 de Novembro de 2018<\/a><\/p>\n<p><a href=\"https:\/\/www.orlandia.sp.gov.br\/novo\/wp-content\/uploads\/2018\/10\/Jornal-Oficial-Orl\u00e2ndia-26-11-2018-Edi\u00e7\u00e3o-Extraordin\u00e1ria.pdf\" target=\"_blank\">&gt;&gt; Edi\u00e7\u00e3o 517 de 26 de Novembro de 2018 &#8211; Edi\u00e7\u00e3o Extraordin\u00e1ria<\/a><\/p>\n<p><a href=\"https:\/\/www.orlandia.sp.gov.br\/novo\/wp-content\/uploads\/2018\/10\/Edicao-516-de-23-de-Novembro-de-2018.pdf\" target=\"_blank\">&gt;&gt; Edi\u00e7\u00e3o 516 de 23 de Novembro de 2018<\/a><\/p>\n<p><a href=\"https:\/\/www.orlandia.sp.gov.br\/novo\/wp-content\/uploads\/2018\/10\/Edicao-515-de-22-de-Novembro-de-2018.pdf\" target=\"_blank\">&gt;&gt; Edi\u00e7\u00e3o 515 de 22 de Novembro de 2018 &#8211; Edi\u00e7\u00e3o Extraordin\u00e1ria<br \/>\n<\/a><\/p>\n<p><a href=\"https:\/\/www.orlandia.sp.gov.br\/novo\/wp-content\/uploads\/2018\/10\/Edicao-514-de-21-de-Novembro-de-2018.pdf\" target=\"_blank\">&gt;&gt; Edi\u00e7\u00e3o 514 de 21 de Novembro de 2018 &#8211; Edi\u00e7\u00e3o Extraordin\u00e1ria<br \/>\n<\/a><\/p>\n<p><a href=\"https:\/\/www.orlandia.sp.gov.br\/novo\/wp-content\/uploads\/2018\/10\/Jornal-Oficial-Orl\u00e2ndia-20-11-2018.pdf\" target=\"_blank\">&gt;&gt; Edi\u00e7\u00e3o 513 de 20 de Novembro de 2018<\/a><\/p>\n<p><a href=\"https:\/\/www.orlandia.sp.gov.br\/novo\/wp-content\/uploads\/2018\/10\/Jornal-Oficial-Orl\u00e2ndia-19-11-2018-Edi\u00e7\u00e3o-Extraordin\u00e1ria.pdf\" target=\"_blank\">&gt;&gt; Edi\u00e7\u00e3o 512 de 19 de Novembro de 2018 &#8211; Edi\u00e7\u00e3o Extraordin\u00e1ria<\/a><\/p>\n<p><a href=\"https:\/\/www.orlandia.sp.gov.br\/novo\/wp-content\/uploads\/2018\/10\/Jornal-Oficial-Orl\u00e2ndia-14-11-2018-Edi\u00e7\u00e3o-Extraordin\u00e1ria.pdf\" target=\"_blank\">&gt;&gt; Edi\u00e7\u00e3o 511 de 14 de Novembro de 2018 &#8211; Edi\u00e7\u00e3o Extraordin\u00e1ria<\/a><\/p>\n<p><a href=\"https:\/\/www.orlandia.sp.gov.br\/novo\/wp-content\/uploads\/2018\/10\/Jornal-Oficial-Orl\u00e2ndia-13-11-2018.pdf\" target=\"_blank\">&gt;&gt; Edi\u00e7\u00e3o 510 de 13 de Novembro de 2018<\/a><\/p>\n<p><a href=\"https:\/\/www.orlandia.sp.gov.br\/novo\/wp-content\/uploads\/2018\/10\/Jornal-Oficial-Orl\u00e2ndia-09-11-2018.pdf\" target=\"_blank\">&gt;&gt; Edi\u00e7\u00e3o 509 de 09 de Novembro de 2018<\/a><\/p>\n<p><a href=\"https:\/\/www.orlandia.sp.gov.br\/novo\/wp-content\/uploads\/2018\/10\/Jornal-Oficial-Orl\u00e2ndia-08-11-2018-Edi\u00e7\u00e3o-Extraordin\u00e1ria.pdf\" target=\"_blank\">&gt;&gt; Edi\u00e7\u00e3o 508 de 08 de Novembro de 2018 &#8211; Edi\u00e7\u00e3o Extraordin\u00e1ria<\/a><\/p>\n<p><a href=\"https:\/\/www.orlandia.sp.gov.br\/novo\/wp-content\/uploads\/2018\/10\/Jornal-Oficial-Orl\u00e2ndia-06-11-2018.pdf\" target=\"_blank\">&gt;&gt; Edi\u00e7\u00e3o 507 de 06 de Novembro de 2018<\/a><\/p>\n","protected":false},"excerpt":{"rendered":"<p>&gt;&gt; Edi\u00e7\u00e3o 522 de 30 de Novembro de 2018 &#8211; Edi\u00e7\u00e3o Extraordin\u00e1ria &gt;&gt; Edi\u00e7\u00e3o 521 de 30 de Novembro de<\/p>\n","protected":false},"author":1,"featured_media":0,"parent":0,"menu_order":0,"comment_status":"closed","ping_status":"closed","template":"","meta":{"ngg_post_thumbnail":0,"footnotes":""},"magazineBlocksPostFeaturedMedia":{"thumbnail":false,"medium":false,"medium_large":false,"large":false,"1536x1536":false,"2048x2048":false,"colormag-highlighted-post":false,"colormag-featured-post-medium":false,"colormag-featured-post-small":false,"colormag-featured-image":false,"colormag-default-news":false,"colormag-featured-image-large":false},"magazineBlocksPostAuthor":{"name":"admin","avatar":"https:\/\/secure.gravatar.com\/avatar\/5140b312f1bcbe8516bfaa79917f11b3?s=96&d=mm&r=g"},"magazineBlocksPostCommentsNumber":false,"magazineBlocksPostExcerpt":"&gt;&gt; Edi\u00e7\u00e3o 522 de 30 de Novembro de 2018 &#8211; Edi\u00e7\u00e3o Extraordin\u00e1ria &gt;&gt; Edi\u00e7\u00e3o 521 de 30 de Novembro de","magazineBlocksPostCategories":[],"_links":{"self":[{"href":"https:\/\/www.orlandia.sp.gov.br\/novo\/wp-json\/wp\/v2\/pages\/12726"}],"collection":[{"href":"https:\/\/www.orlandia.sp.gov.br\/novo\/wp-json\/wp\/v2\/pages"}],"about":[{"href":"https:\/\/www.orlandia.sp.gov.br\/novo\/wp-json\/wp\/v2\/types\/page"}],"author":[{"embeddable":true,"href":"https:\/\/www.orlandia.sp.gov.br\/novo\/wp-json\/wp\/v2\/users\/1"}],"replies":[{"embeddable":true,"href":"https:\/\/www.orlandia.sp.gov.br\/novo\/wp-json\/wp\/v2\/comments?post=12726"}],"version-history":[{"count":18,"href":"https:\/\/www.orlandia.sp.gov.br\/novo\/wp-json\/wp\/v2\/pages\/12726\/revisions"}],"predecessor-version":[{"id":12813,"href":"https:\/\/www.orlandia.sp.gov.br\/novo\/wp-json\/wp\/v2\/pages\/12726\/revisions\/12813"}],"wp:attachment":[{"href":"https:\/\/www.orlandia.sp.gov.br\/novo\/wp-json\/wp\/v2\/media?parent=12726"}],"curies":[{"name":"wp","href":"https:\/\/api.w.org\/{rel}","templated":true}]}}