{"id":12501,"date":"2018-08-31T15:20:48","date_gmt":"2018-08-31T18:20:48","guid":{"rendered":"https:\/\/www.orlandia.sp.gov.br\/novo\/?page_id=12501"},"modified":"2018-09-28T17:22:38","modified_gmt":"2018-09-28T20:22:38","slug":"jornal-oficial-de-orlandia-setembro-de-2018","status":"publish","type":"page","link":"https:\/\/www.orlandia.sp.gov.br\/novo\/jornal-oficial-de-orlandia-setembro-de-2018","title":{"rendered":"Jornal Oficial de Orl\u00e2ndia &#8211; Setembro de 2018"},"content":{"rendered":"<p><a href=\"https:\/\/www.orlandia.sp.gov.br\/novo\/wp-content\/uploads\/2018\/08\/Jornal-Oficial-Orl\u00e2ndia-28-09-2018.pdf\" target=\"_blank\">&gt;&gt; Edi\u00e7\u00e3o 486 de 28 de Setembro de 2018<\/a><\/p>\n<p><a href=\"https:\/\/www.orlandia.sp.gov.br\/novo\/wp-content\/uploads\/2018\/08\/Jornal-Oficial-Orl\u00e2ndia-27-09-2018-Edi\u00e7\u00e3o-Extraordin\u00e1ria.pdf\" target=\"_blank\">&gt;&gt; Edi\u00e7\u00e3o 485 de 27 de Setembro de 2018 &#8211; Edi\u00e7\u00e3o Extraordin\u00e1ria<\/a><\/p>\n<p><a href=\"https:\/\/www.orlandia.sp.gov.br\/novo\/wp-content\/uploads\/2018\/08\/Jornal-Oficial-Orl\u00e2ndia-26-09-2018-Edi\u00e7\u00e3o-Extraordin\u00e1ria.pdf\" target=\"_blank\">&gt;&gt; Edi\u00e7\u00e3o 484 de 26 de Setembro de 2018 &#8211; Edi\u00e7\u00e3o Extraordin\u00e1ria<\/a><\/p>\n<p><a href=\"https:\/\/www.orlandia.sp.gov.br\/novo\/wp-content\/uploads\/2018\/08\/Jornal-Oficial-Orl\u00e2ndia-25-09-2018.pdf\" target=\"_blank\">&gt;&gt; Edi\u00e7\u00e3o 483 de 25 de Setembro de 2018<\/a><\/p>\n<p><a href=\"https:\/\/www.orlandia.sp.gov.br\/novo\/wp-content\/uploads\/2018\/08\/Jornal-Oficial-Orl\u00e2ndia-24-09-2018-Edi\u00e7\u00e3o-Extraordin\u00e1ria.pdf\" target=\"_blank\">&gt;&gt; Edi\u00e7\u00e3o 482 de 24 de Setembro de 2018 &#8211; Edi\u00e7\u00e3o Extraordin\u00e1ria<\/a><\/p>\n<p><a href=\"https:\/\/www.orlandia.sp.gov.br\/novo\/wp-content\/uploads\/2018\/08\/Jornal-Oficial-Orl\u00e2ndia-21-09-2018.pdf\" target=\"_blank\">&gt;&gt; Edi\u00e7\u00e3o 481 de 21 de Setembro de 2018<\/a><\/p>\n<p><a href=\"https:\/\/www.orlandia.sp.gov.br\/novo\/wp-content\/uploads\/2018\/08\/Jornal-Oficial-Orl\u00e2ndia-20-09-2018-Edi\u00e7\u00e3o-Extraordin\u00e1ria.pdf\" target=\"_blank\">&gt;&gt; Edi\u00e7\u00e3o 480 de 20 de Setembro de 2018 &#8211; Edi\u00e7\u00e3o Extraordin\u00e1ria<\/a><\/p>\n<p><a href=\"https:\/\/www.orlandia.sp.gov.br\/novo\/wp-content\/uploads\/2018\/08\/Jornal-Oficial-Orl\u00e2ndia-18-09-2018.pdf\" target=\"_blank\">&gt;&gt; Edi\u00e7\u00e3o 479 de 18 de Setembro de 2018<\/a><\/p>\n<p><a href=\"https:\/\/www.orlandia.sp.gov.br\/novo\/wp-content\/uploads\/2018\/08\/Jornal-Oficial-Orl\u00e2ndia-17-09-2018-Edi\u00e7\u00e3o-Extraordin\u00e1ria.pdf\" target=\"_blank\">&gt;&gt; Edi\u00e7\u00e3o 478 de 17 de Setembro de 2018 &#8211; Edi\u00e7\u00e3o Extraordin\u00e1ria<\/a><\/p>\n<p><a href=\"https:\/\/www.orlandia.sp.gov.br\/novo\/wp-content\/uploads\/2018\/08\/Jornal-Oficial-Orl\u00e2ndia-14-09-2018.pdf\" target=\"_blank\">&gt;&gt; Edi\u00e7\u00e3o 477 de 14 de Setembro de 2018<\/a><\/p>\n<p><a href=\"https:\/\/www.orlandia.sp.gov.br\/novo\/wp-content\/uploads\/2018\/08\/Jornal-Oficial-Orl\u00e2ndia-13-09-2018-Edi\u00e7\u00e3o-Extraordin\u00e1ria.pdf\" target=\"_blank\">&gt;&gt; Edi\u00e7\u00e3o 476 de 13 de Setembro de 2018 &#8211; Edi\u00e7\u00e3o Extraordin\u00e1ria<\/a><\/p>\n<p><a href=\"https:\/\/www.orlandia.sp.gov.br\/novo\/wp-content\/uploads\/2018\/08\/Jornal-Oficial-Orl\u00e2ndia-12-09-2018-Edi\u00e7\u00e3o-Extraordin\u00e1ria.pdf\" target=\"_blank\">&gt;&gt; Edi\u00e7\u00e3o 475 de 12 de Setembro de 2018 &#8211; Edi\u00e7\u00e3o Extraordin\u00e1ria<\/a><\/p>\n<p><a href=\"https:\/\/www.orlandia.sp.gov.br\/novo\/wp-content\/uploads\/2018\/08\/Jornal-Oficial-Orl\u00e2ndia-11-09-2018.pdf\" target=\"_blank\">&gt;&gt; Edi\u00e7\u00e3o 474 de 11 de Setembro de 2018<\/a><\/p>\n<p><a href=\"https:\/\/www.orlandia.sp.gov.br\/novo\/wp-content\/uploads\/2018\/08\/Jornal-Oficial-Orl\u00e2ndia-10-09-2018-Edi\u00e7\u00e3o-Extraordin\u00e1ria.pdf\" target=\"_blank\">&gt;&gt; Edi\u00e7\u00e3o 473 de 10 de Setembro de 2018 &#8211; Edi\u00e7\u00e3o Extraordin\u00e1ria<\/a><\/p>\n<p><a href=\"https:\/\/www.orlandia.sp.gov.br\/novo\/wp-content\/uploads\/2018\/08\/Jornal-Oficial-Orl\u00e2ndia-06-09-2018-Edi\u00e7\u00e3o-Extraordin\u00e1ria.pdf\" target=\"_blank\">&gt;&gt; Edi\u00e7\u00e3o 472 de 06 de Setembro de 2018 &#8211; Edi\u00e7\u00e3o Extraordin\u00e1ria<\/a><\/p>\n<p><a href=\"https:\/\/www.orlandia.sp.gov.br\/novo\/wp-content\/uploads\/2018\/08\/Jornal-Oficial-Orl\u00e2ndia-05-09-2018-Edi\u00e7\u00e3o-Extraordin\u00e1ria.pdf\" target=\"_blank\">&gt;&gt; Edi\u00e7\u00e3o 471 de 05 de Setembro de 2018 &#8211; Edi\u00e7\u00e3o Extraordin\u00e1ria<\/a><\/p>\n<p><a href=\"https:\/\/www.orlandia.sp.gov.br\/novo\/wp-content\/uploads\/2018\/08\/Jornal-Oficial-Orl\u00e2ndia-04-09-2018.pdf\" target=\"_blank\">&gt;&gt; Edi\u00e7\u00e3o 470 de 04 de Setembro de 2018<\/a><\/p>\n","protected":false},"excerpt":{"rendered":"<p>&gt;&gt; Edi\u00e7\u00e3o 486 de 28 de Setembro de 2018 &gt;&gt; Edi\u00e7\u00e3o 485 de 27 de Setembro de 2018 &#8211; Edi\u00e7\u00e3o<\/p>\n","protected":false},"author":1,"featured_media":0,"parent":0,"menu_order":0,"comment_status":"closed","ping_status":"closed","template":"","meta":{"ngg_post_thumbnail":0,"footnotes":""},"magazineBlocksPostFeaturedMedia":{"thumbnail":false,"medium":false,"medium_large":false,"large":false,"1536x1536":false,"2048x2048":false,"colormag-highlighted-post":false,"colormag-featured-post-medium":false,"colormag-featured-post-small":false,"colormag-featured-image":false,"colormag-default-news":false,"colormag-featured-image-large":false},"magazineBlocksPostAuthor":{"name":"admin","avatar":"https:\/\/secure.gravatar.com\/avatar\/5140b312f1bcbe8516bfaa79917f11b3?s=96&d=mm&r=g"},"magazineBlocksPostCommentsNumber":false,"magazineBlocksPostExcerpt":"&gt;&gt; Edi\u00e7\u00e3o 486 de 28 de Setembro de 2018 &gt;&gt; Edi\u00e7\u00e3o 485 de 27 de Setembro de 2018 &#8211; Edi\u00e7\u00e3o","magazineBlocksPostCategories":[],"_links":{"self":[{"href":"https:\/\/www.orlandia.sp.gov.br\/novo\/wp-json\/wp\/v2\/pages\/12501"}],"collection":[{"href":"https:\/\/www.orlandia.sp.gov.br\/novo\/wp-json\/wp\/v2\/pages"}],"about":[{"href":"https:\/\/www.orlandia.sp.gov.br\/novo\/wp-json\/wp\/v2\/types\/page"}],"author":[{"embeddable":true,"href":"https:\/\/www.orlandia.sp.gov.br\/novo\/wp-json\/wp\/v2\/users\/1"}],"replies":[{"embeddable":true,"href":"https:\/\/www.orlandia.sp.gov.br\/novo\/wp-json\/wp\/v2\/comments?post=12501"}],"version-history":[{"count":19,"href":"https:\/\/www.orlandia.sp.gov.br\/novo\/wp-json\/wp\/v2\/pages\/12501\/revisions"}],"predecessor-version":[{"id":12616,"href":"https:\/\/www.orlandia.sp.gov.br\/novo\/wp-json\/wp\/v2\/pages\/12501\/revisions\/12616"}],"wp:attachment":[{"href":"https:\/\/www.orlandia.sp.gov.br\/novo\/wp-json\/wp\/v2\/media?parent=12501"}],"curies":[{"name":"wp","href":"https:\/\/api.w.org\/{rel}","templated":true}]}}