{"id":1234,"date":"2013-10-03T11:35:20","date_gmt":"2013-10-03T14:35:20","guid":{"rendered":"https:\/\/www.orlandia.sp.gov.br\/novo\/?page_id=1234"},"modified":"2026-01-09T08:24:25","modified_gmt":"2026-01-09T11:24:25","slug":"servidor-publico","status":"publish","type":"page","link":"https:\/\/www.orlandia.sp.gov.br\/novo\/servicos\/servidor-publico","title":{"rendered":"Servidor P\u00fablico"},"content":{"rendered":"<p style=\"text-align: justify;\"><strong>\u00bb <a href=\"http:\/\/requisicao.orlandia.sp.gov.br\/requisicao\/index.php\" target=\"_blank\" rel=\"noopener\">Requisi\u00e7\u00e3o Eletr\u00f4nica<\/a><\/strong><\/p>\n<p style=\"text-align: justify;\"><strong>\u00bb <a href=\"https:\/\/minhafolha.betha.cloud\/\" target=\"_blank\" rel=\"noopener\">Holerite online<\/a>.<\/strong><\/p>\n<p style=\"text-align: justify;\"><strong>\u00bb <a href=\"https:\/\/www.orlandia.sp.gov.br\/dados\/perguntas_e_respostas_holerith_internet.pdf\" target=\"_blank\" rel=\"noopener\">Perguntas e respostas da emiss\u00e3o de holerite pela internet<\/a>.<\/strong><\/p>\n<p style=\"text-align: justify;\"><strong>\u00bb <a href=\"https:\/\/www.orlandia.sp.gov.br\/dados\/tira_duvidas_compensacao_de_licenca_premio_com_tributos.pdf\" target=\"_blank\" rel=\"noopener\">Tira D\u00favidas Compensa\u00e7\u00e3o de licen\u00e7a-pr\u00eamio com tributos<\/a>.<\/strong><\/p>\n<p style=\"text-align: justify;\"><strong>\u00bb <a href=\"https:\/\/www.orlandia.sp.gov.br\/novo\/wp-content\/uploads\/2013\/10\/Edital-divulga\u00e7\u00e3o-da-isen\u00e7\u00e3o-exerc\u00edcio-2015.doc\">Edital divulga\u00e7\u00e3o da isen\u00e7\u00e3o &#8211; exerc\u00edcio 2015<\/a><\/strong><\/p>\n<p style=\"text-align: justify;\"><strong>\u00bb <a href=\"https:\/\/www.orlandia.sp.gov.br\/novo\/wp-content\/uploads\/2026\/01\/Guia.Transf.Bens_.Microsoft.Excel_.xls\">Controle de Patrim\u00f4nio<\/a>&nbsp;Excel(Guia transfer\u00eancia de bens m\u00f3veis entre setores).<\/strong><\/p>\n<p style=\"text-align: justify;\"><strong>\u00bb <a href=\"https:\/\/www.orlandia.sp.gov.br\/novo\/wp-content\/uploads\/2026\/01\/Guia.Transf.Bens_.LibreOffice.Calc_.ods\">Controle de Patrim\u00f4nio<\/a>&nbsp;LibreOffice(Guia transfer\u00eancia de bens m\u00f3veis entre setores).<\/strong><\/p>\n<p style=\"text-align: justify;\"><strong>\u00bb <a href=\"https:\/\/www.orlandia.sp.gov.br\/novo\/wp-content\/uploads\/2018\/07\/tv.exe\">Acesso Remoto &#8211; TeamViewer<\/a><\/strong><\/p>\n","protected":false},"excerpt":{"rendered":"<p>\u00bb Requisi\u00e7\u00e3o Eletr\u00f4nica \u00bb Holerite online. \u00bb Perguntas e respostas da emiss\u00e3o de holerite pela internet. \u00bb Tira D\u00favidas Compensa\u00e7\u00e3o<\/p>\n","protected":false},"author":1,"featured_media":0,"parent":1444,"menu_order":0,"comment_status":"closed","ping_status":"closed","template":"","meta":{"ngg_post_thumbnail":0,"footnotes":""},"magazineBlocksPostFeaturedMedia":{"thumbnail":false,"medium":false,"medium_large":false,"large":false,"1536x1536":false,"2048x2048":false,"colormag-highlighted-post":false,"colormag-featured-post-medium":false,"colormag-featured-post-small":false,"colormag-featured-image":false,"colormag-default-news":false,"colormag-featured-image-large":false},"magazineBlocksPostAuthor":{"name":"admin","avatar":"https:\/\/secure.gravatar.com\/avatar\/5140b312f1bcbe8516bfaa79917f11b3?s=96&d=mm&r=g"},"magazineBlocksPostCommentsNumber":false,"magazineBlocksPostExcerpt":"\u00bb Requisi\u00e7\u00e3o Eletr\u00f4nica \u00bb Holerite online. \u00bb Perguntas e respostas da emiss\u00e3o de holerite pela internet. \u00bb Tira D\u00favidas Compensa\u00e7\u00e3o","magazineBlocksPostCategories":[],"_links":{"self":[{"href":"https:\/\/www.orlandia.sp.gov.br\/novo\/wp-json\/wp\/v2\/pages\/1234"}],"collection":[{"href":"https:\/\/www.orlandia.sp.gov.br\/novo\/wp-json\/wp\/v2\/pages"}],"about":[{"href":"https:\/\/www.orlandia.sp.gov.br\/novo\/wp-json\/wp\/v2\/types\/page"}],"author":[{"embeddable":true,"href":"https:\/\/www.orlandia.sp.gov.br\/novo\/wp-json\/wp\/v2\/users\/1"}],"replies":[{"embeddable":true,"href":"https:\/\/www.orlandia.sp.gov.br\/novo\/wp-json\/wp\/v2\/comments?post=1234"}],"version-history":[{"count":55,"href":"https:\/\/www.orlandia.sp.gov.br\/novo\/wp-json\/wp\/v2\/pages\/1234\/revisions"}],"predecessor-version":[{"id":41217,"href":"https:\/\/www.orlandia.sp.gov.br\/novo\/wp-json\/wp\/v2\/pages\/1234\/revisions\/41217"}],"up":[{"embeddable":true,"href":"https:\/\/www.orlandia.sp.gov.br\/novo\/wp-json\/wp\/v2\/pages\/1444"}],"wp:attachment":[{"href":"https:\/\/www.orlandia.sp.gov.br\/novo\/wp-json\/wp\/v2\/media?parent=1234"}],"curies":[{"name":"wp","href":"https:\/\/api.w.org\/{rel}","templated":true}]}}