{"id":12337,"date":"2018-07-27T14:57:58","date_gmt":"2018-07-27T17:57:58","guid":{"rendered":"https:\/\/www.orlandia.sp.gov.br\/novo\/?page_id=12337"},"modified":"2018-08-31T17:22:06","modified_gmt":"2018-08-31T20:22:06","slug":"jornal-oficial-de-orlandia-agosto-de-2018","status":"publish","type":"page","link":"https:\/\/www.orlandia.sp.gov.br\/novo\/jornal-oficial-de-orlandia-agosto-de-2018","title":{"rendered":"Jornal Oficial de Orl\u00e2ndia &#8211; Agosto de 2018"},"content":{"rendered":"<p><a href=\"https:\/\/www.orlandia.sp.gov.br\/novo\/wp-content\/uploads\/2018\/07\/Jornal-Oficial-Orl\u00e2ndia-31-08-2018.pdf\" target=\"_blank\">&gt;&gt; Edi\u00e7\u00e3o 469 de 31 de Agosto de 2018<\/a><\/p>\n<p><a href=\"https:\/\/www.orlandia.sp.gov.br\/novo\/wp-content\/uploads\/2018\/07\/Jornal-Oficial-Orl\u00e2ndia-30-08-2018-Edi\u00e7\u00e3o-Extraordin\u00e1ria.pdf\" target=\"_blank\">&gt;&gt; Edi\u00e7\u00e3o 468 de 30 de Agosto de 2018 &#8211; Edi\u00e7\u00e3o Extraordin\u00e1ria<\/a><\/p>\n<p><a href=\"https:\/\/www.orlandia.sp.gov.br\/novo\/wp-content\/uploads\/2018\/07\/Jornal-Oficial-Orl\u00e2ndia-29-08-2018-Edi\u00e7\u00e3o-Extraordin\u00e1ria.pdf\" target=\"_blank\">&gt;&gt; Edi\u00e7\u00e3o 467 de 29 de Agosto de 2018 &#8211; Edi\u00e7\u00e3o Extraordin\u00e1ria<\/a><\/p>\n<p><a href=\"https:\/\/www.orlandia.sp.gov.br\/novo\/wp-content\/uploads\/2018\/07\/Jornal-Oficial-Orl\u00e2ndia-28-08-2018-1.pdf\" target=\"_blank\">&gt;&gt; Edi\u00e7\u00e3o 466 de 28 de Agosto de 2018<\/a><\/p>\n<p><a href=\"https:\/\/www.orlandia.sp.gov.br\/novo\/wp-content\/uploads\/2018\/07\/Jornal-Oficial-Orl\u00e2ndia-27-08-2018-Edi\u00e7\u00e3o-Extraordin\u00e1ria.pdf\" target=\"_blank\">&gt;&gt; Edi\u00e7\u00e3o 465 de 27 de Agosto de 2018 &#8211; Edi\u00e7\u00e3o Extraordin\u00e1ria<\/a><\/p>\n<p><a href=\"https:\/\/www.orlandia.sp.gov.br\/novo\/wp-content\/uploads\/2018\/07\/Jornal-Oficial-Orl\u00e2ndia-24-08-2018.pdf\" target=\"_blank\">&gt;&gt; Edi\u00e7\u00e3o 464 de 24 de Agosto de 2018<\/a><\/p>\n<p><a href=\"https:\/\/www.orlandia.sp.gov.br\/novo\/wp-content\/uploads\/2018\/07\/Jornal-Oficial-Orl\u00e2ndia-23-08-2018-Edi\u00e7\u00e3o-Extraordin\u00e1ria.pdf\" target=\"_blank\">&gt;&gt; Edi\u00e7\u00e3o 463 de 23 de Agosto de 2018 &#8211; Edi\u00e7\u00e3o Extraordin\u00e1ria<\/a><\/p>\n<p><a href=\"https:\/\/www.orlandia.sp.gov.br\/novo\/wp-content\/uploads\/2018\/07\/Jornal-Oficial-Orl\u00e2ndia-22-08-2018-Edi\u00e7\u00e3o-Extraordin\u00e1ria.pdf\" target=\"_blank\">&gt;&gt; Edi\u00e7\u00e3o 462 de 22 de Agosto de 2018 &#8211; Edi\u00e7\u00e3o Extraordin\u00e1ria<\/a><\/p>\n<p><a href=\"https:\/\/www.orlandia.sp.gov.br\/novo\/wp-content\/uploads\/2018\/07\/Jornal-Oficial-Orl\u00e2ndia-21-08-2018.pdf\" target=\"_blank\">&gt;&gt; Edi\u00e7\u00e3o 461 de 21 de Agosto de 2018<\/a><\/p>\n<p><a href=\"https:\/\/www.orlandia.sp.gov.br\/novo\/wp-content\/uploads\/2018\/07\/Jornal-Oficial-Orl\u00e2ndia-17-08-2018.pdf\" target=\"_blank\">&gt;&gt; Edi\u00e7\u00e3o 460 de 17 de Agosto de 2018<\/a><\/p>\n<p><a href=\"https:\/\/www.orlandia.sp.gov.br\/novo\/wp-content\/uploads\/2018\/07\/Jornal-Oficial-Orl\u00e2ndia-15-08-2018-Edi\u00e7\u00e3o-Extraordin\u00e1ria.pdf\" target=\"_blank\">&gt;&gt; Edi\u00e7\u00e3o 459 de 15 de Agosto de 2018 &#8211; Edi\u00e7\u00e3o Extraordin\u00e1ria<\/a><\/p>\n<p><a href=\"https:\/\/www.orlandia.sp.gov.br\/novo\/wp-content\/uploads\/2018\/07\/Jornal-Oficial-Orl\u00e2ndia-14-08-2018.pdf\" target=\"_blank\">&gt;&gt; Edi\u00e7\u00e3o 458 de 14 de Agosto de 2018<\/a><\/p>\n<p><a href=\"https:\/\/www.orlandia.sp.gov.br\/novo\/wp-content\/uploads\/2018\/07\/Jornal-Oficial-Orl\u00e2ndia-10-08-2018.pdf\" target=\"_blank\">&gt;&gt; Edi\u00e7\u00e3o 457 de 10 de Agosto de 2018<\/a><\/p>\n<p><a href=\"https:\/\/www.orlandia.sp.gov.br\/novo\/wp-content\/uploads\/2018\/07\/Jornal-Oficial-Orl\u00e2ndia-09-08-2018-Edi\u00e7\u00e3o-Extraordin\u00e1ria.pdf\" target=\"_blank\">&gt;&gt; Edi\u00e7\u00e3o 456 de 09 de Agosto de 2018 &#8211; Edi\u00e7\u00e3o Extraordin\u00e1ria<\/a><\/p>\n<p><a href=\"https:\/\/www.orlandia.sp.gov.br\/novo\/wp-content\/uploads\/2018\/07\/Jornal-Oficial-Orl\u00e2ndia-07-08-2018.pdf\" target=\"_blank\">&gt;&gt; Edi\u00e7\u00e3o 455 de 07 de Agosto de 2018<\/a><\/p>\n<p><a href=\"https:\/\/www.orlandia.sp.gov.br\/novo\/wp-content\/uploads\/2018\/07\/Jornal-Oficial-Orl\u00e2ndia-06-08-2018-Edi\u00e7\u00e3o-Extraordin\u00e1ria.pdf\" target=\"_blank\">&gt;&gt; Edi\u00e7\u00e3o 454 de 06 de Agosto de 2018 &#8211; Edi\u00e7\u00e3o Extraordin\u00e1ria<\/a><\/p>\n<p><a href=\"https:\/\/www.orlandia.sp.gov.br\/novo\/wp-content\/uploads\/2018\/07\/Jornal-Oficial-Orl\u00e2ndia-03-08-2018.pdf\" target=\"_blank\">&gt;&gt; Edi\u00e7\u00e3o 453 de 03 de Agosto de 2018<\/a><\/p>\n<p><a href=\"https:\/\/www.orlandia.sp.gov.br\/novo\/wp-content\/uploads\/2018\/07\/Jornal-Oficial-Orl\u00e2ndia-02-08-2018-Edi\u00e7\u00e3o-Extraordin\u00e1ria.pdf\" target=\"_blank\">&gt;&gt; Edi\u00e7\u00e3o 452 de 02 de Agosto de 2018 &#8211; Edi\u00e7\u00e3o Extraordin\u00e1ria<\/a><\/p>\n","protected":false},"excerpt":{"rendered":"<p>&gt;&gt; Edi\u00e7\u00e3o 469 de 31 de Agosto de 2018 &gt;&gt; Edi\u00e7\u00e3o 468 de 30 de Agosto de 2018 &#8211; Edi\u00e7\u00e3o<\/p>\n","protected":false},"author":1,"featured_media":0,"parent":0,"menu_order":0,"comment_status":"closed","ping_status":"closed","template":"","meta":{"ngg_post_thumbnail":0,"footnotes":""},"magazineBlocksPostFeaturedMedia":{"thumbnail":false,"medium":false,"medium_large":false,"large":false,"1536x1536":false,"2048x2048":false,"colormag-highlighted-post":false,"colormag-featured-post-medium":false,"colormag-featured-post-small":false,"colormag-featured-image":false,"colormag-default-news":false,"colormag-featured-image-large":false},"magazineBlocksPostAuthor":{"name":"admin","avatar":"https:\/\/secure.gravatar.com\/avatar\/5140b312f1bcbe8516bfaa79917f11b3?s=96&d=mm&r=g"},"magazineBlocksPostCommentsNumber":false,"magazineBlocksPostExcerpt":"&gt;&gt; Edi\u00e7\u00e3o 469 de 31 de Agosto de 2018 &gt;&gt; Edi\u00e7\u00e3o 468 de 30 de Agosto de 2018 &#8211; Edi\u00e7\u00e3o","magazineBlocksPostCategories":[],"_links":{"self":[{"href":"https:\/\/www.orlandia.sp.gov.br\/novo\/wp-json\/wp\/v2\/pages\/12337"}],"collection":[{"href":"https:\/\/www.orlandia.sp.gov.br\/novo\/wp-json\/wp\/v2\/pages"}],"about":[{"href":"https:\/\/www.orlandia.sp.gov.br\/novo\/wp-json\/wp\/v2\/types\/page"}],"author":[{"embeddable":true,"href":"https:\/\/www.orlandia.sp.gov.br\/novo\/wp-json\/wp\/v2\/users\/1"}],"replies":[{"embeddable":true,"href":"https:\/\/www.orlandia.sp.gov.br\/novo\/wp-json\/wp\/v2\/comments?post=12337"}],"version-history":[{"count":21,"href":"https:\/\/www.orlandia.sp.gov.br\/novo\/wp-json\/wp\/v2\/pages\/12337\/revisions"}],"predecessor-version":[{"id":12506,"href":"https:\/\/www.orlandia.sp.gov.br\/novo\/wp-json\/wp\/v2\/pages\/12337\/revisions\/12506"}],"wp:attachment":[{"href":"https:\/\/www.orlandia.sp.gov.br\/novo\/wp-json\/wp\/v2\/media?parent=12337"}],"curies":[{"name":"wp","href":"https:\/\/api.w.org\/{rel}","templated":true}]}}