{"id":12197,"date":"2018-06-28T16:24:04","date_gmt":"2018-06-28T19:24:04","guid":{"rendered":"https:\/\/www.orlandia.sp.gov.br\/novo\/?page_id=12197"},"modified":"2018-07-31T17:25:04","modified_gmt":"2018-07-31T20:25:04","slug":"jornal-oficial-de-orlandia-julho-de-2018","status":"publish","type":"page","link":"https:\/\/www.orlandia.sp.gov.br\/novo\/jornal-oficial-de-orlandia-julho-de-2018","title":{"rendered":"Jornal Oficial de Orl\u00e2ndia &#8211; Julho de 2018"},"content":{"rendered":"<p><a href=\"https:\/\/www.orlandia.sp.gov.br\/novo\/wp-content\/uploads\/2018\/06\/Jornal-Oficial-Orl\u00e2ndia-31-07-2018.pdf\" target=\"_blank\">&gt;&gt; Edi\u00e7\u00e3o 451 de 31 de Julho de 2018<\/a><\/p>\n<p><a href=\"https:\/\/www.orlandia.sp.gov.br\/novo\/wp-content\/uploads\/2018\/06\/Jornal-Oficial-Orl\u00e2ndia-30-07-2018-Edi\u00e7\u00e3o-Extraordin\u00e1ria.pdf\" target=\"_blank\">&gt;&gt; Edi\u00e7\u00e3o 450 de 30 de Julho 2018 &#8211; Edi\u00e7\u00e3o Extraordin\u00e1ria<\/a><\/p>\n<p><a href=\"https:\/\/www.orlandia.sp.gov.br\/novo\/wp-content\/uploads\/2018\/06\/Jornal-Oficial-Orl\u00e2ndia-27-07-2018.pdf\" target=\"_blank\">&gt;&gt; Edi\u00e7\u00e3o 449 de 27 de Julho de 2018<\/a><\/p>\n<p><a href=\"https:\/\/www.orlandia.sp.gov.br\/novo\/wp-content\/uploads\/2018\/06\/Jornal-Oficial-Orl\u00e2ndia-24-07-2018.pdf\" target=\"_blank\">&gt;&gt; Edi\u00e7\u00e3o 448 de 24 de Julho de 2018<\/a><\/p>\n<p><a href=\"https:\/\/www.orlandia.sp.gov.br\/novo\/wp-content\/uploads\/2018\/06\/Jornal-Oficial-Orl\u00e2ndia-23-07-2018-Edi\u00e7\u00e3o-Extraordin\u00e1ria.pdf\" target=\"_blank\">&gt;&gt; Edi\u00e7\u00e3o 447 de 23 de Julho de 2018 &#8211; Edi\u00e7\u00e3o Extraordin\u00e1ria<\/a><\/p>\n<p><a href=\"https:\/\/www.orlandia.sp.gov.br\/novo\/wp-content\/uploads\/2018\/06\/Jornal-Oficial-Orl\u00e2ndia-20-07-2018.pdf\" target=\"_blank\">&gt;&gt; Edi\u00e7\u00e3o 446 de 20 de Julho de 2018<\/a><\/p>\n<p><a href=\"https:\/\/www.orlandia.sp.gov.br\/novo\/wp-content\/uploads\/2018\/06\/Jornal-Oficial-Orl\u00e2ndia-17-07-2018-Edi\u00e7\u00e3o-Extraordin\u00e1ria.pdf\" target=\"_blank\">&gt;&gt; Edi\u00e7\u00e3o 445 de 17 de Julho de 2018 &#8211; Edi\u00e7\u00e3o Extraordin\u00e1ria<\/a><\/p>\n<p><a href=\"https:\/\/www.orlandia.sp.gov.br\/novo\/wp-content\/uploads\/2018\/06\/Jornal-Oficial-Orl\u00e2ndia-17-07-2018.pdf\" target=\"_blank\">&gt;&gt; Edi\u00e7\u00e3o 444 de 17 de Julho de 2018<\/a><\/p>\n<p><a href=\"https:\/\/www.orlandia.sp.gov.br\/novo\/wp-content\/uploads\/2018\/06\/Jornal-Oficial-Orl\u00e2ndia-13-07-2018.pdf\" target=\"_blank\">&gt;&gt; Edi\u00e7\u00e3o 443 de 13 de Julho de 2018<\/a><\/p>\n<p><a href=\"https:\/\/www.orlandia.sp.gov.br\/novo\/wp-content\/uploads\/2018\/06\/Jornal-Oficial-Orl\u00e2ndia-11-07-2018-Edi\u00e7\u00e3o-Extraordin\u00e1ria.pdf\" target=\"_blank\">&gt;&gt; Edi\u00e7\u00e3o 442 de 11 de Julho de 2018 &#8211; Edi\u00e7\u00e3o Extraordin\u00e1ria<\/a><\/p>\n<p><a href=\"https:\/\/www.orlandia.sp.gov.br\/novo\/wp-content\/uploads\/2018\/06\/Jornal-Oficial-Orl\u00e2ndia-10-07-2018-Edi\u00e7\u00e3o-Extraordin\u00e1ria.pdf\" target=\"_blank\">&gt;&gt; Edi\u00e7\u00e3o 441 de 10 de Julho de 2018 &#8211; Edi\u00e7\u00e3o Extraordin\u00e1ria<\/a><\/p>\n<p><a href=\"https:\/\/www.orlandia.sp.gov.br\/novo\/wp-content\/uploads\/2018\/06\/Jornal-Oficial-Orl\u00e2ndia-10-07-2018-1.pdf\" target=\"_blank\">&gt;&gt; Edi\u00e7\u00e3o 440 de 10 de Julho de 2018<\/a><\/p>\n<p><a href=\"https:\/\/www.orlandia.sp.gov.br\/novo\/wp-content\/uploads\/2018\/06\/Jornal-Oficial-Orl\u00e2ndia-06-07-2018.pdf\" target=\"_blank\">&gt;&gt; Edi\u00e7\u00e3o 439 de 06 de Julho de 2018<\/a><\/p>\n<p><a href=\"https:\/\/www.orlandia.sp.gov.br\/novo\/wp-content\/uploads\/2018\/06\/Jornal-Oficial-Orl\u00e2ndia-05-07-2018-Edi\u00e7\u00e3o-Extraordin\u00e1ria.pdf\" target=\"_blank\">&gt;&gt; Edi\u00e7\u00e3o 438 de 05 de Julho de 2018 &#8211; Edi\u00e7\u00e3o Extraordin\u00e1ria<\/a><\/p>\n<p><a href=\"https:\/\/www.orlandia.sp.gov.br\/novo\/wp-content\/uploads\/2018\/06\/Jornal-Oficial-Orl\u00e2ndia-03-07-2018.pdf\" target=\"_blank\">&gt;&gt; Edi\u00e7\u00e3o 437 de 03 de Julho de 2018<\/a><\/p>\n<p><a href=\"https:\/\/www.orlandia.sp.gov.br\/novo\/wp-content\/uploads\/2018\/06\/Jornal-Oficial-Orl\u00e2ndia-02-07-2018-Edi\u00e7\u00e3o-Extraordin\u00e1ria.pdf\" target=\"_blank\">&gt;&gt; Edi\u00e7\u00e3o 436 de 02 de Julho de 2018 &#8211; Edi\u00e7\u00e3o Extraordin\u00e1ria<\/a><\/p>\n","protected":false},"excerpt":{"rendered":"<p>&gt;&gt; Edi\u00e7\u00e3o 451 de 31 de Julho de 2018 &gt;&gt; Edi\u00e7\u00e3o 450 de 30 de Julho 2018 &#8211; Edi\u00e7\u00e3o Extraordin\u00e1ria<\/p>\n","protected":false},"author":1,"featured_media":0,"parent":0,"menu_order":0,"comment_status":"closed","ping_status":"closed","template":"","meta":{"ngg_post_thumbnail":0,"footnotes":""},"magazineBlocksPostFeaturedMedia":{"thumbnail":false,"medium":false,"medium_large":false,"large":false,"1536x1536":false,"2048x2048":false,"colormag-highlighted-post":false,"colormag-featured-post-medium":false,"colormag-featured-post-small":false,"colormag-featured-image":false,"colormag-default-news":false,"colormag-featured-image-large":false},"magazineBlocksPostAuthor":{"name":"admin","avatar":"https:\/\/secure.gravatar.com\/avatar\/5140b312f1bcbe8516bfaa79917f11b3?s=96&d=mm&r=g"},"magazineBlocksPostCommentsNumber":false,"magazineBlocksPostExcerpt":"&gt;&gt; Edi\u00e7\u00e3o 451 de 31 de Julho de 2018 &gt;&gt; Edi\u00e7\u00e3o 450 de 30 de Julho 2018 &#8211; Edi\u00e7\u00e3o Extraordin\u00e1ria","magazineBlocksPostCategories":[],"_links":{"self":[{"href":"https:\/\/www.orlandia.sp.gov.br\/novo\/wp-json\/wp\/v2\/pages\/12197"}],"collection":[{"href":"https:\/\/www.orlandia.sp.gov.br\/novo\/wp-json\/wp\/v2\/pages"}],"about":[{"href":"https:\/\/www.orlandia.sp.gov.br\/novo\/wp-json\/wp\/v2\/types\/page"}],"author":[{"embeddable":true,"href":"https:\/\/www.orlandia.sp.gov.br\/novo\/wp-json\/wp\/v2\/users\/1"}],"replies":[{"embeddable":true,"href":"https:\/\/www.orlandia.sp.gov.br\/novo\/wp-json\/wp\/v2\/comments?post=12197"}],"version-history":[{"count":20,"href":"https:\/\/www.orlandia.sp.gov.br\/novo\/wp-json\/wp\/v2\/pages\/12197\/revisions"}],"predecessor-version":[{"id":12346,"href":"https:\/\/www.orlandia.sp.gov.br\/novo\/wp-json\/wp\/v2\/pages\/12197\/revisions\/12346"}],"wp:attachment":[{"href":"https:\/\/www.orlandia.sp.gov.br\/novo\/wp-json\/wp\/v2\/media?parent=12197"}],"curies":[{"name":"wp","href":"https:\/\/api.w.org\/{rel}","templated":true}]}}