{"id":12120,"date":"2018-06-14T09:29:03","date_gmt":"2018-06-14T12:29:03","guid":{"rendered":"https:\/\/www.orlandia.sp.gov.br\/novo\/?page_id=12120"},"modified":"2019-01-17T15:34:04","modified_gmt":"2019-01-17T18:34:04","slug":"termos-de-colaboracao-2018","status":"publish","type":"page","link":"https:\/\/www.orlandia.sp.gov.br\/novo\/termos-de-colaboracao-2018","title":{"rendered":"Termos de Colabora\u00e7\u00e3o &#8211; 2018"},"content":{"rendered":"<p><a href=\"https:\/\/www.orlandia.sp.gov.br\/novo\/wp-content\/uploads\/2018\/06\/Termo-de-Colabora\u00e7\u00e3o-n-01-2018-Associa\u00e7\u00e3o-de-Prote\u00e7\u00e3o-\u00e0-Inf\u00e2ncia-S\u00e3o-Jos\u00e9.pdf\" target=\"_blank\"><img loading=\"lazy\" decoding=\"async\" class=\"wp-image-9213 alignleft\" style=\"margin-top: -3px;\" src=\"https:\/\/www.orlandia.sp.gov.br\/novo\/wp-content\/uploads\/2016\/08\/icone_pdf.png\" alt=\"icone_pdf\" width=\"26\" height=\"27\" srcset=\"https:\/\/www.orlandia.sp.gov.br\/novo\/wp-content\/uploads\/2016\/08\/icone_pdf.png 237w, https:\/\/www.orlandia.sp.gov.br\/novo\/wp-content\/uploads\/2016\/08\/icone_pdf-150x150.png 150w, https:\/\/www.orlandia.sp.gov.br\/novo\/wp-content\/uploads\/2016\/08\/icone_pdf-50x50.png 50w, https:\/\/www.orlandia.sp.gov.br\/novo\/wp-content\/uploads\/2016\/08\/icone_pdf-125x125.png 125w\" sizes=\"(max-width: 26px) 100vw, 26px\" \/> <\/a><a href=\"https:\/\/www.orlandia.sp.gov.br\/novo\/wp-content\/uploads\/2018\/06\/Termo-de-Colabora\u00e7\u00e3o-n.-01-2018-e-Plano-de-Trabalho.pdf\" target=\"_blank\">Termo de Colabora\u00e7\u00e3o n. 01-2018 e Plano de Trabalho &#8211; Associa\u00e7\u00e3o de Prote\u00e7\u00e3o \u00e0 Inf\u00e2ncia S\u00e3o Jos\u00e9<\/a><\/p>\n<p style=\"text-align: left;\"><a href=\"https:\/\/www.orlandia.sp.gov.br\/novo\/wp-content\/uploads\/2018\/06\/Termo-de-Colabora\u00e7\u00e3o-n-02-2018-APAE.pdf\" target=\"_blank\"><img loading=\"lazy\" decoding=\"async\" class=\"alignleft wp-image-9213\" style=\"margin-top: -3px;\" src=\"https:\/\/www.orlandia.sp.gov.br\/novo\/wp-content\/uploads\/2016\/08\/icone_pdf.png\" alt=\"icone_pdf\" width=\"26\" height=\"27\" srcset=\"https:\/\/www.orlandia.sp.gov.br\/novo\/wp-content\/uploads\/2016\/08\/icone_pdf.png 237w, https:\/\/www.orlandia.sp.gov.br\/novo\/wp-content\/uploads\/2016\/08\/icone_pdf-150x150.png 150w, https:\/\/www.orlandia.sp.gov.br\/novo\/wp-content\/uploads\/2016\/08\/icone_pdf-50x50.png 50w, https:\/\/www.orlandia.sp.gov.br\/novo\/wp-content\/uploads\/2016\/08\/icone_pdf-125x125.png 125w\" sizes=\"(max-width: 26px) 100vw, 26px\" \/> <\/a><a href=\"https:\/\/www.orlandia.sp.gov.br\/novo\/wp-content\/uploads\/2018\/06\/Termo-de-Colabora\u00e7\u00e3o-n.-02-2018-e-Plano-de-Trabalho.pdf\" target=\"_blank\">Termo de Colabora\u00e7\u00e3o n. 02-2018 e Plano de Trabalho &#8211; Associa\u00e7\u00e3o de Pais e Amigos dos Excepcionais de Orl\u00e2ndia &#8211; APAE<\/a><\/p>\n<p style=\"text-align: left;\"><a href=\"https:\/\/www.orlandia.sp.gov.br\/novo\/wp-content\/uploads\/2018\/06\/Termo-de-Colabora\u00e7\u00e3o-n-03-2018-ADEVIRP.pdf\" target=\"_blank\"><img loading=\"lazy\" decoding=\"async\" class=\"alignleft wp-image-9213\" style=\"margin-top: -3px;\" src=\"https:\/\/www.orlandia.sp.gov.br\/novo\/wp-content\/uploads\/2016\/08\/icone_pdf.png\" alt=\"icone_pdf\" width=\"26\" height=\"27\" srcset=\"https:\/\/www.orlandia.sp.gov.br\/novo\/wp-content\/uploads\/2016\/08\/icone_pdf.png 237w, https:\/\/www.orlandia.sp.gov.br\/novo\/wp-content\/uploads\/2016\/08\/icone_pdf-150x150.png 150w, https:\/\/www.orlandia.sp.gov.br\/novo\/wp-content\/uploads\/2016\/08\/icone_pdf-50x50.png 50w, https:\/\/www.orlandia.sp.gov.br\/novo\/wp-content\/uploads\/2016\/08\/icone_pdf-125x125.png 125w\" sizes=\"(max-width: 26px) 100vw, 26px\" \/> <\/a><a href=\"https:\/\/www.orlandia.sp.gov.br\/novo\/wp-content\/uploads\/2018\/06\/Termo-de-Colabora\u00e7\u00e3o-n.-03-2018-e-Plano-de-Trabalho.pdf\" target=\"_blank\">Termo de Colabora\u00e7\u00e3o n. 03-2018 e Plano de Trabalho &#8211; Associa\u00e7\u00e3o dos Deficientes Visuais de Ribeir\u00e3o Preto &#8211; ADEVIRP<\/a><\/p>\n<p style=\"text-align: left;\"><a href=\"https:\/\/www.orlandia.sp.gov.br\/novo\/wp-content\/uploads\/2018\/06\/Termo-de-Colabora\u00e7\u00e3o-n-04-2018-Angels.pdf\" target=\"_blank\"><img loading=\"lazy\" decoding=\"async\" class=\"alignleft wp-image-9213\" style=\"margin-top: -3px;\" src=\"https:\/\/www.orlandia.sp.gov.br\/novo\/wp-content\/uploads\/2016\/08\/icone_pdf.png\" alt=\"icone_pdf\" width=\"26\" height=\"27\" srcset=\"https:\/\/www.orlandia.sp.gov.br\/novo\/wp-content\/uploads\/2016\/08\/icone_pdf.png 237w, https:\/\/www.orlandia.sp.gov.br\/novo\/wp-content\/uploads\/2016\/08\/icone_pdf-150x150.png 150w, https:\/\/www.orlandia.sp.gov.br\/novo\/wp-content\/uploads\/2016\/08\/icone_pdf-50x50.png 50w, https:\/\/www.orlandia.sp.gov.br\/novo\/wp-content\/uploads\/2016\/08\/icone_pdf-125x125.png 125w\" sizes=\"(max-width: 26px) 100vw, 26px\" \/> <\/a><a href=\"https:\/\/www.orlandia.sp.gov.br\/novo\/wp-content\/uploads\/2018\/06\/Termo-de-Colabora\u00e7\u00e3o-n.-04-2018-e-Plano-de-Trabalho.pdf\">Termo de Colabora\u00e7\u00e3o n. 04-2018 e Plano de Trabalho &#8211; Centro de Atividades para Pessoas Especiais &#8211; &#8220;Projeto Vit\u00f3ria&#8221;<\/a><\/p>\n<p style=\"text-align: left;\"><a href=\"https:\/\/www.orlandia.sp.gov.br\/novo\/wp-content\/uploads\/2018\/06\/Termo-de-Colabora\u00e7\u00e3o-n-05-2018-Lar-Frederico-Ozanam.pdf\" target=\"_blank\"><img loading=\"lazy\" decoding=\"async\" class=\"alignleft wp-image-9213\" style=\"margin-top: -3px;\" src=\"https:\/\/www.orlandia.sp.gov.br\/novo\/wp-content\/uploads\/2016\/08\/icone_pdf.png\" alt=\"icone_pdf\" width=\"26\" height=\"27\" srcset=\"https:\/\/www.orlandia.sp.gov.br\/novo\/wp-content\/uploads\/2016\/08\/icone_pdf.png 237w, https:\/\/www.orlandia.sp.gov.br\/novo\/wp-content\/uploads\/2016\/08\/icone_pdf-150x150.png 150w, https:\/\/www.orlandia.sp.gov.br\/novo\/wp-content\/uploads\/2016\/08\/icone_pdf-50x50.png 50w, https:\/\/www.orlandia.sp.gov.br\/novo\/wp-content\/uploads\/2016\/08\/icone_pdf-125x125.png 125w\" sizes=\"(max-width: 26px) 100vw, 26px\" \/> <\/a><a href=\"https:\/\/www.orlandia.sp.gov.br\/novo\/wp-content\/uploads\/2018\/06\/Termo-de-Colabora\u00e7\u00e3o-n.-05-2018-e-Palno-de-Trabalho.pdf\" target=\"_blank\">Termo de Colabora\u00e7\u00e3o n. 05-2018 e Plano de Trabalho &#8211; Lar Frederico Ozanam<\/a><\/p>\n<p style=\"text-align: left;\"><a href=\"https:\/\/www.orlandia.sp.gov.br\/novo\/wp-content\/uploads\/2018\/06\/Termo-de-Colabora\u00e7\u00e3o-n-06-2018-APAE.pdf\" target=\"_blank\"><img loading=\"lazy\" decoding=\"async\" class=\"alignleft wp-image-9213\" style=\"margin-top: -3px;\" src=\"https:\/\/www.orlandia.sp.gov.br\/novo\/wp-content\/uploads\/2016\/08\/icone_pdf.png\" alt=\"icone_pdf\" width=\"26\" height=\"27\" srcset=\"https:\/\/www.orlandia.sp.gov.br\/novo\/wp-content\/uploads\/2016\/08\/icone_pdf.png 237w, https:\/\/www.orlandia.sp.gov.br\/novo\/wp-content\/uploads\/2016\/08\/icone_pdf-150x150.png 150w, https:\/\/www.orlandia.sp.gov.br\/novo\/wp-content\/uploads\/2016\/08\/icone_pdf-50x50.png 50w, https:\/\/www.orlandia.sp.gov.br\/novo\/wp-content\/uploads\/2016\/08\/icone_pdf-125x125.png 125w\" sizes=\"(max-width: 26px) 100vw, 26px\" \/> <\/a><a href=\"https:\/\/www.orlandia.sp.gov.br\/novo\/wp-content\/uploads\/2018\/06\/Termo-de-Colabora\u00e7\u00e3o-n.-06-2018-e-Plano-de-Trabalho.pdf\" target=\"_blank\">Termo de Colabora\u00e7\u00e3o n. 06-2018 e Plano de Trabalho &#8211; Associa\u00e7\u00e3o de Pais e Amigos dos Excepcionais de Orl\u00e2ndia &#8211; APAE<\/a><\/p>\n<p style=\"text-align: left;\"><a href=\"https:\/\/www.orlandia.sp.gov.br\/novo\/wp-content\/uploads\/2018\/06\/Termo-de-Colabora\u00e7\u00e3o-n-07-2018-Lar-Frederico-Ozanam.pdf\" target=\"_blank\"><img loading=\"lazy\" decoding=\"async\" class=\"alignleft wp-image-9213\" style=\"margin-top: -3px;\" src=\"https:\/\/www.orlandia.sp.gov.br\/novo\/wp-content\/uploads\/2016\/08\/icone_pdf.png\" alt=\"icone_pdf\" width=\"26\" height=\"27\" srcset=\"https:\/\/www.orlandia.sp.gov.br\/novo\/wp-content\/uploads\/2016\/08\/icone_pdf.png 237w, https:\/\/www.orlandia.sp.gov.br\/novo\/wp-content\/uploads\/2016\/08\/icone_pdf-150x150.png 150w, https:\/\/www.orlandia.sp.gov.br\/novo\/wp-content\/uploads\/2016\/08\/icone_pdf-50x50.png 50w, https:\/\/www.orlandia.sp.gov.br\/novo\/wp-content\/uploads\/2016\/08\/icone_pdf-125x125.png 125w\" sizes=\"(max-width: 26px) 100vw, 26px\" \/> <\/a><a href=\"https:\/\/www.orlandia.sp.gov.br\/novo\/wp-content\/uploads\/2018\/06\/Termo-de-Colabora\u00e7\u00e3o-n.-07-2018-e-Plano-de-Trabalho.pdf\" target=\"_blank\">Termo de Colabora\u00e7\u00e3o n. 07-2018 e Plano de Trabalho &#8211; Lar Frederico Ozanam<\/a><\/p>\n<p style=\"text-align: left;\"><a href=\"https:\/\/www.orlandia.sp.gov.br\/novo\/wp-content\/uploads\/2018\/06\/Termo-de-Colabora\u00e7\u00e3o-n-07-2018-Lar-Frederico-Ozanam.pdf\" target=\"_blank\"><img loading=\"lazy\" decoding=\"async\" class=\"alignleft wp-image-9213\" style=\"margin-top: -3px;\" src=\"https:\/\/www.orlandia.sp.gov.br\/novo\/wp-content\/uploads\/2016\/08\/icone_pdf.png\" alt=\"icone_pdf\" width=\"26\" height=\"27\" srcset=\"https:\/\/www.orlandia.sp.gov.br\/novo\/wp-content\/uploads\/2016\/08\/icone_pdf.png 237w, https:\/\/www.orlandia.sp.gov.br\/novo\/wp-content\/uploads\/2016\/08\/icone_pdf-150x150.png 150w, https:\/\/www.orlandia.sp.gov.br\/novo\/wp-content\/uploads\/2016\/08\/icone_pdf-50x50.png 50w, https:\/\/www.orlandia.sp.gov.br\/novo\/wp-content\/uploads\/2016\/08\/icone_pdf-125x125.png 125w\" sizes=\"(max-width: 26px) 100vw, 26px\" \/> <\/a><a href=\"https:\/\/www.orlandia.sp.gov.br\/novo\/wp-content\/uploads\/2018\/06\/Termo-de-Colabora\u00e7\u00e3o-n.-08-2018-e-Planode-Trabalho.pdf\" target=\"_blank\">Termo de Colabora\u00e7\u00e3o n. 08-2018 e Plano de Trabalho &#8211; Corpora\u00e7\u00e3o Musical de Orl\u00e2ndia <\/a><\/p>\n<p style=\"text-align: left;\"><a href=\"https:\/\/www.orlandia.sp.gov.br\/novo\/wp-content\/uploads\/2018\/06\/Termo-de-Colabora\u00e7\u00e3o-n-07-2018-Lar-Frederico-Ozanam.pdf\" target=\"_blank\"><img loading=\"lazy\" decoding=\"async\" class=\"alignleft wp-image-9213\" style=\"margin-top: -3px;\" src=\"https:\/\/www.orlandia.sp.gov.br\/novo\/wp-content\/uploads\/2016\/08\/icone_pdf.png\" alt=\"icone_pdf\" width=\"26\" height=\"27\" srcset=\"https:\/\/www.orlandia.sp.gov.br\/novo\/wp-content\/uploads\/2016\/08\/icone_pdf.png 237w, https:\/\/www.orlandia.sp.gov.br\/novo\/wp-content\/uploads\/2016\/08\/icone_pdf-150x150.png 150w, https:\/\/www.orlandia.sp.gov.br\/novo\/wp-content\/uploads\/2016\/08\/icone_pdf-50x50.png 50w, https:\/\/www.orlandia.sp.gov.br\/novo\/wp-content\/uploads\/2016\/08\/icone_pdf-125x125.png 125w\" sizes=\"(max-width: 26px) 100vw, 26px\" \/> <\/a><a href=\"https:\/\/www.orlandia.sp.gov.br\/novo\/wp-content\/uploads\/2018\/06\/Termo-de-Colabora\u00e7\u00e3o-n.-09-2018-e-Plano-de-Trabalho.pdf\" target=\"_blank\">Termo de Colabora\u00e7\u00e3o n. 09-2018 e Plano de Trabalho &#8211; Associa\u00e7\u00e3o de Amigos do Autista &#8211; AMA Ribeir\u00e3o Preto<\/a><\/p>\n<p style=\"text-align: left;\"><a href=\"https:\/\/www.orlandia.sp.gov.br\/novo\/wp-content\/uploads\/2018\/06\/Termo-de-Colabora\u00e7\u00e3o-n-07-2018-Lar-Frederico-Ozanam.pdf\" target=\"_blank\"><img loading=\"lazy\" decoding=\"async\" class=\"alignleft wp-image-9213\" style=\"margin-top: -3px;\" src=\"https:\/\/www.orlandia.sp.gov.br\/novo\/wp-content\/uploads\/2016\/08\/icone_pdf.png\" alt=\"icone_pdf\" width=\"26\" height=\"27\" srcset=\"https:\/\/www.orlandia.sp.gov.br\/novo\/wp-content\/uploads\/2016\/08\/icone_pdf.png 237w, https:\/\/www.orlandia.sp.gov.br\/novo\/wp-content\/uploads\/2016\/08\/icone_pdf-150x150.png 150w, https:\/\/www.orlandia.sp.gov.br\/novo\/wp-content\/uploads\/2016\/08\/icone_pdf-50x50.png 50w, https:\/\/www.orlandia.sp.gov.br\/novo\/wp-content\/uploads\/2016\/08\/icone_pdf-125x125.png 125w\" sizes=\"(max-width: 26px) 100vw, 26px\" \/> <\/a><a href=\"https:\/\/www.orlandia.sp.gov.br\/novo\/wp-content\/uploads\/2018\/06\/Termo-de-Colabora\u00e7\u00e3o-n.-10-2018-e-Plano-de-Trabalho.pdf\" target=\"_blank\">Termo de Colabora\u00e7\u00e3o n. 10-2018 e Plano de Trabalho &#8211; Associa\u00e7\u00e3o Sociocultural Pe. Jamil Alves de Souza<\/a><\/p>\n","protected":false},"excerpt":{"rendered":"<p>Termo de Colabora\u00e7\u00e3o n. 01-2018 e Plano de Trabalho &#8211; Associa\u00e7\u00e3o de Prote\u00e7\u00e3o \u00e0 Inf\u00e2ncia S\u00e3o Jos\u00e9 Termo de Colabora\u00e7\u00e3o<\/p>\n","protected":false},"author":1,"featured_media":0,"parent":0,"menu_order":0,"comment_status":"closed","ping_status":"closed","template":"","meta":{"ngg_post_thumbnail":0,"footnotes":""},"magazineBlocksPostFeaturedMedia":{"thumbnail":false,"medium":false,"medium_large":false,"large":false,"1536x1536":false,"2048x2048":false,"colormag-highlighted-post":false,"colormag-featured-post-medium":false,"colormag-featured-post-small":false,"colormag-featured-image":false,"colormag-default-news":false,"colormag-featured-image-large":false},"magazineBlocksPostAuthor":{"name":"admin","avatar":"https:\/\/secure.gravatar.com\/avatar\/5140b312f1bcbe8516bfaa79917f11b3?s=96&d=mm&r=g"},"magazineBlocksPostCommentsNumber":false,"magazineBlocksPostExcerpt":"Termo de Colabora\u00e7\u00e3o n. 01-2018 e Plano de Trabalho &#8211; Associa\u00e7\u00e3o de Prote\u00e7\u00e3o \u00e0 Inf\u00e2ncia S\u00e3o Jos\u00e9 Termo de Colabora\u00e7\u00e3o","magazineBlocksPostCategories":[],"_links":{"self":[{"href":"https:\/\/www.orlandia.sp.gov.br\/novo\/wp-json\/wp\/v2\/pages\/12120"}],"collection":[{"href":"https:\/\/www.orlandia.sp.gov.br\/novo\/wp-json\/wp\/v2\/pages"}],"about":[{"href":"https:\/\/www.orlandia.sp.gov.br\/novo\/wp-json\/wp\/v2\/types\/page"}],"author":[{"embeddable":true,"href":"https:\/\/www.orlandia.sp.gov.br\/novo\/wp-json\/wp\/v2\/users\/1"}],"replies":[{"embeddable":true,"href":"https:\/\/www.orlandia.sp.gov.br\/novo\/wp-json\/wp\/v2\/comments?post=12120"}],"version-history":[{"count":3,"href":"https:\/\/www.orlandia.sp.gov.br\/novo\/wp-json\/wp\/v2\/pages\/12120\/revisions"}],"predecessor-version":[{"id":13099,"href":"https:\/\/www.orlandia.sp.gov.br\/novo\/wp-json\/wp\/v2\/pages\/12120\/revisions\/13099"}],"wp:attachment":[{"href":"https:\/\/www.orlandia.sp.gov.br\/novo\/wp-json\/wp\/v2\/media?parent=12120"}],"curies":[{"name":"wp","href":"https:\/\/api.w.org\/{rel}","templated":true}]}}