{"id":12103,"date":"2018-06-14T09:02:30","date_gmt":"2018-06-14T12:02:30","guid":{"rendered":"https:\/\/www.orlandia.sp.gov.br\/novo\/?page_id=12103"},"modified":"2019-01-17T15:47:35","modified_gmt":"2019-01-17T18:47:35","slug":"relacao-de-parcerias-celebradas-2018","status":"publish","type":"page","link":"https:\/\/www.orlandia.sp.gov.br\/novo\/relacao-de-parcerias-celebradas-2018","title":{"rendered":"Rela\u00e7\u00e3o de Parcerias Celebradas &#8211; 2018"},"content":{"rendered":"<p><a href=\"https:\/\/www.orlandia.sp.gov.br\/novo\/wp-content\/uploads\/2018\/06\/Rela\u00e7\u00e3o-parcerias-2018-Art.-10-Lei-Federal-n.-13019-2014.pdf\" target=\"_blank\">&gt;&gt; Rela\u00e7\u00e3o parcerias 2018 &#8211; Art. 10 Lei Federal n. 13019-2014<\/a><\/p>\n<p><a href=\"https:\/\/www.orlandia.sp.gov.br\/novo\/wp-content\/uploads\/2018\/06\/Rela\u00e7\u00e3o-parcerias-2018-word-CMDCA.pdf\" target=\"_blank\">&gt;&gt; Rela\u00e7\u00e3o parcerias 2018 &#8211; CMDCA<\/a><\/p>\n","protected":false},"excerpt":{"rendered":"<p>&gt;&gt; Rela\u00e7\u00e3o parcerias 2018 &#8211; Art. 10 Lei Federal n. 13019-2014 &gt;&gt; Rela\u00e7\u00e3o parcerias 2018 &#8211; CMDCA<\/p>\n","protected":false},"author":1,"featured_media":0,"parent":0,"menu_order":0,"comment_status":"closed","ping_status":"closed","template":"","meta":{"ngg_post_thumbnail":0,"footnotes":""},"magazineBlocksPostFeaturedMedia":{"thumbnail":false,"medium":false,"medium_large":false,"large":false,"1536x1536":false,"2048x2048":false,"colormag-highlighted-post":false,"colormag-featured-post-medium":false,"colormag-featured-post-small":false,"colormag-featured-image":false,"colormag-default-news":false,"colormag-featured-image-large":false},"magazineBlocksPostAuthor":{"name":"admin","avatar":"https:\/\/secure.gravatar.com\/avatar\/5140b312f1bcbe8516bfaa79917f11b3?s=96&d=mm&r=g"},"magazineBlocksPostCommentsNumber":false,"magazineBlocksPostExcerpt":"&gt;&gt; Rela\u00e7\u00e3o parcerias 2018 &#8211; Art. 10 Lei Federal n. 13019-2014 &gt;&gt; Rela\u00e7\u00e3o parcerias 2018 &#8211; CMDCA","magazineBlocksPostCategories":[],"_links":{"self":[{"href":"https:\/\/www.orlandia.sp.gov.br\/novo\/wp-json\/wp\/v2\/pages\/12103"}],"collection":[{"href":"https:\/\/www.orlandia.sp.gov.br\/novo\/wp-json\/wp\/v2\/pages"}],"about":[{"href":"https:\/\/www.orlandia.sp.gov.br\/novo\/wp-json\/wp\/v2\/types\/page"}],"author":[{"embeddable":true,"href":"https:\/\/www.orlandia.sp.gov.br\/novo\/wp-json\/wp\/v2\/users\/1"}],"replies":[{"embeddable":true,"href":"https:\/\/www.orlandia.sp.gov.br\/novo\/wp-json\/wp\/v2\/comments?post=12103"}],"version-history":[{"count":5,"href":"https:\/\/www.orlandia.sp.gov.br\/novo\/wp-json\/wp\/v2\/pages\/12103\/revisions"}],"predecessor-version":[{"id":13106,"href":"https:\/\/www.orlandia.sp.gov.br\/novo\/wp-json\/wp\/v2\/pages\/12103\/revisions\/13106"}],"wp:attachment":[{"href":"https:\/\/www.orlandia.sp.gov.br\/novo\/wp-json\/wp\/v2\/media?parent=12103"}],"curies":[{"name":"wp","href":"https:\/\/api.w.org\/{rel}","templated":true}]}}