{"id":12063,"date":"2018-06-04T16:38:47","date_gmt":"2018-06-04T19:38:47","guid":{"rendered":"https:\/\/www.orlandia.sp.gov.br\/novo\/?page_id=12063"},"modified":"2018-06-29T17:03:36","modified_gmt":"2018-06-29T20:03:36","slug":"jornal-oficial-de-orlandia-junho-de-2018","status":"publish","type":"page","link":"https:\/\/www.orlandia.sp.gov.br\/novo\/jornal-oficial-de-orlandia-junho-de-2018","title":{"rendered":"Jornal Oficial de Orl\u00e2ndia \u2013 Junho de 2018"},"content":{"rendered":"<p><a href=\"https:\/\/www.orlandia.sp.gov.br\/novo\/wp-content\/uploads\/2018\/06\/Jornal-Oficial-Orl\u00e2ndia-29-06-2018.pdf\" target=\"_blank\">&gt;&gt; Edi\u00e7\u00e3o 435 de 29 de Junho de 2018<\/a><\/p>\n<p><a href=\"https:\/\/www.orlandia.sp.gov.br\/novo\/wp-content\/uploads\/2018\/06\/Jornal-Oficial-Orl\u00e2ndia-28-06-2018-Edi\u00e7\u00e3o-Extraordin\u00e1ria.pdf\" target=\"_blank\">&gt;&gt; Edi\u00e7\u00e3o 434 de 28 de Junho de 2018 &#8211; Edi\u00e7\u00e3o Extraordin\u00e1ria<\/a><\/p>\n<p><a href=\"https:\/\/www.orlandia.sp.gov.br\/novo\/wp-content\/uploads\/2018\/06\/Jornal-Oficial-Orl\u00e2ndia-26-06-2018.pdf\" target=\"_blank\">&gt;&gt; Edi\u00e7\u00e3o 433 de 26 de Junho de 2018<\/a><\/p>\n<p><a href=\"https:\/\/www.orlandia.sp.gov.br\/novo\/wp-content\/uploads\/2018\/06\/Jornal-Oficial-Orl\u00e2ndia-25-06-2018-Edi\u00e7\u00e3o-Extraordin\u00e1ria.pdf\" target=\"_blank\">&gt;&gt; Edi\u00e7\u00e3o 432 de 25 de Junho de 2018 &#8211; Edi\u00e7\u00e3o Extraordin\u00e1ria<\/a><\/p>\n<p><a href=\"https:\/\/www.orlandia.sp.gov.br\/novo\/wp-content\/uploads\/2018\/06\/Jornal-Oficial-Orl\u00e2ndia-22-06-2018.pdf\" target=\"_blank\">&gt;&gt; Edi\u00e7\u00e3o 431 de 22 de Junho de 2018<\/a><\/p>\n<p><a href=\"https:\/\/www.orlandia.sp.gov.br\/novo\/wp-content\/uploads\/2018\/06\/Jornal-Oficial-Orl\u00e2ndia-20-06-2018-Edi\u00e7\u00e3o-Extraordin\u00e1ria.pdf\" target=\"_blank\">&gt;&gt; Edi\u00e7\u00e3o 430 de 20 de Junho de 2018 &#8211; Edi\u00e7\u00e3o Extraordin\u00e1ria<\/a><\/p>\n<p><a href=\"https:\/\/www.orlandia.sp.gov.br\/novo\/wp-content\/uploads\/2018\/06\/Jornal-Oficial-Orl\u00e2ndia-19-06-2018.pdf\" target=\"_blank\">&gt;&gt; Edi\u00e7\u00e3o 429 de 19 de Junho de 2018<\/a><\/p>\n<p><a href=\"https:\/\/www.orlandia.sp.gov.br\/novo\/wp-content\/uploads\/2018\/06\/Jornal-Oficial-Orl\u00e2ndia-15-06-2018.pdf\" target=\"_blank\">&gt;&gt; Edi\u00e7\u00e3o 428 de 15 de Junho de 2018<\/a><\/p>\n<p><a href=\"https:\/\/www.orlandia.sp.gov.br\/novo\/wp-content\/uploads\/2018\/06\/Jornal-Oficial-Orl\u00e2ndia-14-06-2018-Edi\u00e7\u00e3o-Extraordin\u00e1ria.pdf\" target=\"_blank\">&gt;&gt; Edi\u00e7\u00e3o 427 de 14 de Junho de 2018 &#8211; Edi\u00e7\u00e3o Extraordin\u00e1ria<\/a><\/p>\n<p><a href=\"https:\/\/www.orlandia.sp.gov.br\/novo\/wp-content\/uploads\/2018\/06\/Jornal-Oficial-Orl\u00e2ndia-13-06-2018-Edi\u00e7\u00e3o-Extraordin\u00e1ria.pdf\" target=\"_blank\">&gt;&gt; Edi\u00e7\u00e3o 426 de 13 de Junho de 2018 &#8211; Edi\u00e7\u00e3o Extraordin\u00e1ria<\/a><\/p>\n<p><a href=\"https:\/\/www.orlandia.sp.gov.br\/novo\/wp-content\/uploads\/2018\/06\/Jornal-Oficial-Orl\u00e2ndia-12-06-2018.pdf\" target=\"_blank\">&gt;&gt; Edi\u00e7\u00e3o 425 de 12 de Junho de 2018<\/a><\/p>\n<p><a href=\"https:\/\/www.orlandia.sp.gov.br\/novo\/wp-content\/uploads\/2018\/06\/Jornal-Oficial-Orl\u00e2ndia-08-06-2018.pdf\" target=\"_blank\">&gt;&gt; Edi\u00e7\u00e3o 424 de 08 de Junho de 2018<\/a><\/p>\n<p><a href=\"https:\/\/www.orlandia.sp.gov.br\/novo\/wp-content\/uploads\/2018\/06\/Jornal-Oficial-Orl\u00e2ndia-05-06-2018.pdf\" target=\"_blank\">&gt;&gt; Edi\u00e7\u00e3o 423 de 05 de Junho de 2018<\/a><\/p>\n<p><a href=\"https:\/\/www.orlandia.sp.gov.br\/novo\/wp-content\/uploads\/2018\/06\/Jornal-Oficial-Orl\u00e2ndia-04-06-2018-Edi\u00e7\u00e3o-Extraordin\u00e1ria.pdf\" target=\"_blank\">&gt;&gt; Edi\u00e7\u00e3o 422 de 04 de Junho de 2018 &#8211; Edi\u00e7\u00e3o Extraordin\u00e1ria<\/a><\/p>\n","protected":false},"excerpt":{"rendered":"<p>&gt;&gt; Edi\u00e7\u00e3o 435 de 29 de Junho de 2018 &gt;&gt; Edi\u00e7\u00e3o 434 de 28 de Junho de 2018 &#8211; Edi\u00e7\u00e3o<\/p>\n","protected":false},"author":1,"featured_media":0,"parent":0,"menu_order":0,"comment_status":"closed","ping_status":"closed","template":"","meta":{"ngg_post_thumbnail":0,"footnotes":""},"magazineBlocksPostFeaturedMedia":{"thumbnail":false,"medium":false,"medium_large":false,"large":false,"1536x1536":false,"2048x2048":false,"colormag-highlighted-post":false,"colormag-featured-post-medium":false,"colormag-featured-post-small":false,"colormag-featured-image":false,"colormag-default-news":false,"colormag-featured-image-large":false},"magazineBlocksPostAuthor":{"name":"admin","avatar":"https:\/\/secure.gravatar.com\/avatar\/5140b312f1bcbe8516bfaa79917f11b3?s=96&d=mm&r=g"},"magazineBlocksPostCommentsNumber":false,"magazineBlocksPostExcerpt":"&gt;&gt; Edi\u00e7\u00e3o 435 de 29 de Junho de 2018 &gt;&gt; Edi\u00e7\u00e3o 434 de 28 de Junho de 2018 &#8211; Edi\u00e7\u00e3o","magazineBlocksPostCategories":[],"_links":{"self":[{"href":"https:\/\/www.orlandia.sp.gov.br\/novo\/wp-json\/wp\/v2\/pages\/12063"}],"collection":[{"href":"https:\/\/www.orlandia.sp.gov.br\/novo\/wp-json\/wp\/v2\/pages"}],"about":[{"href":"https:\/\/www.orlandia.sp.gov.br\/novo\/wp-json\/wp\/v2\/types\/page"}],"author":[{"embeddable":true,"href":"https:\/\/www.orlandia.sp.gov.br\/novo\/wp-json\/wp\/v2\/users\/1"}],"replies":[{"embeddable":true,"href":"https:\/\/www.orlandia.sp.gov.br\/novo\/wp-json\/wp\/v2\/comments?post=12063"}],"version-history":[{"count":16,"href":"https:\/\/www.orlandia.sp.gov.br\/novo\/wp-json\/wp\/v2\/pages\/12063\/revisions"}],"predecessor-version":[{"id":12216,"href":"https:\/\/www.orlandia.sp.gov.br\/novo\/wp-json\/wp\/v2\/pages\/12063\/revisions\/12216"}],"wp:attachment":[{"href":"https:\/\/www.orlandia.sp.gov.br\/novo\/wp-json\/wp\/v2\/media?parent=12063"}],"curies":[{"name":"wp","href":"https:\/\/api.w.org\/{rel}","templated":true}]}}