{"id":11885,"date":"2018-04-26T16:14:30","date_gmt":"2018-04-26T19:14:30","guid":{"rendered":"https:\/\/www.orlandia.sp.gov.br\/novo\/?page_id=11885"},"modified":"2018-05-30T17:03:51","modified_gmt":"2018-05-30T20:03:51","slug":"jornal-oficial-de-orlandia-maio-de-2018","status":"publish","type":"page","link":"https:\/\/www.orlandia.sp.gov.br\/novo\/jornal-oficial-de-orlandia-maio-de-2018","title":{"rendered":"Jornal Oficial de Orl\u00e2ndia \u2013 Maio de 2018"},"content":{"rendered":"<p><a href=\"https:\/\/www.orlandia.sp.gov.br\/novo\/wp-content\/uploads\/2018\/04\/Jornal-Oficial-Orl\u00e2ndia-30-05-2018-Edi\u00e7\u00e3o-Extraordin\u00e1ria.pdf\" target=\"_blank\">&gt;&gt; Edi\u00e7\u00e3o 421 de 30 de Maio de 2018 &#8211; Edi\u00e7\u00e3o Extraordin\u00e1ria<\/a><\/p>\n<p><a href=\"https:\/\/www.orlandia.sp.gov.br\/novo\/wp-content\/uploads\/2018\/04\/Jornal-Oficial-Orl\u00e2ndia-29-05-2018-Edi\u00e7\u00e3o-Extraordin\u00e1ria.pdf\" target=\"_blank\">&gt;&gt; Edi\u00e7\u00e3o 420 de 29 de Maio de 2018 &#8211; Edi\u00e7\u00e3o Extraordin\u00e1ria<\/a><\/p>\n<p><a href=\"https:\/\/www.orlandia.sp.gov.br\/novo\/wp-content\/uploads\/2018\/04\/Jornal-Oficial-Orl\u00e2ndia-29-05-2018-1.pdf\" target=\"_blank\">&gt;&gt; Edi\u00e7\u00e3o 419 de 29 de Maio de 2018<\/a><\/p>\n<p><a href=\"https:\/\/www.orlandia.sp.gov.br\/novo\/wp-content\/uploads\/2018\/04\/Jornal-Oficial-Orl\u00e2ndia-28-05-2018-Edi\u00e7\u00e3o-Extraordin\u00e1ria.pdf\" target=\"_blank\">&gt;&gt; Edi\u00e7\u00e3o 418 de 28 de Maio de 2018 &#8211; Edi\u00e7\u00e3o Extraordin\u00e1ria<\/a><\/p>\n<p><a href=\"https:\/\/www.orlandia.sp.gov.br\/novo\/wp-content\/uploads\/2018\/04\/Jornal-Oficial-Orl\u00e2ndia-25-05-2018.pdf\" target=\"_blank\">&gt;&gt; Edi\u00e7\u00e3o 417 de 25 de Maio de 2018<\/a><\/p>\n<p><a href=\"https:\/\/www.orlandia.sp.gov.br\/novo\/wp-content\/uploads\/2018\/04\/Jornal-Oficial-Orl\u00e2ndia-23-05-2018-Edi\u00e7\u00e3o-Extraordin\u00e1ria.pdf\" target=\"_blank\">&gt;&gt; Edi\u00e7\u00e3o 416 de 23 de Maio de 2018 &#8211; Edi\u00e7\u00e3o Extraordin\u00e1ria<\/a><\/p>\n<p><a href=\"https:\/\/www.orlandia.sp.gov.br\/novo\/wp-content\/uploads\/2018\/04\/Jornal-Oficial-Orl\u00e2ndia-22-05-2018.pdf\" target=\"_blank\">&gt;&gt; Edi\u00e7\u00e3o 415 de 22 de Maio de 2018<\/a><\/p>\n<p><a href=\"https:\/\/www.orlandia.sp.gov.br\/novo\/wp-content\/uploads\/2018\/04\/Jornal-Oficial-Orl\u00e2ndia-18-05-2018.pdf\" target=\"_blank\">&gt;&gt; Edi\u00e7\u00e3o 414 de 18 de Maio de 2018<\/a><\/p>\n<p><a href=\"https:\/\/www.orlandia.sp.gov.br\/novo\/wp-content\/uploads\/2018\/04\/Jornal-Oficial-Orl\u00e2ndia-16-05-2018-Edi\u00e7\u00e3o-Extraordin\u00e1ria.pdf\" target=\"_blank\">&gt;&gt; Edi\u00e7\u00e3o 413 de 16 de Maio de 2018 &#8211; Edi\u00e7\u00e3o Extraordin\u00e1ria<\/a><\/p>\n<p><a href=\"https:\/\/www.orlandia.sp.gov.br\/novo\/wp-content\/uploads\/2018\/04\/Jornal-Oficial-Orl\u00e2ndia-15-05-2018.pdf\" target=\"_blank\">&gt;&gt; Edi\u00e7\u00e3o 412 de 15 de Maio de 2018<\/a><\/p>\n<p><a href=\"https:\/\/www.orlandia.sp.gov.br\/novo\/wp-content\/uploads\/2018\/04\/Jornal-Oficial-Orl\u00e2ndia-11-05-2018.pdf\" target=\"_blank\">&gt;&gt; Edi\u00e7\u00e3o 411 de 11 de Maio de 2018<\/a><\/p>\n<p><a href=\"https:\/\/www.orlandia.sp.gov.br\/novo\/wp-content\/uploads\/2018\/04\/Jornal-Oficial-Orl\u00e2ndia-10-05-2018-Edi\u00e7\u00e3o-Extraordin\u00e1ria.pdf\" target=\"_blank\">&gt;&gt; Edi\u00e7\u00e3o 410 de 10 de Maio de 2018 &#8211; Edi\u00e7\u00e3o Extraordin\u00e1ria<\/a><\/p>\n<p><a href=\"https:\/\/www.orlandia.sp.gov.br\/novo\/wp-content\/uploads\/2018\/04\/Jornal-Oficial-Orl\u00e2ndia-08-05-2018.pdf\" target=\"_blank\">&gt;&gt; Edi\u00e7\u00e3o 409 de 08 de Maio de 2018<\/a><\/p>\n<p><a href=\"https:\/\/www.orlandia.sp.gov.br\/novo\/wp-content\/uploads\/2018\/04\/Jornal-Oficial-Orl\u00e2ndia-07-05-2018-Edi\u00e7\u00e3o-Extraordin\u00e1ria.pdf\" target=\"_blank\">&gt;&gt; Edi\u00e7\u00e3o 408 de 07 de Maio de 2018 &#8211; Edi\u00e7\u00e3o Extraordin\u00e1ria<\/a><\/p>\n<p><a href=\"https:\/\/www.orlandia.sp.gov.br\/novo\/wp-content\/uploads\/2018\/04\/Jornal-Oficial-Orl\u00e2ndia-04-05-2018.pdf\" target=\"_blank\">&gt;&gt; Edi\u00e7\u00e3o 407 de 04 de Maio de 2018<\/a><\/p>\n<p><a href=\"https:\/\/www.orlandia.sp.gov.br\/novo\/wp-content\/uploads\/2018\/04\/Jornal-Oficial-Orl\u00e2ndia-02-05-2018-Edi\u00e7\u00e3o-Extraordin\u00e1ria.pdf\" target=\"_blank\">&gt;&gt; Edi\u00e7\u00e3o 406 de 02 de Maio de 2018 &#8211; Edi\u00e7\u00e3o Extraordin\u00e1ria<\/a><\/p>\n","protected":false},"excerpt":{"rendered":"<p>&gt;&gt; Edi\u00e7\u00e3o 421 de 30 de Maio de 2018 &#8211; Edi\u00e7\u00e3o Extraordin\u00e1ria &gt;&gt; Edi\u00e7\u00e3o 420 de 29 de Maio de<\/p>\n","protected":false},"author":1,"featured_media":0,"parent":0,"menu_order":0,"comment_status":"closed","ping_status":"closed","template":"","meta":{"ngg_post_thumbnail":0,"footnotes":""},"magazineBlocksPostFeaturedMedia":{"thumbnail":false,"medium":false,"medium_large":false,"large":false,"1536x1536":false,"2048x2048":false,"colormag-highlighted-post":false,"colormag-featured-post-medium":false,"colormag-featured-post-small":false,"colormag-featured-image":false,"colormag-default-news":false,"colormag-featured-image-large":false},"magazineBlocksPostAuthor":{"name":"admin","avatar":"https:\/\/secure.gravatar.com\/avatar\/5140b312f1bcbe8516bfaa79917f11b3?s=96&d=mm&r=g"},"magazineBlocksPostCommentsNumber":false,"magazineBlocksPostExcerpt":"&gt;&gt; Edi\u00e7\u00e3o 421 de 30 de Maio de 2018 &#8211; Edi\u00e7\u00e3o Extraordin\u00e1ria &gt;&gt; Edi\u00e7\u00e3o 420 de 29 de Maio de","magazineBlocksPostCategories":[],"_links":{"self":[{"href":"https:\/\/www.orlandia.sp.gov.br\/novo\/wp-json\/wp\/v2\/pages\/11885"}],"collection":[{"href":"https:\/\/www.orlandia.sp.gov.br\/novo\/wp-json\/wp\/v2\/pages"}],"about":[{"href":"https:\/\/www.orlandia.sp.gov.br\/novo\/wp-json\/wp\/v2\/types\/page"}],"author":[{"embeddable":true,"href":"https:\/\/www.orlandia.sp.gov.br\/novo\/wp-json\/wp\/v2\/users\/1"}],"replies":[{"embeddable":true,"href":"https:\/\/www.orlandia.sp.gov.br\/novo\/wp-json\/wp\/v2\/comments?post=11885"}],"version-history":[{"count":19,"href":"https:\/\/www.orlandia.sp.gov.br\/novo\/wp-json\/wp\/v2\/pages\/11885\/revisions"}],"predecessor-version":[{"id":12061,"href":"https:\/\/www.orlandia.sp.gov.br\/novo\/wp-json\/wp\/v2\/pages\/11885\/revisions\/12061"}],"wp:attachment":[{"href":"https:\/\/www.orlandia.sp.gov.br\/novo\/wp-json\/wp\/v2\/media?parent=11885"}],"curies":[{"name":"wp","href":"https:\/\/api.w.org\/{rel}","templated":true}]}}