{"id":11804,"date":"2018-04-02T18:17:03","date_gmt":"2018-04-02T21:17:03","guid":{"rendered":"https:\/\/www.orlandia.sp.gov.br\/novo\/?page_id=11804"},"modified":"2018-04-27T17:09:59","modified_gmt":"2018-04-27T20:09:59","slug":"jornal-oficial-de-orlandia-abril-de-2018","status":"publish","type":"page","link":"https:\/\/www.orlandia.sp.gov.br\/novo\/jornal-oficial-de-orlandia-abril-de-2018","title":{"rendered":"Jornal Oficial de Orl\u00e2ndia \u2013 Abril de 2018"},"content":{"rendered":"<p><a href=\"https:\/\/www.orlandia.sp.gov.br\/novo\/wp-content\/uploads\/2018\/04\/Jornal-Oficial-Orl\u00e2ndia-27-04-2018.pdf\" target=\"_blank\">&gt;&gt; Edi\u00e7\u00e3o 405 de 27 de Abril de 2018<\/a><\/p>\n<p><a href=\"https:\/\/www.orlandia.sp.gov.br\/novo\/wp-content\/uploads\/2018\/04\/Jornal-Oficial-Orl\u00e2ndia-26-04-2018-Edi\u00e7\u00e3o-Extraordin\u00e1ria.pdf\" target=\"_blank\">&gt;&gt; Edi\u00e7\u00e3o 404 de 26 de Abril de 2018 &#8211; Edi\u00e7\u00e3o Extraordin\u00e1ria<\/a><\/p>\n<p><a href=\"https:\/\/www.orlandia.sp.gov.br\/novo\/wp-content\/uploads\/2018\/04\/Jornal-Oficial-Orl\u00e2ndia-25-04-2018-Edi\u00e7\u00e3o-Extraordin\u00e1ria.pdf\" target=\"_blank\">&gt;&gt; Edi\u00e7\u00e3o 403 de 25 de Abril de 2018 &#8211; Edi\u00e7\u00e3o Extraordin\u00e1ria<\/a><\/p>\n<p><a href=\"https:\/\/www.orlandia.sp.gov.br\/novo\/wp-content\/uploads\/2018\/04\/Jornal-Oficial-Orl\u00e2ndia-24-04-2018.pdf\" target=\"_blank\">&gt;&gt; Edi\u00e7\u00e3o 402 de 24 de Abril de 2018<\/a><\/p>\n<p><a href=\"https:\/\/www.orlandia.sp.gov.br\/novo\/wp-content\/uploads\/2018\/04\/Jornal-Oficial-Orl\u00e2ndia-20-04-2018.pdf\" target=\"_blank\">&gt;&gt; Edi\u00e7\u00e3o 401 de 20 de Abril de 2018<\/a><\/p>\n<p><a href=\"https:\/\/www.orlandia.sp.gov.br\/novo\/wp-content\/uploads\/2018\/04\/Jornal-Oficial-Orl\u00e2ndia-19-04-2018-Edi\u00e7\u00e3o-Extraordin\u00e1ria.pdf\" target=\"_blank\">&gt;&gt; Edi\u00e7\u00e3o 400 de 19 de Abril de 2018 &#8211; Edi\u00e7\u00e3o Extraordin\u00e1ria<\/a><\/p>\n<p><a href=\"https:\/\/www.orlandia.sp.gov.br\/novo\/wp-content\/uploads\/2018\/04\/Jornal-Oficial-Orl\u00e2ndia-17-04-2018.pdf\" target=\"_blank\">&gt;&gt; Edi\u00e7\u00e3o 399 de 17 de Abril de 2018<\/a><\/p>\n<p><a href=\"https:\/\/www.orlandia.sp.gov.br\/novo\/wp-content\/uploads\/2018\/04\/Jornal-Oficial-Orl\u00e2ndia-16-04-2018-Edi\u00e7\u00e3o-Extraordin\u00e1ria.pdf\" target=\"_blank\">&gt;&gt; Edi\u00e7\u00e3o 398 de 16 de Abril de 2018 &#8211; Edi\u00e7\u00e3o Extraordin\u00e1ria<\/a><\/p>\n<p><a href=\"https:\/\/www.orlandia.sp.gov.br\/novo\/wp-content\/uploads\/2018\/04\/Jornal-Oficial-Orl\u00e2ndia-13-04-2018.pdf\" target=\"_blank\">&gt;&gt; Edi\u00e7\u00e3o 397 de 13 de Abril de 2018<\/a><\/p>\n<p><a href=\"https:\/\/www.orlandia.sp.gov.br\/novo\/wp-content\/uploads\/2018\/04\/Jornal-Oficial-Orl\u00e2ndia-12-04-2018-Edi\u00e7\u00e3o-Extraordin\u00e1ria.pdf\" target=\"_blank\">&gt;&gt; Edi\u00e7\u00e3o 396 de 12 de Abril de 2018 &#8211; Edi\u00e7\u00e3o Extraordin\u00e1ria<\/a><\/p>\n<p><a href=\"https:\/\/www.orlandia.sp.gov.br\/novo\/wp-content\/uploads\/2018\/04\/Jornal-Oficial-Orl\u00e2ndia-10-04-2018.pdf\" target=\"_blank\">&gt;&gt; Edi\u00e7\u00e3o 395 de 10 de Abril de 2018<\/a><\/p>\n<p><a href=\"https:\/\/www.orlandia.sp.gov.br\/novo\/wp-content\/uploads\/2018\/04\/Jornal-Oficial-Orl\u00e2ndia-06-04-2018.pdf\" target=\"_blank\">&gt;&gt; Edi\u00e7\u00e3o 394 de 06 de Abril de 2018<\/a><\/p>\n<p><a href=\"https:\/\/www.orlandia.sp.gov.br\/novo\/wp-content\/uploads\/2018\/04\/Jornal-Oficial-Orl\u00e2ndia-05-04-2018-Edi\u00e7\u00e3o-Extraordin\u00e1ria.pdf\" target=\"_blank\">&gt;&gt; Edi\u00e7\u00e3o 393 de 05 de Abril de 2018 &#8211; Edi\u00e7\u00e3o Extraordin\u00e1ria<\/a><\/p>\n<p><a href=\"https:\/\/www.orlandia.sp.gov.br\/novo\/wp-content\/uploads\/2018\/04\/Jornal-Oficial-Orl\u00e2ndia-04-04-2018.pdf\" target=\"_blank\">&gt;&gt; Edi\u00e7\u00e3o 392 de 04 de Abril de 2018<\/a><\/p>\n<p><a href=\"https:\/\/www.orlandia.sp.gov.br\/novo\/wp-content\/uploads\/2018\/04\/Jornal-Oficial-Orl\u00e2ndia-03-04-2018.pdf\" target=\"_blank\">&gt;&gt; Edi\u00e7\u00e3o 391 de 03 de Abril de 2018<\/a><\/p>\n","protected":false},"excerpt":{"rendered":"<p>&gt;&gt; Edi\u00e7\u00e3o 405 de 27 de Abril de 2018 &gt;&gt; Edi\u00e7\u00e3o 404 de 26 de Abril de 2018 &#8211; Edi\u00e7\u00e3o<\/p>\n","protected":false},"author":1,"featured_media":0,"parent":0,"menu_order":0,"comment_status":"closed","ping_status":"closed","template":"","meta":{"ngg_post_thumbnail":0,"footnotes":""},"magazineBlocksPostFeaturedMedia":{"thumbnail":false,"medium":false,"medium_large":false,"large":false,"1536x1536":false,"2048x2048":false,"colormag-highlighted-post":false,"colormag-featured-post-medium":false,"colormag-featured-post-small":false,"colormag-featured-image":false,"colormag-default-news":false,"colormag-featured-image-large":false},"magazineBlocksPostAuthor":{"name":"admin","avatar":"https:\/\/secure.gravatar.com\/avatar\/5140b312f1bcbe8516bfaa79917f11b3?s=96&d=mm&r=g"},"magazineBlocksPostCommentsNumber":false,"magazineBlocksPostExcerpt":"&gt;&gt; Edi\u00e7\u00e3o 405 de 27 de Abril de 2018 &gt;&gt; Edi\u00e7\u00e3o 404 de 26 de Abril de 2018 &#8211; Edi\u00e7\u00e3o","magazineBlocksPostCategories":[],"_links":{"self":[{"href":"https:\/\/www.orlandia.sp.gov.br\/novo\/wp-json\/wp\/v2\/pages\/11804"}],"collection":[{"href":"https:\/\/www.orlandia.sp.gov.br\/novo\/wp-json\/wp\/v2\/pages"}],"about":[{"href":"https:\/\/www.orlandia.sp.gov.br\/novo\/wp-json\/wp\/v2\/types\/page"}],"author":[{"embeddable":true,"href":"https:\/\/www.orlandia.sp.gov.br\/novo\/wp-json\/wp\/v2\/users\/1"}],"replies":[{"embeddable":true,"href":"https:\/\/www.orlandia.sp.gov.br\/novo\/wp-json\/wp\/v2\/comments?post=11804"}],"version-history":[{"count":20,"href":"https:\/\/www.orlandia.sp.gov.br\/novo\/wp-json\/wp\/v2\/pages\/11804\/revisions"}],"predecessor-version":[{"id":11898,"href":"https:\/\/www.orlandia.sp.gov.br\/novo\/wp-json\/wp\/v2\/pages\/11804\/revisions\/11898"}],"wp:attachment":[{"href":"https:\/\/www.orlandia.sp.gov.br\/novo\/wp-json\/wp\/v2\/media?parent=11804"}],"curies":[{"name":"wp","href":"https:\/\/api.w.org\/{rel}","templated":true}]}}