{"id":114,"date":"2013-09-24T11:42:12","date_gmt":"2013-09-24T14:42:12","guid":{"rendered":"https:\/\/www.orlandia.sp.gov.br\/novo\/?page_id=114"},"modified":"2013-10-02T09:20:20","modified_gmt":"2013-10-02T12:20:20","slug":"telefones-uteis","status":"publish","type":"page","link":"https:\/\/www.orlandia.sp.gov.br\/novo\/utilidades-publicas\/telefones-uteis","title":{"rendered":"Telefones \u00dateis"},"content":{"rendered":"<p><b>AABB &#8211; Associa\u00e7\u00e3o Atl\u00e9tica Banco do Brasil<\/b><br \/>\nEndere\u00e7o: Rua 18, 160A<\/p>\n<p><b>AAO &#8211; Associa\u00e7\u00e3o Atl\u00e9tica Orl\u00e2ndia<\/b><br \/>\nEndere\u00e7o: Rua 04, 845<br \/>\nTelefone: (16) 3826-1711<\/p>\n<p><b>ACIO &#8211; Associa\u00e7\u00e3o Comercial e Industrial de Orl\u00e2ndia<\/b><br \/>\nEndere\u00e7o: Avenida 4, 523<br \/>\nTelefone: (16) 3826-1155<\/p>\n<p><b>Banco do Povo<\/b><br \/>\nEndere\u00e7o: Rua 1, 29<br \/>\nTelefone: (16) 3820-8109<\/p>\n<p><b>Biblioteca Geraldo Rodrigues<\/b><br \/>\nEndere\u00e7o: Pra\u00e7a dos Imigrantes, 460<br \/>\nTelefone: (16) 3826-3154<\/p>\n<p><b>C\u00e2mara Municipal de Orl\u00e2ndia<\/b><br \/>\nEndere\u00e7o: Avenida do Caf\u00e9, 644<br \/>\nTelefone: (16) 3826-1658<\/p>\n<p><b>Casa da Agricultura de Orl\u00e2ndia<\/b><br \/>\nEndere\u00e7o: Rua 8, 946<br \/>\nTelefone: (16) 3826-0779<\/p>\n<p><b>Casa da Cultura Professor Cyro Armando Cata Preta<\/b><br \/>\nEndere\u00e7o: Avenida 2, 161<br \/>\nTelefone: (16) 3820-8153<\/p>\n<p><b>Centro de Lazer Edgard Benini<\/b><br \/>\nEndere\u00e7o: Avenida J, 1158<br \/>\nTelefone: (16) 3726-4390<\/p>\n<p><b>Cemit\u00e9rio Municipal<\/b><br \/>\nEndere\u00e7o: Rua 1, s\/n &#8211; Jardim Nova Orl\u00e2ndia<br \/>\nTelefone: (16) 3820-8043<\/p>\n<p><b>Ciretran<\/b><br \/>\nEndere\u00e7o: Rua 11, 1065<br \/>\nTelefone: (16) 3726-5644<\/p>\n<p><b>Coletoria Estadual<\/b><br \/>\nEndere\u00e7o: Rua 6, 20<br \/>\nTelefone: (16) 3826-2107<\/p>\n<p><b>Contran Municipal<\/b><br \/>\nEndere\u00e7o: Rua 11, 1065<br \/>\nTelefone: (16) 3826-2015<\/p>\n<p><b>Conselho Tutelar de Orl\u00e2ndia<\/b><br \/>\nEndere\u00e7o: Rua 1, 16<br \/>\nTelefone: (16) 3820-8201<\/p>\n<p><b>Corpo de Bombeiros<\/b><br \/>\nEndere\u00e7o: Avenida 10, 1464<br \/>\nTelefone: (16) 3726-4797 e 193<\/p>\n<p><b>Correios A.C.F.<\/b><br \/>\nEndere\u00e7o: Rua 4, 707A &#8211; Jardim Boa Vista<br \/>\nTelefone: (16) 3726-6484<\/p>\n<p><b>Correios E.B.C.T.<\/b><br \/>\nEndere\u00e7o: Rua 4, 351<br \/>\nTelefone: (16) 3726-6200<\/p>\n<p><b>CREO &#8211; Clube Recreativo de Orl\u00e2ndia<\/b><br \/>\nEndere\u00e7o: Rua 04, 124<br \/>\nTelefone: (16) 3726-5554<\/p>\n<p><b>DAE &#8211; Departamento de \u00c1gua e Esgoto<\/b><br \/>\nEndere\u00e7o: Rua 10, 340<br \/>\nTelefone: (16) 3726-6787<\/p>\n<p><b>DER<\/b><br \/>\nEndere\u00e7o: Via Anhanguera, km 373<br \/>\nTelefone: (16) 3826-2643<\/p>\n<p><b>Delegacia de Pol\u00edcia<\/b><br \/>\nEndere\u00e7o: Pra\u00e7a Bandeira, 93<br \/>\nTelefone: (16) 3726-5633<\/p>\n<p><b>Disque Den\u00fancia Pol\u00edcia Civil<\/b><br \/>\nTelefone: 147<\/p>\n<p><b>Esporte Clube Banespa Orl\u00e2ndia<\/b><br \/>\nEndere\u00e7o: Rua 18, 372A<br \/>\nTelefone: (16) 3826-0556<\/p>\n<p><b>F\u00f3rum Tribunal de Justi\u00e7a<\/b><br \/>\nEndere\u00e7o: Pra\u00e7a Coronel Orlando, s\/n<br \/>\nTelefone: (16) 3826-1011<\/p>\n<p><b>Guarda Mirim de Orl\u00e2ndia<\/b><br \/>\nEnrede\u00e7o: Avenida 15, 462<br \/>\nTelefone: (16) 3826-4563<\/p>\n<p><b>Hospital Beneficente Santo Ant\u00f4nio<\/b><br \/>\nEndere\u00e7o: Rua 3, 941<br \/>\nTelefone: (16) 3820-4200<\/p>\n<p><b>Hospital Municipal Am\u00e9rico Alves<\/b><br \/>\nEndere\u00e7o: Rua 6, 1200A<br \/>\nTelefone: (16) 3826-7333<\/p>\n<p><b>Hotel Casa Grande<\/b><br \/>\nEndere\u00e7o: Rua 2, 15<br \/>\nTelefone: (16) 3826-1949<\/p>\n<p><b>Hotel Vivenda<\/b><br \/>\nEndere\u00e7o: Rua 1, 994<br \/>\nTelefone: (16) 3826-0899<\/p>\n<p><b>Hotel S\u00e3o Marcos<\/b><br \/>\nEndere\u00e7o: Avenida 7, 1593<br \/>\nTelefone: (16) 3826 1718<\/p>\n<p><b>INSS<\/b><br \/>\nEndere\u00e7o: Pra\u00e7a M\u00e1rio Furtado, 155<br \/>\nTelefone: (16) 3826-0585<\/p>\n<p><b>Instituto Oswaldo Ribeiro de Mendon\u00e7a<\/b><br \/>\nEndere\u00e7o: Rua 2, 440B<br \/>\nTelefone: (16) 3826-3668<\/p>\n<p><b>Junta do Servi\u00e7o Militar<\/b><br \/>\nEndere\u00e7o: Avenida 4, 652<br \/>\nTelefone: (16) 3820-8069<\/p>\n<p><b>Minist\u00e9rio do Trabalho<\/b><br \/>\nEndere\u00e7o: Rua 2, 2<br \/>\nTelefone: (16) 3726-5600<\/p>\n<p><b>Minist\u00e9rio P\u00fablico SP Prom. P\u00fablica<\/b><br \/>\nEndere\u00e7o: Pra\u00e7a Coronel Orlando, s\/n<br \/>\nTelefone: (16) 3826-2309<\/p>\n<p><b>Museu Lucas M. Barros<\/b><br \/>\nEndere\u00e7o: Avenida 2, 151<br \/>\nTelefone: (16) 3820-8027<\/p>\n<p><b>Ordem Advogados do Brasil<\/b><br \/>\nEndere\u00e7o: Pra\u00e7a Coronel Orlando, s\/n<br \/>\nTelefone: (16) 3726-3838<\/p>\n<p><b>Parque Recreativo Cyro Armando Catta Preta<\/b><br \/>\nEndere\u00e7o: Rua Recinto Parque, s\/n<br \/>\nTelefone: (16) 3726-2323<\/p>\n<p><b>Pol\u00edcia Militar do Estado de S\u00e3o Paulo<\/b><br \/>\nTelefone: (16) 3826-3650 e 190<\/p>\n<p><b>Pol\u00edcia Militar Florestal do Estado de S\u00e3o Paulo<\/b><br \/>\nTelefone: (16) 3826-0422<\/p>\n<p><b>Pol\u00edcia Militar Rodovi\u00e1ria<\/b><br \/>\nTelefone: (16) 3826-2180 e 198<\/p>\n<p><b>Ponto de T\u00e1xi<\/b><br \/>\nEndere\u00e7o: Pra\u00e7a M\u00e1rio Furtado, s\/n<br \/>\nTelefone: (16) 3726-5943<\/p>\n<p><b>Posto Atendimento do Trabalho<\/b><br \/>\nEndere\u00e7o: Avenida D, 422 &#8211; Jardim Boa Vista<br \/>\nTelefone: (16) 3726-2951<\/p>\n<p><b>Posto Fiscal de Orl\u00e2ndia<\/b><br \/>\nEndere\u00e7o: Rua 6, 20<br \/>\nTelefone: (16) 3726-2716<\/p>\n<p><b>Posto de Sa\u00fade<\/b><br \/>\nEndere\u00e7o: Avenida 3, 130<br \/>\nTelefone: (16) 3820-8214<\/p>\n<p><b>Piscina P\u00fablica<\/b><br \/>\nEndere\u00e7o: Avenida 10, s\/n<br \/>\nTelefone: (16) 3826-0923<\/p>\n<p><b>Procuradoria Geral do Estado<\/b><br \/>\nEndere\u00e7o: Avenida do Caf\u00e9, 737<br \/>\nTelefone: (16) 3826-3553<\/p>\n<p><b>Pronto Socorro<\/b><br \/>\nTelefone: (16) 3826-7333<\/p>\n<p><b>Sebrae<\/b><br \/>\nEndere\u00e7o: Rua 10, 340<br \/>\nTelefone: (16) 3826-3935<\/p>\n<p><b>Teatro Municipal<\/b><br \/>\nTelefone: (16) 3820-8151<\/p>\n<p><b>Tribunal Regional Eleitoral<\/b><br \/>\nEndere\u00e7o: Avenida 5, 697<br \/>\nTelefone: (16) 3826-2050<\/p>\n<p><b>UBS II<\/b><br \/>\nEndere\u00e7o: Avenida 19, 1728 &#8211; Vila Bucci<br \/>\nTelefone: (16) 3826-3503<\/p>\n<p><b>UBS III<\/b><br \/>\nEndere\u00e7o: Avenida W, 783 &#8211; Jardim Santa Rita<br \/>\nTelefone: (16) 3826-8385<\/p>\n<p><b>UBS IV<\/b><br \/>\nEndere\u00e7o: Rua 3, 1645 &#8211; Gruta<br \/>\nTelefone: (16) 3820-8211<\/p>\n<p><b>Vel\u00f3rio Para\u00edso<\/b><br \/>\nEndere\u00e7o: Avenida 15, 662 &#8211; Jardim Para\u00edso<br \/>\nTelefone: (16) 3726-3292<\/p>\n<p><b>Vel\u00f3rio S\u00e3o Jos\u00e9<\/b><br \/>\nEndere\u00e7o: Avenida 17, 290 &#8211; Jardim Nova Orl\u00e2ndia<br \/>\nTelefone: (16) 3726-4948<\/p>\n<p><b>Via Norte Concession\u00e1ria<\/b><br \/>\nTelefone: 0800-701-3070<\/p>\n<p><b>Via\u00e7\u00e3o Real Expresso<\/b><br \/>\nTelefone: (16) 3726-3284<\/p>\n<p><b>Via\u00e7\u00e3o S\u00e3o Bento<\/b><br \/>\nTelefone: (16) 3726-2866<\/p>\n<p><b>Vigil\u00e2ncia Sanit\u00e1ria (Controle de Vetores)<\/b><br \/>\nTelefone: (16) 3820-8225<\/p>\n","protected":false},"excerpt":{"rendered":"<p>AABB &#8211; Associa\u00e7\u00e3o Atl\u00e9tica Banco do Brasil Endere\u00e7o: Rua 18, 160A AAO &#8211; Associa\u00e7\u00e3o Atl\u00e9tica Orl\u00e2ndia Endere\u00e7o: Rua 04, 845<\/p>\n","protected":false},"author":1,"featured_media":0,"parent":990,"menu_order":0,"comment_status":"open","ping_status":"open","template":"","meta":{"ngg_post_thumbnail":0,"footnotes":""},"magazineBlocksPostFeaturedMedia":{"thumbnail":false,"medium":false,"medium_large":false,"large":false,"1536x1536":false,"2048x2048":false,"colormag-highlighted-post":false,"colormag-featured-post-medium":false,"colormag-featured-post-small":false,"colormag-featured-image":false,"colormag-default-news":false,"colormag-featured-image-large":false},"magazineBlocksPostAuthor":{"name":"admin","avatar":"https:\/\/secure.gravatar.com\/avatar\/5140b312f1bcbe8516bfaa79917f11b3?s=96&d=mm&r=g"},"magazineBlocksPostCommentsNumber":false,"magazineBlocksPostExcerpt":"AABB &#8211; Associa\u00e7\u00e3o Atl\u00e9tica Banco do Brasil Endere\u00e7o: Rua 18, 160A AAO &#8211; Associa\u00e7\u00e3o Atl\u00e9tica Orl\u00e2ndia Endere\u00e7o: Rua 04, 845","magazineBlocksPostCategories":[],"_links":{"self":[{"href":"https:\/\/www.orlandia.sp.gov.br\/novo\/wp-json\/wp\/v2\/pages\/114"}],"collection":[{"href":"https:\/\/www.orlandia.sp.gov.br\/novo\/wp-json\/wp\/v2\/pages"}],"about":[{"href":"https:\/\/www.orlandia.sp.gov.br\/novo\/wp-json\/wp\/v2\/types\/page"}],"author":[{"embeddable":true,"href":"https:\/\/www.orlandia.sp.gov.br\/novo\/wp-json\/wp\/v2\/users\/1"}],"replies":[{"embeddable":true,"href":"https:\/\/www.orlandia.sp.gov.br\/novo\/wp-json\/wp\/v2\/comments?post=114"}],"version-history":[{"count":76,"href":"https:\/\/www.orlandia.sp.gov.br\/novo\/wp-json\/wp\/v2\/pages\/114\/revisions"}],"predecessor-version":[{"id":190,"href":"https:\/\/www.orlandia.sp.gov.br\/novo\/wp-json\/wp\/v2\/pages\/114\/revisions\/190"}],"up":[{"embeddable":true,"href":"https:\/\/www.orlandia.sp.gov.br\/novo\/wp-json\/wp\/v2\/pages\/990"}],"wp:attachment":[{"href":"https:\/\/www.orlandia.sp.gov.br\/novo\/wp-json\/wp\/v2\/media?parent=114"}],"curies":[{"name":"wp","href":"https:\/\/api.w.org\/{rel}","templated":true}]}}