{"id":11334,"date":"2017-12-28T14:26:44","date_gmt":"2017-12-28T17:26:44","guid":{"rendered":"https:\/\/www.orlandia.sp.gov.br\/novo\/?page_id=11334"},"modified":"2018-04-26T16:13:42","modified_gmt":"2018-04-26T19:13:42","slug":"jornal-oficial-de-orlandia-janeiro-de-2018","status":"publish","type":"page","link":"https:\/\/www.orlandia.sp.gov.br\/novo\/jornal-oficial-de-orlandia-janeiro-de-2018","title":{"rendered":"Jornal Oficial de Orl\u00e2ndia &#8211; Janeiro de 2018"},"content":{"rendered":"<p><a href=\"https:\/\/www.orlandia.sp.gov.br\/novo\/wp-content\/uploads\/2017\/12\/Jornal-Oficial-Orl\u00e2ndia-31-01-2018-Edi\u00e7\u00e3o-Extraordin\u00e1ria.pdf\" target=\"_blank\">&gt;&gt; Edi\u00e7\u00e3o 358 de 31 de Janeiro de 2018 &#8211; Edi\u00e7\u00e3o Extraordin\u00e1ria<\/a><\/p>\n<p><a href=\"https:\/\/www.orlandia.sp.gov.br\/novo\/wp-content\/uploads\/2017\/12\/Jornal-Oficial-Orl\u00e2ndia-30-01-2018.pdf\" target=\"_blank\">&gt;&gt; Edi\u00e7\u00e3o 357 de 30 de Janeiro de 2018<\/a><\/p>\n<p><a href=\"https:\/\/www.orlandia.sp.gov.br\/novo\/wp-content\/uploads\/2017\/12\/Jornal-Oficial-Orl\u00e2ndia-29-01-2018-Edi\u00e7\u00e3o-Extraordin\u00e1ria.pdf\" target=\"_blank\">&gt;&gt; Edi\u00e7\u00e3o 356 de 29 de Janeiro de 2018 &#8211; Edi\u00e7\u00e3o Extraordin\u00e1ria<\/a><\/p>\n<p><a href=\"https:\/\/www.orlandia.sp.gov.br\/novo\/wp-content\/uploads\/2017\/12\/Jornal-Oficial-Orl\u00e2ndia-26-01-2018.pdf\" target=\"_blank\">&gt;&gt; Edi\u00e7\u00e3o 355 de 26 de Janeiro de 2018<\/a><\/p>\n<p><a href=\"https:\/\/www.orlandia.sp.gov.br\/novo\/wp-content\/uploads\/2017\/12\/Jornal-Oficial-Orl\u00e2ndia-23-01-2018.pdf\" target=\"_blank\">&gt;&gt; Edi\u00e7\u00e3o 354 de 23 de Janeiro de 2018<\/a><\/p>\n<p><a href=\"https:\/\/www.orlandia.sp.gov.br\/novo\/wp-content\/uploads\/2017\/12\/Jornal-Oficial-Orl\u00e2ndia-22-01-2018-Edi\u00e7\u00e3o-Extraordin\u00e1ria.pdf\" target=\"_blank\">&gt;&gt; Edi\u00e7\u00e3o 353 de 22 de Janeiro de 2018 &#8211; Edi\u00e7\u00e3o Extraordin\u00e1ria<\/a><\/p>\n<p><a href=\"https:\/\/www.orlandia.sp.gov.br\/novo\/wp-content\/uploads\/2017\/12\/Jornal-Oficial-Orl\u00e2ndia-19-01-2018.pdf\" target=\"_blank\">&gt;&gt; Edi\u00e7\u00e3o 352 de 19 de Janeiro de 2018<\/a><\/p>\n<p><a href=\"https:\/\/www.orlandia.sp.gov.br\/novo\/wp-content\/uploads\/2017\/12\/Jornal-Oficial-Orl\u00e2ndia-18-01-2018-Edi\u00e7\u00e3o-Extraordin\u00e1ria.pdf\" target=\"_blank\">&gt;&gt; Edi\u00e7\u00e3o 351 de 18 de Janeiro de 2018 &#8211; Edi\u00e7\u00e3o Extraordin\u00e1ria<\/a><\/p>\n<p><a href=\"https:\/\/www.orlandia.sp.gov.br\/novo\/wp-content\/uploads\/2017\/12\/Jornal-Oficial-Orl\u00e2ndia-17-01-2018-Edi\u00e7\u00e3o-Extraordin\u00e1ria-1.pdf\" target=\"_blank\">&gt;&gt; Edi\u00e7\u00e3o 350 de 17 de Janeiro de 2018 &#8211; Edi\u00e7\u00e3o Extraordin\u00e1ria<\/a><\/p>\n<p><a href=\"https:\/\/www.orlandia.sp.gov.br\/novo\/wp-content\/uploads\/2017\/12\/Jornal-Oficial-Orl\u00e2ndia-16-01-2018.pdf\" target=\"_blank\">&gt;&gt; Edi\u00e7\u00e3o 349 de 16 de Janeiro de 2018<\/a><\/p>\n<p><a href=\"https:\/\/www.orlandia.sp.gov.br\/novo\/wp-content\/uploads\/2017\/12\/Jornal-Oficial-Orl\u00e2ndia-15-01-2018-Edi\u00e7\u00e3o-Extraordin\u00e1ria.pdf\" target=\"_blank\">&gt;&gt; Edi\u00e7\u00e3o 348 de 15 de Janeiro de 2018 &#8211; Edi\u00e7\u00e3o Extraordin\u00e1ria<\/a><\/p>\n<p><a href=\"https:\/\/www.orlandia.sp.gov.br\/novo\/wp-content\/uploads\/2017\/12\/Jornal-Oficial-Orl\u00e2ndia-12-01-2018.pdf\" target=\"_blank\">&gt;&gt; Edi\u00e7\u00e3o 347 de 12 de Janeiro de 2018<\/a><\/p>\n<p><a href=\"https:\/\/www.orlandia.sp.gov.br\/novo\/wp-content\/uploads\/2017\/12\/Jornal-Oficial-Orl\u00e2ndia-10-01-2018-Edi\u00e7\u00e3o-Extraordin\u00e1ria.pdf\" target=\"_blank\">&gt;&gt; Edi\u00e7\u00e3o 346 de 10 de Janeiro de 2018 &#8211; Edi\u00e7\u00e3o Extraordin\u00e1ria<\/a><\/p>\n<p><a href=\"https:\/\/www.orlandia.sp.gov.br\/novo\/wp-content\/uploads\/2017\/12\/Jornal-Oficial-Orl\u00e2ndia-09-01-2018.pdf\" target=\"_blank\">&gt;&gt; Edi\u00e7\u00e3o 345 de 09 de Janeiro de 2018<\/a><\/p>\n<p><a href=\"https:\/\/www.orlandia.sp.gov.br\/novo\/wp-content\/uploads\/2017\/12\/Jornal-Oficial-Orl\u00e2ndia-08-01-2018-Edi\u00e7\u00e3o-Extraordin\u00e1ria-1.pdf\" target=\"_blank\">&gt;&gt; Edi\u00e7\u00e3o 344 de 08 de Janeiro de 2018 &#8211; Edi\u00e7\u00e3o Extraordin\u00e1ria<\/a><\/p>\n<p><a href=\"https:\/\/www.orlandia.sp.gov.br\/novo\/wp-content\/uploads\/2017\/12\/Jornal-Oficial-Orl\u00e2ndia-05-01-2018.pdf\" target=\"_blank\">&gt;&gt; Edi\u00e7\u00e3o 343 de 05 de Janeiro de 2018<\/a><\/p>\n<p><a href=\"https:\/\/www.orlandia.sp.gov.br\/novo\/wp-content\/uploads\/2017\/12\/Jornal-Oficial-Orl\u00e2ndia-04-01-2018-Edi\u00e7\u00e3o-Extraordin\u00e1ria.pdf\" target=\"_blank\">&gt;&gt; Edi\u00e7\u00e3o 342 de 04 de Janeiro de 2018 &#8211; Edi\u00e7\u00e3o Extraordin\u00e1ria<\/a><\/p>\n<p><a href=\"https:\/\/www.orlandia.sp.gov.br\/novo\/wp-content\/uploads\/2017\/12\/Jornal-Oficial-Orl\u00e2ndia-03-01-2018-Edi\u00e7\u00e3o-Extraordin\u00e1ria.pdf\" target=\"_blank\">&gt;&gt; Edi\u00e7\u00e3o 341 de 03 de Janeiro de 2018 &#8211; Edi\u00e7\u00e3o Extraordin\u00e1ria<\/a><\/p>\n<p><a href=\"https:\/\/www.orlandia.sp.gov.br\/novo\/wp-content\/uploads\/2017\/12\/Jornal-Oficial-de-Orl\u00e2ndia-de-02-01-2018.pdf\" target=\"_blank\">&gt;&gt; Edi\u00e7\u00e3o 340 de 02 de Janeiro de 2018<\/a><\/p>\n","protected":false},"excerpt":{"rendered":"<p>&gt;&gt; Edi\u00e7\u00e3o 358 de 31 de Janeiro de 2018 &#8211; Edi\u00e7\u00e3o Extraordin\u00e1ria &gt;&gt; Edi\u00e7\u00e3o 357 de 30 de Janeiro de<\/p>\n","protected":false},"author":1,"featured_media":0,"parent":0,"menu_order":0,"comment_status":"closed","ping_status":"closed","template":"","meta":{"ngg_post_thumbnail":0,"footnotes":""},"magazineBlocksPostFeaturedMedia":{"thumbnail":false,"medium":false,"medium_large":false,"large":false,"1536x1536":false,"2048x2048":false,"colormag-highlighted-post":false,"colormag-featured-post-medium":false,"colormag-featured-post-small":false,"colormag-featured-image":false,"colormag-default-news":false,"colormag-featured-image-large":false},"magazineBlocksPostAuthor":{"name":"admin","avatar":"https:\/\/secure.gravatar.com\/avatar\/5140b312f1bcbe8516bfaa79917f11b3?s=96&d=mm&r=g"},"magazineBlocksPostCommentsNumber":false,"magazineBlocksPostExcerpt":"&gt;&gt; Edi\u00e7\u00e3o 358 de 31 de Janeiro de 2018 &#8211; Edi\u00e7\u00e3o Extraordin\u00e1ria &gt;&gt; Edi\u00e7\u00e3o 357 de 30 de Janeiro de","magazineBlocksPostCategories":[],"_links":{"self":[{"href":"https:\/\/www.orlandia.sp.gov.br\/novo\/wp-json\/wp\/v2\/pages\/11334"}],"collection":[{"href":"https:\/\/www.orlandia.sp.gov.br\/novo\/wp-json\/wp\/v2\/pages"}],"about":[{"href":"https:\/\/www.orlandia.sp.gov.br\/novo\/wp-json\/wp\/v2\/types\/page"}],"author":[{"embeddable":true,"href":"https:\/\/www.orlandia.sp.gov.br\/novo\/wp-json\/wp\/v2\/users\/1"}],"replies":[{"embeddable":true,"href":"https:\/\/www.orlandia.sp.gov.br\/novo\/wp-json\/wp\/v2\/comments?post=11334"}],"version-history":[{"count":25,"href":"https:\/\/www.orlandia.sp.gov.br\/novo\/wp-json\/wp\/v2\/pages\/11334\/revisions"}],"predecessor-version":[{"id":11882,"href":"https:\/\/www.orlandia.sp.gov.br\/novo\/wp-json\/wp\/v2\/pages\/11334\/revisions\/11882"}],"wp:attachment":[{"href":"https:\/\/www.orlandia.sp.gov.br\/novo\/wp-json\/wp\/v2\/media?parent=11334"}],"curies":[{"name":"wp","href":"https:\/\/api.w.org\/{rel}","templated":true}]}}