{"id":11222,"date":"2017-11-30T16:36:25","date_gmt":"2017-11-30T19:36:25","guid":{"rendered":"https:\/\/www.orlandia.sp.gov.br\/novo\/?page_id=11222"},"modified":"2017-12-29T16:33:30","modified_gmt":"2017-12-29T19:33:30","slug":"jornal-oficial-de-orlandia-dezembro-de-2017","status":"publish","type":"page","link":"https:\/\/www.orlandia.sp.gov.br\/novo\/jornal-oficial-de-orlandia-dezembro-de-2017","title":{"rendered":"Jornal Oficial de Orl\u00e2ndia \u2013 Dezembro de 2017"},"content":{"rendered":"<p><a href=\"https:\/\/www.orlandia.sp.gov.br\/novo\/wp-content\/uploads\/2017\/11\/Jornal-Oficial-Orl\u00e2ndia-29-12-2017.pdf\" target=\"_blank\">&gt;&gt; Edi\u00e7\u00e3o 339 de 29 de Dezembro de 2017<\/a><\/p>\n<p><a href=\"https:\/\/www.orlandia.sp.gov.br\/novo\/wp-content\/uploads\/2017\/11\/Jornal-Oficial-Orl\u00e2ndia-28-12-2017-Edi\u00e7\u00e3o-Extraordin\u00e1ria.pdf\" target=\"_blank\">&gt;&gt; Edi\u00e7\u00e3o 338 de 28 de Dezembro de 2017 &#8211; Edi\u00e7\u00e3o Extraordin\u00e1ria<\/a><\/p>\n<p><a href=\"https:\/\/www.orlandia.sp.gov.br\/novo\/wp-content\/uploads\/2017\/11\/Jornal-Oficial-Orl\u00e2ndia-26-12-2017.pdf\" target=\"_blank\">&gt;&gt; Edi\u00e7\u00e3o 337 de 26 de Dezembro de 2017<\/a><\/p>\n<p><a href=\"https:\/\/www.orlandia.sp.gov.br\/novo\/wp-content\/uploads\/2017\/11\/Jornal-Oficial-Orl\u00e2ndia-22-12-2017.pdf\" target=\"_blank\">&gt;&gt; Edi\u00e7\u00e3o 336 de 22 de Dezembro de 2017<\/a><\/p>\n<p><a href=\"https:\/\/www.orlandia.sp.gov.br\/novo\/wp-content\/uploads\/2017\/11\/Jornal-Oficial-Orl\u00e2ndia-21-12-2017-Edi\u00e7\u00e3o-Extraordin\u00e1ria.pdf\" target=\"_blank\">&gt;&gt; Edi\u00e7\u00e3o 335 de 21 de Dezembro de 2017 &#8211; Edi\u00e7\u00e3o Extraordin\u00e1ria<\/a><\/p>\n<p><a href=\"https:\/\/www.orlandia.sp.gov.br\/novo\/wp-content\/uploads\/2017\/11\/Jornal-Oficial-Orl\u00e2ndia-20-12-2017-Edi\u00e7\u00e3o-Extraordin\u00e1ria.pdf\" target=\"_blank\">&gt;&gt; Edi\u00e7\u00e3o 334 de 20 de Dezembro de 2017 &#8211; Edi\u00e7\u00e3o Extraordin\u00e1ria<\/a><\/p>\n<p><a href=\"https:\/\/www.orlandia.sp.gov.br\/novo\/wp-content\/uploads\/2017\/11\/Jornal-Oficial-Orl\u00e2ndia-19-12-2017.pdf\" target=\"_blank\">&gt;&gt; Edi\u00e7\u00e3o 333 de 19 de Dezembro de 2017<\/a><\/p>\n<p><a href=\"https:\/\/www.orlandia.sp.gov.br\/novo\/wp-content\/uploads\/2017\/11\/Jornal-Oficial-Orl\u00e2ndia-15-12-2017.pdf\" target=\"_blank\">&gt;&gt; Edi\u00e7\u00e3o 332 de 15 de Dezembro de 2017<\/a><\/p>\n<p><a href=\"https:\/\/www.orlandia.sp.gov.br\/novo\/wp-content\/uploads\/2017\/11\/Jornal-Oficial-Orl\u00e2ndia-14-12-2017-Edi\u00e7\u00e3o-Extraordin\u00e1ria.pdf\" target=\"_blank\">&gt;&gt; Edi\u00e7\u00e3o 331 de 14 de Dezembro de 2017 &#8211; Edi\u00e7\u00e3o Extraordin\u00e1ria<\/a><\/p>\n<p><a href=\"https:\/\/www.orlandia.sp.gov.br\/novo\/wp-content\/uploads\/2017\/11\/Jornal-Oficial-Orl\u00e2ndia-13-12-2017-Edi\u00e7\u00e3o-Extraordin\u00e1ria.pdf\" target=\"_blank\">&gt;&gt; Edi\u00e7\u00e3o 330 de 13 de Dezembro de 2017 &#8211; Edi\u00e7\u00e3o Extraordin\u00e1ria<\/a><\/p>\n<p><a href=\"https:\/\/www.orlandia.sp.gov.br\/novo\/wp-content\/uploads\/2017\/11\/Jornal-Oficial-Orl\u00e2ndia-12-12-2017.pdf\" target=\"_blank\">&gt;&gt; Edi\u00e7\u00e3o 329 de 12 de Dezembro de 2017<\/a><\/p>\n<p><a href=\"https:\/\/www.orlandia.sp.gov.br\/novo\/wp-content\/uploads\/2017\/11\/Jornal-Oficial-Orl\u00e2ndia-11-12-2017-Edi\u00e7\u00e3o-Extraordin\u00e1ria.pdf\" target=\"_blank\">&gt;&gt; Edi\u00e7\u00e3o 328 de 11 de Dezembro de 2017 &#8211; Edi\u00e7\u00e3o Extraordin\u00e1ria<\/a><\/p>\n<p><a href=\"https:\/\/www.orlandia.sp.gov.br\/novo\/wp-content\/uploads\/2017\/11\/Jornal-Oficial-Orl\u00e2ndia-08-12-2017.pdf\" target=\"_blank\">&gt;&gt; Edi\u00e7\u00e3o 327 de 08 de Dezembro de 2017<\/a><\/p>\n<p><a href=\"https:\/\/www.orlandia.sp.gov.br\/novo\/wp-content\/uploads\/2017\/11\/Jornal-Oficial-Orl\u00e2ndia-07-12-2017.pdf\" target=\"_blank\">&gt;&gt; Edi\u00e7\u00e3o 326 de 07 de Dezembro de 2017 &#8211; Edi\u00e7\u00e3o Extraordin\u00e1ria<\/a><\/p>\n<p><a href=\"https:\/\/www.orlandia.sp.gov.br\/novo\/wp-content\/uploads\/2017\/11\/Jornal-Oficial-Orl\u00e2ndia-06-12-2017-Edi\u00e7\u00e3o-Extraordin\u00e1ria.pdf\" target=\"_blank\">&gt;&gt; Edi\u00e7\u00e3o 325 de 06 de Dezembro de 2017 &#8211; Edi\u00e7\u00e3o Extraordin\u00e1ria<\/a><\/p>\n<p><a href=\"https:\/\/www.orlandia.sp.gov.br\/novo\/wp-content\/uploads\/2017\/11\/Jornal-Oficial-Orl\u00e2ndia-05-12-2017.pdf\" target=\"_blank\">&gt;&gt; Edi\u00e7\u00e3o 324 de 05 de Dezembro de 2017<\/a><\/p>\n<p><a href=\"https:\/\/www.orlandia.sp.gov.br\/novo\/wp-content\/uploads\/2017\/11\/Jornal-Oficial-Orl\u00e2ndia-04-12-2017-Edi\u00e7\u00e3o-Extraordin\u00e1ria-1.pdf\" target=\"_blank\">&gt;&gt; Edi\u00e7\u00e3o 323 de 04 de Dezembro de 2017 &#8211; Edi\u00e7\u00e3o Extraordin\u00e1ria<\/a><\/p>\n<p><a href=\"https:\/\/www.orlandia.sp.gov.br\/novo\/wp-content\/uploads\/2017\/11\/Jornal-Oficial-Orl\u00e2ndia-01-12-2017.pdf\" target=\"_blank\">&gt;&gt; Edi\u00e7\u00e3o 322 de 01 de Dezembro de 2017<\/a><\/p>\n","protected":false},"excerpt":{"rendered":"<p>&gt;&gt; Edi\u00e7\u00e3o 339 de 29 de Dezembro de 2017 &gt;&gt; Edi\u00e7\u00e3o 338 de 28 de Dezembro de 2017 &#8211; Edi\u00e7\u00e3o<\/p>\n","protected":false},"author":1,"featured_media":0,"parent":0,"menu_order":0,"comment_status":"closed","ping_status":"closed","template":"","meta":{"ngg_post_thumbnail":0,"footnotes":""},"magazineBlocksPostFeaturedMedia":{"thumbnail":false,"medium":false,"medium_large":false,"large":false,"1536x1536":false,"2048x2048":false,"colormag-highlighted-post":false,"colormag-featured-post-medium":false,"colormag-featured-post-small":false,"colormag-featured-image":false,"colormag-default-news":false,"colormag-featured-image-large":false},"magazineBlocksPostAuthor":{"name":"admin","avatar":"https:\/\/secure.gravatar.com\/avatar\/5140b312f1bcbe8516bfaa79917f11b3?s=96&d=mm&r=g"},"magazineBlocksPostCommentsNumber":false,"magazineBlocksPostExcerpt":"&gt;&gt; Edi\u00e7\u00e3o 339 de 29 de Dezembro de 2017 &gt;&gt; Edi\u00e7\u00e3o 338 de 28 de Dezembro de 2017 &#8211; Edi\u00e7\u00e3o","magazineBlocksPostCategories":[],"_links":{"self":[{"href":"https:\/\/www.orlandia.sp.gov.br\/novo\/wp-json\/wp\/v2\/pages\/11222"}],"collection":[{"href":"https:\/\/www.orlandia.sp.gov.br\/novo\/wp-json\/wp\/v2\/pages"}],"about":[{"href":"https:\/\/www.orlandia.sp.gov.br\/novo\/wp-json\/wp\/v2\/types\/page"}],"author":[{"embeddable":true,"href":"https:\/\/www.orlandia.sp.gov.br\/novo\/wp-json\/wp\/v2\/users\/1"}],"replies":[{"embeddable":true,"href":"https:\/\/www.orlandia.sp.gov.br\/novo\/wp-json\/wp\/v2\/comments?post=11222"}],"version-history":[{"count":23,"href":"https:\/\/www.orlandia.sp.gov.br\/novo\/wp-json\/wp\/v2\/pages\/11222\/revisions"}],"predecessor-version":[{"id":11340,"href":"https:\/\/www.orlandia.sp.gov.br\/novo\/wp-json\/wp\/v2\/pages\/11222\/revisions\/11340"}],"wp:attachment":[{"href":"https:\/\/www.orlandia.sp.gov.br\/novo\/wp-json\/wp\/v2\/media?parent=11222"}],"curies":[{"name":"wp","href":"https:\/\/api.w.org\/{rel}","templated":true}]}}