{"id":112,"date":"2013-09-24T11:40:24","date_gmt":"2013-09-24T14:40:24","guid":{"rendered":"https:\/\/www.orlandia.sp.gov.br\/novo\/?page_id=112"},"modified":"2021-05-19T14:30:34","modified_gmt":"2021-05-19T17:30:34","slug":"pontos-de-atendimento-da-saude","status":"publish","type":"page","link":"https:\/\/www.orlandia.sp.gov.br\/novo\/utilidades-publicas\/pontos-de-atendimento-da-saude","title":{"rendered":"Pontos de Atendimento da Sa\u00fade"},"content":{"rendered":"<h4><b>Secretaria da Sa\u00fade<\/b><\/h4>\n<p>Coordenadoria da Sa\u00fade de Orl\u00e2ndia<br \/>\nEndere\u00e7o: Rua Seis, 1200A &#8211; Jardim Siena<br \/>\nTelefone: (16) 3826-7333<br \/>\nE-mail: pmosaude@orlandia.sp.gov.br<\/p>\n<hr \/>\n<p><strong>Centro Odontol\u00f3gico &#8220;Genu\u00edno Nogueira&#8221;<\/strong><br \/>\nEndere\u00e7o: Av. F, 192 &#8211; Jardim Boa Vista &#8211; Telefone (16) 3820-8212<br \/>\nAtendimento: Segunda-Feira a Sexta-Feira &#8211; 07:30hs \u00e0s 17hs<\/p>\n<p><strong>Clube da 3\u00aa Idade &#8220;Augusto Bordin&#8221;<\/strong><br \/>\nEndere\u00e7o: Rua 6, 451 &#8211; Jardim Boa Vista &#8211; Telefone (16) 3820-8202<br \/>\nAtendimento: Segunda-Feira a Sexta-Feira &#8211; 07hs \u00e0s 17hs<\/p>\n<p><strong>Centro de Sa\u00fade Dr. Miguel Vitaliano (Posto de Sa\u00fade)<\/strong><br \/>\nEndere\u00e7o: Av. 3, 130 &#8211; Centro &#8211; Telefone (16) 3820-8208 \/ (16) 3820-8209<br \/>\nAtendimento: Segunda-Feira a Sexta-Feira &#8211; 07hs \u00e0s 17hs<\/p>\n<p><strong>Farm\u00e1cia Municipal Central &#8220;Bolivar Berti&#8221;<\/strong><br \/>\nEndere\u00e7o: Rua 1, 7 &#8211; Centro &#8211; Telefone (16) 3826-2222<br \/>\nAtendimento: Segunda-Feira a Sexta-Feira &#8211; 07hs \u00e0s 17hs<\/p>\n<p><strong>NGA &#8211; N\u00facle de Gest\u00e3o Assistencial 32<\/strong><br \/>\nEndere\u00e7o: Av. do Caf\u00e9, 367 &#8211; Centro &#8211; Telefone (16) 3826-1352 \/ (16) 3820-8216<br \/>\nAtendimento: Segunda-Feira a Sexta-Feira &#8211; 07hs \u00e0s 17hs<\/p>\n<p><strong>Vigil\u00e2ncia Sanit\u00e1ria<\/strong><br \/>\nEndere\u00e7o: Av. 1, 410 &#8211; Vila Marcusi &#8211; Telefone (16) 3726-6208<br \/>\nAtendimento: Segunda-Feira a Sexta-Feira &#8211; 07hs \u00e0s 17hs<\/p>\n<p><strong>UBS I &#8220;Am\u00e9rico Alves&#8221;<\/strong><br \/>\nEndere\u00e7o: Rua 06, 1200 &#8211; Jardim Siena &#8211; Telefone (16) 3826-7333<br \/>\nAtendimento: Segunda &#8211; Feira a S\u00e1bado e Feriados &#8211; 07hs \u00e0s 19hs<\/p>\n<p><strong>UBS II &#8220;Jos\u00e9 Marchi&#8221;<\/strong><br \/>\nEndere\u00e7o: Av. 19, 1728 &#8211; Jardim Vila Bucci &#8211; Telefone (16) 3821-1333<br \/>\nAtendimento: Segunda-Feira a Sexta-Feira &#8211; 07hs \u00e0s 17hs<\/p>\n<p><strong>UBS III &#8220;Waldemar Graner&#8221;<\/strong><br \/>\nEndere\u00e7o: Av. W, 783 &#8211; Jardim Santa Rita &#8211; Telefone (16) 3826-8385<br \/>\nAtendimento: Segunda-Feira a Sexta-Feira &#8211; 07hs \u00e0s 17hs<\/p>\n<p><strong>UBS IV &#8220;Rub\u00e9ns de Assis Sordi&#8221;<\/strong><br \/>\nEndere\u00e7o: Rua 3, S\/N &#8211; Gruta &#8211; Telefone (16) 3826-2120<br \/>\nAtendimento: Segunda-Feira a Sexta-Feira &#8211; 07hs \u00e0s 17hs<\/p>\n","protected":false},"excerpt":{"rendered":"<p>Secretaria da Sa\u00fade Coordenadoria da Sa\u00fade de Orl\u00e2ndia Endere\u00e7o: Rua Seis, 1200A &#8211; Jardim Siena Telefone: (16) 3826-7333 E-mail: pmosaude@orlandia.sp.gov.br<\/p>\n","protected":false},"author":1,"featured_media":0,"parent":990,"menu_order":0,"comment_status":"open","ping_status":"closed","template":"","meta":{"ngg_post_thumbnail":0,"footnotes":""},"magazineBlocksPostFeaturedMedia":{"thumbnail":false,"medium":false,"medium_large":false,"large":false,"1536x1536":false,"2048x2048":false,"colormag-highlighted-post":false,"colormag-featured-post-medium":false,"colormag-featured-post-small":false,"colormag-featured-image":false,"colormag-default-news":false,"colormag-featured-image-large":false},"magazineBlocksPostAuthor":{"name":"admin","avatar":"https:\/\/secure.gravatar.com\/avatar\/5140b312f1bcbe8516bfaa79917f11b3?s=96&d=mm&r=g"},"magazineBlocksPostCommentsNumber":false,"magazineBlocksPostExcerpt":"Secretaria da Sa\u00fade Coordenadoria da Sa\u00fade de Orl\u00e2ndia Endere\u00e7o: Rua Seis, 1200A &#8211; Jardim Siena Telefone: (16) 3826-7333 E-mail: pmosaude@orlandia.sp.gov.br","magazineBlocksPostCategories":[],"_links":{"self":[{"href":"https:\/\/www.orlandia.sp.gov.br\/novo\/wp-json\/wp\/v2\/pages\/112"}],"collection":[{"href":"https:\/\/www.orlandia.sp.gov.br\/novo\/wp-json\/wp\/v2\/pages"}],"about":[{"href":"https:\/\/www.orlandia.sp.gov.br\/novo\/wp-json\/wp\/v2\/types\/page"}],"author":[{"embeddable":true,"href":"https:\/\/www.orlandia.sp.gov.br\/novo\/wp-json\/wp\/v2\/users\/1"}],"replies":[{"embeddable":true,"href":"https:\/\/www.orlandia.sp.gov.br\/novo\/wp-json\/wp\/v2\/comments?post=112"}],"version-history":[{"count":4,"href":"https:\/\/www.orlandia.sp.gov.br\/novo\/wp-json\/wp\/v2\/pages\/112\/revisions"}],"predecessor-version":[{"id":18749,"href":"https:\/\/www.orlandia.sp.gov.br\/novo\/wp-json\/wp\/v2\/pages\/112\/revisions\/18749"}],"up":[{"embeddable":true,"href":"https:\/\/www.orlandia.sp.gov.br\/novo\/wp-json\/wp\/v2\/pages\/990"}],"wp:attachment":[{"href":"https:\/\/www.orlandia.sp.gov.br\/novo\/wp-json\/wp\/v2\/media?parent=112"}],"curies":[{"name":"wp","href":"https:\/\/api.w.org\/{rel}","templated":true}]}}