{"id":10989,"date":"2017-10-11T17:57:03","date_gmt":"2017-10-11T20:57:03","guid":{"rendered":"https:\/\/www.orlandia.sp.gov.br\/novo\/?page_id=10989"},"modified":"2019-10-01T16:52:51","modified_gmt":"2019-10-01T19:52:51","slug":"banco-de-dados-ambiental","status":"publish","type":"page","link":"https:\/\/www.orlandia.sp.gov.br\/novo\/banco-de-dados-ambiental","title":{"rendered":"Banco de Dados Ambiental"},"content":{"rendered":"<p><a href=\"https:\/\/www.orlandia.sp.gov.br\/novo\/wp-content\/uploads\/2017\/10\/01_Lei-3150_2001-Obrigatoriedade-Limpeza-Terrenos-Urbanos.pdf\" target=\"_blank\">&gt;&gt; 01_Lei 3150_2001 Obrigatoriedade Limpeza Terrenos Urbanos<\/a><\/p>\n<p><a href=\"https:\/\/www.orlandia.sp.gov.br\/novo\/wp-content\/uploads\/2017\/10\/02_Lei-3461_2006-Autoriza-Concess\u00e3o-Imovel-Cooperlol.pdf\" target=\"_blank\">&gt;&gt; 02_Lei 3461_2006 Autoriza Concess\u00e3o Imovel Cooperlol<\/a><\/p>\n<p><a href=\"https:\/\/www.orlandia.sp.gov.br\/novo\/wp-content\/uploads\/2017\/10\/03_Lei-3466_2006-Autoriza-Convenio-Cooperlol.pdf\" target=\"_blank\">&gt;&gt; 03_Lei 3466_2006 Autoriza Convenio Cooperlol<\/a><\/p>\n<p><a href=\"https:\/\/www.orlandia.sp.gov.br\/novo\/wp-content\/uploads\/2017\/10\/04_Lei-3525_2007-Plano-Integrado-da-Constru\u00e7\u00e3o-Civil.pdf\" target=\"_blank\">&gt;&gt; 04_Lei 3525_2007 Plano Integrado da Constru\u00e7\u00e3o Civil<\/a><\/p>\n<p><a href=\"https:\/\/www.orlandia.sp.gov.br\/novo\/wp-content\/uploads\/2017\/10\/05_Lei-Compl-3558_2007-Institui-Planta-Gen\u00e9rica.pdf\" target=\"_blank\">&gt;&gt; 05_Lei Compl 3558_2007 Institui Planta Gen\u00e9rica<\/a><\/p>\n<p><a href=\"https:\/\/www.orlandia.sp.gov.br\/novo\/wp-content\/uploads\/2017\/10\/06_Lei-Compl-3572_2007-Loteamento-e-Parcelamento-de-Solos-1.pdf\" target=\"_blank\">&gt;&gt; 06_Lei Compl 3572_2007 Loteamento e Parcelamento de Solos<\/a><\/p>\n<p><a href=\"https:\/\/www.orlandia.sp.gov.br\/novo\/wp-content\/uploads\/2017\/10\/07_Lei-3598_2008-Fecop.pdf\" target=\"_blank\">&gt;&gt; 07_Lei 3598_2008 Fecop<\/a><\/p>\n<p><a href=\"https:\/\/www.orlandia.sp.gov.br\/novo\/wp-content\/uploads\/2017\/10\/08_Lei-Compl-3607-2008-C\u00f3digo-de-Posturas.pdf\" target=\"_blank\">&gt;&gt; 08_Lei Compl 3607-2008 C\u00f3digo de Posturas<\/a><\/p>\n<p><a href=\"https:\/\/www.orlandia.sp.gov.br\/novo\/wp-content\/uploads\/2017\/10\/09_Decreto-3721_2008-Incentivos-Ambientais.pdf\" target=\"_blank\">&gt;&gt; 09_Decreto 3721_2008 Incentivos Ambientais<\/a><\/p>\n<p><a href=\"https:\/\/www.orlandia.sp.gov.br\/novo\/wp-content\/uploads\/2017\/10\/10_Lei-3666_2009-Cria\u00e7\u00e3o-Secretaria-Mun-Meio-Ambiente.pdf\" target=\"_blank\">&gt;&gt; 10_Lei 3666_2009 Cria\u00e7\u00e3o Secretaria Mun Meio Ambiente<\/a><\/p>\n<p><a href=\"https:\/\/www.orlandia.sp.gov.br\/novo\/wp-content\/uploads\/2017\/10\/11_Lei-3669_2009-Pol\u00edtica-Ambiental.pdf\" target=\"_blank\">&gt;&gt; 11_Lei 3669_2009 Pol\u00edtica Ambiental<\/a><\/p>\n<p><a href=\"https:\/\/www.orlandia.sp.gov.br\/novo\/wp-content\/uploads\/2017\/10\/12_Lei-3670_2009-Calend\u00e1rio-Ecol\u00f3gico.pdf\" target=\"_blank\">&gt;&gt; 12_Lei 3670_2009 Calend\u00e1rio Ecol\u00f3gico<\/a><\/p>\n<p><a href=\"https:\/\/www.orlandia.sp.gov.br\/novo\/wp-content\/uploads\/2017\/10\/13_Lei-3672_2009-Cria\u00e7\u00e3o-do-Condema.pdf\" target=\"_blank\">&gt;&gt; 13_Lei 3672_2009 Cria\u00e7\u00e3o do Condema<\/a><\/p>\n<p><a href=\"https:\/\/www.orlandia.sp.gov.br\/novo\/wp-content\/uploads\/2017\/10\/14_Lei-3676_2009-Fundo-Municipal-Meio-Ambiente.pdf\" target=\"_blank\">&gt;&gt; 14_Lei 3676_2009 Fundo Municipal Meio Ambiente<\/a><\/p>\n<p><a href=\"https:\/\/www.orlandia.sp.gov.br\/novo\/wp-content\/uploads\/2017\/10\/15_Lei-3680_2009-Uso-Racional-de-Agua.pdf\" target=\"_blank\">&gt;&gt; 15_Lei 3680_2009 Uso Racional de \u00c1gua<\/a><\/p>\n<p><a href=\"https:\/\/www.orlandia.sp.gov.br\/novo\/wp-content\/uploads\/2017\/10\/16_Decreto-3840_2009-Homologa-Regimento-Interno-Condema.pdf\" target=\"_blank\">&gt;&gt; 16_Decreto 3840_2009 Homologa Regimento Interno Condema<\/a><\/p>\n<p><a href=\"https:\/\/www.orlandia.sp.gov.br\/novo\/wp-content\/uploads\/2017\/10\/17_Lei-3681_2009-Utiliz-Madeira-Proced\u00eancia-Legal-Constr-Civil.pdf\" target=\"_blank\">&gt;&gt; 17_Lei 3681_2009 Utiliz Madeira Proced\u00eancia Legal Constr Civil<\/a><\/p>\n<p><a href=\"https:\/\/www.orlandia.sp.gov.br\/novo\/wp-content\/uploads\/2017\/10\/18_Lei-3690_2009-Institui-Educa\u00e7\u00e3o-Ambiental-Transversal.pdf\" target=\"_blank\">&gt;&gt; 18_Lei 3690_2009 Institui Educa\u00e7\u00e3o Ambiental Transversal<\/a><\/p>\n<p><a href=\"https:\/\/www.orlandia.sp.gov.br\/novo\/wp-content\/uploads\/2017\/10\/19_Lei_3736_2010-Politica-Mun-Prote\u00e7\u00e3o-aos-Manaciais.pdf\" target=\"_blank\">&gt;&gt; 19_Lei_3736_2010 Politica Mun Prote\u00e7\u00e3o aos Manaciais<\/a><\/p>\n<p><a href=\"https:\/\/www.orlandia.sp.gov.br\/novo\/wp-content\/uploads\/2017\/10\/20_Lei-3739_2010-Prote\u00e7\u00e3o-Mananciais.pdf\" target=\"_blank\">&gt;&gt; 20_Lei 3739_2010 Prote\u00e7\u00e3o Mananciais<\/a><\/p>\n<p><a href=\"https:\/\/www.orlandia.sp.gov.br\/novo\/wp-content\/uploads\/2017\/10\/21_Lei-3748_2010-Obrigatoriedade-Arboriza\u00e7\u00e3o-Novos-Parcelamentos.pdf\" target=\"_blank\">&gt;&gt; 21_Lei 3748_2010 Obrigatoriedade Arboriza\u00e7\u00e3o Novos Parcelamentos<\/a><\/p>\n<p><a href=\"https:\/\/www.orlandia.sp.gov.br\/novo\/wp-content\/uploads\/2017\/10\/22_Lei-Compl-3753_2010-Instal-Ant-telefonia-movel-e-fixa.pdf\" target=\"_blank\">&gt;&gt; 22_Lei Compl 3753_2010 Instal Ant telefonia movel e fixa<\/a><\/p>\n<p><a href=\"https:\/\/www.orlandia.sp.gov.br\/novo\/wp-content\/uploads\/2017\/10\/23_Lei-Compl-3761_2010-Altera\u00e7\u00e3o-Lei-Compl-3753_2010.pdf\" target=\"_blank\">&gt;&gt; 23_Lei Compl 3761_2010 Altera\u00e7\u00e3o Lei Compl 3753_2010<\/a><\/p>\n<p><a href=\"https:\/\/www.orlandia.sp.gov.br\/novo\/wp-content\/uploads\/2017\/10\/24_Lei-3762_2010-Politica-Municipal-de-Saneamento-B\u00e1sico.pdf\" target=\"_blank\">&gt;&gt; 24_Lei 3762_2010 Politica Municipal de Saneamento B\u00e1sico<\/a><\/p>\n<p><a href=\"https:\/\/www.orlandia.sp.gov.br\/novo\/wp-content\/uploads\/2017\/10\/25_Lei-compl-3763_2010-Prote\u00e7\u00e3o-Arboriza\u00e7\u00e3o-Urbana.pdf\" target=\"_blank\">&gt;&gt; 25_Lei compl 3763_2010 Prote\u00e7\u00e3o Arboriza\u00e7\u00e3o Urbana<\/a><\/p>\n<p><a href=\"https:\/\/www.orlandia.sp.gov.br\/novo\/wp-content\/uploads\/2017\/10\/26_Lei-Compl-3764_2010-Programa-Cidade-Jardim.pdf\" target=\"_blank\">&gt;&gt; 26_Lei Compl 3764_2010 Programa Cidade Jardim<\/a><\/p>\n<p><a href=\"https:\/\/www.orlandia.sp.gov.br\/novo\/wp-content\/uploads\/2017\/10\/27_Decreto-3982_2010-Regulamenta-Lei-3764_2010.pdf\" target=\"_blank\">&gt;&gt; 27_Decreto 3982_2010 Regulamenta Lei 3764_2010<\/a><\/p>\n<p><a href=\"https:\/\/www.orlandia.sp.gov.br\/novo\/wp-content\/uploads\/2017\/10\/28_Decreto-4011_2011-Aprov-Proj-Obras-Partic-e-Prov.pdf\" target=\"_blank\">&gt;&gt; 28_Decreto 4011_2011 Aprov Proj Obras Partic e Prov<\/a><\/p>\n<p><a href=\"https:\/\/www.orlandia.sp.gov.br\/novo\/wp-content\/uploads\/2017\/10\/29_Decreto-4077_2011-Regulamenta-3736-de-2010.pdf\" target=\"_blank\">&gt;&gt; 29_Decreto 4077_2011 Regulamenta 3736 de 2010<\/a><\/p>\n<p><a href=\"https:\/\/www.orlandia.sp.gov.br\/novo\/wp-content\/uploads\/2017\/10\/30_Decreto-4086_2011-Regulamenta-Coleta-Seletiva.pdf\" target=\"_blank\">&gt;&gt; 30_Decreto 4086_2011 Regulamenta Coleta Seletiva<\/a><\/p>\n<p><a href=\"https:\/\/www.orlandia.sp.gov.br\/novo\/wp-content\/uploads\/2017\/10\/31_Decreto-4130_2012-Regulamenta-Lei-3681_2009.pdf\" target=\"_blank\">&gt;&gt; 31_Decreto 4130_2012 Regulamenta Lei 3681_2009<\/a><\/p>\n<p><a href=\"https:\/\/www.orlandia.sp.gov.br\/novo\/wp-content\/uploads\/2017\/10\/32_Lei-3878_2012-Avalia\u00e7\u00e3o-de-fuma\u00e7a-Preta.pdf\" target=\"_blank\">&gt;&gt; 32_Lei 3878_2012 Avalia\u00e7\u00e3o de fuma\u00e7a Preta<\/a><\/p>\n<p><a href=\"https:\/\/www.orlandia.sp.gov.br\/novo\/wp-content\/uploads\/2017\/10\/33_Decreto-4163_2012-Fixa-Cronograma-Plano-Res\u00edduos-S\u00f3lidos.pdf\" target=\"_blank\">&gt;&gt; 33_Decreto 4163_2012 Fixa Cronograma Plano Res\u00edduos S\u00f3lidos<\/a><\/p>\n<p><a href=\"https:\/\/www.orlandia.sp.gov.br\/novo\/wp-content\/uploads\/2017\/10\/34_Lei-3911_2012-Aprova\u00e7\u00e3o-Plano-Res\u00edduos-S\u00f3lidos.pdf\" target=\"_blank\">&gt;&gt; 34_Lei 3911_2012 Aprova\u00e7\u00e3o Plano Res\u00edduos S\u00f3lidos<\/a><\/p>\n<p><a href=\"https:\/\/www.orlandia.sp.gov.br\/novo\/wp-content\/uploads\/2017\/10\/35_Lei-Compl-0001_2013-Estrutura-da-PMO.pdf\" target=\"_blank\">&gt;&gt; 35_Lei Compl 0001_2013 &#8211; Estrutura da PMO<\/a><\/p>\n<p><a href=\"https:\/\/www.orlandia.sp.gov.br\/novo\/wp-content\/uploads\/2017\/10\/36_Lei-3934_2013-Reciclagem-lixo.pdf\" target=\"_blank\">&gt;&gt; 36_Lei 3934_2013 Reciclagem lixo<\/a><\/p>\n<p><a href=\"https:\/\/www.orlandia.sp.gov.br\/novo\/wp-content\/uploads\/2017\/10\/37_Lei-3945_2013-Queimada-Urbana.pdf\" target=\"_blank\">&gt;&gt; 37_Lei 3945_2013 Queimada Urbana<\/a><\/p>\n<p><a href=\"https:\/\/www.orlandia.sp.gov.br\/novo\/wp-content\/uploads\/2017\/10\/38_Decreto-4308_2014-Institui-Progr-Descarte-Medicamentos-Vencidos.pdf\" target=\"_blank\">&gt;&gt; 38_Decreto 4308_2014 Institui Progr Descarte Medicamentos Vencidos<\/a><\/p>\n<p><a href=\"https:\/\/www.orlandia.sp.gov.br\/novo\/wp-content\/uploads\/2017\/10\/39_Decreto-4526_-2016-Apreens\u00e3o-Animais-M-e-G-Portes.pdf\" target=\"_blank\">&gt;&gt; 39_Decreto 4526_ 2016 Apreens\u00e3o Animais M e G Portes<\/a><\/p>\n<p><a href=\"https:\/\/www.orlandia.sp.gov.br\/novo\/wp-content\/uploads\/2017\/10\/PLANO-DE-GEST\u00c3O-INTEGRADA-DE-RES\u00cdDUOS-S\u00d3LIDOS.pdf\" target=\"_blank\">&gt;&gt; PLANO DE GEST\u00c3O INTEGRADA DE RES\u00cdDUOS S\u00d3LIDOS<\/a><\/p>\n<p><a href=\"https:\/\/www.orlandia.sp.gov.br\/novo\/wp-content\/uploads\/2017\/10\/Banco-de-Dados-Ambiental-Leis.xlsx\">&gt;&gt; Banco de Dados Ambiental Leis<\/a><\/p>\n<p><a href=\"https:\/\/www.orlandia.sp.gov.br\/novo\/wp-content\/uploads\/2017\/10\/EEA8_Banco-de-Dados-Ambiental-Leis-e-Projetos.xlsx\">&gt;&gt; EEA8_Banco de Dados Ambiental Leis e Projetos<\/a><\/p>\n<p><a href=\"https:\/\/www.orlandia.sp.gov.br\/novo\/wp-content\/uploads\/2017\/10\/EEA8_Banco-de-Dados-II-rel_empresas_elabora\u00e7\u00e3o_pgrs_sist_logist_reversa.xlsx\">&gt;&gt; EEA8_Banco de Dados II rel_empresas_elabora\u00e7\u00e3o_pgrs_sist_logist_reversa<\/a><\/p>\n<p><a href=\"https:\/\/www.orlandia.sp.gov.br\/novo\/wp-content\/uploads\/2017\/10\/Banco-de-Dados-EEA8-out2018.xlsx\">&gt;&gt; Banco de Dados Ambiental 2018<\/a><\/p>\n<p><a href=\"https:\/\/www.orlandia.sp.gov.br\/novo\/wp-content\/uploads\/2017\/10\/CA6_Relat\u00f3rio-COMDEMA-Gest\u00e3o-2017-2019-set2018.pdf\">&gt;&gt; Relat\u00f3rio Parcial COMDEMA &#8211; Gest\u00e3o 2017-2019<\/a><\/p>\n<p><a href=\"https:\/\/www.orlandia.sp.gov.br\/novo\/wp-content\/uploads\/2017\/10\/Banco-de-Dados-2019-Orl\u00e2ndia.xls\" target=\"_blank\">&gt;&gt; Banco de Dados Ambiental 2019<\/a><\/p>\n","protected":false},"excerpt":{"rendered":"<p>&gt;&gt; 01_Lei 3150_2001 Obrigatoriedade Limpeza Terrenos Urbanos &gt;&gt; 02_Lei 3461_2006 Autoriza Concess\u00e3o Imovel Cooperlol &gt;&gt; 03_Lei 3466_2006 Autoriza Convenio Cooperlol<\/p>\n","protected":false},"author":1,"featured_media":0,"parent":0,"menu_order":0,"comment_status":"closed","ping_status":"closed","template":"","meta":{"ngg_post_thumbnail":0,"footnotes":""},"magazineBlocksPostFeaturedMedia":{"thumbnail":false,"medium":false,"medium_large":false,"large":false,"1536x1536":false,"2048x2048":false,"colormag-highlighted-post":false,"colormag-featured-post-medium":false,"colormag-featured-post-small":false,"colormag-featured-image":false,"colormag-default-news":false,"colormag-featured-image-large":false},"magazineBlocksPostAuthor":{"name":"admin","avatar":"https:\/\/secure.gravatar.com\/avatar\/5140b312f1bcbe8516bfaa79917f11b3?s=96&d=mm&r=g"},"magazineBlocksPostCommentsNumber":false,"magazineBlocksPostExcerpt":"&gt;&gt; 01_Lei 3150_2001 Obrigatoriedade Limpeza Terrenos Urbanos &gt;&gt; 02_Lei 3461_2006 Autoriza Concess\u00e3o Imovel Cooperlol &gt;&gt; 03_Lei 3466_2006 Autoriza Convenio Cooperlol","magazineBlocksPostCategories":[],"_links":{"self":[{"href":"https:\/\/www.orlandia.sp.gov.br\/novo\/wp-json\/wp\/v2\/pages\/10989"}],"collection":[{"href":"https:\/\/www.orlandia.sp.gov.br\/novo\/wp-json\/wp\/v2\/pages"}],"about":[{"href":"https:\/\/www.orlandia.sp.gov.br\/novo\/wp-json\/wp\/v2\/types\/page"}],"author":[{"embeddable":true,"href":"https:\/\/www.orlandia.sp.gov.br\/novo\/wp-json\/wp\/v2\/users\/1"}],"replies":[{"embeddable":true,"href":"https:\/\/www.orlandia.sp.gov.br\/novo\/wp-json\/wp\/v2\/comments?post=10989"}],"version-history":[{"count":11,"href":"https:\/\/www.orlandia.sp.gov.br\/novo\/wp-json\/wp\/v2\/pages\/10989\/revisions"}],"predecessor-version":[{"id":14506,"href":"https:\/\/www.orlandia.sp.gov.br\/novo\/wp-json\/wp\/v2\/pages\/10989\/revisions\/14506"}],"wp:attachment":[{"href":"https:\/\/www.orlandia.sp.gov.br\/novo\/wp-json\/wp\/v2\/media?parent=10989"}],"curies":[{"name":"wp","href":"https:\/\/api.w.org\/{rel}","templated":true}]}}