{"id":10882,"date":"2017-08-31T09:09:04","date_gmt":"2017-08-31T12:09:04","guid":{"rendered":"https:\/\/www.orlandia.sp.gov.br\/novo\/?page_id=10882"},"modified":"2017-09-29T17:00:26","modified_gmt":"2017-09-29T20:00:26","slug":"jornal-oficial-de-orlandia-setembro-de-2017","status":"publish","type":"page","link":"https:\/\/www.orlandia.sp.gov.br\/novo\/jornal-oficial-de-orlandia-setembro-de-2017","title":{"rendered":"Jornal Oficial de Orl\u00e2ndia \u2013 Setembro de 2017"},"content":{"rendered":"<p><a href=\"https:\/\/www.orlandia.sp.gov.br\/novo\/wp-content\/uploads\/2017\/08\/Jornal-Oficial-Orl\u00e2ndia-29-09-2017.pdf\" target=\"_blank\">&gt;&gt; Edi\u00e7\u00e3o 289 de 29 de Setembro de 2017<\/a><\/p>\n<p><a href=\"https:\/\/www.orlandia.sp.gov.br\/novo\/wp-content\/uploads\/2017\/08\/Jornal-Oficial-Orl\u00e2ndia-28-09-2017-Edi\u00e7\u00e3o-Extraordin\u00e1ria.pdf\" target=\"_blank\">&gt;&gt; Edi\u00e7\u00e3o 288 de 28 de Setembro de 2017 &#8211; Edi\u00e7\u00e3o Extraordin\u00e1ria<\/a><\/p>\n<p><a href=\"https:\/\/www.orlandia.sp.gov.br\/novo\/wp-content\/uploads\/2017\/08\/Jornal-Oficial-Orl\u00e2ndia-27-09-2017-Edi\u00e7\u00e3o-Extraordin\u00e1ria.pdf\" target=\"_blank\">&gt;&gt; Edi\u00e7\u00e3o 287 de 27 de Setembro de 2017 &#8211; Edi\u00e7\u00e3o Extraordin\u00e1ria<\/a><\/p>\n<p><a href=\"https:\/\/www.orlandia.sp.gov.br\/novo\/wp-content\/uploads\/2017\/08\/Jornal-Oficial-Orl\u00e2ndia-26-09-2017.pdf\" target=\"_blank\">&gt;&gt; Edi\u00e7\u00e3o 286 de 26 de Setembro de 2017<\/a><\/p>\n<p><a href=\"https:\/\/www.orlandia.sp.gov.br\/novo\/wp-content\/uploads\/2017\/08\/Jornal-Oficial-Orl\u00e2ndia-22-09-2017.pdf\" target=\"_blank\">&gt;&gt; Edi\u00e7\u00e3o 285 de 22 de Setembro de 2017<\/a><\/p>\n<p><a href=\"https:\/\/www.orlandia.sp.gov.br\/novo\/wp-content\/uploads\/2017\/08\/Jornal-Oficial-Orl\u00e2ndia-19-09-2017.pdf\" target=\"_blank\">&gt;&gt; Edi\u00e7\u00e3o 284 de 19 de Setembro de 2017<\/a><\/p>\n<p><a href=\"https:\/\/www.orlandia.sp.gov.br\/novo\/wp-content\/uploads\/2017\/08\/Jornal-Oficial-Orl\u00e2ndia-15-09-2017.pdf\" target=\"_blank\">&gt;&gt; Edi\u00e7\u00e3o 283 de 15 de Setembro de 2017<\/a><\/p>\n<p><a href=\"https:\/\/www.orlandia.sp.gov.br\/novo\/wp-content\/uploads\/2017\/08\/Jornal-Oficial-Orl\u00e2ndia-13-09-2017-Edi\u00e7\u00e3o-Extraordin\u00e1ria.pdf\" target=\"_blank\">&gt;&gt; Edi\u00e7\u00e3o 282 de 13 de Setembro de 2017 &#8211; Edi\u00e7\u00e3o Extraordin\u00e1ria<\/a><\/p>\n<p><a href=\"https:\/\/www.orlandia.sp.gov.br\/novo\/wp-content\/uploads\/2017\/08\/Jornal-Oficial-Orl\u00e2ndia-12-09-2017.pdf\" target=\"_blank\">&gt;&gt; Edi\u00e7\u00e3o 281 de 12 de Setembro de 2017<\/a><\/p>\n<p><a href=\"https:\/\/www.orlandia.sp.gov.br\/novo\/wp-content\/uploads\/2017\/08\/Jornal-Oficial-Orl\u00e2ndia-06-09-2017-Edi\u00e7\u00e3o-Extraordin\u00e1ria.pdf\" target=\"_blank\">&gt;&gt; Edi\u00e7\u00e3o 280 de 06 de Setembro de 2017 &#8211; Edi\u00e7\u00e3o Extraordin\u00e1ria<\/a><\/p>\n<p><a href=\"https:\/\/www.orlandia.sp.gov.br\/novo\/wp-content\/uploads\/2017\/08\/Jornal-Oficial-Orl\u00e2ndia-05-09-2017.pdf\" target=\"_blank\">&gt;&gt; Edi\u00e7\u00e3o 279 de 05 de Setembro de 2017<\/a><\/p>\n<p><a href=\"https:\/\/www.orlandia.sp.gov.br\/novo\/wp-content\/uploads\/2017\/08\/Jornal-Oficial-Orl\u00e2ndia-04-09-2017-Edi\u00e7\u00e3o-Extraordin\u00e1ria.pdf\" target=\"_blank\">&gt;&gt; Edi\u00e7\u00e3o 278 de 04 de Setembro de 2017 &#8211; Edi\u00e7\u00e3o Extraordin\u00e1ria<\/a><\/p>\n<p><a href=\"https:\/\/www.orlandia.sp.gov.br\/novo\/wp-content\/uploads\/2017\/08\/Jornal-Oficial-Orl\u00e2ndia-01-09-2017.pdf\" target=\"_blank\">&gt;&gt; Edi\u00e7\u00e3o 277 de 01 de Setembro de 2017<\/a><\/p>\n","protected":false},"excerpt":{"rendered":"<p>&gt;&gt; Edi\u00e7\u00e3o 289 de 29 de Setembro de 2017 &gt;&gt; Edi\u00e7\u00e3o 288 de 28 de Setembro de 2017 &#8211; Edi\u00e7\u00e3o<\/p>\n","protected":false},"author":1,"featured_media":0,"parent":0,"menu_order":0,"comment_status":"closed","ping_status":"closed","template":"","meta":{"ngg_post_thumbnail":0,"footnotes":""},"magazineBlocksPostFeaturedMedia":{"thumbnail":false,"medium":false,"medium_large":false,"large":false,"1536x1536":false,"2048x2048":false,"colormag-highlighted-post":false,"colormag-featured-post-medium":false,"colormag-featured-post-small":false,"colormag-featured-image":false,"colormag-default-news":false,"colormag-featured-image-large":false},"magazineBlocksPostAuthor":{"name":"admin","avatar":"https:\/\/secure.gravatar.com\/avatar\/5140b312f1bcbe8516bfaa79917f11b3?s=96&d=mm&r=g"},"magazineBlocksPostCommentsNumber":false,"magazineBlocksPostExcerpt":"&gt;&gt; Edi\u00e7\u00e3o 289 de 29 de Setembro de 2017 &gt;&gt; Edi\u00e7\u00e3o 288 de 28 de Setembro de 2017 &#8211; Edi\u00e7\u00e3o","magazineBlocksPostCategories":[],"_links":{"self":[{"href":"https:\/\/www.orlandia.sp.gov.br\/novo\/wp-json\/wp\/v2\/pages\/10882"}],"collection":[{"href":"https:\/\/www.orlandia.sp.gov.br\/novo\/wp-json\/wp\/v2\/pages"}],"about":[{"href":"https:\/\/www.orlandia.sp.gov.br\/novo\/wp-json\/wp\/v2\/types\/page"}],"author":[{"embeddable":true,"href":"https:\/\/www.orlandia.sp.gov.br\/novo\/wp-json\/wp\/v2\/users\/1"}],"replies":[{"embeddable":true,"href":"https:\/\/www.orlandia.sp.gov.br\/novo\/wp-json\/wp\/v2\/comments?post=10882"}],"version-history":[{"count":16,"href":"https:\/\/www.orlandia.sp.gov.br\/novo\/wp-json\/wp\/v2\/pages\/10882\/revisions"}],"predecessor-version":[{"id":10957,"href":"https:\/\/www.orlandia.sp.gov.br\/novo\/wp-json\/wp\/v2\/pages\/10882\/revisions\/10957"}],"wp:attachment":[{"href":"https:\/\/www.orlandia.sp.gov.br\/novo\/wp-json\/wp\/v2\/media?parent=10882"}],"curies":[{"name":"wp","href":"https:\/\/api.w.org\/{rel}","templated":true}]}}