{"id":10867,"date":"2017-08-30T14:01:59","date_gmt":"2017-08-30T17:01:59","guid":{"rendered":"https:\/\/www.orlandia.sp.gov.br\/novo\/?page_id=10867"},"modified":"2018-02-19T09:34:48","modified_gmt":"2018-02-19T12:34:48","slug":"turismo","status":"publish","type":"page","link":"https:\/\/www.orlandia.sp.gov.br\/novo\/turismo","title":{"rendered":"Turismo"},"content":{"rendered":"<p style=\"text-align: justify;\"><a href=\"https:\/\/www.orlandia.sp.gov.br\/novo\/wp-content\/uploads\/2017\/08\/Atrativos-Tur\u00edsticos.pdf\" target=\"_blank\">Atrativos Tur\u00edsticos<\/a><\/p>\n<p style=\"text-align: justify;\"><a href=\"https:\/\/www.orlandia.sp.gov.br\/novo\/wp-content\/uploads\/2017\/08\/Calend\u00e1rio-de-Eventos.pdf\" target=\"_blank\">Calend\u00e1rio de Eventos<\/a><\/p>\n<p style=\"text-align: justify;\"><a href=\"https:\/\/www.orlandia.sp.gov.br\/novo\/wp-content\/uploads\/2017\/08\/Hot\u00e9is-Restaurantes-etc.pdf\" target=\"_blank\">Hot\u00e9is, Restaurantes, etc<\/a><\/p>\n<p style=\"text-align: justify;\"><a href=\"https:\/\/www.orlandia.sp.gov.br\/novo\/wp-content\/uploads\/2017\/08\/Posto-de-Informa\u00e7\u00f5es-Tur\u00edsticas.pdf\" target=\"_blank\">Posto de Informa\u00e7\u00f5es Tur\u00edsticas<\/a><\/p>\n<p style=\"text-align: justify;\">\n<p style=\"text-align: justify;\">O munic\u00edpio de Orl\u00e2ndia foi desmembrado de Batatais em 1890, tendo por sede a localidade denominada Esp\u00edrito Santo de Batatais. Por decreto estadual de 1896, essa localidade passou a denominar-se Nuporanga, a sede do munic\u00edpio, por for\u00e7a da lei de 25 de Novembro de 1909, foi transferida para o povoado de vila Orlando, que recebeu ent\u00e3o o nome de Orl\u00e2ndia, em homenagem ao Coronel Francisco Orlando Diniz Junqueira, fundador da cidade. Por essa mesma lei foi elevada \u00e0 categoria de munic\u00edpio, que foi instalado a 30 de Mar\u00e7o de 1910, data em que \u00e9 comemorado o anivers\u00e1rio do munic\u00edpio. Homem de larga vis\u00e3o o Cel. Francisco Orlando Diniz Junqueira, determinou que a cidade fosse projetada com caracter\u00edsticas urbanas modernas, cortadas por amplas avenidas, tornando-se a primeira cidade projetada do pa\u00eds.<\/p>\n<p style=\"text-align: justify;\">Orl\u00e2ndia \u00e9 afamada pela cultura de sua gente, nela despontando constantemente poetas de valor, como o poeta Cyro Armando Catta Preta.<\/p>\n<p style=\"text-align: justify;\">Localizada no nordeste paulista, Orl\u00e2ndia est\u00e1 inserida numa regi\u00e3o que comp\u00f5e um dos mais importantes cen\u00e1rios agropecu\u00e1rios do pa\u00eds, fazendo parte inclusive da regi\u00e3o Metropolitana de Ribeir\u00e3o Preto. Atualmente, Orl\u00e2ndia conta com grandes ind\u00fastrias, que lhe conferiram o t\u00edtulo de \u201cCidade Empreendedora\u201d, tornando-se assim uma cidade moderna, que oferece uma excelente qualidade de vida a seus 42 mil habitantes.<\/p>\n<p style=\"text-align: justify;\">No esporte, Orl\u00e2ndia se destaca no futsal, onde, segundo o site Futsal Planet, tem uma das melhores equipes de futsal do mundo, a ADC Intelli, que atingiu essa marca gra\u00e7as \u00e0s conquistas da Liga Futsal nos anos de 2012 e 2013 e da Copa Libertadores no ano de 2013, al\u00e9m de terminar nas temporadas de 2013 e 2014 na terceira posi\u00e7\u00e3o no Mundial de Futsal, conquistas essas que teve a colabora\u00e7\u00e3o em seu elenco do maior jogador de futsal do mundo Falc\u00e3o, que defendeu as cores da equipe nas temporadas de 2012 e 2013. Devido \u00e0s conquistas da equipe, a cidade j\u00e1 obteve o t\u00edtulo de Capital Nacional do Futsal.<\/p>\n<p style=\"text-align: justify;\">Fica em Orl\u00e2ndia o primeiro campo de polo constru\u00eddo no Brasil e foi a partir dai, que a modalidade come\u00e7ou a ser propagada e disputada no Estado de S\u00e3o Paulo, inclusive em 2001, com maioria de atletas e o t\u00e9cnico Alberto Junqueira de Orl\u00e2ndia, a Sele\u00e7\u00e3o Brasileira de Polo se consagrou campe\u00e3 mundial do esporte, em competi\u00e7\u00e3o foi disputada na Austr\u00e1lia.<\/p>\n<p style=\"text-align: justify;\">Ainda na vertente de esportes h\u00edpicos Orl\u00e2ndia possui centros H\u00edpicos, Haras, que al\u00e9m da cria\u00e7\u00e3o, realizam cavalgadas, passeios, etc.<\/p>\n<p style=\"text-align: justify;\">Orl\u00e2ndia conta ainda com o Museu de Tratores e Ve\u00edculos Antigos Agromen, que preserva 200 tratores, al\u00e9m de autom\u00f3veis, quase todos fabricados at\u00e9 o final da d\u00e9cada de 1950.<\/p>\n<p style=\"text-align: justify;\">O Parque Cyro Armando Catta Preta, mais conhecido como Parque da Gruta \u00e9 um dos principais pontos tur\u00edstico, recreativo e de lazer da cidade de Orl\u00e2ndia. O parque urbano possui diversas fontes naturais de \u00e1gua, flora rica e diversificada e uma gruta ao lado do c\u00f3rrego do agudo onde se encontra o altar a Nossa Senhora Aparecida.<\/p>\n<p style=\"text-align: center;\"><a href=\"https:\/\/www.orlandia.sp.gov.br\/novo\/wp-content\/uploads\/2017\/08\/17796333_667133086808061_4471592203567645405_n.jpg\"><img loading=\"lazy\" decoding=\"async\" class=\"wp-image-10871 aligncenter\" src=\"https:\/\/www.orlandia.sp.gov.br\/novo\/wp-content\/uploads\/2017\/08\/17795972_666233253564711_7364176040428011758_n-300x200.jpg\" alt=\"17795972_666233253564711_7364176040428011758_n\" width=\"560\" height=\"373\" srcset=\"https:\/\/www.orlandia.sp.gov.br\/novo\/wp-content\/uploads\/2017\/08\/17795972_666233253564711_7364176040428011758_n-300x200.jpg 300w, https:\/\/www.orlandia.sp.gov.br\/novo\/wp-content\/uploads\/2017\/08\/17795972_666233253564711_7364176040428011758_n-768x512.jpg 768w, https:\/\/www.orlandia.sp.gov.br\/novo\/wp-content\/uploads\/2017\/08\/17795972_666233253564711_7364176040428011758_n.jpg 960w\" sizes=\"(max-width: 560px) 100vw, 560px\" \/><\/a>C\u00f3rrego do Agudo<\/p>\n<p style=\"text-align: center;\"><a href=\"https:\/\/www.orlandia.sp.gov.br\/novo\/wp-content\/uploads\/2017\/08\/IMG_20170503_095624386_HDR.jpg\"><img loading=\"lazy\" decoding=\"async\" class=\" wp-image-10872 aligncenter\" src=\"https:\/\/www.orlandia.sp.gov.br\/novo\/wp-content\/uploads\/2017\/08\/17796333_667133086808061_4471592203567645405_n-300x200.jpg\" alt=\"17796333_667133086808061_4471592203567645405_n\" width=\"562\" height=\"375\" srcset=\"https:\/\/www.orlandia.sp.gov.br\/novo\/wp-content\/uploads\/2017\/08\/17796333_667133086808061_4471592203567645405_n-300x200.jpg 300w, https:\/\/www.orlandia.sp.gov.br\/novo\/wp-content\/uploads\/2017\/08\/17796333_667133086808061_4471592203567645405_n-768x512.jpg 768w, https:\/\/www.orlandia.sp.gov.br\/novo\/wp-content\/uploads\/2017\/08\/17796333_667133086808061_4471592203567645405_n.jpg 960w\" sizes=\"(max-width: 562px) 100vw, 562px\" \/><\/a>Quadra Poliesportiva<\/p>\n<p style=\"text-align: center;\"><a href=\"https:\/\/www.orlandia.sp.gov.br\/novo\/wp-content\/uploads\/2017\/08\/17757665_667132846808085_5288378525935983445_n.jpg\"><img loading=\"lazy\" decoding=\"async\" class=\"wp-image-10878 aligncenter\" src=\"https:\/\/www.orlandia.sp.gov.br\/novo\/wp-content\/uploads\/2017\/08\/17757665_667132846808085_5288378525935983445_n-300x200.jpg\" alt=\"17757665_667132846808085_5288378525935983445_n\" width=\"562\" height=\"374\" srcset=\"https:\/\/www.orlandia.sp.gov.br\/novo\/wp-content\/uploads\/2017\/08\/17757665_667132846808085_5288378525935983445_n-300x200.jpg 300w, https:\/\/www.orlandia.sp.gov.br\/novo\/wp-content\/uploads\/2017\/08\/17757665_667132846808085_5288378525935983445_n-768x512.jpg 768w, https:\/\/www.orlandia.sp.gov.br\/novo\/wp-content\/uploads\/2017\/08\/17757665_667132846808085_5288378525935983445_n.jpg 960w\" sizes=\"(max-width: 562px) 100vw, 562px\" \/><\/a>Piscinas<\/p>\n<p style=\"text-align: center;\"><a href=\"https:\/\/www.orlandia.sp.gov.br\/novo\/wp-content\/uploads\/2017\/08\/P_20170321_171528_HDR.jpg\"><img loading=\"lazy\" decoding=\"async\" class=\"alignnone wp-image-10877\" src=\"https:\/\/www.orlandia.sp.gov.br\/novo\/wp-content\/uploads\/2017\/08\/P_20170321_171528_HDR-300x169.jpg\" alt=\"P_20170321_171528_HDR\" width=\"619\" height=\"349\" srcset=\"https:\/\/www.orlandia.sp.gov.br\/novo\/wp-content\/uploads\/2017\/08\/P_20170321_171528_HDR-300x169.jpg 300w, https:\/\/www.orlandia.sp.gov.br\/novo\/wp-content\/uploads\/2017\/08\/P_20170321_171528_HDR-768x432.jpg 768w, https:\/\/www.orlandia.sp.gov.br\/novo\/wp-content\/uploads\/2017\/08\/P_20170321_171528_HDR-1024x576.jpg 1024w\" sizes=\"(max-width: 619px) 100vw, 619px\" \/><\/a><\/p>\n<p style=\"text-align: center;\">Parquinho Infantil<\/p>\n<p style=\"text-align: center;\"><a href=\"https:\/\/www.orlandia.sp.gov.br\/novo\/wp-content\/uploads\/2017\/08\/DSC07218.jpg\"><img loading=\"lazy\" decoding=\"async\" class=\" wp-image-10874 aligncenter\" src=\"https:\/\/www.orlandia.sp.gov.br\/novo\/wp-content\/uploads\/2017\/08\/DSC07218-300x199.jpg\" alt=\"DSC07218\" width=\"557\" height=\"369\" srcset=\"https:\/\/www.orlandia.sp.gov.br\/novo\/wp-content\/uploads\/2017\/08\/DSC07218-300x199.jpg 300w, https:\/\/www.orlandia.sp.gov.br\/novo\/wp-content\/uploads\/2017\/08\/DSC07218-768x510.jpg 768w, https:\/\/www.orlandia.sp.gov.br\/novo\/wp-content\/uploads\/2017\/08\/DSC07218-1024x680.jpg 1024w\" sizes=\"(max-width: 557px) 100vw, 557px\" \/><\/a>Parquinho Infantil &#8211; Casinha dos 7 an\u00f5es e da Branca de Neve<\/p>\n<p style=\"text-align: center;\"><a href=\"https:\/\/www.orlandia.sp.gov.br\/novo\/wp-content\/uploads\/2017\/08\/DSC07150.jpg\"><img loading=\"lazy\" decoding=\"async\" class=\" wp-image-10875 aligncenter\" src=\"https:\/\/www.orlandia.sp.gov.br\/novo\/wp-content\/uploads\/2017\/08\/DSC07150-300x199.jpg\" alt=\"DSC07150\" width=\"546\" height=\"362\" srcset=\"https:\/\/www.orlandia.sp.gov.br\/novo\/wp-content\/uploads\/2017\/08\/DSC07150-300x199.jpg 300w, https:\/\/www.orlandia.sp.gov.br\/novo\/wp-content\/uploads\/2017\/08\/DSC07150-768x510.jpg 768w, https:\/\/www.orlandia.sp.gov.br\/novo\/wp-content\/uploads\/2017\/08\/DSC07150-1024x680.jpg 1024w\" sizes=\"(max-width: 546px) 100vw, 546px\" \/><\/a>Quadra esportiva para a pr\u00e1tica de T\u00eanis (ao fundo Campo de Futebol)<\/p>\n<p style=\"text-align: center;\"><a href=\"https:\/\/www.orlandia.sp.gov.br\/novo\/wp-content\/uploads\/2017\/08\/DSC07141.jpg\"><img loading=\"lazy\" decoding=\"async\" class=\" wp-image-10876 aligncenter\" src=\"https:\/\/www.orlandia.sp.gov.br\/novo\/wp-content\/uploads\/2017\/08\/DSC07141-300x199.jpg\" alt=\"DSC07141\" width=\"535\" height=\"355\" srcset=\"https:\/\/www.orlandia.sp.gov.br\/novo\/wp-content\/uploads\/2017\/08\/DSC07141-300x199.jpg 300w, https:\/\/www.orlandia.sp.gov.br\/novo\/wp-content\/uploads\/2017\/08\/DSC07141-768x510.jpg 768w, https:\/\/www.orlandia.sp.gov.br\/novo\/wp-content\/uploads\/2017\/08\/DSC07141-1024x680.jpg 1024w\" sizes=\"(max-width: 535px) 100vw, 535px\" \/><\/a>Lagos com Carpas Coloridas<\/p>\n<p style=\"text-align: justify;\">Somado a tudo isso, uma rede hoteleira com \u00f3tima estrutura, faz com que Orl\u00e2ndia seja um destino Tur\u00edstico que merece ser visitado.<\/p>\n<p style=\"text-align: center;\"><strong>HOR\u00c1RIO DE FUNCIONAMENTO DA GRUTA.<\/strong><\/p>\n<p style=\"text-align: justify;\"><strong>Segunda-feira:<\/strong>\u00a0Fechada.<br \/>\n<strong>Ter\u00e7a \u00e0 Sexta:<\/strong>\u00a09:00 \u00e0s 17:00 horas.<br \/>\n<strong>S\u00e1bado, Domingo e Feriados:<\/strong> 8:00 \u00e0s 17:00 horas.<\/p>\n","protected":false},"excerpt":{"rendered":"<p>Atrativos Tur\u00edsticos Calend\u00e1rio de Eventos Hot\u00e9is, Restaurantes, etc Posto de Informa\u00e7\u00f5es Tur\u00edsticas O munic\u00edpio de Orl\u00e2ndia foi desmembrado de Batatais<\/p>\n","protected":false},"author":1,"featured_media":0,"parent":0,"menu_order":0,"comment_status":"closed","ping_status":"closed","template":"","meta":{"ngg_post_thumbnail":0,"footnotes":""},"magazineBlocksPostFeaturedMedia":{"thumbnail":false,"medium":false,"medium_large":false,"large":false,"1536x1536":false,"2048x2048":false,"colormag-highlighted-post":false,"colormag-featured-post-medium":false,"colormag-featured-post-small":false,"colormag-featured-image":false,"colormag-default-news":false,"colormag-featured-image-large":false},"magazineBlocksPostAuthor":{"name":"admin","avatar":"https:\/\/secure.gravatar.com\/avatar\/5140b312f1bcbe8516bfaa79917f11b3?s=96&d=mm&r=g"},"magazineBlocksPostCommentsNumber":false,"magazineBlocksPostExcerpt":"Atrativos Tur\u00edsticos Calend\u00e1rio de Eventos Hot\u00e9is, Restaurantes, etc Posto de Informa\u00e7\u00f5es Tur\u00edsticas O munic\u00edpio de Orl\u00e2ndia foi desmembrado de Batatais","magazineBlocksPostCategories":[],"_links":{"self":[{"href":"https:\/\/www.orlandia.sp.gov.br\/novo\/wp-json\/wp\/v2\/pages\/10867"}],"collection":[{"href":"https:\/\/www.orlandia.sp.gov.br\/novo\/wp-json\/wp\/v2\/pages"}],"about":[{"href":"https:\/\/www.orlandia.sp.gov.br\/novo\/wp-json\/wp\/v2\/types\/page"}],"author":[{"embeddable":true,"href":"https:\/\/www.orlandia.sp.gov.br\/novo\/wp-json\/wp\/v2\/users\/1"}],"replies":[{"embeddable":true,"href":"https:\/\/www.orlandia.sp.gov.br\/novo\/wp-json\/wp\/v2\/comments?post=10867"}],"version-history":[{"count":7,"href":"https:\/\/www.orlandia.sp.gov.br\/novo\/wp-json\/wp\/v2\/pages\/10867\/revisions"}],"predecessor-version":[{"id":11584,"href":"https:\/\/www.orlandia.sp.gov.br\/novo\/wp-json\/wp\/v2\/pages\/10867\/revisions\/11584"}],"wp:attachment":[{"href":"https:\/\/www.orlandia.sp.gov.br\/novo\/wp-json\/wp\/v2\/media?parent=10867"}],"curies":[{"name":"wp","href":"https:\/\/api.w.org\/{rel}","templated":true}]}}