{"id":10715,"date":"2017-07-27T14:51:15","date_gmt":"2017-07-27T17:51:15","guid":{"rendered":"https:\/\/www.orlandia.sp.gov.br\/novo\/?page_id=10715"},"modified":"2017-08-30T17:11:46","modified_gmt":"2017-08-30T20:11:46","slug":"jornal-oficial-de-orlandia-agosto-de-2017","status":"publish","type":"page","link":"https:\/\/www.orlandia.sp.gov.br\/novo\/jornal-oficial-de-orlandia-agosto-de-2017","title":{"rendered":"Jornal Oficial de Orl\u00e2ndia \u2013 Agosto de 2017"},"content":{"rendered":"<p><a href=\"https:\/\/www.orlandia.sp.gov.br\/novo\/wp-content\/uploads\/2017\/07\/Jornal-Oficial-Orl\u00e2ndia-30-08-2017-Edi\u00e7\u00e3o-Extraordin\u00e1ria.pdf\" target=\"_blank\">&gt;&gt; Edi\u00e7\u00e3o 276 de 30 de Agosto de 2017 &#8211; Edi\u00e7\u00e3o Extraordin\u00e1ria<\/a><\/p>\n<p><a href=\"https:\/\/www.orlandia.sp.gov.br\/novo\/wp-content\/uploads\/2017\/07\/Jornal-Oficial-Orl\u00e2ndia-29-08-2017.pdf\" target=\"_blank\">&gt;&gt; Edi\u00e7\u00e3o 275 de 29 de Agosto de 2017<\/a><\/p>\n<p><a href=\"https:\/\/www.orlandia.sp.gov.br\/novo\/wp-content\/uploads\/2017\/07\/Jornal-Oficial-Orl\u00e2ndia-25-08-2017.pdf\" target=\"_blank\">&gt;&gt; Edi\u00e7\u00e3o 274 de 25 de Agosto de 2017<\/a><\/p>\n<p><a href=\"https:\/\/www.orlandia.sp.gov.br\/novo\/wp-content\/uploads\/2017\/07\/Jornal-Oficial-Orl\u00e2ndia-24-08-2017-Edi\u00e7\u00e3o-Extraordin\u00e1ria.pdf\" target=\"_blank\">&gt;&gt; Edi\u00e7\u00e3o 273 de 24 de Agosto de 2017 &#8211; Edi\u00e7\u00e3o Extraordin\u00e1ria<\/a><\/p>\n<p><a href=\"https:\/\/www.orlandia.sp.gov.br\/novo\/wp-content\/uploads\/2017\/07\/Jornal-Oficial-Orl\u00e2ndia-23-08-2017-Edi\u00e7\u00e3o-Extraordin\u00e1ria.pdf\" target=\"_blank\">&gt;&gt; Edi\u00e7\u00e3o 272 de 23 de Agosto de 2017 &#8211; Edi\u00e7\u00e3o Extraordin\u00e1ria<\/a><\/p>\n<p><a href=\"https:\/\/www.orlandia.sp.gov.br\/novo\/wp-content\/uploads\/2017\/07\/Jornal-Oficial-Orl\u00e2ndia-22-08-2017.pdf\" target=\"_blank\">&gt;&gt; Edi\u00e7\u00e3o 271 de 22 de Agosto de 2017<\/a><\/p>\n<p><a href=\"https:\/\/www.orlandia.sp.gov.br\/novo\/wp-content\/uploads\/2017\/07\/Jornal-Oficial-Orl\u00e2ndia-21-08-2017-Edi\u00e7\u00e3o-Extraordin\u00e1ria.pdf\" target=\"_blank\">&gt;&gt; Edi\u00e7\u00e3o 270 de 21 de Agosto de 2017 &#8211; Edi\u00e7\u00e3o Extraordin\u00e1ria<\/a><\/p>\n<p><a href=\"https:\/\/www.orlandia.sp.gov.br\/novo\/wp-content\/uploads\/2017\/07\/Jornal-Oficial-Orl\u00e2ndia-18-08-2017.pdf\" target=\"_blank\">&gt;&gt; Edi\u00e7\u00e3o 269 de 18 de Agosto de 2017<\/a><\/p>\n<p><a href=\"https:\/\/www.orlandia.sp.gov.br\/novo\/wp-content\/uploads\/2017\/07\/Jornal-Oficial-Orl\u00e2ndia-17-08-2017-Edi\u00e7\u00e3o-Extraordin\u00e1ria.pdf\" target=\"_blank\">&gt;&gt; Edi\u00e7\u00e3o 268 de 17 de Agosto de 2017 &#8211; Edi\u00e7\u00e3o Extraordin\u00e1ria<\/a><\/p>\n<p><a href=\"https:\/\/www.orlandia.sp.gov.br\/novo\/wp-content\/uploads\/2017\/07\/Jornal-Oficial-Orl\u00e2ndia-15-08-2017.pdf\" target=\"_blank\">&gt;&gt; Edi\u00e7\u00e3o 267 de 15 de Agosto de 2017<\/a><\/p>\n<p><a href=\"https:\/\/www.orlandia.sp.gov.br\/novo\/wp-content\/uploads\/2017\/07\/Jornal-Oficial-Orl\u00e2ndia-11-08-2017.pdf\" target=\"_blank\">&gt;&gt; Edi\u00e7\u00e3o 266 de 11 de Agosto de 2017<\/a><\/p>\n<p><a href=\"https:\/\/www.orlandia.sp.gov.br\/novo\/wp-content\/uploads\/2017\/07\/Jornal-Oficial-Orl\u00e2ndia-10-08-2017-Edi\u00e7\u00e3o-Extraordin\u00e1ria.pdf\" target=\"_blank\">&gt;&gt; Edi\u00e7\u00e3o 265 de 10 de Agosto de 2017 &#8211; Edi\u00e7\u00e3o Extraordin\u00e1ria<\/a><\/p>\n<p><a href=\"https:\/\/www.orlandia.sp.gov.br\/novo\/wp-content\/uploads\/2017\/07\/Jornal-Oficial-Orl\u00e2ndia-09-08-2017-Edi\u00e7\u00e3o-Extraordin\u00e1ria.pdf\" target=\"_blank\">&gt;&gt; Edi\u00e7\u00e3o 264 de 09 de Agosto de 2017 &#8211; Edi\u00e7\u00e3o Extraordin\u00e1ria<\/a><\/p>\n<p><a href=\"https:\/\/www.orlandia.sp.gov.br\/novo\/wp-content\/uploads\/2017\/07\/Jornal-Oficial-Orl\u00e2ndia-08-08-2017.pdf\" target=\"_blank\">&gt;&gt; Edi\u00e7\u00e3o 263 de 08 de Agosto de 2017<\/a><\/p>\n<p><a href=\"https:\/\/www.orlandia.sp.gov.br\/novo\/wp-content\/uploads\/2017\/07\/Jornal-Oficial-Orl\u00e2ndia-04-08-2017.pdf\" target=\"_blank\">&gt;&gt; Edi\u00e7\u00e3o 262 de 04 de Agosto de 2017<\/a><\/p>\n<p><a href=\"https:\/\/www.orlandia.sp.gov.br\/novo\/wp-content\/uploads\/2017\/07\/Jornal-Oficial-Orl\u00e2ndia-03-08-2017-Edi\u00e7\u00e3o-Extraordin\u00e1ria.pdf\" target=\"_blank\">&gt;&gt; Edi\u00e7\u00e3o 261 de 03 de Agosto de 2017 &#8211; Edi\u00e7\u00e3o Extraordin\u00e1ria<\/a><\/p>\n<p><a href=\"https:\/\/www.orlandia.sp.gov.br\/novo\/wp-content\/uploads\/2017\/07\/Jornal-Oficial-Orl\u00e2ndia-01-08-2017.pdf\" target=\"_blank\">&gt;&gt; Edi\u00e7\u00e3o 260 de 01 de Agosto de 2017<\/a><\/p>\n","protected":false},"excerpt":{"rendered":"<p>&gt;&gt; Edi\u00e7\u00e3o 276 de 30 de Agosto de 2017 &#8211; Edi\u00e7\u00e3o Extraordin\u00e1ria &gt;&gt; Edi\u00e7\u00e3o 275 de 29 de Agosto de<\/p>\n","protected":false},"author":1,"featured_media":0,"parent":0,"menu_order":0,"comment_status":"closed","ping_status":"closed","template":"","meta":{"ngg_post_thumbnail":0,"footnotes":""},"magazineBlocksPostFeaturedMedia":{"thumbnail":false,"medium":false,"medium_large":false,"large":false,"1536x1536":false,"2048x2048":false,"colormag-highlighted-post":false,"colormag-featured-post-medium":false,"colormag-featured-post-small":false,"colormag-featured-image":false,"colormag-default-news":false,"colormag-featured-image-large":false},"magazineBlocksPostAuthor":{"name":"admin","avatar":"https:\/\/secure.gravatar.com\/avatar\/5140b312f1bcbe8516bfaa79917f11b3?s=96&d=mm&r=g"},"magazineBlocksPostCommentsNumber":false,"magazineBlocksPostExcerpt":"&gt;&gt; Edi\u00e7\u00e3o 276 de 30 de Agosto de 2017 &#8211; Edi\u00e7\u00e3o Extraordin\u00e1ria &gt;&gt; Edi\u00e7\u00e3o 275 de 29 de Agosto de","magazineBlocksPostCategories":[],"_links":{"self":[{"href":"https:\/\/www.orlandia.sp.gov.br\/novo\/wp-json\/wp\/v2\/pages\/10715"}],"collection":[{"href":"https:\/\/www.orlandia.sp.gov.br\/novo\/wp-json\/wp\/v2\/pages"}],"about":[{"href":"https:\/\/www.orlandia.sp.gov.br\/novo\/wp-json\/wp\/v2\/types\/page"}],"author":[{"embeddable":true,"href":"https:\/\/www.orlandia.sp.gov.br\/novo\/wp-json\/wp\/v2\/users\/1"}],"replies":[{"embeddable":true,"href":"https:\/\/www.orlandia.sp.gov.br\/novo\/wp-json\/wp\/v2\/comments?post=10715"}],"version-history":[{"count":20,"href":"https:\/\/www.orlandia.sp.gov.br\/novo\/wp-json\/wp\/v2\/pages\/10715\/revisions"}],"predecessor-version":[{"id":10881,"href":"https:\/\/www.orlandia.sp.gov.br\/novo\/wp-json\/wp\/v2\/pages\/10715\/revisions\/10881"}],"wp:attachment":[{"href":"https:\/\/www.orlandia.sp.gov.br\/novo\/wp-json\/wp\/v2\/media?parent=10715"}],"curies":[{"name":"wp","href":"https:\/\/api.w.org\/{rel}","templated":true}]}}