{"id":10469,"date":"2017-05-29T10:10:00","date_gmt":"2017-05-29T13:10:00","guid":{"rendered":"https:\/\/www.orlandia.sp.gov.br\/novo\/?page_id=10469"},"modified":"2017-06-30T17:19:46","modified_gmt":"2017-06-30T20:19:46","slug":"jornal-oficial-de-orlandia-junho-de-2017","status":"publish","type":"page","link":"https:\/\/www.orlandia.sp.gov.br\/novo\/jornal-oficial-de-orlandia-junho-de-2017","title":{"rendered":"Jornal Oficial de Orl\u00e2ndia \u2013 Junho de 2017"},"content":{"rendered":"<p><a href=\"https:\/\/www.orlandia.sp.gov.br\/novo\/wp-content\/uploads\/2017\/05\/Jornal-Oficial-Orl\u00e2ndia-30-06-2017.pdf\" target=\"_blank\">&gt;&gt; Edi\u00e7\u00e3o 241 de 30 de Junho de 2017<\/a><\/p>\n<p><a href=\"https:\/\/www.orlandia.sp.gov.br\/novo\/wp-content\/uploads\/2017\/05\/Jornal-Oficial-Orl\u00e2ndia-29-06-2017-Edi\u00e7\u00e3o-Extraordin\u00e1ria.pdf\" target=\"_blank\">&gt;&gt; Edi\u00e7\u00e3o 240 de 29 de Junho de 2017 &#8211; Edi\u00e7\u00e3o Extraordin\u00e1ria<\/a><\/p>\n<p><a href=\"https:\/\/www.orlandia.sp.gov.br\/novo\/wp-content\/uploads\/2017\/05\/Jornal-Oficial-Orl\u00e2ndia-28-06-2017-Edi\u00e7\u00e3o-Extraordin\u00e1ria.pdf\" target=\"_blank\">&gt;&gt; Edi\u00e7\u00e3o 239 de 28 de Junho de 2017 &#8211; Edi\u00e7\u00e3o Extraordin\u00e1ria<\/a><\/p>\n<p><a href=\"https:\/\/www.orlandia.sp.gov.br\/novo\/wp-content\/uploads\/2017\/05\/Jornal-Oficial-Orl\u00e2ndia-27-06-2017.pdf\" target=\"_blank\">&gt;&gt; Edi\u00e7\u00e3o 238 de 27 de Junho de 2017<\/a><\/p>\n<p><a href=\"https:\/\/www.orlandia.sp.gov.br\/novo\/wp-content\/uploads\/2017\/05\/Jornal-Oficial-Orl\u00e2ndia-23-06-2017.pdf\" target=\"_blank\">&gt;&gt; Edi\u00e7\u00e3o 237 de 23 de Junho de 2017<\/a><\/p>\n<p><a href=\"https:\/\/www.orlandia.sp.gov.br\/novo\/wp-content\/uploads\/2017\/05\/Jornal-Oficial-Orl\u00e2ndia-22-06-2017-Edi\u00e7\u00e3o-Extraordin\u00e1ria.pdf\" target=\"_blank\">&gt;&gt; Edi\u00e7\u00e3o 236 de 22 de Junho de 2017 &#8211; Edi\u00e7\u00e3o Extraordin\u00e1ria<\/a><\/p>\n<p><a href=\"https:\/\/www.orlandia.sp.gov.br\/novo\/wp-content\/uploads\/2017\/05\/Jornal-Oficial-Orl\u00e2ndia-21-06-2017-Edi\u00e7\u00e3o-Extraordin\u00e1ria-1.pdf\" target=\"_blank\">&gt;&gt; Edi\u00e7\u00e3o 235 de 21 de Junho de 2017 &#8211; Edi\u00e7\u00e3o Extraordin\u00e1ria<\/a><\/p>\n<p><a href=\"https:\/\/www.orlandia.sp.gov.br\/novo\/wp-content\/uploads\/2017\/05\/Jornal-Oficial-Orl\u00e2ndia-20-06-2017.pdf\" target=\"_blank\">&gt;&gt; Edi\u00e7\u00e3o 234 de 20 de Junho de 2017<\/a><\/p>\n<p><a href=\"https:\/\/www.orlandia.sp.gov.br\/novo\/wp-content\/uploads\/2017\/05\/Jornal-Oficial-Orl\u00e2ndia-19-06-2017-Edi\u00e7\u00e3o-Extraordin\u00e1ria.pdf\" target=\"_blank\">&gt;&gt; Edi\u00e7\u00e3o 233 de 19 de Junho de 2017 &#8211; Edi\u00e7\u00e3o Extraordin\u00e1ria<\/a><\/p>\n<p><a href=\"https:\/\/www.orlandia.sp.gov.br\/novo\/wp-content\/uploads\/2017\/05\/Jornal-Oficial-Orl\u00e2ndia-14-06-2017-Edi\u00e7\u00e3o-Extraordin\u00e1ria.pdf\" target=\"_blank\">&gt;&gt; Edi\u00e7\u00e3o 232 de 14 de Junho de 2017 &#8211; Edi\u00e7\u00e3o Extraordin\u00e1ria<\/a><\/p>\n<p><a href=\"https:\/\/www.orlandia.sp.gov.br\/novo\/wp-content\/uploads\/2017\/05\/Jornal-Oficial-Orl\u00e2ndia-13-06-2017.pdf\" target=\"_blank\">&gt;&gt; Edi\u00e7\u00e3o 231 de 13 de Junho de 2017<\/a><\/p>\n<p><a href=\"https:\/\/www.orlandia.sp.gov.br\/novo\/wp-content\/uploads\/2017\/05\/Jornal-Oficial-Orl\u00e2ndia-09-06-2017.pdf\" target=\"_blank\">&gt;&gt; Edi\u00e7\u00e3o 230 de 09 de Junho de 2017<\/a><\/p>\n<p><a href=\"https:\/\/www.orlandia.sp.gov.br\/novo\/wp-content\/uploads\/2017\/05\/Jornal-Oficial-Orl\u00e2ndia-07-06-2017-Edi\u00e7\u00e3o-Extraordin\u00e1ria.pdf\" target=\"_blank\">&gt;&gt; Edi\u00e7\u00e3o 229 de 07 de Junho de 2017 &#8211; Edi\u00e7\u00e3o Extraordin\u00e1ria<\/a><\/p>\n<p><a href=\"https:\/\/www.orlandia.sp.gov.br\/novo\/wp-content\/uploads\/2017\/05\/Jornal-Oficial-Orl\u00e2ndia-06-06-2017.pdf\" target=\"_blank\">&gt;&gt; Edi\u00e7\u00e3o 228 de 06 de Junho de 2017<\/a><\/p>\n<p><a href=\"https:\/\/www.orlandia.sp.gov.br\/novo\/wp-content\/uploads\/2017\/05\/Jornal-Oficial-Orl\u00e2ndia-02-06-2017.pdf\" target=\"_blank\">&gt;&gt; Edi\u00e7\u00e3o 227 de 02 de Junho de 2017<\/a><\/p>\n<p><a href=\"https:\/\/www.orlandia.sp.gov.br\/novo\/wp-content\/uploads\/2017\/05\/Jornal-Oficial-Orl\u00e2ndia-01-06-2017-Edi\u00e7\u00e3o-Extraordin\u00e1ria.pdf\" target=\"_blank\">&gt;&gt; Edi\u00e7\u00e3o 226 de 01 de Junho de 2017 &#8211; Edi\u00e7\u00e3o Extraordin\u00e1ria<\/a><\/p>\n","protected":false},"excerpt":{"rendered":"<p>&gt;&gt; Edi\u00e7\u00e3o 241 de 30 de Junho de 2017 &gt;&gt; Edi\u00e7\u00e3o 240 de 29 de Junho de 2017 &#8211; Edi\u00e7\u00e3o<\/p>\n","protected":false},"author":1,"featured_media":0,"parent":0,"menu_order":0,"comment_status":"closed","ping_status":"closed","template":"","meta":{"ngg_post_thumbnail":0,"footnotes":""},"magazineBlocksPostFeaturedMedia":{"thumbnail":false,"medium":false,"medium_large":false,"large":false,"1536x1536":false,"2048x2048":false,"colormag-highlighted-post":false,"colormag-featured-post-medium":false,"colormag-featured-post-small":false,"colormag-featured-image":false,"colormag-default-news":false,"colormag-featured-image-large":false},"magazineBlocksPostAuthor":{"name":"admin","avatar":"https:\/\/secure.gravatar.com\/avatar\/5140b312f1bcbe8516bfaa79917f11b3?s=96&d=mm&r=g"},"magazineBlocksPostCommentsNumber":false,"magazineBlocksPostExcerpt":"&gt;&gt; Edi\u00e7\u00e3o 241 de 30 de Junho de 2017 &gt;&gt; Edi\u00e7\u00e3o 240 de 29 de Junho de 2017 &#8211; Edi\u00e7\u00e3o","magazineBlocksPostCategories":[],"_links":{"self":[{"href":"https:\/\/www.orlandia.sp.gov.br\/novo\/wp-json\/wp\/v2\/pages\/10469"}],"collection":[{"href":"https:\/\/www.orlandia.sp.gov.br\/novo\/wp-json\/wp\/v2\/pages"}],"about":[{"href":"https:\/\/www.orlandia.sp.gov.br\/novo\/wp-json\/wp\/v2\/types\/page"}],"author":[{"embeddable":true,"href":"https:\/\/www.orlandia.sp.gov.br\/novo\/wp-json\/wp\/v2\/users\/1"}],"replies":[{"embeddable":true,"href":"https:\/\/www.orlandia.sp.gov.br\/novo\/wp-json\/wp\/v2\/comments?post=10469"}],"version-history":[{"count":19,"href":"https:\/\/www.orlandia.sp.gov.br\/novo\/wp-json\/wp\/v2\/pages\/10469\/revisions"}],"predecessor-version":[{"id":10603,"href":"https:\/\/www.orlandia.sp.gov.br\/novo\/wp-json\/wp\/v2\/pages\/10469\/revisions\/10603"}],"wp:attachment":[{"href":"https:\/\/www.orlandia.sp.gov.br\/novo\/wp-json\/wp\/v2\/media?parent=10469"}],"curies":[{"name":"wp","href":"https:\/\/api.w.org\/{rel}","templated":true}]}}