{"id":10428,"date":"2017-05-16T09:05:56","date_gmt":"2017-05-16T12:05:56","guid":{"rendered":"https:\/\/www.orlandia.sp.gov.br\/novo\/?page_id=10428"},"modified":"2024-07-15T09:51:12","modified_gmt":"2024-07-15T12:51:12","slug":"parcerias-lei-federal-n-13-0192014-2017","status":"publish","type":"page","link":"https:\/\/www.orlandia.sp.gov.br\/novo\/parcerias-lei-federal-n-13-0192014-2017","title":{"rendered":"Parcerias &#8211; Lei Federal n\u00b0 13.019\/2014 &#8211; 2017"},"content":{"rendered":"<table>\n<tbody>\n<tr style=\"height: 85px;\">\n<td style=\"border: 10px #fff solid; width:40%; background-color: #dfdfdf; font-size: 27px; text-align: center;\"><a style=\"display: block; text-align:center; height: 110px; padding-top: 20px;\" href=\"https:\/\/www.orlandia.sp.gov.br\/novo\/relacao-de-parcerias-celebradas\">Rela\u00e7\u00e3o de Parcerias Celebradas<\/a><\/td>\n<td style=\"border: 10px #fff solid; width:40%; background-color: #dfdfdf; font-size: 27px; text-align: center;\"><a style=\"display: block; text-align:center; height: 110px; padding-top: 20px;\" href=\"https:\/\/www.orlandia.sp.gov.br\/novo\/termos-de-fomento-e-colaboracao\">Termos de Fomento e Colabora\u00e7\u00e3o<\/a><\/td>\n<\/tr>\n<\/tbody>\n<\/table>\n","protected":false},"excerpt":{"rendered":"<p>Rela\u00e7\u00e3o de Parcerias Celebradas Termos de Fomento e Colabora\u00e7\u00e3o<\/p>\n","protected":false},"author":1,"featured_media":0,"parent":0,"menu_order":0,"comment_status":"closed","ping_status":"closed","template":"","meta":{"ngg_post_thumbnail":0,"footnotes":""},"magazineBlocksPostFeaturedMedia":{"thumbnail":false,"medium":false,"medium_large":false,"large":false,"1536x1536":false,"2048x2048":false,"colormag-highlighted-post":false,"colormag-featured-post-medium":false,"colormag-featured-post-small":false,"colormag-featured-image":false,"colormag-default-news":false,"colormag-featured-image-large":false},"magazineBlocksPostAuthor":{"name":"admin","avatar":"https:\/\/secure.gravatar.com\/avatar\/5140b312f1bcbe8516bfaa79917f11b3?s=96&d=mm&r=g"},"magazineBlocksPostCommentsNumber":false,"magazineBlocksPostExcerpt":"Rela\u00e7\u00e3o de Parcerias Celebradas Termos de Fomento e Colabora\u00e7\u00e3o","magazineBlocksPostCategories":[],"_links":{"self":[{"href":"https:\/\/www.orlandia.sp.gov.br\/novo\/wp-json\/wp\/v2\/pages\/10428"}],"collection":[{"href":"https:\/\/www.orlandia.sp.gov.br\/novo\/wp-json\/wp\/v2\/pages"}],"about":[{"href":"https:\/\/www.orlandia.sp.gov.br\/novo\/wp-json\/wp\/v2\/types\/page"}],"author":[{"embeddable":true,"href":"https:\/\/www.orlandia.sp.gov.br\/novo\/wp-json\/wp\/v2\/users\/1"}],"replies":[{"embeddable":true,"href":"https:\/\/www.orlandia.sp.gov.br\/novo\/wp-json\/wp\/v2\/comments?post=10428"}],"version-history":[{"count":4,"href":"https:\/\/www.orlandia.sp.gov.br\/novo\/wp-json\/wp\/v2\/pages\/10428\/revisions"}],"predecessor-version":[{"id":39138,"href":"https:\/\/www.orlandia.sp.gov.br\/novo\/wp-json\/wp\/v2\/pages\/10428\/revisions\/39138"}],"wp:attachment":[{"href":"https:\/\/www.orlandia.sp.gov.br\/novo\/wp-json\/wp\/v2\/media?parent=10428"}],"curies":[{"name":"wp","href":"https:\/\/api.w.org\/{rel}","templated":true}]}}