{"id":10366,"date":"2017-05-02T10:14:53","date_gmt":"2017-05-02T13:14:53","guid":{"rendered":"https:\/\/www.orlandia.sp.gov.br\/novo\/?page_id=10366"},"modified":"2017-05-31T17:14:47","modified_gmt":"2017-05-31T20:14:47","slug":"jornal-oficial-de-orlandia-maio-de-2017","status":"publish","type":"page","link":"https:\/\/www.orlandia.sp.gov.br\/novo\/jornal-oficial-de-orlandia-maio-de-2017","title":{"rendered":"Jornal Oficial de Orl\u00e2ndia \u2013 Maio de 2017"},"content":{"rendered":"<p><a href=\"https:\/\/www.orlandia.sp.gov.br\/novo\/wp-content\/uploads\/2017\/05\/Jornal-Oficial-Orl\u00e2ndia-31-05-2017-Edi\u00e7\u00e3o-Extraordin\u00e1ria.pdf\" target=\"_blank\">&gt;&gt; Edi\u00e7\u00e3o 225 de 31 de Maio de 2017 &#8211; Edi\u00e7\u00e3o Extraordin\u00e1ria<\/a><\/p>\n<p><a href=\"https:\/\/www.orlandia.sp.gov.br\/novo\/wp-content\/uploads\/2017\/05\/Jornal-Oficial-Orl\u00e2ndia-30-05-2017.pdf\" target=\"_blank\">&gt;&gt; Edi\u00e7\u00e3o 224 de 30 de Maio de 2017<\/a><\/p>\n<p><a href=\"https:\/\/www.orlandia.sp.gov.br\/novo\/wp-content\/uploads\/2017\/05\/Jornal-Oficial-Orl\u00e2ndia-26-05-2017.pdf\" target=\"_blank\">&gt;&gt; Edi\u00e7\u00e3o 223 de 26 de Maio de 2017<\/a><\/p>\n<p><a href=\"https:\/\/www.orlandia.sp.gov.br\/novo\/wp-content\/uploads\/2017\/05\/Jornal-Oficial-Orl\u00e2ndia-24-05-2017-Edi\u00e7\u00e3o-Extraordin\u00e1ria.pdf\" target=\"_blank\">&gt;&gt; Edi\u00e7\u00e3o 222 de 24 de Maio de 2017 &#8211; Edi\u00e7\u00e3o Extraordin\u00e1ria<\/a><\/p>\n<p><a href=\"https:\/\/www.orlandia.sp.gov.br\/novo\/wp-content\/uploads\/2017\/05\/Jornal-Oficial-Orl\u00e2ndia-23-05-2017.pdf\" target=\"_blank\">&gt;&gt; Edi\u00e7\u00e3o 221 de 23 de Maio de 2017<\/a><\/p>\n<p><a href=\"https:\/\/www.orlandia.sp.gov.br\/novo\/wp-content\/uploads\/2017\/05\/Jornal-Oficial-Orl\u00e2ndia-22-05-2017-Edi\u00e7\u00e3o-Extraordin\u00e1ria.pdf\" target=\"_blank\">&gt;&gt; Edi\u00e7\u00e3o 220 de 22 de Maio de 2017 &#8211; Edi\u00e7\u00e3o Extraordin\u00e1ria<\/a><\/p>\n<p><a href=\"https:\/\/www.orlandia.sp.gov.br\/novo\/wp-content\/uploads\/2017\/05\/Jornal-Oficial-Orl\u00e2ndia-19-05-2017.pdf\" target=\"_blank\">&gt;&gt; Edi\u00e7\u00e3o 219 de 19 de Maio de 2017<\/a><\/p>\n<p><a href=\"https:\/\/www.orlandia.sp.gov.br\/novo\/wp-content\/uploads\/2017\/05\/Jornal-Oficial-Orl\u00e2ndia-16-05-2017.pdf\" target=\"_blank\">&gt;&gt; Edi\u00e7\u00e3o 218 de 16 de Maio de 2017<\/a><\/p>\n<p><a href=\"https:\/\/www.orlandia.sp.gov.br\/novo\/wp-content\/uploads\/2017\/05\/Jornal-Oficial-Orl\u00e2ndia-12-05-2017.pdf\" target=\"_blank\">&gt;&gt; Edi\u00e7\u00e3o 217 de 12 de Maio de 2017<\/a><\/p>\n<p><a href=\"https:\/\/www.orlandia.sp.gov.br\/novo\/wp-content\/uploads\/2017\/05\/Jornal-Oficial-Orl\u00e2ndia-11-05-2017-Edi\u00e7\u00e3o-Extraordin\u00e1ria.pdf\" target=\"_blank\">&gt;&gt; Edi\u00e7\u00e3o 216 de 11 de Maio de 2017 &#8211; Edi\u00e7\u00e3o Extraordin\u00e1ria<\/a><\/p>\n<p><a href=\"https:\/\/www.orlandia.sp.gov.br\/novo\/wp-content\/uploads\/2017\/05\/Jornal-Oficial-Orl\u00e2ndia-09-05-2017.pdf\" target=\"_blank\">&gt;&gt; Edi\u00e7\u00e3o 215 de 09 de Maio de 2017<\/a><\/p>\n<p><a href=\"https:\/\/www.orlandia.sp.gov.br\/novo\/wp-content\/uploads\/2017\/05\/Jornal-Oficial-Orl\u00e2ndia-08-05-2017-Edi\u00e7\u00e3o-Extraordin\u00e1ria.pdf\" target=\"_blank\">&gt;&gt; Edi\u00e7\u00e3o 214 de 08 de Maio de 2017 &#8211; Edi\u00e7\u00e3o Extraordin\u00e1ria<\/a><\/p>\n<p><a href=\"https:\/\/www.orlandia.sp.gov.br\/novo\/wp-content\/uploads\/2017\/05\/Jornal-Oficial-Orl\u00e2ndia-05-05-2017.pdf\" target=\"_blank\">&gt;&gt; Edi\u00e7\u00e3o 213 de 05 de Maio de 2017<\/a><\/p>\n<p><a href=\"https:\/\/www.orlandia.sp.gov.br\/novo\/wp-content\/uploads\/2017\/05\/Jornal-Oficial-Orl\u00e2ndia-03-05-2017-Edi\u00e7\u00e3o-Extraordin\u00e1ria.pdf\" target=\"_blank\">&gt;&gt; Edi\u00e7\u00e3o 212 de 03 de Maio de 2017 &#8211; Edi\u00e7\u00e3o Extraordin\u00e1ria<\/a><\/p>\n<p><a href=\"https:\/\/www.orlandia.sp.gov.br\/novo\/wp-content\/uploads\/2017\/05\/Jornal-Oficial-Orl\u00e2ndia-02-05-2017.pdf\" target=\"_blank\">&gt;&gt; Edi\u00e7\u00e3o 211 de 02 de Maio de 2017<\/a><\/p>\n","protected":false},"excerpt":{"rendered":"<p>&gt;&gt; Edi\u00e7\u00e3o 225 de 31 de Maio de 2017 &#8211; Edi\u00e7\u00e3o Extraordin\u00e1ria &gt;&gt; Edi\u00e7\u00e3o 224 de 30 de Maio de<\/p>\n","protected":false},"author":1,"featured_media":0,"parent":0,"menu_order":0,"comment_status":"closed","ping_status":"closed","template":"","meta":{"ngg_post_thumbnail":0,"footnotes":""},"magazineBlocksPostFeaturedMedia":{"thumbnail":false,"medium":false,"medium_large":false,"large":false,"1536x1536":false,"2048x2048":false,"colormag-highlighted-post":false,"colormag-featured-post-medium":false,"colormag-featured-post-small":false,"colormag-featured-image":false,"colormag-default-news":false,"colormag-featured-image-large":false},"magazineBlocksPostAuthor":{"name":"admin","avatar":"https:\/\/secure.gravatar.com\/avatar\/5140b312f1bcbe8516bfaa79917f11b3?s=96&d=mm&r=g"},"magazineBlocksPostCommentsNumber":false,"magazineBlocksPostExcerpt":"&gt;&gt; Edi\u00e7\u00e3o 225 de 31 de Maio de 2017 &#8211; Edi\u00e7\u00e3o Extraordin\u00e1ria &gt;&gt; Edi\u00e7\u00e3o 224 de 30 de Maio de","magazineBlocksPostCategories":[],"_links":{"self":[{"href":"https:\/\/www.orlandia.sp.gov.br\/novo\/wp-json\/wp\/v2\/pages\/10366"}],"collection":[{"href":"https:\/\/www.orlandia.sp.gov.br\/novo\/wp-json\/wp\/v2\/pages"}],"about":[{"href":"https:\/\/www.orlandia.sp.gov.br\/novo\/wp-json\/wp\/v2\/types\/page"}],"author":[{"embeddable":true,"href":"https:\/\/www.orlandia.sp.gov.br\/novo\/wp-json\/wp\/v2\/users\/1"}],"replies":[{"embeddable":true,"href":"https:\/\/www.orlandia.sp.gov.br\/novo\/wp-json\/wp\/v2\/comments?post=10366"}],"version-history":[{"count":18,"href":"https:\/\/www.orlandia.sp.gov.br\/novo\/wp-json\/wp\/v2\/pages\/10366\/revisions"}],"predecessor-version":[{"id":10476,"href":"https:\/\/www.orlandia.sp.gov.br\/novo\/wp-json\/wp\/v2\/pages\/10366\/revisions\/10476"}],"wp:attachment":[{"href":"https:\/\/www.orlandia.sp.gov.br\/novo\/wp-json\/wp\/v2\/media?parent=10366"}],"curies":[{"name":"wp","href":"https:\/\/api.w.org\/{rel}","templated":true}]}}