{"id":10250,"date":"2017-04-04T10:55:54","date_gmt":"2017-04-04T13:55:54","guid":{"rendered":"https:\/\/www.orlandia.sp.gov.br\/novo\/?page_id=10250"},"modified":"2017-04-28T17:52:39","modified_gmt":"2017-04-28T20:52:39","slug":"jornal-oficial-de-orlandia-abril-de-2017","status":"publish","type":"page","link":"https:\/\/www.orlandia.sp.gov.br\/novo\/jornal-oficial-de-orlandia-abril-de-2017","title":{"rendered":"Jornal Oficial de Orl\u00e2ndia \u2013 Abril de 2017"},"content":{"rendered":"<p><a href=\"https:\/\/www.orlandia.sp.gov.br\/novo\/wp-content\/uploads\/2017\/04\/Jornal-Oficial-Orl\u00e2ndia-28-04-2017.pdf\" target=\"_blank\">&gt;&gt; Edi\u00e7\u00e3o 210 de 28 de Abril de 2017<\/a><\/p>\n<p><a href=\"https:\/\/www.orlandia.sp.gov.br\/novo\/wp-content\/uploads\/2017\/04\/Jornal-Oficial-Orl\u00e2ndia-27-04-2017-Edi\u00e7\u00e3o-Extraordin\u00e1ria.pdf\" target=\"_blank\">&gt;&gt; Edi\u00e7\u00e3o 209 de 27 de Abril de 2017\u00a0 &#8211; Edi\u00e7\u00e3o Extraordin\u00e1ria<\/a><\/p>\n<p><a href=\"https:\/\/www.orlandia.sp.gov.br\/novo\/wp-content\/uploads\/2017\/04\/Jornal-Oficial-Orl\u00e2ndia-26-04-2017-Edi\u00e7\u00e3o-Extraordin\u00e1ria.pdf\" target=\"_blank\">&gt;&gt; Edi\u00e7\u00e3o 208 de 26 de Abril de 2017 &#8211; Edi\u00e7\u00e3o Extraordin\u00e1ria<\/a><\/p>\n<p><a href=\"https:\/\/www.orlandia.sp.gov.br\/novo\/wp-content\/uploads\/2017\/04\/Jornal-Oficial-Orl\u00e2ndia-25-04-2017.pdf\" target=\"_blank\">&gt;&gt; Edi\u00e7\u00e3o 207 de 25 de Abril de 2017<\/a><\/p>\n<p><a href=\"https:\/\/www.orlandia.sp.gov.br\/novo\/wp-content\/uploads\/2017\/04\/Jornal-Oficial-Orl\u00e2ndia-20-04-2017.pdf\" target=\"_blank\">&gt;&gt; Edi\u00e7\u00e3o 206 de 20 de Abril de 2017 &#8211; Edi\u00e7\u00e3o Extraordin\u00e1ria<\/a><\/p>\n<p><a href=\"https:\/\/www.orlandia.sp.gov.br\/novo\/wp-content\/uploads\/2017\/04\/Jornal-Oficial-Orl\u00e2ndia-18-04-2017.pdf\" target=\"_blank\">&gt;&gt; Edi\u00e7\u00e3o 205 de 18 de Abril de 2017<\/a><\/p>\n<p><a href=\"https:\/\/www.orlandia.sp.gov.br\/novo\/wp-content\/uploads\/2017\/04\/Jornal-Oficial-Orl\u00e2ndia-13-04-2017-Edi\u00e7\u00e3o-Extraordin\u00e1ria.pdf\" target=\"_blank\">&gt;&gt; Edi\u00e7\u00e3o 204 de 13 de Abril de 2017 &#8211; Edi\u00e7\u00e3o Extraordin\u00e1ria<\/a><\/p>\n<p><a href=\"https:\/\/www.orlandia.sp.gov.br\/novo\/wp-content\/uploads\/2017\/04\/Jornal-Oficial-Orl\u00e2ndia-12-04-2017.pdf\" target=\"_blank\">&gt;&gt; Edi\u00e7\u00e3o 203 de 12 de Abril de 2017 &#8211; Edi\u00e7\u00e3o Extraordin\u00e1ria<\/a><\/p>\n<p><a href=\"https:\/\/www.orlandia.sp.gov.br\/novo\/wp-content\/uploads\/2017\/04\/Jornal-Oficial-Orl\u00e2ndia-11-04-2017.pdf\" target=\"_blank\">&gt;&gt; Edi\u00e7\u00e3o 202 de 11 de Abril de 2017<\/a><\/p>\n<p><a href=\"https:\/\/www.orlandia.sp.gov.br\/novo\/wp-content\/uploads\/2017\/04\/Jornal-Oficial-Orl\u00e2ndia-07-04-2017.pdf\" target=\"_blank\">&gt;&gt; Edi\u00e7\u00e3o 201 de 07 de Abril de 2017<\/a><\/p>\n<p><a href=\"https:\/\/www.orlandia.sp.gov.br\/novo\/wp-content\/uploads\/2017\/04\/Jornal-Oficial-Orl\u00e2ndia-06-04-2017-Edi\u00e7\u00e3o-Extraordin\u00e1ria.pdf\" target=\"_blank\">&gt;&gt; Edi\u00e7\u00e3o 200 de 06 de Abril de 2017 &#8211; Edi\u00e7\u00e3o Extraordin\u00e1ria<\/a><\/p>\n<p><a href=\"https:\/\/www.orlandia.sp.gov.br\/novo\/wp-content\/uploads\/2017\/04\/Jornal-Oficial-Orl\u00e2ndia-05-04-2017-Edi\u00e7\u00e3o-Extraordin\u00e1ria.pdf\" target=\"_blank\">&gt;&gt; Edi\u00e7\u00e3o 199 de 05 de Abril de 2017 &#8211; Edi\u00e7\u00e3o Extraordin\u00e1ria<\/a><\/p>\n<p><a href=\"https:\/\/www.orlandia.sp.gov.br\/novo\/wp-content\/uploads\/2017\/04\/Jornal-Oficial-Orl\u00e2ndia-04-04-2017.pdf\" target=\"_blank\">&gt;&gt; Edi\u00e7\u00e3o 198 de 04 de Abril de 2017<\/a><\/p>\n","protected":false},"excerpt":{"rendered":"<p>&gt;&gt; Edi\u00e7\u00e3o 210 de 28 de Abril de 2017 &gt;&gt; Edi\u00e7\u00e3o 209 de 27 de Abril de 2017\u00a0 &#8211; Edi\u00e7\u00e3o<\/p>\n","protected":false},"author":1,"featured_media":0,"parent":0,"menu_order":0,"comment_status":"closed","ping_status":"closed","template":"","meta":{"ngg_post_thumbnail":0,"footnotes":""},"magazineBlocksPostFeaturedMedia":{"thumbnail":false,"medium":false,"medium_large":false,"large":false,"1536x1536":false,"2048x2048":false,"colormag-highlighted-post":false,"colormag-featured-post-medium":false,"colormag-featured-post-small":false,"colormag-featured-image":false,"colormag-default-news":false,"colormag-featured-image-large":false},"magazineBlocksPostAuthor":{"name":"admin","avatar":"https:\/\/secure.gravatar.com\/avatar\/5140b312f1bcbe8516bfaa79917f11b3?s=96&d=mm&r=g"},"magazineBlocksPostCommentsNumber":false,"magazineBlocksPostExcerpt":"&gt;&gt; Edi\u00e7\u00e3o 210 de 28 de Abril de 2017 &gt;&gt; Edi\u00e7\u00e3o 209 de 27 de Abril de 2017\u00a0 &#8211; Edi\u00e7\u00e3o","magazineBlocksPostCategories":[],"_links":{"self":[{"href":"https:\/\/www.orlandia.sp.gov.br\/novo\/wp-json\/wp\/v2\/pages\/10250"}],"collection":[{"href":"https:\/\/www.orlandia.sp.gov.br\/novo\/wp-json\/wp\/v2\/pages"}],"about":[{"href":"https:\/\/www.orlandia.sp.gov.br\/novo\/wp-json\/wp\/v2\/types\/page"}],"author":[{"embeddable":true,"href":"https:\/\/www.orlandia.sp.gov.br\/novo\/wp-json\/wp\/v2\/users\/1"}],"replies":[{"embeddable":true,"href":"https:\/\/www.orlandia.sp.gov.br\/novo\/wp-json\/wp\/v2\/comments?post=10250"}],"version-history":[{"count":17,"href":"https:\/\/www.orlandia.sp.gov.br\/novo\/wp-json\/wp\/v2\/pages\/10250\/revisions"}],"predecessor-version":[{"id":10359,"href":"https:\/\/www.orlandia.sp.gov.br\/novo\/wp-json\/wp\/v2\/pages\/10250\/revisions\/10359"}],"wp:attachment":[{"href":"https:\/\/www.orlandia.sp.gov.br\/novo\/wp-json\/wp\/v2\/media?parent=10250"}],"curies":[{"name":"wp","href":"https:\/\/api.w.org\/{rel}","templated":true}]}}