{"id":10146,"date":"2017-03-03T09:33:01","date_gmt":"2017-03-03T12:33:01","guid":{"rendered":"https:\/\/www.orlandia.sp.gov.br\/novo\/?page_id=10146"},"modified":"2017-03-29T18:07:40","modified_gmt":"2017-03-29T21:07:40","slug":"jornal-oficial-de-orlandia-marco-de-2017","status":"publish","type":"page","link":"https:\/\/www.orlandia.sp.gov.br\/novo\/jornal-oficial-de-orlandia-marco-de-2017","title":{"rendered":"Jornal Oficial de Orl\u00e2ndia \u2013 Mar\u00e7o de 2017"},"content":{"rendered":"<p><a href=\"https:\/\/www.orlandia.sp.gov.br\/novo\/wp-content\/uploads\/2017\/03\/Jornal-Oficial-Orl\u00e2ndia-29-03-2017-EDI\u00c7\u00c3O-EXTRAORDIN\u00c1RIA.pdf\" target=\"_blank\">&gt;&gt; Edi\u00e7\u00e3o 197 de 29 de Mar\u00e7o de 2017 &#8211; Edi\u00e7\u00e3o Extraordin\u00e1ria<br \/>\n<\/a><\/p>\n<p><a href=\"https:\/\/www.orlandia.sp.gov.br\/novo\/wp-content\/uploads\/2017\/03\/Jornal-Oficial-Orl\u00e2ndia-28-03-2017.pdf\" target=\"_blank\">&gt;&gt; Edi\u00e7\u00e3o 196 de 28 de Mar\u00e7o de 2017<\/a><\/p>\n<p><a href=\"https:\/\/www.orlandia.sp.gov.br\/novo\/wp-content\/uploads\/2017\/03\/Jornal-Oficial-Orl\u00e2ndia-24-03-2017.pdf\" target=\"_blank\">&gt;&gt; Edi\u00e7\u00e3o 195 de 24 de Mar\u00e7o de 2017<\/a><\/p>\n<p><a href=\"https:\/\/www.orlandia.sp.gov.br\/novo\/wp-content\/uploads\/2017\/03\/Jornal-Oficial-Orl\u00e2ndia-23-03-2017-Edi\u00e7\u00e3o-Extraodin\u00e1ria.pdf\" target=\"_blank\">&gt;&gt; Edi\u00e7\u00e3o 194 de 23 de Mar\u00e7o de 2017 &#8211; Edi\u00e7\u00e3o Extraodin\u00e1ria<\/a><\/p>\n<p><a href=\"https:\/\/www.orlandia.sp.gov.br\/novo\/wp-content\/uploads\/2017\/03\/Jornal-Oficial-Orl\u00e2ndia-22-03-2017-Edi\u00e7\u00e3o-Extraodin\u00e1ria.pdf\" target=\"_blank\">&gt;&gt; Edi\u00e7\u00e3o 193 de 22 de Mar\u00e7o de 2017 &#8211; Edi\u00e7\u00e3o Extraodin\u00e1ria<\/a><\/p>\n<p><a href=\"https:\/\/www.orlandia.sp.gov.br\/novo\/wp-content\/uploads\/2017\/03\/Jornal-Oficial-Orl\u00e2ndia-21-03-2017.pdf\" target=\"_blank\">&gt;&gt; Edi\u00e7\u00e3o 192 de 21 de Mar\u00e7o de 2017<\/a><\/p>\n<p><a href=\"https:\/\/www.orlandia.sp.gov.br\/novo\/wp-content\/uploads\/2017\/03\/Jornal-Oficial-Orl\u00e2ndia-17-03-2017.pdf\" target=\"_blank\">&gt;&gt; Edi\u00e7\u00e3o 191 de 17 de Mar\u00e7o de 2017<\/a><\/p>\n<p><a href=\"https:\/\/www.orlandia.sp.gov.br\/novo\/wp-content\/uploads\/2017\/03\/Jornal-Oficial-Orl\u00e2ndia-15-03-2017-EDI\u00c7\u00c3O-EXTRAORDIN\u00c1RIA.pdf\" target=\"_blank\">&gt;&gt; Edi\u00e7\u00e3o 190 de 15 de Mar\u00e7o de 2017 &#8211; Edi\u00e7\u00e3o Extraordin\u00e1ria<\/a><\/p>\n<p><a href=\"https:\/\/www.orlandia.sp.gov.br\/novo\/wp-content\/uploads\/2017\/03\/Jornal-Oficial-Orl\u00e2ndia-14-03-2017.pdf\" target=\"_blank\">&gt;&gt; Edi\u00e7\u00e3o 189 de 14 de Mar\u00e7o de 2017<\/a><\/p>\n<p><a href=\"https:\/\/www.orlandia.sp.gov.br\/novo\/wp-content\/uploads\/2017\/03\/Jornal-Oficial-Orl\u00e2ndia-10-03-2017.pdf\" target=\"_blank\">&gt;&gt; Edi\u00e7\u00e3o 188 de 10 de Mar\u00e7o de 2017<\/a><\/p>\n<p><a href=\"https:\/\/www.orlandia.sp.gov.br\/novo\/wp-content\/uploads\/2017\/03\/Jornal-Oficial-Orl\u00e2ndia-08-03-2017-edi\u00e7\u00e3o-extraordin\u00e1ria.pdf\" target=\"_blank\">&gt;&gt; Edi\u00e7\u00e3o 187 de 08 de Mar\u00e7o de 2017 &#8211; Edi\u00e7\u00e3o Extraordin\u00e1ria<\/a><\/p>\n<p><a href=\"https:\/\/www.orlandia.sp.gov.br\/novo\/wp-content\/uploads\/2017\/03\/Jornal-Oficial-Orl\u00e2ndia-07-03-2017.pdf\" target=\"_blank\">&gt;&gt; Edi\u00e7\u00e3o 186 de 07 de Mar\u00e7o de 2017<\/a><\/p>\n<p><a href=\"https:\/\/www.orlandia.sp.gov.br\/novo\/wp-content\/uploads\/2017\/03\/Jornal-Oficial-Orl\u00e2ndia-03-03-2017.pdf\" target=\"_blank\">&gt;&gt; Edi\u00e7\u00e3o 185 de 03 de Mar\u00e7o de 2017<\/a><\/p>\n","protected":false},"excerpt":{"rendered":"<p>&gt;&gt; Edi\u00e7\u00e3o 197 de 29 de Mar\u00e7o de 2017 &#8211; Edi\u00e7\u00e3o Extraordin\u00e1ria &gt;&gt; Edi\u00e7\u00e3o 196 de 28 de Mar\u00e7o de<\/p>\n","protected":false},"author":1,"featured_media":0,"parent":0,"menu_order":0,"comment_status":"closed","ping_status":"closed","template":"","meta":{"ngg_post_thumbnail":0,"footnotes":""},"magazineBlocksPostFeaturedMedia":{"thumbnail":false,"medium":false,"medium_large":false,"large":false,"1536x1536":false,"2048x2048":false,"colormag-highlighted-post":false,"colormag-featured-post-medium":false,"colormag-featured-post-small":false,"colormag-featured-image":false,"colormag-default-news":false,"colormag-featured-image-large":false},"magazineBlocksPostAuthor":{"name":"admin","avatar":"https:\/\/secure.gravatar.com\/avatar\/5140b312f1bcbe8516bfaa79917f11b3?s=96&d=mm&r=g"},"magazineBlocksPostCommentsNumber":false,"magazineBlocksPostExcerpt":"&gt;&gt; Edi\u00e7\u00e3o 197 de 29 de Mar\u00e7o de 2017 &#8211; Edi\u00e7\u00e3o Extraordin\u00e1ria &gt;&gt; Edi\u00e7\u00e3o 196 de 28 de Mar\u00e7o de","magazineBlocksPostCategories":[],"_links":{"self":[{"href":"https:\/\/www.orlandia.sp.gov.br\/novo\/wp-json\/wp\/v2\/pages\/10146"}],"collection":[{"href":"https:\/\/www.orlandia.sp.gov.br\/novo\/wp-json\/wp\/v2\/pages"}],"about":[{"href":"https:\/\/www.orlandia.sp.gov.br\/novo\/wp-json\/wp\/v2\/types\/page"}],"author":[{"embeddable":true,"href":"https:\/\/www.orlandia.sp.gov.br\/novo\/wp-json\/wp\/v2\/users\/1"}],"replies":[{"embeddable":true,"href":"https:\/\/www.orlandia.sp.gov.br\/novo\/wp-json\/wp\/v2\/comments?post=10146"}],"version-history":[{"count":15,"href":"https:\/\/www.orlandia.sp.gov.br\/novo\/wp-json\/wp\/v2\/pages\/10146\/revisions"}],"predecessor-version":[{"id":10233,"href":"https:\/\/www.orlandia.sp.gov.br\/novo\/wp-json\/wp\/v2\/pages\/10146\/revisions\/10233"}],"wp:attachment":[{"href":"https:\/\/www.orlandia.sp.gov.br\/novo\/wp-json\/wp\/v2\/media?parent=10146"}],"curies":[{"name":"wp","href":"https:\/\/api.w.org\/{rel}","templated":true}]}}