{"id":10053,"date":"2017-02-03T15:56:53","date_gmt":"2017-02-03T18:56:53","guid":{"rendered":"https:\/\/www.orlandia.sp.gov.br\/novo\/?page_id=10053"},"modified":"2017-02-24T19:02:59","modified_gmt":"2017-02-24T22:02:59","slug":"jornal-oficial-de-orlandia-fevereiro-de-2017","status":"publish","type":"page","link":"https:\/\/www.orlandia.sp.gov.br\/novo\/jornal-oficial-de-orlandia-fevereiro-de-2017","title":{"rendered":"Jornal Oficial de Orl\u00e2ndia \u2013 Fevereiro de 2017"},"content":{"rendered":"<p><a href=\"https:\/\/www.orlandia.sp.gov.br\/novo\/wp-content\/uploads\/2017\/02\/Jornal-Oficial-Orl\u00e2ndia-24-02-2017-Edi\u00e7\u00e3o-Extraordin\u00e1ria.pdf\" target=\"_blank\">&gt;&gt; Edi\u00e7\u00e3o 184 de 24 de Fevereiro de 2017 &#8211; Edi\u00e7\u00e3o Extraordin\u00e1ria<\/a><\/p>\n<p><a href=\"https:\/\/www.orlandia.sp.gov.br\/novo\/wp-content\/uploads\/2017\/02\/Jornal-Oficial-Orl\u00e2ndia-24-02-2017.pdf\" target=\"_blank\">&gt;&gt; Edi\u00e7\u00e3o 183 de 24 de Fevereiro de 2017<\/a><\/p>\n<p><a href=\"https:\/\/www.orlandia.sp.gov.br\/novo\/wp-content\/uploads\/2017\/02\/Jornal-Oficial-Orl\u00e2ndia-21-02-2017.pdf\" target=\"_blank\">&gt;&gt; Edi\u00e7\u00e3o 182 de 21 de Fevereiro de 2017<\/a><\/p>\n<p><a href=\"https:\/\/www.orlandia.sp.gov.br\/novo\/wp-content\/uploads\/2017\/02\/Jornal-Oficial-Orl\u00e2ndia-17-02-2017.pdf\" target=\"_blank\">&gt;&gt; Edi\u00e7\u00e3o 181 de 17 de Fevereiro de 2017<\/a><\/p>\n<p><a href=\"https:\/\/www.orlandia.sp.gov.br\/novo\/wp-content\/uploads\/2017\/02\/Jornal-Oficial-Orl\u00e2ndia-14-02-2017.pdf\" target=\"_blank\">&gt;&gt; Edi\u00e7\u00e3o 180 de 14 de Fevereiro de 2017<\/a><\/p>\n<p><a href=\"https:\/\/www.orlandia.sp.gov.br\/novo\/wp-content\/uploads\/2017\/02\/Jornal-Oficial-Orl\u00e2ndia-10-02-2017.pdf\" target=\"_blank\">&gt;&gt; Edi\u00e7\u00e3o 179 de 10 de Fevereiro de 2017<br \/>\n<\/a><\/p>\n<p><a href=\"https:\/\/www.orlandia.sp.gov.br\/novo\/wp-content\/uploads\/2017\/02\/Jornal-Oficial-Orl\u00e2ndia-09-02-2017-Edi\u00e7\u00e3o-Extraordin\u00e1ria.pdf\" target=\"_blank\">&gt;&gt; Edi\u00e7\u00e3o 178 de 09 de Fevereiro de 2017 &#8211; Edi\u00e7\u00e3o Extraordin\u00e1ria<\/a><\/p>\n<p><a href=\"https:\/\/www.orlandia.sp.gov.br\/novo\/wp-content\/uploads\/2017\/02\/Jornal-Oficial-Orl\u00e2ndia-08-02-2017-Edi\u00e7\u00e3o-Extraordin\u00e1ria.pdf\" target=\"_blank\">&gt;&gt; Edi\u00e7\u00e3o 177 de 08 de Fevereiro de 2017 &#8211; Edi\u00e7\u00e3o Extraordin\u00e1ria<\/a><\/p>\n<p><a href=\"https:\/\/www.orlandia.sp.gov.br\/novo\/wp-content\/uploads\/2017\/02\/Jornal-Oficial-Orl\u00e2ndia-07-02-2017-Edi\u00e7\u00e3o-Extraordin\u00e1ria-1.pdf\" target=\"_blank\">&gt;&gt; Edi\u00e7\u00e3o 176 de 07 de Fevereiro de 2017 &#8211; Edi\u00e7\u00e3o Extraordin\u00e1ria<\/a><\/p>\n<p><a href=\"https:\/\/www.orlandia.sp.gov.br\/novo\/wp-content\/uploads\/2017\/02\/Jornal-Oficial-Orl\u00e2ndia-07-02-2017.pdf\" target=\"_blank\">&gt;&gt; Edi\u00e7\u00e3o 175 de 07 de Fevereiro de 2017<\/a><\/p>\n<p><a href=\"https:\/\/www.orlandia.sp.gov.br\/novo\/wp-content\/uploads\/2017\/02\/Jornal-Oficial-Orl\u00e2ndia-06-02-2017.pdf\" target=\"_blank\">&gt;&gt; Edi\u00e7\u00e3o 174 de 06 de Fevereiro de 2017 &#8211; Edi\u00e7\u00e3o Extraordin\u00e1ria<\/a><\/p>\n<p><a href=\"https:\/\/www.orlandia.sp.gov.br\/novo\/wp-content\/uploads\/2017\/02\/Jornal-Oficial-Orl\u00e2ndia-03-02-2017.pdf\" target=\"_blank\">&gt;&gt; Edi\u00e7\u00e3o 173 de 03 de Fevereiro de 2017<\/a><\/p>\n","protected":false},"excerpt":{"rendered":"<p>&gt;&gt; Edi\u00e7\u00e3o 184 de 24 de Fevereiro de 2017 &#8211; Edi\u00e7\u00e3o Extraordin\u00e1ria &gt;&gt; Edi\u00e7\u00e3o 183 de 24 de Fevereiro de<\/p>\n","protected":false},"author":1,"featured_media":0,"parent":0,"menu_order":0,"comment_status":"closed","ping_status":"closed","template":"","meta":{"ngg_post_thumbnail":0,"footnotes":""},"magazineBlocksPostFeaturedMedia":{"thumbnail":false,"medium":false,"medium_large":false,"large":false,"1536x1536":false,"2048x2048":false,"colormag-highlighted-post":false,"colormag-featured-post-medium":false,"colormag-featured-post-small":false,"colormag-featured-image":false,"colormag-default-news":false,"colormag-featured-image-large":false},"magazineBlocksPostAuthor":{"name":"admin","avatar":"https:\/\/secure.gravatar.com\/avatar\/5140b312f1bcbe8516bfaa79917f11b3?s=96&d=mm&r=g"},"magazineBlocksPostCommentsNumber":false,"magazineBlocksPostExcerpt":"&gt;&gt; Edi\u00e7\u00e3o 184 de 24 de Fevereiro de 2017 &#8211; Edi\u00e7\u00e3o Extraordin\u00e1ria &gt;&gt; Edi\u00e7\u00e3o 183 de 24 de Fevereiro de","magazineBlocksPostCategories":[],"_links":{"self":[{"href":"https:\/\/www.orlandia.sp.gov.br\/novo\/wp-json\/wp\/v2\/pages\/10053"}],"collection":[{"href":"https:\/\/www.orlandia.sp.gov.br\/novo\/wp-json\/wp\/v2\/pages"}],"about":[{"href":"https:\/\/www.orlandia.sp.gov.br\/novo\/wp-json\/wp\/v2\/types\/page"}],"author":[{"embeddable":true,"href":"https:\/\/www.orlandia.sp.gov.br\/novo\/wp-json\/wp\/v2\/users\/1"}],"replies":[{"embeddable":true,"href":"https:\/\/www.orlandia.sp.gov.br\/novo\/wp-json\/wp\/v2\/comments?post=10053"}],"version-history":[{"count":14,"href":"https:\/\/www.orlandia.sp.gov.br\/novo\/wp-json\/wp\/v2\/pages\/10053\/revisions"}],"predecessor-version":[{"id":10131,"href":"https:\/\/www.orlandia.sp.gov.br\/novo\/wp-json\/wp\/v2\/pages\/10053\/revisions\/10131"}],"wp:attachment":[{"href":"https:\/\/www.orlandia.sp.gov.br\/novo\/wp-json\/wp\/v2\/media?parent=10053"}],"curies":[{"name":"wp","href":"https:\/\/api.w.org\/{rel}","templated":true}]}}